{"id":4167,"date":"2025-03-10T15:47:35","date_gmt":"2025-03-10T12:47:35","guid":{"rendered":"https:\/\/klasikdusunceokulu.com\/?page_id=4167"},"modified":"2025-03-11T03:12:39","modified_gmt":"2025-03-11T00:12:39","slug":"ayhan-citil","status":"publish","type":"page","link":"https:\/\/klasikdusunceokulu.com\/index.php\/ayhan-citil\/","title":{"rendered":"AYHAN \u00c7\u0130T\u0130L"},"content":{"rendered":"<div class=\"fusion-fullwidth fullwidth-box fusion-builder-row-1 fusion-flex-container nonhundred-percent-fullwidth non-hundred-percent-height-scrolling\" style=\"--awb-border-radius-top-left:0px;--awb-border-radius-top-right:0px;--awb-border-radius-bottom-right:0px;--awb-border-radius-bottom-left:0px;--awb-flex-wrap:wrap;\" ><div class=\"fusion-builder-row fusion-row fusion-flex-align-items-flex-start fusion-flex-content-wrap\" style=\"max-width:1248px;margin-left: calc(-4% \/ 2 );margin-right: calc(-4% \/ 2 );\"><div class=\"fusion-layout-column fusion_builder_column fusion-builder-column-0 fusion_builder_column_1_1 1_1 fusion-flex-column\" style=\"--awb-bg-size:cover;--awb-width-large:100%;--awb-margin-top-large:0px;--awb-spacing-right-large:1.92%;--awb-margin-bottom-large:0px;--awb-spacing-left-large:1.92%;--awb-width-medium:100%;--awb-spacing-right-medium:1.92%;--awb-spacing-left-medium:1.92%;--awb-width-small:100%;--awb-spacing-right-small:1.92%;--awb-spacing-left-small:1.92%;\"><div class=\"fusion-column-wrapper fusion-flex-justify-content-flex-start fusion-content-layout-column\"><div class=\"fusion-text fusion-text-1\"><p style=\"text-align: center;\"><strong><img fetchpriority=\"high\" decoding=\"async\" class=\"size-full wp-image-4069 aligncenter\" src=\"http:\/\/klasikdusunceokulu.com\/wp-content\/uploads\/2025\/03\/ayhan.jpg\" alt=\"\" width=\"474\" height=\"355\" srcset=\"https:\/\/klasikdusunceokulu.com\/wp-content\/uploads\/2025\/03\/ayhan-200x150.jpg 200w, https:\/\/klasikdusunceokulu.com\/wp-content\/uploads\/2025\/03\/ayhan-300x225.jpg 300w, https:\/\/klasikdusunceokulu.com\/wp-content\/uploads\/2025\/03\/ayhan-400x300.jpg 400w, https:\/\/klasikdusunceokulu.com\/wp-content\/uploads\/2025\/03\/ayhan.jpg 474w\" sizes=\"(max-width: 474px) 100vw, 474px\" \/><\/strong><\/p>\n<p style=\"text-align: center;\"><span style=\"color: #3b5163;\"><strong>AYHAN \u00c7\u0130T\u0130L<\/strong><\/span><\/p>\n<p style=\"text-align: center;\"><span style=\"color: #3b5163;\">Ahmet Ayhan \u00c7itil, 1991 y\u0131l\u0131nda Bo\u011fazi\u00e7i \u00dcniversitesi\u2019nde End\u00fcstri M\u00fchendisli\u011fi ve \u0130ktisat b\u00f6l\u00fcmlerinde \u00e7ift anadal program\u0131n\u0131 tamamlad\u0131. 1994 y\u0131l\u0131nda yine ayn\u0131 \u00fcniversiteden An Introduction to the Ontological Foundations of G\u00f6del\u2019s Incompleteness Theorems ba\u015fl\u0131kl\u0131 teziyle Felsefe Y\u00fcksek Lisans ve 2000 y\u0131l\u0131nda The Theory of Object in Kant\u2019s Transcendental Thought and Some Consequences of a Deepening of This Theory ba\u015fl\u0131kl\u0131 teziyle Felsefe Doktora Derecesi ald\u0131. \u00c7itil\u2019in akademik \u00e7al\u0131\u015fmalar\u0131 bir yandan mant\u0131k, matematik felsefesi ve ontoloji alanlar\u0131na bir di\u011fer yandan da ahl\u00e2k felsefesine odaklanmaktad\u0131r. \u00c7itil, nesne merkezli bir matematik felsefesi geli\u015ftirme projesine ili\u015fkin \u00e7al\u0131\u015fmalar\u0131n\u0131n bir k\u0131sm\u0131n\u0131 Matematik ve Metafizik, Birinci Kitap: Say\u0131 ve Nesne (2012) ba\u015fl\u0131kl\u0131 bir kitap olarak yay\u0131mlam\u0131\u015ft\u0131r. Ahl\u00e2k felsefesi alan\u0131ndaki \u00e7al\u0131\u015fmalar\u0131 \u201cTarihsel bir mek\u00e2nda var olan biz akt\u00f6rler i\u00e7in ahl\u00e2k\u00ee anlamda nesnel s\u0131n\u0131rlar\u0131n oldu\u011fu g\u00f6sterilebilir mi?\u201d sorusu etraf\u0131nda s\u00fcrmektedir.<\/span><\/p>\n<p style=\"text-align: center;\"><span style=\"color: #3b5163;\"><b data-fusion-font=\"true\" style=\"line-height: 15px; letter-spacing: 0.25px;\">Klasik D\u00fc\u015f\u00fcnce Okulu&#8217;nda okuttu\u011fu dersler;<\/b><\/span><\/p>\n<p style=\"text-align: center;\"><span style=\"color: rgb(59, 81, 99); line-height: 15px; letter-spacing: 0.25px;\" data-fusion-font=\"true\"> Genel Felsefe Okumalar\u0131<\/span><\/p>\n<p style=\"text-align: center;\"><span style=\"color: rgb(59, 81, 99); line-height: 15px; letter-spacing: 0.25px;\" data-fusion-font=\"true\"> Platon, Devlet<\/span><\/p>\n<p style=\"text-align: center;\"><span style=\"color: rgb(59, 81, 99); line-height: 15px; letter-spacing: 0.25px;\" data-fusion-font=\"true\">Aristoteles, Metafizik<\/span><\/p>\n<p style=\"text-align: center;\"><span style=\"color: rgb(59, 81, 99); line-height: 15px; letter-spacing: 0.25px;\" data-fusion-font=\"true\"> Kant Okumalar\u0131: Saf Akl\u0131n Ele\u015ftirisi <\/span><\/p>\n<\/div><\/div><\/div><\/div><\/div>\n","protected":false},"excerpt":{"rendered":"","protected":false},"author":1,"featured_media":0,"parent":0,"menu_order":0,"comment_status":"closed","ping_status":"closed","template":"100-width.php","meta":{"footnotes":""},"class_list":["post-4167","page","type-page","status-publish","hentry"],"jetpack_sharing_enabled":true,"_links":{"self":[{"href":"https:\/\/klasikdusunceokulu.com\/index.php\/wp-json\/wp\/v2\/pages\/4167","targetHints":{"allow":["GET"]}}],"collection":[{"href":"https:\/\/klasikdusunceokulu.com\/index.php\/wp-json\/wp\/v2\/pages"}],"about":[{"href":"https:\/\/klasikdusunceokulu.com\/index.php\/wp-json\/wp\/v2\/types\/page"}],"author":[{"embeddable":true,"href":"https:\/\/klasikdusunceokulu.com\/index.php\/wp-json\/wp\/v2\/users\/1"}],"replies":[{"embeddable":true,"href":"https:\/\/klasikdusunceokulu.com\/index.php\/wp-json\/wp\/v2\/comments?post=4167"}],"version-history":[{"count":5,"href":"https:\/\/klasikdusunceokulu.com\/index.php\/wp-json\/wp\/v2\/pages\/4167\/revisions"}],"predecessor-version":[{"id":4291,"href":"https:\/\/klasikdusunceokulu.com\/index.php\/wp-json\/wp\/v2\/pages\/4167\/revisions\/4291"}],"wp:attachment":[{"href":"https:\/\/klasikdusunceokulu.com\/index.php\/wp-json\/wp\/v2\/media?parent=4167"}],"curies":[{"name":"wp","href":"https:\/\/api.w.org\/{rel}","templated":true}]}}