{"id":4178,"date":"2025-03-11T00:04:07","date_gmt":"2025-03-10T21:04:07","guid":{"rendered":"https:\/\/klasikdusunceokulu.com\/?page_id=4178"},"modified":"2025-03-11T03:05:18","modified_gmt":"2025-03-11T00:05:18","slug":"4178-2","status":"publish","type":"page","link":"https:\/\/klasikdusunceokulu.com\/index.php\/4178-2\/","title":{"rendered":"DURSUN AL\u0130 AYKIT"},"content":{"rendered":"<div class=\"fusion-fullwidth fullwidth-box fusion-builder-row-1 fusion-flex-container nonhundred-percent-fullwidth non-hundred-percent-height-scrolling\" style=\"--awb-border-radius-top-left:0px;--awb-border-radius-top-right:0px;--awb-border-radius-bottom-right:0px;--awb-border-radius-bottom-left:0px;--awb-flex-wrap:wrap;\" ><div class=\"fusion-builder-row fusion-row fusion-flex-align-items-flex-start fusion-flex-content-wrap\" style=\"max-width:1248px;margin-left: calc(-4% \/ 2 );margin-right: calc(-4% \/ 2 );\"><div class=\"fusion-layout-column fusion_builder_column fusion-builder-column-0 fusion_builder_column_1_1 1_1 fusion-flex-column\" style=\"--awb-bg-size:cover;--awb-width-large:100%;--awb-margin-top-large:0px;--awb-spacing-right-large:1.92%;--awb-margin-bottom-large:0px;--awb-spacing-left-large:1.92%;--awb-width-medium:100%;--awb-spacing-right-medium:1.92%;--awb-spacing-left-medium:1.92%;--awb-width-small:100%;--awb-spacing-right-small:1.92%;--awb-spacing-left-small:1.92%;\"><div class=\"fusion-column-wrapper fusion-flex-justify-content-flex-start fusion-content-layout-column\"><div class=\"fusion-text fusion-text-1\"><p style=\"text-align: center;\"><span style=\"color: #3b5163;\"><strong><img fetchpriority=\"high\" decoding=\"async\" class=\"aligncenter size-full wp-image-4080\" src=\"http:\/\/klasikdusunceokulu.com\/wp-content\/uploads\/2025\/03\/dursun-ali-aykit.jpg\" alt=\"\" width=\"284\" height=\"265\" srcset=\"https:\/\/klasikdusunceokulu.com\/wp-content\/uploads\/2025\/03\/dursun-ali-aykit-200x187.jpg 200w, https:\/\/klasikdusunceokulu.com\/wp-content\/uploads\/2025\/03\/dursun-ali-aykit.jpg 284w\" sizes=\"(max-width: 284px) 100vw, 284px\" \/><\/strong><\/span><\/p>\n<p style=\"text-align: center;\"><span style=\"color: #3b5163;\"><strong>DURSUN AL\u0130 AYKIT<\/strong><\/span><\/p>\n<p style=\"text-align: center;\"><span style=\"color: #3b5163;\">1976 y\u0131l\u0131nda Ke\u015fap\u2019ta (Giresun) do\u011fdu. 1999\u2019da Marmara \u00dcniversitesi \u0130lahiyat Fak\u00fcltesi\u2019nden mezun oldu. 2000 y\u0131l\u0131nda Cumhuriyet \u00dcniversitesi \u0130lahiyat Fak\u00fcltesi Dinler Tarihi anabilim dal\u0131nda ara\u015ft\u0131rma g\u00f6revlisi oldu. 2002-2003 tarihleri aras\u0131nda The Catholic University of America\u2019da (Washington DC) misafir ara\u015ft\u0131rmac\u0131 olarak bulundu. Cumhuriyet \u00dcniversitesi Sosyal Bilimler Enstit\u00fcs\u00fc\u2019nde \u201cMisyon ve \u0130nciller\u201d ba\u015fl\u0131kl\u0131 teziyle y\u00fcksek lisans\u0131n\u0131 tamamlad\u0131 (2004). 2008 y\u0131l\u0131nda T\u00fcbitak Yurt D\u0131\u015f\u0131 Burs program\u0131n\u0131 kazand\u0131 ve 2008-2009 y\u0131llar\u0131 aras\u0131nda The Catholic University of America\u2019da (Washington DC) misafir ara\u015ft\u0131rmac\u0131 olarak bulundu. Marmara \u00dcniversitesi Sosyal Bilimler Enstit\u00fcs\u00fc\u2019nde \u201cH\u0131ristiyanl\u0131\u011f\u0131n \u00d6nc\u00fcs\u00fc Olarak \u0130skenderiyeli Philo\u201d ba\u015fl\u0131kl\u0131 teziyle doktoras\u0131n\u0131 tamamlad\u0131. 2010\u2019da Cumhuriyet \u00dcniversitesi \u0130lahiyat Fak\u00fcltesi\u2019nde yard\u0131mc\u0131 do\u00e7ent olarak atand\u0131 ve 2014\u2019de do\u00e7ent, 2019 y\u0131l\u0131nda profes\u00f6r unvan\u0131n\u0131 ald\u0131. \u0130ngilizce ve Arap\u00e7a bilmektedir. Akademik ilgi alanlar\u0131, H\u0131ristiyanl\u0131\u011f\u0131n ortaya \u00e7\u0131k\u0131\u015f\u0131, Yahudilikten ayr\u0131\u015fma, H\u0131ristiyan mezhepleri ve mistikler \u00fczerinde yo\u011funla\u015fmaktad\u0131r. Makaleleri, terc\u00fcmeleri yan\u0131nda telif kitaplar\u0131 \u015funlard\u0131r: 1. <em>Misyon ve \u0130nciller<\/em>; 2.&nbsp;<em>H\u0131ristiyanl\u0131\u011f\u0131n \u00d6nc\u00fcs\u00fc Olarak \u0130skenderiyeli Philo<\/em>; 3.&nbsp;<em>Etiyopya Kilisesi<\/em>; 4.&nbsp;<em>Dinler Tarihi<\/em>&nbsp;(Prof. Dr. Ali Osman Kurt ile).<\/span><\/p>\n<p style=\"text-align: center;\"><span style=\"color: #3b5163;\">Klasik D\u00fc\u015f\u00fcnce Okulu&#8217;nda &#8216;Dinler Tarihi Okumalar\u0131: H\u0131ristiyanl\u0131k&#8217; dersini okutmu\u015ftur.<\/span><\/p>\n<\/div><\/div><\/div><\/div><\/div>\n","protected":false},"excerpt":{"rendered":"","protected":false},"author":1,"featured_media":0,"parent":0,"menu_order":0,"comment_status":"closed","ping_status":"closed","template":"100-width.php","meta":{"footnotes":""},"class_list":["post-4178","page","type-page","status-publish","hentry"],"jetpack_sharing_enabled":true,"_links":{"self":[{"href":"https:\/\/klasikdusunceokulu.com\/index.php\/wp-json\/wp\/v2\/pages\/4178","targetHints":{"allow":["GET"]}}],"collection":[{"href":"https:\/\/klasikdusunceokulu.com\/index.php\/wp-json\/wp\/v2\/pages"}],"about":[{"href":"https:\/\/klasikdusunceokulu.com\/index.php\/wp-json\/wp\/v2\/types\/page"}],"author":[{"embeddable":true,"href":"https:\/\/klasikdusunceokulu.com\/index.php\/wp-json\/wp\/v2\/users\/1"}],"replies":[{"embeddable":true,"href":"https:\/\/klasikdusunceokulu.com\/index.php\/wp-json\/wp\/v2\/comments?post=4178"}],"version-history":[{"count":4,"href":"https:\/\/klasikdusunceokulu.com\/index.php\/wp-json\/wp\/v2\/pages\/4178\/revisions"}],"predecessor-version":[{"id":4289,"href":"https:\/\/klasikdusunceokulu.com\/index.php\/wp-json\/wp\/v2\/pages\/4178\/revisions\/4289"}],"wp:attachment":[{"href":"https:\/\/klasikdusunceokulu.com\/index.php\/wp-json\/wp\/v2\/media?parent=4178"}],"curies":[{"name":"wp","href":"https:\/\/api.w.org\/{rel}","templated":true}]}}