{"id":4185,"date":"2025-03-11T00:30:50","date_gmt":"2025-03-10T21:30:50","guid":{"rendered":"https:\/\/klasikdusunceokulu.com\/?page_id=4185"},"modified":"2025-03-11T03:15:37","modified_gmt":"2025-03-11T00:15:37","slug":"ercan-alkan","status":"publish","type":"page","link":"https:\/\/klasikdusunceokulu.com\/index.php\/ercan-alkan\/","title":{"rendered":"ERCAN ALKAN"},"content":{"rendered":"<div class=\"fusion-fullwidth fullwidth-box fusion-builder-row-1 fusion-flex-container nonhundred-percent-fullwidth non-hundred-percent-height-scrolling\" style=\"--awb-border-radius-top-left:0px;--awb-border-radius-top-right:0px;--awb-border-radius-bottom-right:0px;--awb-border-radius-bottom-left:0px;--awb-flex-wrap:wrap;\" ><div class=\"fusion-builder-row fusion-row fusion-flex-align-items-flex-start fusion-flex-content-wrap\" style=\"max-width:1248px;margin-left: calc(-4% \/ 2 );margin-right: calc(-4% \/ 2 );\"><div class=\"fusion-layout-column fusion_builder_column fusion-builder-column-0 fusion_builder_column_1_1 1_1 fusion-flex-column\" style=\"--awb-bg-size:cover;--awb-width-large:100%;--awb-margin-top-large:0px;--awb-spacing-right-large:1.92%;--awb-margin-bottom-large:0px;--awb-spacing-left-large:1.92%;--awb-width-medium:100%;--awb-spacing-right-medium:1.92%;--awb-spacing-left-medium:1.92%;--awb-width-small:100%;--awb-spacing-right-small:1.92%;--awb-spacing-left-small:1.92%;\"><div class=\"fusion-column-wrapper fusion-flex-justify-content-flex-start fusion-content-layout-column\"><div class=\"fusion-text fusion-text-1\"><p style=\"text-align: center;\"><strong><img fetchpriority=\"high\" decoding=\"async\" class=\"aligncenter size-full wp-image-4076\" src=\"http:\/\/klasikdusunceokulu.com\/wp-content\/uploads\/2025\/03\/ercan_alkan.jpg\" alt=\"\" width=\"293\" height=\"382\" srcset=\"https:\/\/klasikdusunceokulu.com\/wp-content\/uploads\/2025\/03\/ercan_alkan-200x261.jpg 200w, https:\/\/klasikdusunceokulu.com\/wp-content\/uploads\/2025\/03\/ercan_alkan-230x300.jpg 230w, https:\/\/klasikdusunceokulu.com\/wp-content\/uploads\/2025\/03\/ercan_alkan.jpg 293w\" sizes=\"(max-width: 293px) 100vw, 293px\" \/><\/strong><\/p>\n<p style=\"text-align: center;\"><span style=\"color: #3b5163;\"><strong>ERCAN ALKAN<\/strong><\/span><\/p>\n<p style=\"text-align: center;\"><span style=\"color: #3b5163;\">1978 y\u0131l\u0131nda Sivas\u2019ta do\u011fdu. Marmara \u00dcniversitesi \u0130lahiyat Fak\u00fcltesi\u2019nden mezun oldu (2000). Marmara \u00dcniversitesi Sosyal Bilimler Enstit\u00fcs\u00fc Temel \u0130sl\u00e2m Bilimleri Anabilim Dal\u0131\u2019nda \u201cLet\u00e2ifu\u2019l-\u0130\u2019l\u00e2m f\u00ee \u0130\u015f\u00e2r\u00e2ti Ehli\u2019l-\u0130lh\u00e2m ve M\u00fctercimi Me\u00e7hul Terc\u00fcmesi\u201d ba\u015fl\u0131kl\u0131 y\u00fcksek lisans\u0131n\u0131 tamamlad\u0131 (2002). 2020 y\u0131l\u0131nda Do\u00e7ent oldu.<\/span><\/p>\n<p style=\"text-align: center;\"><span style=\"color: #3b5163;\"><b data-fusion-font=\"true\" style=\"letter-spacing: 0.25px; line-height: 15px;\">Klasik D\u00fc\u015f\u00fcnce Okulu&#8217;nda okuttu\u011fu dersler;<\/b><\/span><\/p>\n<p style=\"text-align: center;\"><span style=\"color: rgb(59, 81, 99); letter-spacing: 0.25px; line-height: 15px;\" data-fusion-font=\"true\">Haris el-Muhasibi, Mekasib<\/span><\/p>\n<p style=\"text-align: center;\"><span style=\"color: rgb(59, 81, 99); letter-spacing: 0.25px; line-height: 15px;\" data-fusion-font=\"true\">Kelabazi, et-ta&#8217;arruf<\/span><\/p>\n<p style=\"text-align: center;\"><span style=\"color: rgb(59, 81, 99); letter-spacing: 0.25px; line-height: 15px;\" data-fusion-font=\"true\">H\u00e2kim et-Tirmizi, Beyan\u00fc&#8217;l-fark<\/span><\/p>\n<\/div><\/div><\/div><\/div><\/div>\n","protected":false},"excerpt":{"rendered":"","protected":false},"author":1,"featured_media":0,"parent":0,"menu_order":0,"comment_status":"closed","ping_status":"closed","template":"100-width.php","meta":{"footnotes":""},"class_list":["post-4185","page","type-page","status-publish","hentry"],"jetpack_sharing_enabled":true,"_links":{"self":[{"href":"https:\/\/klasikdusunceokulu.com\/index.php\/wp-json\/wp\/v2\/pages\/4185","targetHints":{"allow":["GET"]}}],"collection":[{"href":"https:\/\/klasikdusunceokulu.com\/index.php\/wp-json\/wp\/v2\/pages"}],"about":[{"href":"https:\/\/klasikdusunceokulu.com\/index.php\/wp-json\/wp\/v2\/types\/page"}],"author":[{"embeddable":true,"href":"https:\/\/klasikdusunceokulu.com\/index.php\/wp-json\/wp\/v2\/users\/1"}],"replies":[{"embeddable":true,"href":"https:\/\/klasikdusunceokulu.com\/index.php\/wp-json\/wp\/v2\/comments?post=4185"}],"version-history":[{"count":3,"href":"https:\/\/klasikdusunceokulu.com\/index.php\/wp-json\/wp\/v2\/pages\/4185\/revisions"}],"predecessor-version":[{"id":4293,"href":"https:\/\/klasikdusunceokulu.com\/index.php\/wp-json\/wp\/v2\/pages\/4185\/revisions\/4293"}],"wp:attachment":[{"href":"https:\/\/klasikdusunceokulu.com\/index.php\/wp-json\/wp\/v2\/media?parent=4185"}],"curies":[{"name":"wp","href":"https:\/\/api.w.org\/{rel}","templated":true}]}}