{"id":4187,"date":"2025-03-11T00:38:32","date_gmt":"2025-03-10T21:38:32","guid":{"rendered":"https:\/\/klasikdusunceokulu.com\/?page_id=4187"},"modified":"2025-03-25T17:42:00","modified_gmt":"2025-03-25T14:42:00","slug":"erman-goren","status":"publish","type":"page","link":"https:\/\/klasikdusunceokulu.com\/index.php\/erman-goren\/","title":{"rendered":"ERMAN G\u00d6REN"},"content":{"rendered":"<div class=\"fusion-fullwidth fullwidth-box fusion-builder-row-1 fusion-flex-container nonhundred-percent-fullwidth non-hundred-percent-height-scrolling\" style=\"--awb-border-radius-top-left:0px;--awb-border-radius-top-right:0px;--awb-border-radius-bottom-right:0px;--awb-border-radius-bottom-left:0px;--awb-flex-wrap:wrap;\" ><div class=\"fusion-builder-row fusion-row fusion-flex-align-items-flex-start fusion-flex-content-wrap\" style=\"max-width:1248px;margin-left: calc(-4% \/ 2 );margin-right: calc(-4% \/ 2 );\"><div class=\"fusion-layout-column fusion_builder_column fusion-builder-column-0 fusion_builder_column_1_1 1_1 fusion-flex-column\" style=\"--awb-bg-size:cover;--awb-width-large:100%;--awb-margin-top-large:0px;--awb-spacing-right-large:1.92%;--awb-margin-bottom-large:0px;--awb-spacing-left-large:1.92%;--awb-width-medium:100%;--awb-spacing-right-medium:1.92%;--awb-spacing-left-medium:1.92%;--awb-width-small:100%;--awb-spacing-right-small:1.92%;--awb-spacing-left-small:1.92%;\"><div class=\"fusion-column-wrapper fusion-flex-justify-content-flex-start fusion-content-layout-column\"><div class=\"fusion-text fusion-text-1\"><p style=\"text-align: center;\">&nbsp;<\/p>\n<p>&nbsp; &nbsp; &nbsp; &nbsp; &nbsp; &nbsp; &nbsp; &nbsp; <img fetchpriority=\"high\" decoding=\"async\" class=\"aligncenter  wp-image-4406\" src=\"http:\/\/klasikdusunceokulu.com\/wp-content\/uploads\/2025\/03\/Erman_Goren_KDO-1.jpg\" alt=\"\" width=\"238\" height=\"241\" srcset=\"https:\/\/klasikdusunceokulu.com\/wp-content\/uploads\/2025\/03\/Erman_Goren_KDO-1-66x66.jpg 66w, https:\/\/klasikdusunceokulu.com\/wp-content\/uploads\/2025\/03\/Erman_Goren_KDO-1-200x202.jpg 200w, https:\/\/klasikdusunceokulu.com\/wp-content\/uploads\/2025\/03\/Erman_Goren_KDO-1-297x300.jpg 297w, https:\/\/klasikdusunceokulu.com\/wp-content\/uploads\/2025\/03\/Erman_Goren_KDO-1-400x404.jpg 400w, https:\/\/klasikdusunceokulu.com\/wp-content\/uploads\/2025\/03\/Erman_Goren_KDO-1-600x606.jpg 600w, https:\/\/klasikdusunceokulu.com\/wp-content\/uploads\/2025\/03\/Erman_Goren_KDO-1.jpg 706w\" sizes=\"(max-width: 238px) 100vw, 238px\" \/><\/p>\n<p style=\"text-align: center;\"><span style=\"color: #3b5163;\"><strong>ERMAN G\u00d6REN<\/strong><\/span><\/p>\n<p style=\"text-align: center;\">Erman G\u00f6ren bir Klasik Filoloji profes\u00f6r\u00fcd\u00fcr. Y\u00fcksek lisans (2008) ve doktora (2013) tezlerinde arkaik<br \/>Yunan \u015fiirinde ve erken Yunan d\u00fc\u015f\u00fcncesinde hakikat sorununa yo\u011funla\u015ft\u0131, \u00e7al\u0131\u015fmalar\u0131n\u0131 Klasik ve<br \/>Hellenistik d\u00f6nem \u015fiir k\u00fclliyat\u0131 ile Platoncu gelene\u011fin temel metinleri \u00e7er\u00e7evesinde geni\u015fletti. 2020\u2019lerden<br \/>itibaren, 17. y\u00fczy\u0131lda Yanyal\u0131 Esad Efendi\u2019nin Latince Aristoteles \u015ferhlerinden Arap\u00e7aya yapt\u0131\u011f\u0131<br \/>terc\u00fcmelerinde \u00e7ok dillilik, \u00e7ok boyutlu terc\u00fcme meseleleri ve yeni bilim terminolojisi konular\u0131nda<br \/>ara\u015ft\u0131rmalar yapt\u0131. Halihaz\u0131rda Arkaik Yunan \u015fiiri, erken ve klasik Yunan d\u00fc\u015f\u00fcncesi, Klasik Atina\u2019da<br \/>tragedya ve komedya, Yunan filolojisi, Yunan yorum gelene\u011fi alanlar\u0131nda lisans ve lisans\u00fcst\u00fc d\u00fczeyde<br \/>dersler vermektedir. Telif ve \u00e7eviri kitaplar\u0131n\u0131n yan\u0131 s\u0131ra, \u00e7ok say\u0131da makalesi bulunmaktad\u0131r. Telif eserleri:<br \/>Arkaik Yunan\u2019da Adland\u0131rma ve Hakikat (Derg\u00e2h, 2015); Kratylos\u2019a Yorumlar: Physis-Nomos Kar\u015f\u0131tl\u0131\u011f\u0131<br \/>Ba\u011flam\u0131nda Filolojik ve Yorumbilimsel Bir \u0130nceleme (Derg\u00e2h, 2016). Terc\u00fcme eserleri: Platon, Sokrates\u2019in<br \/>Savunmas\u0131 (Alfa, 2015); Pindaros, B\u00fct\u00fcn Zafer \u015eark\u0131lar\u0131 (YKY, 2015); Proklos, Adland\u0131rman\u0131n Ontoteolojisi:<br \/>Platon&#8217;un &#8220;Kratylos&#8221;una Yorum (Derg\u00e2h, 2016); Platon, Kratylos: Giri\u015f, Metin, \u00c7eviri ve Dizinler (Derg\u00e2h,<br \/>2016); Bakkhylides, B\u00fct\u00fcn \u015eiirleri ve Fragmanlar\u0131 (YKY, 2017); Homeros\u00e7u \u0130lahiler&#8217;den Pindaros&#8217;a Arkaik<br \/>Yunan \u015eiiri Antolojisi (YKY, 2018); Aristophanes, Ploutos (Servet) (\u0130\u015f K\u00fclt\u00fcr, 2019, E. Yavuz ile);<br \/>Aristophanes, Kad\u0131n Mebuslar (\u0130\u015f K\u00fclt\u00fcr, 2019, E. Yavuz ile); Homeros\u00e7u \u0130lahiler (YKY, 2021); Loukianos,<br \/>Hakiki Hik\u00e2yeler (\u0130\u015f K\u00fclt\u00fcr, 2021, E. \u0130nan\u00e7 ile); Aristophanes, \ue0bbesmophoria Kutlayan Kad\u0131nlar (\u0130\u015f K\u00fclt\u00fcr,<br \/>2022, E. Yavuz ile); Homeros, \u0130lyada\/Ilias (Everest, 2024).<br \/>Klasik D\u00fc\u015f\u00fcnce Okulu\u2019nda; \u2018Homeros Okumalar\u0131: Ilias\u2019 ve Platon: Kratylos\u2019 derslerini okutmu\u015ftur.<\/p>\n<\/div><\/div><\/div><\/div><\/div>\n","protected":false},"excerpt":{"rendered":"","protected":false},"author":1,"featured_media":0,"parent":0,"menu_order":0,"comment_status":"closed","ping_status":"closed","template":"100-width.php","meta":{"footnotes":""},"class_list":["post-4187","page","type-page","status-publish","hentry"],"jetpack_sharing_enabled":true,"_links":{"self":[{"href":"https:\/\/klasikdusunceokulu.com\/index.php\/wp-json\/wp\/v2\/pages\/4187","targetHints":{"allow":["GET"]}}],"collection":[{"href":"https:\/\/klasikdusunceokulu.com\/index.php\/wp-json\/wp\/v2\/pages"}],"about":[{"href":"https:\/\/klasikdusunceokulu.com\/index.php\/wp-json\/wp\/v2\/types\/page"}],"author":[{"embeddable":true,"href":"https:\/\/klasikdusunceokulu.com\/index.php\/wp-json\/wp\/v2\/users\/1"}],"replies":[{"embeddable":true,"href":"https:\/\/klasikdusunceokulu.com\/index.php\/wp-json\/wp\/v2\/comments?post=4187"}],"version-history":[{"count":4,"href":"https:\/\/klasikdusunceokulu.com\/index.php\/wp-json\/wp\/v2\/pages\/4187\/revisions"}],"predecessor-version":[{"id":4407,"href":"https:\/\/klasikdusunceokulu.com\/index.php\/wp-json\/wp\/v2\/pages\/4187\/revisions\/4407"}],"wp:attachment":[{"href":"https:\/\/klasikdusunceokulu.com\/index.php\/wp-json\/wp\/v2\/media?parent=4187"}],"curies":[{"name":"wp","href":"https:\/\/api.w.org\/{rel}","templated":true}]}}