{"id":4189,"date":"2025-03-11T00:39:57","date_gmt":"2025-03-10T21:39:57","guid":{"rendered":"https:\/\/klasikdusunceokulu.com\/?page_id=4189"},"modified":"2025-03-11T03:10:54","modified_gmt":"2025-03-11T00:10:54","slug":"esref-altas","status":"publish","type":"page","link":"https:\/\/klasikdusunceokulu.com\/index.php\/esref-altas\/","title":{"rendered":"E\u015eREF ALTA\u015e"},"content":{"rendered":"<div class=\"fusion-fullwidth fullwidth-box fusion-builder-row-1 fusion-flex-container nonhundred-percent-fullwidth non-hundred-percent-height-scrolling\" style=\"--awb-border-radius-top-left:0px;--awb-border-radius-top-right:0px;--awb-border-radius-bottom-right:0px;--awb-border-radius-bottom-left:0px;--awb-flex-wrap:wrap;\" ><div class=\"fusion-builder-row fusion-row fusion-flex-align-items-flex-start fusion-flex-content-wrap\" style=\"max-width:1248px;margin-left: calc(-4% \/ 2 );margin-right: calc(-4% \/ 2 );\"><div class=\"fusion-layout-column fusion_builder_column fusion-builder-column-0 fusion_builder_column_1_1 1_1 fusion-flex-column\" style=\"--awb-bg-size:cover;--awb-width-large:100%;--awb-margin-top-large:0px;--awb-spacing-right-large:1.92%;--awb-margin-bottom-large:0px;--awb-spacing-left-large:1.92%;--awb-width-medium:100%;--awb-spacing-right-medium:1.92%;--awb-spacing-left-medium:1.92%;--awb-width-small:100%;--awb-spacing-right-small:1.92%;--awb-spacing-left-small:1.92%;\"><div class=\"fusion-column-wrapper fusion-flex-justify-content-flex-start fusion-content-layout-column\"><div class=\"fusion-text fusion-text-1\"><p style=\"text-align: center;\"><span style=\"color: #3b5163;\"><strong><img fetchpriority=\"high\" decoding=\"async\" class=\"aligncenter size-full wp-image-4078\" src=\"http:\/\/klasikdusunceokulu.com\/wp-content\/uploads\/2025\/03\/esref_altas_fotograf.jpg\" alt=\"\" width=\"538\" height=\"498\" srcset=\"https:\/\/klasikdusunceokulu.com\/wp-content\/uploads\/2025\/03\/esref_altas_fotograf-200x185.jpg 200w, https:\/\/klasikdusunceokulu.com\/wp-content\/uploads\/2025\/03\/esref_altas_fotograf-300x278.jpg 300w, https:\/\/klasikdusunceokulu.com\/wp-content\/uploads\/2025\/03\/esref_altas_fotograf-400x370.jpg 400w, https:\/\/klasikdusunceokulu.com\/wp-content\/uploads\/2025\/03\/esref_altas_fotograf.jpg 538w\" sizes=\"(max-width: 538px) 100vw, 538px\" \/><\/strong><\/span><\/p>\n<p style=\"text-align: center;\"><span style=\"color: #3b5163;\"><strong>E\u015eREF ALTA\u015e<\/strong><\/span><\/p>\n<p style=\"text-align: center;\"><span style=\"color: #3b5163;\">1973 y\u0131l\u0131nda Erzurum\u2019da do\u011fdu. Marmara \u00dcniversitesi \u0130lahiyat Fak\u00fcltesi\u2019nden mezun oldu (1998). Ayn\u0131 \u00fcniversitenin Sosyal Bilimler Enstit\u00fcs\u00fc\u2019nde \u201cK\u00e2tip \u00c7elebi\u2019de Islahat D\u00fc\u015f\u00fcncesi\u201d adl\u0131 teziyle y\u00fcksek lisans\u0131n\u0131 (2002), \u201cFahreddin er-R\u00e2z\u00ee\u2019nin \u0130bn S\u00een\u00e2 Yorumu ve Ele\u015ftirisi\u201d adl\u0131 teziyle doktoras\u0131n\u0131 (2009) tamamlad\u0131. 2010-2015 y\u0131llar\u0131 aras\u0131nda \u00c7anakkale Onsekiz Mart \u00dcniversitesi ve Yalova \u00dcniversitesi\u2019nde \u00e7al\u0131\u015ft\u0131. 2017 y\u0131l\u0131nda do\u00e7ent oldu. Halen Medeniyet \u00dcniversitesi Edebiyat Fak\u00fcltesi Felsefe B\u00f6l\u00fcm\u00fc\u2019nde \u00f6\u011fretim \u00fcyesidir. <\/span><\/p>\n<p style=\"text-align: center;\"><span style=\"color: #3b5163;\"><strong>Klasik D\u00fc\u015f\u00fcnce Okulu&#8217;nda okuttu\u011fu dersler;<\/strong><\/span><\/p>\n<p style=\"text-align: center;\"><span style=\"color: rgb(59, 81, 99); font-family: var(--awb-text-font-family); font-size: 16px; font-style: var(--awb-text-font-style); font-weight: var(--awb-text-font-weight); letter-spacing: 0.25px; text-align: var(--awb-content-alignment); text-transform: var(--awb-text-transform); background-color: var(--awb-bg-color-hover); line-height: 10px;\" data-fusion-font=\"true\"><span data-fusion-font=\"true\" style=\"line-height: 15px;\">R\u00e2g\u0131b el-\u0130sfah\u00e2n\u00ee, ez-Zer\u00eea<\/span><\/span><\/p>\n<p style=\"text-align: center;\"><span style=\"color: rgb(59, 81, 99); letter-spacing: 0.25px; line-height: 15px; font-size: 16px;\" data-fusion-font=\"true\">\u0130bn Miskeveyh, Tehz\u00eebu\u2019l-ahl\u00e2k<\/span><\/p>\n<p style=\"text-align: center;\"><span style=\"color: rgb(59, 81, 99); letter-spacing: 0.25px; line-height: 15px; font-size: 16px;\" data-fusion-font=\"true\">\u0130bn S\u00een\u00e2, Uy\u00fbn\u00fc\u2019l-hikme<\/span><\/p>\n<p style=\"text-align: center;\"><span style=\"color: rgb(59, 81, 99); letter-spacing: 0.25px; line-height: 15px; font-size: 16px;\" data-fusion-font=\"true\">R\u00e2z\u00ee Okumalar\u0131: Muhassal<\/span><\/p>\n<p style=\"text-align: center;\"><span style=\"color: rgb(59, 81, 99); letter-spacing: 0.25px; line-height: 15px; font-size: 16px;\" data-fusion-font=\"true\">Ebheri, \u0130saguci<\/span><\/p>\n<p style=\"text-align: center;\"><span style=\"color: rgb(59, 81, 99); letter-spacing: 0.25px; line-height: 15px; font-size: 16px;\" data-fusion-font=\"true\">\u0130bn Haldun, Mukaddime<\/span><\/p>\n<p style=\"text-align: center;\"><span style=\"color: rgb(59, 81, 99); letter-spacing: 0.25px; line-height: 15px; font-size: 16px;\" data-fusion-font=\"true\">Teft\u00e2z\u00e2n\u00ee Okumalar\u0131: \u015eerhu\u2019l-ak\u00e2id<\/span><\/p>\n<p style=\"text-align: center;\"><span style=\"color: rgb(59, 81, 99); letter-spacing: 0.25px; line-height: 15px; font-size: 16px;\" data-fusion-font=\"true\">\u015eerhu\u2019l-\u0130\u015f\u00e2r\u00e2t Okumalar\u0131<\/span><\/p>\n<p style=\"text-align: center;\">\n<p style=\"text-align: center;\">\n<p style=\"text-align: center;\"><span style=\"color: var(--awb-text-color); font-family: var(--awb-text-font-family); font-size: var(--awb-font-size); font-style: var(--awb-text-font-style); font-weight: var(--awb-text-font-weight); letter-spacing: var(--awb-letter-spacing); text-align: var(--awb-content-alignment); text-transform: var(--awb-text-transform); background-color: var(--awb-bg-color-hover);\"> <\/span><\/p>\n<\/div><\/div><\/div><\/div><\/div>\n","protected":false},"excerpt":{"rendered":"","protected":false},"author":1,"featured_media":0,"parent":0,"menu_order":0,"comment_status":"closed","ping_status":"closed","template":"100-width.php","meta":{"footnotes":""},"class_list":["post-4189","page","type-page","status-publish","hentry"],"jetpack_sharing_enabled":true,"_links":{"self":[{"href":"https:\/\/klasikdusunceokulu.com\/index.php\/wp-json\/wp\/v2\/pages\/4189","targetHints":{"allow":["GET"]}}],"collection":[{"href":"https:\/\/klasikdusunceokulu.com\/index.php\/wp-json\/wp\/v2\/pages"}],"about":[{"href":"https:\/\/klasikdusunceokulu.com\/index.php\/wp-json\/wp\/v2\/types\/page"}],"author":[{"embeddable":true,"href":"https:\/\/klasikdusunceokulu.com\/index.php\/wp-json\/wp\/v2\/users\/1"}],"replies":[{"embeddable":true,"href":"https:\/\/klasikdusunceokulu.com\/index.php\/wp-json\/wp\/v2\/comments?post=4189"}],"version-history":[{"count":2,"href":"https:\/\/klasikdusunceokulu.com\/index.php\/wp-json\/wp\/v2\/pages\/4189\/revisions"}],"predecessor-version":[{"id":4290,"href":"https:\/\/klasikdusunceokulu.com\/index.php\/wp-json\/wp\/v2\/pages\/4189\/revisions\/4290"}],"wp:attachment":[{"href":"https:\/\/klasikdusunceokulu.com\/index.php\/wp-json\/wp\/v2\/media?parent=4189"}],"curies":[{"name":"wp","href":"https:\/\/api.w.org\/{rel}","templated":true}]}}