{"id":4191,"date":"2025-03-11T00:41:27","date_gmt":"2025-03-10T21:41:27","guid":{"rendered":"https:\/\/klasikdusunceokulu.com\/?page_id=4191"},"modified":"2025-03-28T12:43:19","modified_gmt":"2025-03-28T09:43:19","slug":"ferruh-ozpilavci","status":"publish","type":"page","link":"https:\/\/klasikdusunceokulu.com\/index.php\/ferruh-ozpilavci\/","title":{"rendered":"FERRUH \u00d6ZP\u0130LAVCI"},"content":{"rendered":"<div class=\"fusion-fullwidth fullwidth-box fusion-builder-row-1 fusion-flex-container nonhundred-percent-fullwidth non-hundred-percent-height-scrolling\" style=\"--awb-border-radius-top-left:0px;--awb-border-radius-top-right:0px;--awb-border-radius-bottom-right:0px;--awb-border-radius-bottom-left:0px;--awb-flex-wrap:wrap;\" ><div class=\"fusion-builder-row fusion-row fusion-flex-align-items-flex-start fusion-flex-content-wrap\" style=\"max-width:1248px;margin-left: calc(-4% \/ 2 );margin-right: calc(-4% \/ 2 );\"><div class=\"fusion-layout-column fusion_builder_column fusion-builder-column-0 fusion_builder_column_1_1 1_1 fusion-flex-column\" style=\"--awb-bg-blend:overlay;--awb-bg-size:cover;--awb-width-large:100%;--awb-margin-top-large:0px;--awb-spacing-right-large:1.92%;--awb-margin-bottom-large:0px;--awb-spacing-left-large:1.92%;--awb-width-medium:100%;--awb-spacing-right-medium:1.92%;--awb-spacing-left-medium:1.92%;--awb-width-small:100%;--awb-spacing-right-small:1.92%;--awb-spacing-left-small:1.92%;\"><div class=\"fusion-column-wrapper fusion-flex-justify-content-flex-start fusion-content-layout-column\"><div class=\"fusion-text fusion-text-1\"><p style=\"text-align: center;\"><span style=\"color: #3b5163;\"><strong><img fetchpriority=\"high\" decoding=\"async\" class=\"aligncenter size-full wp-image-4082\" src=\"http:\/\/klasikdusunceokulu.com\/wp-content\/uploads\/2025\/03\/Ferruh-Oezpilavci.jpg\" alt=\"\" width=\"512\" height=\"512\" srcset=\"https:\/\/klasikdusunceokulu.com\/wp-content\/uploads\/2025\/03\/Ferruh-Oezpilavci-66x66.jpg 66w, https:\/\/klasikdusunceokulu.com\/wp-content\/uploads\/2025\/03\/Ferruh-Oezpilavci-150x150.jpg 150w, https:\/\/klasikdusunceokulu.com\/wp-content\/uploads\/2025\/03\/Ferruh-Oezpilavci-200x200.jpg 200w, https:\/\/klasikdusunceokulu.com\/wp-content\/uploads\/2025\/03\/Ferruh-Oezpilavci-300x300.jpg 300w, https:\/\/klasikdusunceokulu.com\/wp-content\/uploads\/2025\/03\/Ferruh-Oezpilavci-400x400.jpg 400w, https:\/\/klasikdusunceokulu.com\/wp-content\/uploads\/2025\/03\/Ferruh-Oezpilavci.jpg 512w\" sizes=\"(max-width: 512px) 100vw, 512px\" \/><\/strong><\/span><\/p>\n<p style=\"text-align: center;\"><span style=\"color: #3b5163;\"><strong>FERRUH \u00d6ZP\u0130LAVCI<\/strong><\/span><\/p>\n<p style=\"text-align: center;\"><span style=\"color: #3b5163;\">1974 y\u0131l\u0131nda K\u0131r\u015fehir\u2019de do\u011fdu. \u0130lk ve orta \u00f6\u011frenimini Sakarya\u2019da tamamlad\u0131. 1992 y\u0131l\u0131nda Adapazar\u0131 \u0130HL\u2019den, 1997 y\u0131l\u0131nda Marmara \u00dcniversitesi \u0130lahiyat Fak\u00fcltesi\u2019nden mezun oldu. 2000 y\u0131l\u0131nda Marmara \u00dcniversitesi, Sosyal Bilimler Enstit\u00fcs\u00fc, Felsefe ve Din Bilimleri B\u00f6l\u00fcm\u00fc\u2019nde \u201cEb\u00fc\u2019l-Berek\u00e2t el-Ba\u011fd\u00e2d\u00ee\u2019nin Nefs Teorisi\u201d isimli y\u00fcksek lisans \u00e7al\u0131\u015fmas\u0131n\u0131, 2008 y\u0131l\u0131nda da \u201cEb\u00fc\u2019l-Berek\u00e2t el-Ba\u011fd\u00e2d\u00ee\u2019de Tabiat Felsefesi\u201d isimli doktora tezini tamamlad\u0131.<\/span><br \/><span style=\"color: #3b5163;\">1999-2008 y\u0131llar\u0131 aras\u0131nda Marmara \u00dcniversitesi Sosyal Bilimler Enstit\u00fcs\u00fc\u2019nde Ara\u015ft\u0131rma G\u00f6revlisi olarak; 2008-2009 y\u0131llar\u0131 aras\u0131nda M.\u00dc. \u0130lahiyat Fak\u00fcltesi Mant\u0131k Anabilim Dal\u0131nda Ara\u015ft\u0131rma G\u00f6revlisi; 2009-2011 y\u0131llar\u0131 aras\u0131nda ise \u00d6\u011fretim G\u00f6revlisi olarak \u00e7al\u0131\u015ft\u0131.<\/span><br \/><span style=\"color: #3b5163;\">Marmara \u00dcniversitesi \u0130lahiyat Fak\u00fcltesi Mant\u0131k Anabilim Dal\u0131na 2011 y\u0131l\u0131nda yard\u0131mc\u0131 do\u00e7ent; 2017 y\u0131l\u0131nda do\u00e7ent; 2022 y\u0131l\u0131nda profes\u00f6r olarak atanan Ferruh \u00d6zpilavc\u0131, halen ayn\u0131 anabilim dal\u0131nda profes\u00f6r olarak \u00f6\u011fretim \u00fcyeli\u011fi g\u00f6revine devam etmektedir.<\/span><br \/><span style=\"color: #3b5163;\">2004 y\u0131l\u0131nda kurulu\u015fundan 2010 y\u0131l\u0131na kadar, tefekk\u00fcr hayat\u0131m\u0131z\u0131n vaz ge\u00e7ilmezi olan temel metinleri g\u00fcn\u00fcm\u00fcz okuruyla bulu\u015fturmay\u0131 hedefleyen Litera Yay\u0131nc\u0131l\u0131k\u2019ta, yay\u0131nevinin kurucusu ve sahibi Muhittin Macit Bey ile birlikte klasik ve modern felsefe, \u0130slam felsefesi, tasavvuf, ahlak, kelam, f\u0131k\u0131h, edebiyat, mimari, psikoterapi vb. t\u00fcrlerde pek \u00e7ok telif ve terc\u00fcme eserlerin yay\u0131nlanmas\u0131nda aktif rol ald\u0131.<\/span><br \/><span style=\"color: #3b5163;\">T\u00fcrkiye Yazma Eserler Kurumu Ba\u015fkanl\u0131\u011f\u0131\u2019n\u0131n 2010 y\u0131l\u0131nda kurulu\u015fundan itibaren 2023 y\u0131l\u0131na kadar \u00c7eviri ve Yay\u0131m Dairesi Ba\u015fkanl\u0131\u011f\u0131 vazifesini de y\u00fcr\u00fcten Ferruh \u00d6zpilavc\u0131, \u201c1001 Eser Projesi\u201d kapsam\u0131nda yazma eser klasiklerimizden y\u00fczlerce eserin \u00e7eviri, \u00e7eviri yaz\u0131, ele\u015ftirmeli metin, t\u0131pk\u0131bas\u0131m vb. \u015fekillerde yay\u0131mlanmas\u0131 faaliyetlerini koordine etti.<\/span><br \/><span style=\"color: #3b5163;\">18 Nisan 2023 tarihi itibariyle T\u00fcrkiye Yazma Eserler Kurumu Ba\u015fkanl\u0131\u011f\u0131 vazifesini, kurucu ba\u015fkan Prof. Dr. Muhittin Macit Beyden devral\u0131p vekaleten ba\u015fkan olarak atand\u0131. Kurum ba\u015fkanl\u0131\u011f\u0131n\u0131 15 A\u011fustos 2024 y\u0131l\u0131na kadar s\u00fcrd\u00fcren Ferruh \u00d6zpilavc\u0131, halen Marmara \u00dcniversitesi \u0130lahiyat Fak\u00fcltesini mant\u0131k anabilim dal\u0131 ba\u015fkan\u0131 (17.12.2024) olarak akademik faaliyetlerini s\u00fcrd\u00fcrmektedir<\/span><\/p>\n<p style=\"text-align: center;\"><span style=\"color: #3b5163;\">Klasik D\u00fc\u015f\u00fcnce Okulu&#8217;nda &#8216;<span style=\"font-family: var(--awb-text-font-family); font-size: var(--awb-font-size); font-style: var(--awb-text-font-style); font-weight: var(--awb-text-font-weight); letter-spacing: var(--awb-letter-spacing); text-align: var(--awb-content-alignment); text-transform: var(--awb-text-transform); background-color: var(--awb-bg-color-hover);\">Mant\u0131k Okumalar\u0131: K\u00e2tib\u00ee, e\u015f-\u015eemsiyye&#8217; dersini okutmu\u015ftur.<\/span><br \/><\/span><\/p>\n<\/div><\/div><\/div><\/div><\/div>\n","protected":false},"excerpt":{"rendered":"","protected":false},"author":1,"featured_media":0,"parent":0,"menu_order":0,"comment_status":"closed","ping_status":"closed","template":"100-width.php","meta":{"footnotes":""},"class_list":["post-4191","page","type-page","status-publish","hentry"],"jetpack_sharing_enabled":true,"_links":{"self":[{"href":"https:\/\/klasikdusunceokulu.com\/index.php\/wp-json\/wp\/v2\/pages\/4191","targetHints":{"allow":["GET"]}}],"collection":[{"href":"https:\/\/klasikdusunceokulu.com\/index.php\/wp-json\/wp\/v2\/pages"}],"about":[{"href":"https:\/\/klasikdusunceokulu.com\/index.php\/wp-json\/wp\/v2\/types\/page"}],"author":[{"embeddable":true,"href":"https:\/\/klasikdusunceokulu.com\/index.php\/wp-json\/wp\/v2\/users\/1"}],"replies":[{"embeddable":true,"href":"https:\/\/klasikdusunceokulu.com\/index.php\/wp-json\/wp\/v2\/comments?post=4191"}],"version-history":[{"count":4,"href":"https:\/\/klasikdusunceokulu.com\/index.php\/wp-json\/wp\/v2\/pages\/4191\/revisions"}],"predecessor-version":[{"id":4448,"href":"https:\/\/klasikdusunceokulu.com\/index.php\/wp-json\/wp\/v2\/pages\/4191\/revisions\/4448"}],"wp:attachment":[{"href":"https:\/\/klasikdusunceokulu.com\/index.php\/wp-json\/wp\/v2\/media?parent=4191"}],"curies":[{"name":"wp","href":"https:\/\/api.w.org\/{rel}","templated":true}]}}