{"id":4193,"date":"2025-03-11T00:42:48","date_gmt":"2025-03-10T21:42:48","guid":{"rendered":"https:\/\/klasikdusunceokulu.com\/?page_id=4193"},"modified":"2025-03-11T03:19:16","modified_gmt":"2025-03-11T00:19:16","slug":"hacer-yetkin","status":"publish","type":"page","link":"https:\/\/klasikdusunceokulu.com\/index.php\/hacer-yetkin\/","title":{"rendered":"HACER YETK\u0130N"},"content":{"rendered":"<div class=\"fusion-fullwidth fullwidth-box fusion-builder-row-1 fusion-flex-container nonhundred-percent-fullwidth non-hundred-percent-height-scrolling\" style=\"--awb-border-radius-top-left:0px;--awb-border-radius-top-right:0px;--awb-border-radius-bottom-right:0px;--awb-border-radius-bottom-left:0px;--awb-flex-wrap:wrap;\" ><div class=\"fusion-builder-row fusion-row fusion-flex-align-items-flex-start fusion-flex-content-wrap\" style=\"max-width:1248px;margin-left: calc(-4% \/ 2 );margin-right: calc(-4% \/ 2 );\"><div class=\"fusion-layout-column fusion_builder_column fusion-builder-column-0 fusion_builder_column_1_1 1_1 fusion-flex-column\" style=\"--awb-bg-size:cover;--awb-width-large:100%;--awb-margin-top-large:0px;--awb-spacing-right-large:1.92%;--awb-margin-bottom-large:0px;--awb-spacing-left-large:1.92%;--awb-width-medium:100%;--awb-spacing-right-medium:1.92%;--awb-spacing-left-medium:1.92%;--awb-width-small:100%;--awb-spacing-right-small:1.92%;--awb-spacing-left-small:1.92%;\"><div class=\"fusion-column-wrapper fusion-flex-justify-content-flex-start fusion-content-layout-column\"><div class=\"fusion-text fusion-text-1\"><p style=\"text-align: center;\"><span style=\"color: #3b5163;\"><strong><img fetchpriority=\"high\" decoding=\"async\" class=\"aligncenter size-full wp-image-4083\" src=\"http:\/\/klasikdusunceokulu.com\/wp-content\/uploads\/2025\/03\/hacer-yetkin-2.jpg\" alt=\"\" width=\"271\" height=\"380\" srcset=\"https:\/\/klasikdusunceokulu.com\/wp-content\/uploads\/2025\/03\/hacer-yetkin-2-200x280.jpg 200w, https:\/\/klasikdusunceokulu.com\/wp-content\/uploads\/2025\/03\/hacer-yetkin-2-214x300.jpg 214w, https:\/\/klasikdusunceokulu.com\/wp-content\/uploads\/2025\/03\/hacer-yetkin-2.jpg 271w\" sizes=\"(max-width: 271px) 100vw, 271px\" \/><\/strong><\/span><\/p>\n<p style=\"text-align: center;\"><span style=\"color: #3b5163;\"><strong>HACER YETK\u0130N<\/strong><\/span><\/p>\n<p style=\"text-align: center;\"><span style=\"color: #3b5163;\">1984 y\u0131l\u0131nda Samsun\u2019da do\u011fdu. \u0130lkokulu Ordu\/\u00dcnye\u2019de okudu. 2002 y\u0131l\u0131nda \u00dcnye Anadolu \u0130.H.L.\u2019nden mezun oldu. 2002 y\u0131l\u0131nda ba\u015flad\u0131\u011f\u0131 Marmara \u00dcniversitesi \u0130lahiyat Fak\u00fcltesi\u2019nden 2006 y\u0131l\u0131nda mezun oldu. Ayn\u0131 y\u0131l Marmara \u00dcniversitesi Sosyal Bilimler Enstit\u00fcs\u00fc \u0130slam Hukuku bilim dal\u0131nda ba\u015flad\u0131\u011f\u0131 y\u00fcksek lisans\u0131n\u0131 2009 y\u0131l\u0131nda \u201cEnd\u00fcl\u00fcs\u2019te \u015eurut (Belgeleme) \u0130lmi\u201d ba\u015fl\u0131k tezini vererek tamamlad\u0131. Ocak 2010\u2019da \u0130slam Hukuku b\u00f6l\u00fcm\u00fcne ara\u015ft\u0131rma g\u00f6revlisi olarak atand\u0131. \u201cDeb\u00fbs\u00ee\u2019nin F\u0131k\u0131h D\u00fc\u015f\u00fcncesi\u201d ba\u015fl\u0131kl\u0131 doktora tezi \u00e7al\u0131\u015fmas\u0131n\u0131 tamamlad\u0131.<\/span><\/p>\n<p style=\"text-align: center;\"><span style=\"color: #3b5163;\">Klasik D\u00fc\u015f\u00fcnce Okulu&#8217;nda &#8216;<span style=\"font-family: var(--awb-text-font-family); font-size: var(--awb-font-size); font-style: var(--awb-text-font-style); font-weight: var(--awb-text-font-weight); letter-spacing: var(--awb-letter-spacing); text-align: var(--awb-content-alignment); text-transform: var(--awb-text-transform); background-color: var(--awb-bg-color-hover);\">e\u015f-\u015e\u00e2fi\u00ee, er-Ris\u00e2le&#8217; dersini okutmu\u015ftur.<\/span><\/span><\/p>\n<\/div><\/div><\/div><\/div><\/div>\n","protected":false},"excerpt":{"rendered":"","protected":false},"author":1,"featured_media":0,"parent":0,"menu_order":0,"comment_status":"closed","ping_status":"closed","template":"100-width.php","meta":{"footnotes":""},"class_list":["post-4193","page","type-page","status-publish","hentry"],"jetpack_sharing_enabled":true,"_links":{"self":[{"href":"https:\/\/klasikdusunceokulu.com\/index.php\/wp-json\/wp\/v2\/pages\/4193","targetHints":{"allow":["GET"]}}],"collection":[{"href":"https:\/\/klasikdusunceokulu.com\/index.php\/wp-json\/wp\/v2\/pages"}],"about":[{"href":"https:\/\/klasikdusunceokulu.com\/index.php\/wp-json\/wp\/v2\/types\/page"}],"author":[{"embeddable":true,"href":"https:\/\/klasikdusunceokulu.com\/index.php\/wp-json\/wp\/v2\/users\/1"}],"replies":[{"embeddable":true,"href":"https:\/\/klasikdusunceokulu.com\/index.php\/wp-json\/wp\/v2\/comments?post=4193"}],"version-history":[{"count":2,"href":"https:\/\/klasikdusunceokulu.com\/index.php\/wp-json\/wp\/v2\/pages\/4193\/revisions"}],"predecessor-version":[{"id":4295,"href":"https:\/\/klasikdusunceokulu.com\/index.php\/wp-json\/wp\/v2\/pages\/4193\/revisions\/4295"}],"wp:attachment":[{"href":"https:\/\/klasikdusunceokulu.com\/index.php\/wp-json\/wp\/v2\/media?parent=4193"}],"curies":[{"name":"wp","href":"https:\/\/api.w.org\/{rel}","templated":true}]}}