{"id":4195,"date":"2025-03-11T00:45:04","date_gmt":"2025-03-10T21:45:04","guid":{"rendered":"https:\/\/klasikdusunceokulu.com\/?page_id=4195"},"modified":"2025-03-11T03:21:08","modified_gmt":"2025-03-11T00:21:08","slug":"haci-bayram-baser","status":"publish","type":"page","link":"https:\/\/klasikdusunceokulu.com\/index.php\/haci-bayram-baser\/","title":{"rendered":"HACI BAYRAM BA\u015eER"},"content":{"rendered":"<div class=\"fusion-fullwidth fullwidth-box fusion-builder-row-1 fusion-flex-container nonhundred-percent-fullwidth non-hundred-percent-height-scrolling\" style=\"--awb-border-radius-top-left:0px;--awb-border-radius-top-right:0px;--awb-border-radius-bottom-right:0px;--awb-border-radius-bottom-left:0px;--awb-flex-wrap:wrap;\" ><div class=\"fusion-builder-row fusion-row fusion-flex-align-items-flex-start fusion-flex-content-wrap\" style=\"max-width:1248px;margin-left: calc(-4% \/ 2 );margin-right: calc(-4% \/ 2 );\"><div class=\"fusion-layout-column fusion_builder_column fusion-builder-column-0 fusion_builder_column_1_1 1_1 fusion-flex-column\" style=\"--awb-bg-size:cover;--awb-width-large:100%;--awb-margin-top-large:0px;--awb-spacing-right-large:1.92%;--awb-margin-bottom-large:0px;--awb-spacing-left-large:1.92%;--awb-width-medium:100%;--awb-spacing-right-medium:1.92%;--awb-spacing-left-medium:1.92%;--awb-width-small:100%;--awb-spacing-right-small:1.92%;--awb-spacing-left-small:1.92%;\"><div class=\"fusion-column-wrapper fusion-flex-justify-content-flex-start fusion-content-layout-column\"><div class=\"fusion-text fusion-text-1\"><p style=\"text-align: center;\"><span style=\"color: #3b5163;\"><strong><img fetchpriority=\"high\" decoding=\"async\" class=\"aligncenter size-full wp-image-4084\" src=\"http:\/\/klasikdusunceokulu.com\/wp-content\/uploads\/2025\/03\/98f7cf5f4d1fa4266cba3bdc31c0f85b.jpeg\" alt=\"\" width=\"400\" height=\"481\" srcset=\"https:\/\/klasikdusunceokulu.com\/wp-content\/uploads\/2025\/03\/98f7cf5f4d1fa4266cba3bdc31c0f85b-200x241.jpeg 200w, https:\/\/klasikdusunceokulu.com\/wp-content\/uploads\/2025\/03\/98f7cf5f4d1fa4266cba3bdc31c0f85b-249x300.jpeg 249w, https:\/\/klasikdusunceokulu.com\/wp-content\/uploads\/2025\/03\/98f7cf5f4d1fa4266cba3bdc31c0f85b.jpeg 400w\" sizes=\"(max-width: 400px) 100vw, 400px\" \/><\/strong><\/span><\/p>\n<p style=\"text-align: center;\"><span style=\"color: #3b5163;\"><strong>HACI BAYRAM BA\u015eER<\/strong><\/span><\/p>\n<p style=\"text-align: center;\"><span style=\"color: #3b5163;\">\u0130stanbul \u00dcniversitesi \u0130lahiyat Fak\u00fcltesi\u2019nden 2006 y\u0131l\u0131nda mezun oldu. Y\u00fcksek lisans e\u011fitimini \u201cEb\u00fb Nasr Serr\u00e2c et-T\u00fbs\u00ee\u2019nin Tasavvuf Anlay\u0131\u015f\u0131\u201d ba\u015fl\u0131kl\u0131 teziyle \u0130stanbul \u00dcniversitesi Sosyal Bilimler Enstit\u00fcs\u00fc Temel \u0130slam Bilimleri Anabilim dal\u0131 b\u00fcnyesinde 2009 y\u0131l\u0131nda tamamlad\u0131. Doktora e\u011fitimini ayn\u0131 b\u00f6l\u00fcmde \u201cS\u00fcnn\u00ee Tasavvufun Te\u015fekk\u00fcl S\u00fcrecinde \u015eeriat-Hakikat \u0130li\u015fkisi Sorunu (Hicr\u00ee III. ve IV. Y\u00fczy\u0131llar)\u201d ba\u015fl\u0131kl\u0131 teziyle 2015 y\u0131l\u0131nda tamamlad\u0131. 2012 y\u0131l\u0131nda Yalova \u00dcniversitesi \u0130slami \u0130limler Fak\u00fcltesi\u2019nde ara\u015ft\u0131rma g\u00f6revlisi olarak g\u00f6reve ba\u015flad\u0131. Halen burada doktor \u00f6\u011fretim \u00fcyesi olarak g\u00f6rev yapmaktad\u0131r. \u00c7al\u0131\u015fmalar\u0131n\u0131 tasavvufun te\u015fekk\u00fcl s\u00fcreci, s\u00fbf\u00eelerin toplumsal hayattaki yeri, di\u011fer<\/span><br \/><span style=\"color: #3b5163;\">entelekt\u00fcel z\u00fcmrelerden s\u00fbf\u00eelere bak\u0131\u015f, tasavvuf ve din\u00ee ilimler aras\u0131ndaki ili\u015fkiler gibi konular \u00fczerine yo\u011funla\u015ft\u0131ran Ba\u015fer\u2019in, alan\u0131yla ilgili makale, tebli\u011f ve \u00e7eviri \u00e7al\u0131\u015fmalar\u0131n\u0131n yan\u0131 s\u0131ra <em>\u015eeriat ve Hakikat: Tasavvufun Te\u015fekk\u00fcl S\u00fcreci <\/em>(\u0130stanbul: Klasik Yay\u0131nlar\u0131, 2017) ba\u015fl\u0131kl\u0131 bir kitab\u0131 bulunmaktad\u0131r.<\/span><\/p>\n<p style=\"text-align: center;\"><strong><span style=\"color: rgb(59, 81, 99); letter-spacing: 0.25px; line-height: 15px;\" data-fusion-font=\"true\">Klasik D\u00fc\u015f\u00fcnce Okulu&#8217;nda okuttu\u011fu dersler;<\/span><\/strong><\/p>\n<p style=\"text-align: center;\"><span style=\"color: rgb(59, 81, 99); letter-spacing: 0.25px; line-height: 15px;\" data-fusion-font=\"true\">Haris el-Muhasibi, Mekasib<\/span><\/p>\n<p style=\"text-align: center;\"><span style=\"color: rgb(59, 81, 99); letter-spacing: 0.25px; line-height: 15px;\" data-fusion-font=\"true\">H\u00e2ris el-Muh\u00e2sib\u00ee, el-Akl<\/span><\/p>\n<p style=\"text-align: center;\"><span style=\"color: rgb(59, 81, 99); letter-spacing: 0.25px; line-height: 15px;\" data-fusion-font=\"true\">Kelabazi, et-ta&#8217;arruf<\/span><\/p>\n<p style=\"text-align: center;\"><span style=\"color: rgb(59, 81, 99); letter-spacing: 0.25px; line-height: 15px;\" data-fusion-font=\"true\">H\u00e2kim et-Tirmizi, Beyan\u00fc&#8217;l-fark<\/span><\/p>\n<p style=\"text-align: center;\">\n<p style=\"text-align: center;\">\n<\/div><\/div><\/div><\/div><\/div>\n","protected":false},"excerpt":{"rendered":"","protected":false},"author":1,"featured_media":0,"parent":0,"menu_order":0,"comment_status":"closed","ping_status":"closed","template":"100-width.php","meta":{"footnotes":""},"class_list":["post-4195","page","type-page","status-publish","hentry"],"jetpack_sharing_enabled":true,"_links":{"self":[{"href":"https:\/\/klasikdusunceokulu.com\/index.php\/wp-json\/wp\/v2\/pages\/4195","targetHints":{"allow":["GET"]}}],"collection":[{"href":"https:\/\/klasikdusunceokulu.com\/index.php\/wp-json\/wp\/v2\/pages"}],"about":[{"href":"https:\/\/klasikdusunceokulu.com\/index.php\/wp-json\/wp\/v2\/types\/page"}],"author":[{"embeddable":true,"href":"https:\/\/klasikdusunceokulu.com\/index.php\/wp-json\/wp\/v2\/users\/1"}],"replies":[{"embeddable":true,"href":"https:\/\/klasikdusunceokulu.com\/index.php\/wp-json\/wp\/v2\/comments?post=4195"}],"version-history":[{"count":2,"href":"https:\/\/klasikdusunceokulu.com\/index.php\/wp-json\/wp\/v2\/pages\/4195\/revisions"}],"predecessor-version":[{"id":4296,"href":"https:\/\/klasikdusunceokulu.com\/index.php\/wp-json\/wp\/v2\/pages\/4195\/revisions\/4296"}],"wp:attachment":[{"href":"https:\/\/klasikdusunceokulu.com\/index.php\/wp-json\/wp\/v2\/media?parent=4195"}],"curies":[{"name":"wp","href":"https:\/\/api.w.org\/{rel}","templated":true}]}}