{"id":4201,"date":"2025-03-11T00:49:00","date_gmt":"2025-03-10T21:49:00","guid":{"rendered":"https:\/\/klasikdusunceokulu.com\/?page_id=4201"},"modified":"2025-03-11T03:32:39","modified_gmt":"2025-03-11T00:32:39","slug":"hasan-hacak","status":"publish","type":"page","link":"https:\/\/klasikdusunceokulu.com\/index.php\/hasan-hacak\/","title":{"rendered":"HASAN HACAK"},"content":{"rendered":"<div class=\"fusion-fullwidth fullwidth-box fusion-builder-row-1 fusion-flex-container nonhundred-percent-fullwidth non-hundred-percent-height-scrolling\" style=\"--awb-border-radius-top-left:0px;--awb-border-radius-top-right:0px;--awb-border-radius-bottom-right:0px;--awb-border-radius-bottom-left:0px;--awb-flex-wrap:wrap;\" ><div class=\"fusion-builder-row fusion-row fusion-flex-align-items-flex-start fusion-flex-content-wrap\" style=\"max-width:1248px;margin-left: calc(-4% \/ 2 );margin-right: calc(-4% \/ 2 );\"><div class=\"fusion-layout-column fusion_builder_column fusion-builder-column-0 fusion_builder_column_1_1 1_1 fusion-flex-column\" style=\"--awb-bg-size:cover;--awb-width-large:100%;--awb-margin-top-large:0px;--awb-spacing-right-large:1.92%;--awb-margin-bottom-large:0px;--awb-spacing-left-large:1.92%;--awb-width-medium:100%;--awb-spacing-right-medium:1.92%;--awb-spacing-left-medium:1.92%;--awb-width-small:100%;--awb-spacing-right-small:1.92%;--awb-spacing-left-small:1.92%;\"><div class=\"fusion-column-wrapper fusion-flex-justify-content-flex-start fusion-content-layout-column\"><div class=\"fusion-text fusion-text-1\"><p style=\"text-align: center;\"><span style=\"color: #3b5163;\"><strong><img fetchpriority=\"high\" decoding=\"async\" class=\"aligncenter size-full wp-image-4090\" src=\"http:\/\/klasikdusunceokulu.com\/wp-content\/uploads\/2025\/03\/Hasan_Hacak1.jpg\" alt=\"\" width=\"332\" height=\"429\" srcset=\"https:\/\/klasikdusunceokulu.com\/wp-content\/uploads\/2025\/03\/Hasan_Hacak1-200x258.jpg 200w, https:\/\/klasikdusunceokulu.com\/wp-content\/uploads\/2025\/03\/Hasan_Hacak1-232x300.jpg 232w, https:\/\/klasikdusunceokulu.com\/wp-content\/uploads\/2025\/03\/Hasan_Hacak1.jpg 332w\" sizes=\"(max-width: 332px) 100vw, 332px\" \/><\/strong><\/span><\/p>\n<p style=\"text-align: center;\"><span style=\"color: #3b5163;\"><strong>HASAN HACAK<\/strong><\/span><\/p>\n<p style=\"text-align: center;\"><span style=\"color: #3b5163;\">1968 y\u0131l\u0131nda Giresun\/Espiye\u2019de do\u011fdu. 1986\u2019da Espiye \u0130.H.L.\u2019nden, 1990 y\u0131l\u0131nda M.\u00dc. \u0130l\u00e2hiyat Fak\u00fcltesi\u2019nden mezun oldu. Ayn\u0131 y\u0131l M.\u00dc. Sosyal Bilimler Enstit\u00fcs\u00fc\u2019nde y\u00fcksek lisansa ba\u015flad\u0131. 1991 y\u0131l\u0131nda Fak\u00fcltemize ara\u015ft\u0131rma g\u00f6revlisi olarak atand\u0131. 1993 y\u0131l\u0131nda \u201c\u0130sl\u00e2m Hukukunda \u0130rtifak Haklar\u0131 ve \u0130lgili Kavramlar\u0131n Geli\u015fimi\u201d ba\u015fl\u0131kl\u0131 y\u00fcksek lisans\u0131n\u0131, 2000 y\u0131l\u0131nda \u201c\u0130sl\u00e2m Hukukunun Klasik Kaynaklar\u0131nda Hak Kavram\u0131n\u0131n Analizi\u201d ba\u015fl\u0131kl\u0131 doktora tezini tamamlad\u0131. 2008 y\u0131l\u0131nda do\u00e7ent, 2013 y\u0131l\u0131nda profes\u00f6r oldu. Eserleri: <em>Atomcu Evren Anlay\u0131\u015f\u0131n\u0131n \u0130sl\u00e2m Hukukuna Etkisi: Kelam-F\u0131k\u0131h \u0130li\u015fkisine Dair Bir Analiz, Arap-\u0130slam K\u00fclt\u00fcr\u00fcn\u00fcn Ak\u0131l Yap\u0131s\u0131 : Arap-\u0130slam K\u00fclt\u00fcr\u00fcndeki Bilgi Sistemlerinin Ele\u015ftirel Bir Analizi (C\u00e2bir\u00ee\u2019den terc\u00fcme, Burhan K\u00f6ro\u011flu ve Ekrem Demirli ile birlikte).<\/em><\/span><\/p>\n<p style=\"text-align: center;\"><span style=\"color: #3b5163;\"><em>Klasik D\u00fc\u015f\u00fcnce Okulu&#8217;nda &#8216;<\/em><span style=\"font-family: var(--awb-text-font-family); font-size: var(--awb-font-size); font-style: var(--awb-text-font-style); font-weight: var(--awb-text-font-weight); letter-spacing: var(--awb-letter-spacing); text-align: var(--awb-content-alignment); text-transform: var(--awb-text-transform); background-color: var(--awb-bg-color-hover);\">e\u015f-\u015e\u00e2fi\u00ee, er-Ris\u00e2le&#8217; dersini okutmu\u015ftur.<\/span><\/span><\/p>\n<\/div><\/div><\/div><\/div><\/div>\n","protected":false},"excerpt":{"rendered":"","protected":false},"author":1,"featured_media":0,"parent":0,"menu_order":0,"comment_status":"closed","ping_status":"closed","template":"100-width.php","meta":{"footnotes":""},"class_list":["post-4201","page","type-page","status-publish","hentry"],"jetpack_sharing_enabled":true,"_links":{"self":[{"href":"https:\/\/klasikdusunceokulu.com\/index.php\/wp-json\/wp\/v2\/pages\/4201","targetHints":{"allow":["GET"]}}],"collection":[{"href":"https:\/\/klasikdusunceokulu.com\/index.php\/wp-json\/wp\/v2\/pages"}],"about":[{"href":"https:\/\/klasikdusunceokulu.com\/index.php\/wp-json\/wp\/v2\/types\/page"}],"author":[{"embeddable":true,"href":"https:\/\/klasikdusunceokulu.com\/index.php\/wp-json\/wp\/v2\/users\/1"}],"replies":[{"embeddable":true,"href":"https:\/\/klasikdusunceokulu.com\/index.php\/wp-json\/wp\/v2\/comments?post=4201"}],"version-history":[{"count":2,"href":"https:\/\/klasikdusunceokulu.com\/index.php\/wp-json\/wp\/v2\/pages\/4201\/revisions"}],"predecessor-version":[{"id":4299,"href":"https:\/\/klasikdusunceokulu.com\/index.php\/wp-json\/wp\/v2\/pages\/4201\/revisions\/4299"}],"wp:attachment":[{"href":"https:\/\/klasikdusunceokulu.com\/index.php\/wp-json\/wp\/v2\/media?parent=4201"}],"curies":[{"name":"wp","href":"https:\/\/api.w.org\/{rel}","templated":true}]}}