{"id":4203,"date":"2025-03-11T00:51:09","date_gmt":"2025-03-10T21:51:09","guid":{"rendered":"https:\/\/klasikdusunceokulu.com\/?page_id=4203"},"modified":"2025-03-11T03:36:26","modified_gmt":"2025-03-11T00:36:26","slug":"hayrettin-nebi-gudekli","status":"publish","type":"page","link":"https:\/\/klasikdusunceokulu.com\/index.php\/hayrettin-nebi-gudekli\/","title":{"rendered":"HAYRETT\u0130N NEB\u0130 G\u00dcDEKL\u0130"},"content":{"rendered":"<div class=\"fusion-fullwidth fullwidth-box fusion-builder-row-1 fusion-flex-container nonhundred-percent-fullwidth non-hundred-percent-height-scrolling\" style=\"--awb-border-radius-top-left:0px;--awb-border-radius-top-right:0px;--awb-border-radius-bottom-right:0px;--awb-border-radius-bottom-left:0px;--awb-flex-wrap:wrap;\" ><div class=\"fusion-builder-row fusion-row fusion-flex-align-items-flex-start fusion-flex-content-wrap\" style=\"max-width:1248px;margin-left: calc(-4% \/ 2 );margin-right: calc(-4% \/ 2 );\"><div class=\"fusion-layout-column fusion_builder_column fusion-builder-column-0 fusion_builder_column_1_1 1_1 fusion-flex-column\" style=\"--awb-bg-size:cover;--awb-width-large:100%;--awb-margin-top-large:0px;--awb-spacing-right-large:1.92%;--awb-margin-bottom-large:0px;--awb-spacing-left-large:1.92%;--awb-width-medium:100%;--awb-spacing-right-medium:1.92%;--awb-spacing-left-medium:1.92%;--awb-width-small:100%;--awb-spacing-right-small:1.92%;--awb-spacing-left-small:1.92%;\"><div class=\"fusion-column-wrapper fusion-flex-justify-content-flex-start fusion-content-layout-column\"><div class=\"fusion-text fusion-text-1\"><p style=\"text-align: center;\"><span style=\"color: #3b5163;\"><strong><img fetchpriority=\"high\" decoding=\"async\" class=\"aligncenter wp-image-4091\" src=\"http:\/\/klasikdusunceokulu.com\/wp-content\/uploads\/2025\/03\/hayrettin-nebi-gudekli.jpg\" alt=\"\" width=\"335\" height=\"429\" srcset=\"https:\/\/klasikdusunceokulu.com\/wp-content\/uploads\/2025\/03\/hayrettin-nebi-gudekli-200x256.jpg 200w, https:\/\/klasikdusunceokulu.com\/wp-content\/uploads\/2025\/03\/hayrettin-nebi-gudekli-234x300.jpg 234w, https:\/\/klasikdusunceokulu.com\/wp-content\/uploads\/2025\/03\/hayrettin-nebi-gudekli-400x513.jpg 400w, https:\/\/klasikdusunceokulu.com\/wp-content\/uploads\/2025\/03\/hayrettin-nebi-gudekli-600x769.jpg 600w, https:\/\/klasikdusunceokulu.com\/wp-content\/uploads\/2025\/03\/hayrettin-nebi-gudekli-768x985.jpg 768w, https:\/\/klasikdusunceokulu.com\/wp-content\/uploads\/2025\/03\/hayrettin-nebi-gudekli-799x1024.jpg 799w, https:\/\/klasikdusunceokulu.com\/wp-content\/uploads\/2025\/03\/hayrettin-nebi-gudekli-800x1026.jpg 800w, https:\/\/klasikdusunceokulu.com\/wp-content\/uploads\/2025\/03\/hayrettin-nebi-gudekli.jpg 1109w\" sizes=\"(max-width: 335px) 100vw, 335px\" \/><\/strong><\/span><\/p>\n<p style=\"text-align: center;\"><span style=\"color: #3b5163;\"><strong>HAYRETT\u0130N NEB\u0130 G\u00dcDEKL\u0130<\/strong><\/span><\/p>\n<p style=\"text-align: center;\"><span style=\"color: #3b5163;\">Marmara \u00dcniversitesi \u0130lahiyat Fak\u00fcltesi&#8217;nden mezun oldu (2005). Marmara \u00dcniversitesi Sosyal Bilimler Enstit\u00fcs\u00fc Temel \u0130slam Bilimleri Kel\u00e2m Anabilim Dal\u0131&#8217;nda haz\u0131rlad\u0131\u011f\u0131 &#8220;Eb\u00fb H\u00e2\u015fim el-C\u00fcbb\u00e2\u00ee&#8217;nin Z\u00e2t-S\u0131fat \u0130li\u015fkisine Yakla\u015f\u0131m\u0131: Haller Teorisi&#8221; ba\u015fl\u0131kl\u0131 teziyle y\u00fcksek lisans\u0131n\u0131 (2008); \u201cKel\u00e2m\u0131n T\u00fcmel Bir Disiplin Olarak \u0130n\u015f\u00e2s\u0131\u201d teziyle de doktoras\u0131n\u0131 tamamlad\u0131 (2015).<\/span><\/p>\n<p style=\"text-align: center;\"><span style=\"color: #3b5163;\"><b style=\"letter-spacing: 0.25px; line-height: 15px;\" data-fusion-font=\"true\">Klasik D\u00fc\u015f\u00fcnce Okulu&#8217;nda okuttu\u011fu dersler;<\/b><\/span><\/p>\n<p style=\"text-align: center;\"><span style=\"letter-spacing: 0.25px; line-height: 15px; color: #3b5163;\" data-fusion-font=\"true\">el-E\u015f&#8217;ar\u00ee, \u0130stihs\u00e2n\u00fc&#8217;l-Havz<\/span><\/p>\n<p style=\"text-align: center; letter-spacing: 0.25px; line-height: 15px;\" data-fusion-font=\"true\"><span style=\"color: #3b5163;\">el-M\u00e2t\u00fcr\u00eed\u00ee, Kitab\u00fc&#8217;t-Tevhid<\/span><\/p>\n<p style=\"text-align: center; letter-spacing: 0.25px; line-height: 15px;\" data-fusion-font=\"true\"><span style=\"color: #3b5163;\">S\u00e2b\u00fbn\u00ee, el-Bid\u00e2ye<\/span><\/p>\n<p style=\"text-align: center; letter-spacing: 0.25px; line-height: 15px;\" data-fusion-font=\"true\"><span style=\"color: #3b5163;\">C\u00fcveyni, Kitab\u00fc\u2019l-\u0130r\u015fad<\/span><\/p>\n<p style=\"text-align: center; letter-spacing: 0.25px; line-height: 15px;\" data-fusion-font=\"true\"><span style=\"color: #3b5163;\">el-E\u015f\u2018ar\u00ee, el-\u0130b\u00e2ne<\/span><\/p>\n<p style=\"text-align: center; letter-spacing: 0.25px; line-height: 15px;\" data-fusion-font=\"true\"><span style=\"color: #3b5163;\">Hasan el-Basr\u00ee, Ris\u00e2le fi\u2019l-kader<\/span><\/p>\n<p style=\"text-align: center; letter-spacing: 0.25px; line-height: 15px;\" data-fusion-font=\"true\"><span style=\"color: #3b5163;\">Eb\u00fb Han\u00eefe, el-F\u0131khu\u2019l-ekber<\/span><\/p>\n<p style=\"text-align: center; letter-spacing: 0.25px; line-height: 15px;\" data-fusion-font=\"true\"><span style=\"color: #3b5163;\">Abdulk\u00e2hir el-Ba\u011fd\u00e2d\u00ee, Us\u00fbli\u2019d-d\u00een<\/span><\/p>\n<p style=\"text-align: center; letter-spacing: 0.25px; line-height: 15px;\" data-fusion-font=\"true\"><span style=\"color: #3b5163;\">Kit\u00e2b\u00fc\u2019t-Tevh\u00eed\/ \u0130mam M\u00e2t\u00fcr\u00eed\u00ee<\/span><\/p>\n<p style=\"text-align: center; letter-spacing: 0.25px; line-height: 15px;\" data-fusion-font=\"true\"><span style=\"color: #3b5163;\">Kelama Giri\u015f<\/span><\/p>\n<p style=\"text-align: center;\">&nbsp;<\/p>\n<p style=\"text-align: center;\">&nbsp;<\/p>\n<p style=\"text-align: center;\">&nbsp;<\/p>\n<p style=\"text-align: center;\">&nbsp;<\/p>\n<p style=\"text-align: center;\">&nbsp;<\/p>\n<p style=\"text-align: center;\">&nbsp;<\/p>\n<p style=\"text-align: center;\">&nbsp;<\/p>\n<p style=\"text-align: center;\">&nbsp;<\/p>\n<\/div><\/div><\/div><\/div><\/div>\n","protected":false},"excerpt":{"rendered":"","protected":false},"author":1,"featured_media":0,"parent":0,"menu_order":0,"comment_status":"closed","ping_status":"closed","template":"100-width.php","meta":{"footnotes":""},"class_list":["post-4203","page","type-page","status-publish","hentry"],"jetpack_sharing_enabled":true,"_links":{"self":[{"href":"https:\/\/klasikdusunceokulu.com\/index.php\/wp-json\/wp\/v2\/pages\/4203","targetHints":{"allow":["GET"]}}],"collection":[{"href":"https:\/\/klasikdusunceokulu.com\/index.php\/wp-json\/wp\/v2\/pages"}],"about":[{"href":"https:\/\/klasikdusunceokulu.com\/index.php\/wp-json\/wp\/v2\/types\/page"}],"author":[{"embeddable":true,"href":"https:\/\/klasikdusunceokulu.com\/index.php\/wp-json\/wp\/v2\/users\/1"}],"replies":[{"embeddable":true,"href":"https:\/\/klasikdusunceokulu.com\/index.php\/wp-json\/wp\/v2\/comments?post=4203"}],"version-history":[{"count":2,"href":"https:\/\/klasikdusunceokulu.com\/index.php\/wp-json\/wp\/v2\/pages\/4203\/revisions"}],"predecessor-version":[{"id":4300,"href":"https:\/\/klasikdusunceokulu.com\/index.php\/wp-json\/wp\/v2\/pages\/4203\/revisions\/4300"}],"wp:attachment":[{"href":"https:\/\/klasikdusunceokulu.com\/index.php\/wp-json\/wp\/v2\/media?parent=4203"}],"curies":[{"name":"wp","href":"https:\/\/api.w.org\/{rel}","templated":true}]}}