{"id":4205,"date":"2025-03-11T00:57:34","date_gmt":"2025-03-10T21:57:34","guid":{"rendered":"https:\/\/klasikdusunceokulu.com\/?page_id=4205"},"modified":"2025-03-11T03:37:42","modified_gmt":"2025-03-11T00:37:42","slug":"kurtul-gulenc","status":"publish","type":"page","link":"https:\/\/klasikdusunceokulu.com\/index.php\/kurtul-gulenc\/","title":{"rendered":"KURTUL G\u00dcLEN\u00c7"},"content":{"rendered":"<div class=\"fusion-fullwidth fullwidth-box fusion-builder-row-1 fusion-flex-container nonhundred-percent-fullwidth non-hundred-percent-height-scrolling\" style=\"--awb-border-radius-top-left:0px;--awb-border-radius-top-right:0px;--awb-border-radius-bottom-right:0px;--awb-border-radius-bottom-left:0px;--awb-flex-wrap:wrap;\" ><div class=\"fusion-builder-row fusion-row fusion-flex-align-items-flex-start fusion-flex-content-wrap\" style=\"max-width:1248px;margin-left: calc(-4% \/ 2 );margin-right: calc(-4% \/ 2 );\"><div class=\"fusion-layout-column fusion_builder_column fusion-builder-column-0 fusion_builder_column_1_1 1_1 fusion-flex-column\" style=\"--awb-bg-size:cover;--awb-width-large:100%;--awb-margin-top-large:0px;--awb-spacing-right-large:1.92%;--awb-margin-bottom-large:0px;--awb-spacing-left-large:1.92%;--awb-width-medium:100%;--awb-spacing-right-medium:1.92%;--awb-spacing-left-medium:1.92%;--awb-width-small:100%;--awb-spacing-right-small:1.92%;--awb-spacing-left-small:1.92%;\"><div class=\"fusion-column-wrapper fusion-flex-justify-content-flex-start fusion-content-layout-column\"><div class=\"fusion-text fusion-text-1\"><p style=\"text-align: center;\"><span style=\"color: #3b5163;\"><strong><img fetchpriority=\"high\" decoding=\"async\" class=\"aligncenter size-full wp-image-4093\" src=\"http:\/\/klasikdusunceokulu.com\/wp-content\/uploads\/2025\/03\/OIP-3.jpg\" alt=\"\" width=\"333\" height=\"340\" srcset=\"https:\/\/klasikdusunceokulu.com\/wp-content\/uploads\/2025\/03\/OIP-3-66x66.jpg 66w, https:\/\/klasikdusunceokulu.com\/wp-content\/uploads\/2025\/03\/OIP-3-200x204.jpg 200w, https:\/\/klasikdusunceokulu.com\/wp-content\/uploads\/2025\/03\/OIP-3-294x300.jpg 294w, https:\/\/klasikdusunceokulu.com\/wp-content\/uploads\/2025\/03\/OIP-3.jpg 333w\" sizes=\"(max-width: 333px) 100vw, 333px\" \/><\/strong><\/span><\/p>\n<p style=\"text-align: center;\"><span style=\"color: #3b5163;\"><strong>KURTUL G\u00dcLEN\u00c7<\/strong><\/span><\/p>\n<p style=\"text-align: center;\"><span style=\"color: #3b5163;\">1979 y\u0131l\u0131nda Bursa\u2019da do\u011fdu. 1997 y\u0131l\u0131nda girdi\u011fi Bo\u011fazi\u00e7i \u00dcniversitesi Felsefe B\u00f6l\u00fcm\u00fc\u2019ndeki lisans e\u011fitimini tamamlad\u0131ktan sonra, 2005 y\u0131l\u0131nda yine ayn\u0131 \u00fcniversiteden y\u00fcksek lisans, 2010 y\u0131l\u0131nda da Hacettepe \u00dcniversitesi Felsefe B\u00f6l\u00fcm\u00fc\u2019nden doktora derecelerini ald\u0131. Ulusal ve uluslararas\u0131 dergilerde \u00e7e\u015fitli makaleleri ve \u00e7evirileri yay\u0131mland\u0131. G\u00fclen\u00e7\u2019in Frankfurt Okulu ve \u00d6nder Kulak ile birlikte kaleme ald\u0131\u011f\u0131 \u201cMarx\u2019\u0131n Halleri: Marksist D\u00fc\u015f\u00fcncede Diyalektik Bir Yolculuk\u201d adl\u0131 kitaplar\u0131n\u0131n yan\u0131 s\u0131ra Ahu Tun\u00e7el ile birlikte edit\u00f6rl\u00fc\u011f\u00fcn\u00fc yapt\u0131\u011f\u0131 \u201cSiyaset Felsefesi Tarihi\u201d adl\u0131 bir \u00e7al\u0131\u015fmas\u0131 da bulunmaktad\u0131r. Maltepe \u00dcniversitesi ve Dokuz Eyl\u00fcl \u00dcniversitesi Felsefe B\u00f6l\u00fcmlerinde \u00e7al\u0131\u015fan G\u00fclen\u00e7, Mimar Sinan G\u00fczel Sanatlar \u00dcniversitesi Felsefe B\u00f6l\u00fcm\u00fc\u2019nde g\u00f6rev yapmaktad\u0131r. \u00c7al\u0131\u015fma ve ilgi alanlar\u0131 toplum ve siyaset felsefesi, sosyal bilimler felsefesi, Marksizm, Frankfurt Okulu ve Ayd\u0131nlanma felsefesidir.<\/span><\/p>\n<p style=\"text-align: center;\"><span style=\"color: #3b5163;\">Klasik D\u00fc\u015f\u00fcnce Okulu&#8217;nda &#8216;<span style=\"font-family: var(--awb-text-font-family); font-size: var(--awb-font-size); font-style: var(--awb-text-font-style); font-weight: var(--awb-text-font-weight); letter-spacing: var(--awb-letter-spacing); text-align: var(--awb-content-alignment); text-transform: var(--awb-text-transform); background-color: var(--awb-bg-color-hover);\">Ahmet Cevizci-<\/span><span style=\"font-family: var(--awb-text-font-family); font-size: var(--awb-font-size); font-style: var(--awb-text-font-style); font-weight: var(--awb-text-font-weight); letter-spacing: var(--awb-letter-spacing); text-align: var(--awb-content-alignment); text-transform: var(--awb-text-transform); background-color: var(--awb-bg-color-hover);\">Felsefeye Giri\u015f&#8217; dersini okutmu\u015ftur.<\/span><\/span><\/p>\n<\/div><\/div><\/div><\/div><\/div>\n","protected":false},"excerpt":{"rendered":"","protected":false},"author":1,"featured_media":0,"parent":0,"menu_order":0,"comment_status":"closed","ping_status":"closed","template":"100-width.php","meta":{"footnotes":""},"class_list":["post-4205","page","type-page","status-publish","hentry"],"jetpack_sharing_enabled":true,"_links":{"self":[{"href":"https:\/\/klasikdusunceokulu.com\/index.php\/wp-json\/wp\/v2\/pages\/4205","targetHints":{"allow":["GET"]}}],"collection":[{"href":"https:\/\/klasikdusunceokulu.com\/index.php\/wp-json\/wp\/v2\/pages"}],"about":[{"href":"https:\/\/klasikdusunceokulu.com\/index.php\/wp-json\/wp\/v2\/types\/page"}],"author":[{"embeddable":true,"href":"https:\/\/klasikdusunceokulu.com\/index.php\/wp-json\/wp\/v2\/users\/1"}],"replies":[{"embeddable":true,"href":"https:\/\/klasikdusunceokulu.com\/index.php\/wp-json\/wp\/v2\/comments?post=4205"}],"version-history":[{"count":2,"href":"https:\/\/klasikdusunceokulu.com\/index.php\/wp-json\/wp\/v2\/pages\/4205\/revisions"}],"predecessor-version":[{"id":4301,"href":"https:\/\/klasikdusunceokulu.com\/index.php\/wp-json\/wp\/v2\/pages\/4205\/revisions\/4301"}],"wp:attachment":[{"href":"https:\/\/klasikdusunceokulu.com\/index.php\/wp-json\/wp\/v2\/media?parent=4205"}],"curies":[{"name":"wp","href":"https:\/\/api.w.org\/{rel}","templated":true}]}}