{"id":4209,"date":"2025-03-11T01:01:10","date_gmt":"2025-03-10T22:01:10","guid":{"rendered":"https:\/\/klasikdusunceokulu.com\/?page_id=4209"},"modified":"2025-03-11T03:41:51","modified_gmt":"2025-03-11T00:41:51","slug":"kursat-demirci","status":"publish","type":"page","link":"https:\/\/klasikdusunceokulu.com\/index.php\/kursat-demirci\/","title":{"rendered":"K\u00dcR\u015eAT DEM\u0130RC\u0130"},"content":{"rendered":"<div class=\"fusion-fullwidth fullwidth-box fusion-builder-row-1 fusion-flex-container nonhundred-percent-fullwidth non-hundred-percent-height-scrolling\" style=\"--awb-border-radius-top-left:0px;--awb-border-radius-top-right:0px;--awb-border-radius-bottom-right:0px;--awb-border-radius-bottom-left:0px;--awb-flex-wrap:wrap;\" ><div class=\"fusion-builder-row fusion-row fusion-flex-align-items-flex-start fusion-flex-content-wrap\" style=\"max-width:1248px;margin-left: calc(-4% \/ 2 );margin-right: calc(-4% \/ 2 );\"><div class=\"fusion-layout-column fusion_builder_column fusion-builder-column-0 fusion_builder_column_1_1 1_1 fusion-flex-column\" style=\"--awb-bg-size:cover;--awb-width-large:100%;--awb-margin-top-large:0px;--awb-spacing-right-large:1.92%;--awb-margin-bottom-large:0px;--awb-spacing-left-large:1.92%;--awb-width-medium:100%;--awb-spacing-right-medium:1.92%;--awb-spacing-left-medium:1.92%;--awb-width-small:100%;--awb-spacing-right-small:1.92%;--awb-spacing-left-small:1.92%;\"><div class=\"fusion-column-wrapper fusion-flex-justify-content-flex-start fusion-content-layout-column\"><div class=\"fusion-text fusion-text-1\"><p style=\"text-align: center;\"><span style=\"color: #3b5163;\"><strong><img fetchpriority=\"high\" decoding=\"async\" class=\"aligncenter size-full wp-image-4095\" src=\"http:\/\/klasikdusunceokulu.com\/wp-content\/uploads\/2025\/03\/OIP-5.jpg\" alt=\"\" width=\"242\" height=\"360\" srcset=\"https:\/\/klasikdusunceokulu.com\/wp-content\/uploads\/2025\/03\/OIP-5-200x298.jpg 200w, https:\/\/klasikdusunceokulu.com\/wp-content\/uploads\/2025\/03\/OIP-5-202x300.jpg 202w, https:\/\/klasikdusunceokulu.com\/wp-content\/uploads\/2025\/03\/OIP-5.jpg 242w\" sizes=\"(max-width: 242px) 100vw, 242px\" \/><\/strong><\/span><\/p>\n<p style=\"text-align: center;\"><span style=\"color: #3b5163;\"><strong>K\u00dcR\u015eAT DEM\u0130RC\u0130<\/strong><\/span><\/p>\n<p style=\"text-align: center;\"><span style=\"color: #3b5163;\">Dinler tarihi ara\u015ft\u0131rmac\u0131s\u0131. 1961, \u0130stanbul do\u011fumlu. 1980\u2019de Fatih Vatan Lisesini, 1985\u2019te \u0130stanbul \u00dcniversitesi Edebiyat Fak\u00fcltesi Arkeoloji ve Sanat Tarihi B\u00f6l\u00fcm\u00fcn\u00fc (Prehistorya ve Eski \u00d6nasya Arkeolojisi) bitirdi. Ayn\u0131 y\u0131l Marmara \u00dcniversitesi \u0130l\u00e2hiyat Fak\u00fcltesine ara\u015ft\u0131rma g\u00f6revlisi olarak atand\u0131. Burada Sosyal Bilimler Enstit\u00fcs\u00fcnde haz\u0131rlad\u0131\u011f\u0131 \u201c<em>Tekvin\u2019deki Yarat\u0131l\u0131\u015f K\u0131ssalar\u0131n\u0131n \u00c7ivi Yaz\u0131l\u0131 Kaynaklardaki Yarat\u0131l\u0131\u015f K\u0131ssalar\u0131yla Mukayesesi<\/em>\u201d adl\u0131 doktora tezini 1995 y\u0131l\u0131nda tamamlad\u0131. Ayn\u0131 \u00f6\u011fretim kurumunda Dinler Tarihi Anabilim Dal\u0131 \u00f6\u011fretim \u00fcyesi olarak g\u00f6rev yapt\u0131. &#8216;<em>Bir \u0130sl\u00e2m Peygamberi Hz. \u0130sa<\/em> (\u0130ngilizce\u2019den \u00e7eviri), <em>Dinlerin Dejenerasyonu<\/em> (1985), <em>Hinduizmin Kutsal Metinleri, Vedalar <\/em>(1991).&#8217; eserleridir.<\/span><\/p>\n<p style=\"text-align: center;\"><span style=\"color: #3b5163;\">Klasik D\u00fc\u015f\u00fcnce Okulu&#8217;nda &#8216;<span style=\"font-family: var(--awb-text-font-family); font-size: var(--awb-font-size); font-style: var(--awb-text-font-style); font-weight: var(--awb-text-font-weight); letter-spacing: var(--awb-letter-spacing); text-align: var(--awb-content-alignment); text-transform: var(--awb-text-transform); background-color: var(--awb-bg-color-hover);\">G\u0131lgam\u0131\u015f Okumalar\u0131&#8217; ve &#8216;<\/span><span style=\"font-family: var(--awb-text-font-family); font-size: var(--awb-font-size); font-style: var(--awb-text-font-style); font-weight: var(--awb-text-font-weight); letter-spacing: var(--awb-letter-spacing); text-align: var(--awb-content-alignment); text-transform: var(--awb-text-transform); background-color: var(--awb-bg-color-hover);\">Din, Tarih ve Arkeoloji&#8217; derslerini okutmu\u015ftur.<\/span><\/span><\/p>\n<\/div><\/div><\/div><\/div><\/div>\n","protected":false},"excerpt":{"rendered":"","protected":false},"author":1,"featured_media":0,"parent":0,"menu_order":0,"comment_status":"closed","ping_status":"closed","template":"100-width.php","meta":{"footnotes":""},"class_list":["post-4209","page","type-page","status-publish","hentry"],"jetpack_sharing_enabled":true,"_links":{"self":[{"href":"https:\/\/klasikdusunceokulu.com\/index.php\/wp-json\/wp\/v2\/pages\/4209","targetHints":{"allow":["GET"]}}],"collection":[{"href":"https:\/\/klasikdusunceokulu.com\/index.php\/wp-json\/wp\/v2\/pages"}],"about":[{"href":"https:\/\/klasikdusunceokulu.com\/index.php\/wp-json\/wp\/v2\/types\/page"}],"author":[{"embeddable":true,"href":"https:\/\/klasikdusunceokulu.com\/index.php\/wp-json\/wp\/v2\/users\/1"}],"replies":[{"embeddable":true,"href":"https:\/\/klasikdusunceokulu.com\/index.php\/wp-json\/wp\/v2\/comments?post=4209"}],"version-history":[{"count":2,"href":"https:\/\/klasikdusunceokulu.com\/index.php\/wp-json\/wp\/v2\/pages\/4209\/revisions"}],"predecessor-version":[{"id":4303,"href":"https:\/\/klasikdusunceokulu.com\/index.php\/wp-json\/wp\/v2\/pages\/4209\/revisions\/4303"}],"wp:attachment":[{"href":"https:\/\/klasikdusunceokulu.com\/index.php\/wp-json\/wp\/v2\/media?parent=4209"}],"curies":[{"name":"wp","href":"https:\/\/api.w.org\/{rel}","templated":true}]}}