{"id":4211,"date":"2025-03-11T01:02:53","date_gmt":"2025-03-10T22:02:53","guid":{"rendered":"https:\/\/klasikdusunceokulu.com\/?page_id=4211"},"modified":"2025-03-11T03:43:05","modified_gmt":"2025-03-11T00:43:05","slug":"m-ertan-kardes","status":"publish","type":"page","link":"https:\/\/klasikdusunceokulu.com\/index.php\/m-ertan-kardes\/","title":{"rendered":"M.ERTAN KARDE\u015e"},"content":{"rendered":"<div class=\"fusion-fullwidth fullwidth-box fusion-builder-row-1 fusion-flex-container nonhundred-percent-fullwidth non-hundred-percent-height-scrolling\" style=\"--awb-border-radius-top-left:0px;--awb-border-radius-top-right:0px;--awb-border-radius-bottom-right:0px;--awb-border-radius-bottom-left:0px;--awb-flex-wrap:wrap;\" ><div class=\"fusion-builder-row fusion-row fusion-flex-align-items-flex-start fusion-flex-content-wrap\" style=\"max-width:1248px;margin-left: calc(-4% \/ 2 );margin-right: calc(-4% \/ 2 );\"><div class=\"fusion-layout-column fusion_builder_column fusion-builder-column-0 fusion_builder_column_1_1 1_1 fusion-flex-column\" style=\"--awb-bg-size:cover;--awb-width-large:100%;--awb-margin-top-large:0px;--awb-spacing-right-large:1.92%;--awb-margin-bottom-large:0px;--awb-spacing-left-large:1.92%;--awb-width-medium:100%;--awb-spacing-right-medium:1.92%;--awb-spacing-left-medium:1.92%;--awb-width-small:100%;--awb-spacing-right-small:1.92%;--awb-spacing-left-small:1.92%;\"><div class=\"fusion-column-wrapper fusion-flex-justify-content-flex-start fusion-content-layout-column\"><div class=\"fusion-text fusion-text-1\"><p style=\"text-align: center;\"><span style=\"color: #3b5163;\"><strong><img fetchpriority=\"high\" decoding=\"async\" class=\"aligncenter size-full wp-image-4096\" src=\"http:\/\/klasikdusunceokulu.com\/wp-content\/uploads\/2025\/03\/hqdefault.jpg\" alt=\"\" width=\"345\" height=\"307\" srcset=\"https:\/\/klasikdusunceokulu.com\/wp-content\/uploads\/2025\/03\/hqdefault-200x178.jpg 200w, https:\/\/klasikdusunceokulu.com\/wp-content\/uploads\/2025\/03\/hqdefault-300x267.jpg 300w, https:\/\/klasikdusunceokulu.com\/wp-content\/uploads\/2025\/03\/hqdefault.jpg 345w\" sizes=\"(max-width: 345px) 100vw, 345px\" \/><\/strong><\/span><\/p>\n<p style=\"text-align: center;\"><span style=\"color: #3b5163;\"><strong>M.ERTAN KARDE\u015e<\/strong><\/span><\/p>\n<p style=\"text-align: center;\"><span style=\"color: #3b5163;\">1981 y\u0131l\u0131nda \u0130stanbul\u2019da do\u011fdu. 2000 y\u0131l\u0131nda Saint-Benoit Lisesi\u2019ni bitirdi. Felsefe lisans\u0131n\u0131 2005 y\u0131l\u0131nda bir y\u0131l\u0131 Paris I \u00dcniversitesi\u2019nde olmak \u00fczere Galatasaray \u00dcniversitesi\u2019nde tamamlad\u0131. Ayn\u0131 \u00fcniversitede, 2007 y\u0131l\u0131nda felsefe y\u00fcksek-lisans derecesini Cornelius Castoriadis \u00fczerine yazd\u0131\u011f\u0131 \u201cPolitik Modernli\u011fi \u2018Otonomi\u2019 ve \u2018Tahayy\u00fcl\u2019 Kavramlar\u0131yla Anlamak: Cornelius Castoriadis\u2019in Politik Felsefesi \u00dczerine Bir \u0130nceleme\u201d ba\u015fl\u0131kl\u0131 \u00e7al\u0131\u015fmas\u0131yla ald\u0131. Doktora tezi s\u00fcresince, Paris I Panth\u00e9on-Sorbonne \u00dcniversitesi NoSoPhi K\u00fcrs\u00fcs\u00fc\u2019nde Carl Schmitt \u00fczerine ara\u015ft\u0131rmalar yapt\u0131. 2012 y\u0131l\u0131nda \u0130stanbul \u00dcniversitesi\u2019nde \u201cCarl Schmitt\u2019in Politik Felsefesi \u00fczerine bir \u0130nceleme\u201d adl\u0131 tezi ile doktora derecesini ald\u0131. Walter Benjamin, Carl Schmitt ve \u00e7a\u011fda\u015f politik felsefe konular\u0131nda yay\u0131mlanm\u0131\u015f makaleleri ve kongre tebli\u011fleri bulunmaktad\u0131r. \u0130stanbul \u00dcniversitesi Felsefe B\u00f6l\u00fcm\u00fc\u2019nde \u00f6\u011fretim \u00fcyesi olarak g\u00f6rev yapmaktad\u0131r.<\/span><\/p>\n<p style=\"text-align: center;\"><span style=\"color: #3b5163;\">Klasik D\u00fc\u015f\u00fcnce Okulu&#8217;nda &#8216;<span style=\"font-family: var(--awb-text-font-family); font-size: var(--awb-font-size); font-style: var(--awb-text-font-style); font-weight: var(--awb-text-font-weight); letter-spacing: var(--awb-letter-spacing); text-align: var(--awb-content-alignment); text-transform: var(--awb-text-transform); background-color: var(--awb-bg-color-hover);\">Schmitt\u2019in \u00dc\u00e7 Klasi\u011fi: Machiavelli, Hobbes ve Clausewitz&#8217; dersini okutmu\u015ftur.<\/span><\/span><\/p>\n<\/div><\/div><\/div><\/div><\/div>\n","protected":false},"excerpt":{"rendered":"","protected":false},"author":1,"featured_media":0,"parent":0,"menu_order":0,"comment_status":"closed","ping_status":"closed","template":"100-width.php","meta":{"footnotes":""},"class_list":["post-4211","page","type-page","status-publish","hentry"],"jetpack_sharing_enabled":true,"_links":{"self":[{"href":"https:\/\/klasikdusunceokulu.com\/index.php\/wp-json\/wp\/v2\/pages\/4211","targetHints":{"allow":["GET"]}}],"collection":[{"href":"https:\/\/klasikdusunceokulu.com\/index.php\/wp-json\/wp\/v2\/pages"}],"about":[{"href":"https:\/\/klasikdusunceokulu.com\/index.php\/wp-json\/wp\/v2\/types\/page"}],"author":[{"embeddable":true,"href":"https:\/\/klasikdusunceokulu.com\/index.php\/wp-json\/wp\/v2\/users\/1"}],"replies":[{"embeddable":true,"href":"https:\/\/klasikdusunceokulu.com\/index.php\/wp-json\/wp\/v2\/comments?post=4211"}],"version-history":[{"count":2,"href":"https:\/\/klasikdusunceokulu.com\/index.php\/wp-json\/wp\/v2\/pages\/4211\/revisions"}],"predecessor-version":[{"id":4304,"href":"https:\/\/klasikdusunceokulu.com\/index.php\/wp-json\/wp\/v2\/pages\/4211\/revisions\/4304"}],"wp:attachment":[{"href":"https:\/\/klasikdusunceokulu.com\/index.php\/wp-json\/wp\/v2\/media?parent=4211"}],"curies":[{"name":"wp","href":"https:\/\/api.w.org\/{rel}","templated":true}]}}