{"id":4213,"date":"2025-03-11T01:04:06","date_gmt":"2025-03-10T22:04:06","guid":{"rendered":"https:\/\/klasikdusunceokulu.com\/?page_id=4213"},"modified":"2025-03-11T03:44:15","modified_gmt":"2025-03-11T00:44:15","slug":"m-taha-boyalik","status":"publish","type":"page","link":"https:\/\/klasikdusunceokulu.com\/index.php\/m-taha-boyalik\/","title":{"rendered":"M. TAHA BOYALIK"},"content":{"rendered":"<div class=\"fusion-fullwidth fullwidth-box fusion-builder-row-1 fusion-flex-container nonhundred-percent-fullwidth non-hundred-percent-height-scrolling\" style=\"--awb-border-radius-top-left:0px;--awb-border-radius-top-right:0px;--awb-border-radius-bottom-right:0px;--awb-border-radius-bottom-left:0px;--awb-flex-wrap:wrap;\" ><div class=\"fusion-builder-row fusion-row fusion-flex-align-items-flex-start fusion-flex-content-wrap\" style=\"max-width:1248px;margin-left: calc(-4% \/ 2 );margin-right: calc(-4% \/ 2 );\"><div class=\"fusion-layout-column fusion_builder_column fusion-builder-column-0 fusion_builder_column_1_1 1_1 fusion-flex-column\" style=\"--awb-bg-size:cover;--awb-width-large:100%;--awb-margin-top-large:0px;--awb-spacing-right-large:1.92%;--awb-margin-bottom-large:0px;--awb-spacing-left-large:1.92%;--awb-width-medium:100%;--awb-spacing-right-medium:1.92%;--awb-spacing-left-medium:1.92%;--awb-width-small:100%;--awb-spacing-right-small:1.92%;--awb-spacing-left-small:1.92%;\"><div class=\"fusion-column-wrapper fusion-flex-justify-content-flex-start fusion-content-layout-column\"><div class=\"fusion-text fusion-text-1\"><p style=\"text-align: center;\"><strong><img fetchpriority=\"high\" decoding=\"async\" class=\"aligncenter size-full wp-image-4097\" src=\"http:\/\/klasikdusunceokulu.com\/wp-content\/uploads\/2025\/03\/boyakilk.jpg\" alt=\"\" width=\"314\" height=\"392\" srcset=\"https:\/\/klasikdusunceokulu.com\/wp-content\/uploads\/2025\/03\/boyakilk-200x250.jpg 200w, https:\/\/klasikdusunceokulu.com\/wp-content\/uploads\/2025\/03\/boyakilk-240x300.jpg 240w, https:\/\/klasikdusunceokulu.com\/wp-content\/uploads\/2025\/03\/boyakilk.jpg 314w\" sizes=\"(max-width: 314px) 100vw, 314px\" \/><\/strong><\/p>\n<p style=\"text-align: center;\"><span style=\"color: #3b5163;\"><strong>M. TAHA BOYALIK<\/strong><\/span><\/p>\n<p style=\"text-align: center;\"><span style=\"color: #3b5163;\">Marmara \u00dcniversitesi \u0130lahiyat Fak\u00fcltesi\u2019nden mezun oldu. Ayn\u0131 \u00fcniversitenin Sosyal Bilimler Enstit\u00fcs\u00fc\u2019nde \u201cMolla Fen\u00e2r\u00ee\u2019nin Aynu\u2019l-\u00c2y\u00e2n Tefsiri Mukaddimesi (Tahlil ve De\u011ferlendirme)\u201d adl\u0131 y\u00fcksek lisans tezini ve \u201cAbd\u00fclk\u00e2hir C\u00fcrc\u00e2n\u00ee\u2019nin S\u00f6zdizimi Teorisi ve Tefsir Gelene\u011fine Etkisi\u201d adl\u0131 doktora tezini haz\u0131rlad\u0131. Duke \u00dcniversitesi Islamic Studies B\u00f6l\u00fcm\u00fc\u2019nde ve Amman \u00dcniversitesi\u2019nde misafir ara\u015ft\u0131rmac\u0131 olarak ara\u015ft\u0131rmalarda bulundu. Temel ilgi alanlar\u0131 tefsir, belagat, dilbilim, dil felsefesi ve m\u00fcteahhir d\u00f6nem \u0130slam d\u00fc\u015f\u00fcncesi olan Boyal\u0131k, \u00e7al\u0131\u015fmalar\u0131n\u0131 2011 y\u0131l\u0131ndan bu yana \u0130stanbul 29 May\u0131s \u00dcniversitesi b\u00fcnyesinde s\u00fcrd\u00fcrmektedir. \u201cDil, S\u00f6z ve Fesahat: Abd\u00fclk\u00e2hir el-C\u00fcrc\u00e2n\u00ee\u2019nin S\u00f6zdizimi Nazariyesi\u201d ve \u201cel-Ke\u015f\u015f\u00e2f Literat\u00fcr\u00fc: Zemah\u015fer\u00ee\u2019nin Tefsir Klasi\u011finin Etki Tarihi\u201d adl\u0131 kitaplar\u0131n\u0131n yan\u0131 s\u0131ra tahkik, terc\u00fcme, makale ve bildiri d\u00fczeyinde bir\u00e7ok \u00e7al\u0131\u015fmas\u0131 bulunmaktad\u0131r.<\/span><\/p>\n<p style=\"text-align: center;\"><span style=\"color: #3b5163;\">Klasik D\u00fc\u015f\u00fcnce Okulu&#8217;nda &#8216;Zemah\u015feri-el-Ke\u015f\u015faf&#8217; dersini okutmu\u015ftur.<\/span><\/p>\n<\/div><\/div><\/div><\/div><\/div>\n","protected":false},"excerpt":{"rendered":"","protected":false},"author":1,"featured_media":0,"parent":0,"menu_order":0,"comment_status":"closed","ping_status":"closed","template":"100-width.php","meta":{"footnotes":""},"class_list":["post-4213","page","type-page","status-publish","hentry"],"jetpack_sharing_enabled":true,"_links":{"self":[{"href":"https:\/\/klasikdusunceokulu.com\/index.php\/wp-json\/wp\/v2\/pages\/4213","targetHints":{"allow":["GET"]}}],"collection":[{"href":"https:\/\/klasikdusunceokulu.com\/index.php\/wp-json\/wp\/v2\/pages"}],"about":[{"href":"https:\/\/klasikdusunceokulu.com\/index.php\/wp-json\/wp\/v2\/types\/page"}],"author":[{"embeddable":true,"href":"https:\/\/klasikdusunceokulu.com\/index.php\/wp-json\/wp\/v2\/users\/1"}],"replies":[{"embeddable":true,"href":"https:\/\/klasikdusunceokulu.com\/index.php\/wp-json\/wp\/v2\/comments?post=4213"}],"version-history":[{"count":2,"href":"https:\/\/klasikdusunceokulu.com\/index.php\/wp-json\/wp\/v2\/pages\/4213\/revisions"}],"predecessor-version":[{"id":4305,"href":"https:\/\/klasikdusunceokulu.com\/index.php\/wp-json\/wp\/v2\/pages\/4213\/revisions\/4305"}],"wp:attachment":[{"href":"https:\/\/klasikdusunceokulu.com\/index.php\/wp-json\/wp\/v2\/media?parent=4213"}],"curies":[{"name":"wp","href":"https:\/\/api.w.org\/{rel}","templated":true}]}}