{"id":4215,"date":"2025-03-11T01:07:03","date_gmt":"2025-03-10T22:07:03","guid":{"rendered":"https:\/\/klasikdusunceokulu.com\/?page_id=4215"},"modified":"2025-03-11T03:45:23","modified_gmt":"2025-03-11T00:45:23","slug":"mehmet-akif-kayapinar","status":"publish","type":"page","link":"https:\/\/klasikdusunceokulu.com\/index.php\/mehmet-akif-kayapinar\/","title":{"rendered":"MEHMET AK\u0130F KAYAPINAR"},"content":{"rendered":"<div class=\"fusion-fullwidth fullwidth-box fusion-builder-row-1 fusion-flex-container nonhundred-percent-fullwidth non-hundred-percent-height-scrolling\" style=\"--awb-border-radius-top-left:0px;--awb-border-radius-top-right:0px;--awb-border-radius-bottom-right:0px;--awb-border-radius-bottom-left:0px;--awb-flex-wrap:wrap;\" ><div class=\"fusion-builder-row fusion-row fusion-flex-align-items-flex-start fusion-flex-content-wrap\" style=\"max-width:1248px;margin-left: calc(-4% \/ 2 );margin-right: calc(-4% \/ 2 );\"><div class=\"fusion-layout-column fusion_builder_column fusion-builder-column-0 fusion_builder_column_1_1 1_1 fusion-flex-column\" style=\"--awb-bg-size:cover;--awb-width-large:100%;--awb-margin-top-large:0px;--awb-spacing-right-large:1.92%;--awb-margin-bottom-large:0px;--awb-spacing-left-large:1.92%;--awb-width-medium:100%;--awb-spacing-right-medium:1.92%;--awb-spacing-left-medium:1.92%;--awb-width-small:100%;--awb-spacing-right-small:1.92%;--awb-spacing-left-small:1.92%;\"><div class=\"fusion-column-wrapper fusion-flex-justify-content-flex-start fusion-content-layout-column\"><div class=\"fusion-text fusion-text-1\"><p style=\"text-align: center;\"><strong><img fetchpriority=\"high\" decoding=\"async\" class=\"aligncenter size-full wp-image-4098\" src=\"http:\/\/klasikdusunceokulu.com\/wp-content\/uploads\/2025\/03\/76155a38238eaeb2986bed656a5bac1f.jpeg\" alt=\"\" width=\"445\" height=\"400\" srcset=\"https:\/\/klasikdusunceokulu.com\/wp-content\/uploads\/2025\/03\/76155a38238eaeb2986bed656a5bac1f-200x180.jpeg 200w, https:\/\/klasikdusunceokulu.com\/wp-content\/uploads\/2025\/03\/76155a38238eaeb2986bed656a5bac1f-300x270.jpeg 300w, https:\/\/klasikdusunceokulu.com\/wp-content\/uploads\/2025\/03\/76155a38238eaeb2986bed656a5bac1f-400x360.jpeg 400w, https:\/\/klasikdusunceokulu.com\/wp-content\/uploads\/2025\/03\/76155a38238eaeb2986bed656a5bac1f.jpeg 445w\" sizes=\"(max-width: 445px) 100vw, 445px\" \/><\/strong><\/p>\n<p style=\"text-align: center;\"><span style=\"color: #3b5163;\"><strong>MEHMET AK\u0130F KAYAPINAR<\/strong><\/span><\/p>\n<p style=\"text-align: center;\"><span style=\"color: #3b5163;\">1999 y\u0131l\u0131nda Bo\u011fazi\u00e7i \u00dcniversitesi \u0130ktisadi ve \u0130dari Bilimler Fak\u00fcltesi Siyaset Bilimi ve Uluslararas\u0131 \u0130li\u015fkiler B\u00f6l\u00fcm\u00fc\u2019nden mezun oldu.2004 y\u0131l\u0131nda Johns Hopkins \u00dcniversitesi School of Advanced International Studies (SAIS)\u2019te Uluslararas\u0131 \u0130li\u015fkiler ve Uluslararas\u0131 Ekonomik Teori alanlar\u0131nda y\u00fcksek lisans\u0131n\u0131 tamamlad\u01312010 SUNY Binghamton \u00dcniversitesi Philosophy, Interpretation, and Culture program\u0131nda \u00e2\u20ac\u0153The Theory of Asabiya in Comparison with the Social Contract Approach: An Interpretive Study in Comparative Political Theory\u00e2\u20ac ba\u015fl\u0131kl\u0131 tezi ile doktoras\u0131n\u0131 tamamlad\u0131. 1999-2000 y\u0131llar\u0131nda Beykent \u00dcniversitesi\u2019de ara\u015ft\u0131rma g\u00f6revlisi olarak g\u00f6rev yapt\u0131. 2009-2020 y\u0131llar\u0131nda \u0130stanbul \u015eehir \u00dcniversitesi\u2019nin Siyaset Bilimi ve Uluslararas\u0131 \u0130li\u015fkiler B\u00f6l\u00fcm\u00fc\u2019nde g\u00f6rev yapt\u0131. 2020-2022 y\u0131llar\u0131nda \u0130bn Haldun \u00dcniversitesi\u2019nin Siyaset Bilimi ve Uluslararas\u0131 \u0130li\u015fkiler B\u00f6l\u00fcm\u00fc\u2019nde \u00f6\u011fretim \u00fcyesi olarak \u00e7al\u0131\u015ft\u0131. Kar\u015f\u0131la\u015ft\u0131rmal\u0131 siyaset teorisi alan\u0131ndaki \u00e7al\u0131\u015fmalar\u0131 ulusal ve ulaslararas\u0131 akademik dergilerde yay\u0131nland\u0131. Halen \u0130stanbul \u00dcniversitesi \u0130slam Tetkikleri Enstit\u00fcs\u00fc\u2019nde \u00f6\u011fretim \u00fcyesi olarak g\u00f6rev yapmaktad\u0131r.<\/span><\/p>\n<p style=\"text-align: center;\"><span style=\"color: #3b5163;\">Klasik D\u00fc\u015f\u00fcnce Okulu&#8217;nda &#8216;\u0130bn Haldun, Mukaddime&#8217; dersini okutmu\u015ftur.<\/span><\/p>\n<\/div><\/div><\/div><\/div><\/div>\n","protected":false},"excerpt":{"rendered":"","protected":false},"author":1,"featured_media":0,"parent":0,"menu_order":0,"comment_status":"closed","ping_status":"closed","template":"100-width.php","meta":{"footnotes":""},"class_list":["post-4215","page","type-page","status-publish","hentry"],"jetpack_sharing_enabled":true,"_links":{"self":[{"href":"https:\/\/klasikdusunceokulu.com\/index.php\/wp-json\/wp\/v2\/pages\/4215","targetHints":{"allow":["GET"]}}],"collection":[{"href":"https:\/\/klasikdusunceokulu.com\/index.php\/wp-json\/wp\/v2\/pages"}],"about":[{"href":"https:\/\/klasikdusunceokulu.com\/index.php\/wp-json\/wp\/v2\/types\/page"}],"author":[{"embeddable":true,"href":"https:\/\/klasikdusunceokulu.com\/index.php\/wp-json\/wp\/v2\/users\/1"}],"replies":[{"embeddable":true,"href":"https:\/\/klasikdusunceokulu.com\/index.php\/wp-json\/wp\/v2\/comments?post=4215"}],"version-history":[{"count":2,"href":"https:\/\/klasikdusunceokulu.com\/index.php\/wp-json\/wp\/v2\/pages\/4215\/revisions"}],"predecessor-version":[{"id":4306,"href":"https:\/\/klasikdusunceokulu.com\/index.php\/wp-json\/wp\/v2\/pages\/4215\/revisions\/4306"}],"wp:attachment":[{"href":"https:\/\/klasikdusunceokulu.com\/index.php\/wp-json\/wp\/v2\/media?parent=4215"}],"curies":[{"name":"wp","href":"https:\/\/api.w.org\/{rel}","templated":true}]}}