{"id":4221,"date":"2025-03-11T01:15:21","date_gmt":"2025-03-10T22:15:21","guid":{"rendered":"https:\/\/klasikdusunceokulu.com\/?page_id=4221"},"modified":"2025-03-11T03:53:02","modified_gmt":"2025-03-11T00:53:02","slug":"mehmet-ozturan-2","status":"publish","type":"page","link":"https:\/\/klasikdusunceokulu.com\/index.php\/mehmet-ozturan-2\/","title":{"rendered":"MEHMET \u00d6ZTURAN"},"content":{"rendered":"<div class=\"fusion-fullwidth fullwidth-box fusion-builder-row-1 fusion-flex-container nonhundred-percent-fullwidth non-hundred-percent-height-scrolling\" style=\"--awb-border-radius-top-left:0px;--awb-border-radius-top-right:0px;--awb-border-radius-bottom-right:0px;--awb-border-radius-bottom-left:0px;--awb-flex-wrap:wrap;\" ><div class=\"fusion-builder-row fusion-row fusion-flex-align-items-flex-start fusion-flex-content-wrap\" style=\"max-width:1248px;margin-left: calc(-4% \/ 2 );margin-right: calc(-4% \/ 2 );\"><div class=\"fusion-layout-column fusion_builder_column fusion-builder-column-0 fusion_builder_column_1_1 1_1 fusion-flex-column\" style=\"--awb-bg-size:cover;--awb-width-large:100%;--awb-margin-top-large:0px;--awb-spacing-right-large:1.92%;--awb-margin-bottom-large:0px;--awb-spacing-left-large:1.92%;--awb-width-medium:100%;--awb-spacing-right-medium:1.92%;--awb-spacing-left-medium:1.92%;--awb-width-small:100%;--awb-spacing-right-small:1.92%;--awb-spacing-left-small:1.92%;\"><div class=\"fusion-column-wrapper fusion-flex-justify-content-flex-start fusion-content-layout-column\"><div class=\"fusion-text fusion-text-1\"><p style=\"text-align: center;\"><span style=\"color: #3b5163;\"><strong><img fetchpriority=\"high\" decoding=\"async\" class=\"aligncenter size-full wp-image-4103\" src=\"http:\/\/klasikdusunceokulu.com\/wp-content\/uploads\/2025\/03\/th.jpg\" alt=\"\" width=\"344\" height=\"370\" srcset=\"https:\/\/klasikdusunceokulu.com\/wp-content\/uploads\/2025\/03\/th-200x215.jpg 200w, https:\/\/klasikdusunceokulu.com\/wp-content\/uploads\/2025\/03\/th-279x300.jpg 279w, https:\/\/klasikdusunceokulu.com\/wp-content\/uploads\/2025\/03\/th.jpg 344w\" sizes=\"(max-width: 344px) 100vw, 344px\" \/><\/strong><\/span><\/p>\n<p style=\"text-align: center;\"><span style=\"color: #3b5163;\"><strong>MEHMET \u00d6ZTURAN<\/strong><\/span><\/p>\n<p style=\"text-align: center;\"><span style=\"color: #3b5163;\">\u0130stanbul&#8217;da do\u011fdu. Y\u00fcksek Lisans&#8217;ta Farab\u00ee epistemolojisinde kesinlik kavram\u0131n\u0131 \u00e7al\u0131\u015fan \u00d6zturan, doktorada \u0130bn Sina sonras\u0131 kavram mant\u0131\u011f\u0131n\u0131 \u00e7al\u0131\u015ft\u0131. Alan\u0131nda ara\u015ft\u0131rma yapmak \u00fczere bir y\u0131ll\u0131\u011f\u0131na Harvard \u00dcniversitesi&#8217;nde misafir ara\u015ft\u0131rmac\u0131 olarak bulundu. Daha \u00e7ok islam mant\u0131k gelene\u011fi, arg\u00fcmantasyon teorisi, klasik mant\u0131k ve dil felsefesi ve bunlar\u0131n analitik felsefe ile irtibatlar\u0131 \u00fczerinde \u00e7al\u0131\u015fan \u00d6zturan, 2020 y\u0131l\u0131nda do\u00e7ent oldu. Halen \u0130stanbul Medeniyet \u00dcniversitesi, Felsefe B\u00f6l\u00fcm\u00fc&#8217;nde \u00f6\u011fretim g\u00f6revlisidir.<\/span><\/p>\n<p style=\"text-align: center;\"><strong><span style=\"color: rgb(59, 81, 99); letter-spacing: 0.25px; line-height: 15px;\" data-fusion-font=\"true\">Klasik D\u00fc\u015f\u00fcnce Okulu&#8217;nda okuttu\u011fu dersler;<\/span><\/strong><\/p>\n<p style=\"text-align: center;\"><span style=\"color: rgb(59, 81, 99); letter-spacing: 0.25px; line-height: 15px;\" data-fusion-font=\"true\">Ebheri, \u0130saguci<\/span><\/p>\n<p style=\"text-align: center;\"><span style=\"color: rgb(59, 81, 99); letter-spacing: 0.25px; line-height: 15px;\" data-fusion-font=\"true\">\u0130bn S\u00een\u00e2, el-\u0130\u015f\u00e2r\u00e2t ve\u2019t-tenb\u00eeh\u00e2t<\/span><\/p>\n<p style=\"text-align: center;\"><span style=\"color: rgb(59, 81, 99); letter-spacing: 0.25px; line-height: 15px;\" data-fusion-font=\"true\">F\u00e2r\u00e2b\u00ee, Kit\u00e2bu\u2019l-Burh\u00e2n<\/span><\/p>\n<p style=\"text-align: center;\"><span style=\"color: rgb(59, 81, 99); letter-spacing: 0.25px; line-height: 15px;\" data-fusion-font=\"true\">K\u00e2tib\u00ee, \u015eemsiyye<\/span><\/p>\n<p data-fusion-font=\"true\" style=\"letter-spacing: 0.25px; line-height: 15px;\">\n<\/div><\/div><\/div><\/div><\/div>\n","protected":false},"excerpt":{"rendered":"","protected":false},"author":1,"featured_media":0,"parent":0,"menu_order":0,"comment_status":"closed","ping_status":"closed","template":"100-width.php","meta":{"footnotes":""},"class_list":["post-4221","page","type-page","status-publish","hentry"],"jetpack_sharing_enabled":true,"_links":{"self":[{"href":"https:\/\/klasikdusunceokulu.com\/index.php\/wp-json\/wp\/v2\/pages\/4221","targetHints":{"allow":["GET"]}}],"collection":[{"href":"https:\/\/klasikdusunceokulu.com\/index.php\/wp-json\/wp\/v2\/pages"}],"about":[{"href":"https:\/\/klasikdusunceokulu.com\/index.php\/wp-json\/wp\/v2\/types\/page"}],"author":[{"embeddable":true,"href":"https:\/\/klasikdusunceokulu.com\/index.php\/wp-json\/wp\/v2\/users\/1"}],"replies":[{"embeddable":true,"href":"https:\/\/klasikdusunceokulu.com\/index.php\/wp-json\/wp\/v2\/comments?post=4221"}],"version-history":[{"count":2,"href":"https:\/\/klasikdusunceokulu.com\/index.php\/wp-json\/wp\/v2\/pages\/4221\/revisions"}],"predecessor-version":[{"id":4310,"href":"https:\/\/klasikdusunceokulu.com\/index.php\/wp-json\/wp\/v2\/pages\/4221\/revisions\/4310"}],"wp:attachment":[{"href":"https:\/\/klasikdusunceokulu.com\/index.php\/wp-json\/wp\/v2\/media?parent=4221"}],"curies":[{"name":"wp","href":"https:\/\/api.w.org\/{rel}","templated":true}]}}