{"id":4225,"date":"2025-03-11T01:18:26","date_gmt":"2025-03-10T22:18:26","guid":{"rendered":"https:\/\/klasikdusunceokulu.com\/?page_id=4225"},"modified":"2025-03-11T18:09:51","modified_gmt":"2025-03-11T15:09:51","slug":"muhammed-fazil-bas","status":"publish","type":"page","link":"https:\/\/klasikdusunceokulu.com\/index.php\/muhammed-fazil-bas\/","title":{"rendered":"MUHAMMED FAZIL BA\u015e"},"content":{"rendered":"<div class=\"fusion-fullwidth fullwidth-box fusion-builder-row-1 fusion-flex-container nonhundred-percent-fullwidth non-hundred-percent-height-scrolling\" style=\"--awb-border-radius-top-left:0px;--awb-border-radius-top-right:0px;--awb-border-radius-bottom-right:0px;--awb-border-radius-bottom-left:0px;--awb-flex-wrap:wrap;\" ><div class=\"fusion-builder-row fusion-row fusion-flex-align-items-flex-start fusion-flex-content-wrap\" style=\"max-width:1248px;margin-left: calc(-4% \/ 2 );margin-right: calc(-4% \/ 2 );\"><div class=\"fusion-layout-column fusion_builder_column fusion-builder-column-0 fusion_builder_column_1_1 1_1 fusion-flex-column\" style=\"--awb-bg-size:cover;--awb-width-large:100%;--awb-margin-top-large:0px;--awb-spacing-right-large:1.92%;--awb-margin-bottom-large:0px;--awb-spacing-left-large:1.92%;--awb-width-medium:100%;--awb-spacing-right-medium:1.92%;--awb-spacing-left-medium:1.92%;--awb-width-small:100%;--awb-spacing-right-small:1.92%;--awb-spacing-left-small:1.92%;\"><div class=\"fusion-column-wrapper fusion-flex-justify-content-flex-start fusion-content-layout-column\"><div class=\"fusion-text fusion-text-1\"><p style=\"text-align: center;\"><strong><span style=\"color: #3b5163;\"><img fetchpriority=\"high\" decoding=\"async\" class=\"aligncenter size-full wp-image-4105\" src=\"http:\/\/klasikdusunceokulu.com\/wp-content\/uploads\/2025\/03\/OIP-8.jpg\" alt=\"\" width=\"474\" height=\"623\" srcset=\"https:\/\/klasikdusunceokulu.com\/wp-content\/uploads\/2025\/03\/OIP-8-200x263.jpg 200w, https:\/\/klasikdusunceokulu.com\/wp-content\/uploads\/2025\/03\/OIP-8-228x300.jpg 228w, https:\/\/klasikdusunceokulu.com\/wp-content\/uploads\/2025\/03\/OIP-8-400x526.jpg 400w, https:\/\/klasikdusunceokulu.com\/wp-content\/uploads\/2025\/03\/OIP-8.jpg 474w\" sizes=\"(max-width: 474px) 100vw, 474px\" \/><\/span><\/strong><\/p>\n<p style=\"text-align: center;\"><strong><span style=\"color: #3b5163;\">MUHAMMED FAZIL BA\u015e<\/span><\/strong><\/p>\n<p style=\"text-align: center;\"><span style=\"color: #3b5163;\">Muhammed Faz\u0131l Ba\u015f 1982 y\u0131l\u0131nda Adapazar\u0131\u2019nda do\u011fdu. \u0130lkokulu yine Adapazar\u0131\u2019nda bitirdikten sonra, ortaokul ve liseyi 1993-2001 y\u0131llar\u0131 aras\u0131nda \u0130stanbul (Erkek) Lisesi\u2019nde okudu. Daha sonra Bo\u011fazi\u00e7i \u00dcniversitesi Siyaset Bilimi ve Uluslararas\u0131 \u0130li\u015fkiler B\u00f6l\u00fcm\u00fcn\u00fc kazand\u0131. D\u00f6rt y\u0131ll\u0131k lisans e\u011fitimi sonras\u0131nda yine ayn\u0131 \u00fcniversiteye ba\u011fl\u0131 Atat\u00fcrk \u0130lkeleri ve \u0130nk\u0131lap Tarihi Enstit\u00fcs\u00fc b\u00fcnyesinde y\u00fcksek lisans \u00e7al\u0131\u015fmas\u0131n\u0131 bitirdi. Prof. Dr. As\u0131m Kara\u00f6merlio\u011flu\u2019nun dan\u0131\u015fmanl\u0131\u011f\u0131nda y\u00fcr\u00fctt\u00fc\u011f\u00fc tez \u00e7al\u0131\u015fmas\u0131n\u0131n konusu \u201c\u0130ktidar ya da Halk: 1960\u2019lar\u0131n Entelekt\u00fcel \u0130klimini Dikkate Alarak Do\u011fan Avc\u0131o\u011flu ve \u0130dris K\u00fc\u00e7\u00fck\u00f6mer\u2019in D\u00fc\u015f\u00fcncelerinin Bir Kar\u015f\u0131la\u015ft\u0131rmas\u0131\u201dd\u0131r. 2008 y\u0131l\u0131nda \u0130stanbul \u00dcniversitesi Sosyoloji Anabilim Dal\u0131 b\u00fcnyesinde doktora e\u011fitimine ba\u015flad\u0131. Haziran-Eyl\u00fcl 2013 aras\u0131nda \u00fc\u00e7 ay boyunca Berlin ve Leipzig\u2019de \u00e7e\u015fitli k\u00fct\u00fcphanelerde tez ara\u015ft\u0131rmas\u0131 i\u00e7in bulundu. Do\u00e7. Dr. Enes Kabakc\u0131\u2019n\u0131n dan\u0131\u015fmanl\u0131\u011f\u0131nda y\u00fcr\u00fctt\u00fc\u011f\u00fc \u201cTarih\u00e7i \u0130ktisattan Sosyolojiye: Gerhard Kessler\u201d ba\u015fl\u0131kl\u0131 doktora \u00e7al\u0131\u015fmas\u0131n\u0131 2015\u2019te tamamlad\u0131. <\/span><\/p>\n<p style=\"text-align: center;\"><span style=\"color: #3b5163;\">Klasik D\u00fc\u015f\u00fcnce Okulu&#8217;nda &#8216;<span style=\"font-family: var(--awb-text-font-family); font-size: var(--awb-font-size); font-style: var(--awb-text-font-style); font-weight: var(--awb-text-font-weight); letter-spacing: var(--awb-letter-spacing); text-align: var(--awb-content-alignment); text-transform: var(--awb-text-transform); background-color: var(--awb-bg-color-hover);\">Max Weber Okumalar\u0131: Protestan Ahlak\u0131 ve Kapitalizmin Ruhu&#8217; dersini okutmu\u015ftur.<\/span><\/span><\/p>\n<p style=\"text-align: center;\"><span style=\"color: var(--awb-text-color); font-family: var(--awb-text-font-family); font-size: var(--awb-font-size); font-style: var(--awb-text-font-style); font-weight: var(--awb-text-font-weight); letter-spacing: var(--awb-letter-spacing); text-align: var(--awb-content-alignment); text-transform: var(--awb-text-transform); background-color: var(--awb-bg-color-hover);\">&nbsp;<\/span><\/p>\n<\/div><\/div><\/div><\/div><\/div>\n","protected":false},"excerpt":{"rendered":"","protected":false},"author":1,"featured_media":0,"parent":0,"menu_order":0,"comment_status":"closed","ping_status":"closed","template":"100-width.php","meta":{"footnotes":""},"class_list":["post-4225","page","type-page","status-publish","hentry"],"jetpack_sharing_enabled":true,"_links":{"self":[{"href":"https:\/\/klasikdusunceokulu.com\/index.php\/wp-json\/wp\/v2\/pages\/4225","targetHints":{"allow":["GET"]}}],"collection":[{"href":"https:\/\/klasikdusunceokulu.com\/index.php\/wp-json\/wp\/v2\/pages"}],"about":[{"href":"https:\/\/klasikdusunceokulu.com\/index.php\/wp-json\/wp\/v2\/types\/page"}],"author":[{"embeddable":true,"href":"https:\/\/klasikdusunceokulu.com\/index.php\/wp-json\/wp\/v2\/users\/1"}],"replies":[{"embeddable":true,"href":"https:\/\/klasikdusunceokulu.com\/index.php\/wp-json\/wp\/v2\/comments?post=4225"}],"version-history":[{"count":2,"href":"https:\/\/klasikdusunceokulu.com\/index.php\/wp-json\/wp\/v2\/pages\/4225\/revisions"}],"predecessor-version":[{"id":4313,"href":"https:\/\/klasikdusunceokulu.com\/index.php\/wp-json\/wp\/v2\/pages\/4225\/revisions\/4313"}],"wp:attachment":[{"href":"https:\/\/klasikdusunceokulu.com\/index.php\/wp-json\/wp\/v2\/media?parent=4225"}],"curies":[{"name":"wp","href":"https:\/\/api.w.org\/{rel}","templated":true}]}}