{"id":4229,"date":"2025-03-11T01:24:31","date_gmt":"2025-03-10T22:24:31","guid":{"rendered":"https:\/\/klasikdusunceokulu.com\/?page_id=4229"},"modified":"2025-03-11T22:33:41","modified_gmt":"2025-03-11T19:33:41","slug":"mustafa-s-kacalin","status":"publish","type":"page","link":"https:\/\/klasikdusunceokulu.com\/index.php\/mustafa-s-kacalin\/","title":{"rendered":"MUSTAFA S. KA\u00c7AL\u0130N"},"content":{"rendered":"<div class=\"fusion-fullwidth fullwidth-box fusion-builder-row-1 fusion-flex-container nonhundred-percent-fullwidth non-hundred-percent-height-scrolling\" style=\"--awb-border-radius-top-left:0px;--awb-border-radius-top-right:0px;--awb-border-radius-bottom-right:0px;--awb-border-radius-bottom-left:0px;--awb-flex-wrap:wrap;\" ><div class=\"fusion-builder-row fusion-row fusion-flex-align-items-flex-start fusion-flex-content-wrap\" style=\"max-width:1248px;margin-left: calc(-4% \/ 2 );margin-right: calc(-4% \/ 2 );\"><div class=\"fusion-layout-column fusion_builder_column fusion-builder-column-0 fusion_builder_column_1_1 1_1 fusion-flex-column\" style=\"--awb-bg-size:cover;--awb-width-large:100%;--awb-margin-top-large:0px;--awb-spacing-right-large:1.92%;--awb-margin-bottom-large:0px;--awb-spacing-left-large:1.92%;--awb-width-medium:100%;--awb-spacing-right-medium:1.92%;--awb-spacing-left-medium:1.92%;--awb-width-small:100%;--awb-spacing-right-small:1.92%;--awb-spacing-left-small:1.92%;\"><div class=\"fusion-column-wrapper fusion-flex-justify-content-flex-start fusion-content-layout-column\"><div class=\"fusion-text fusion-text-1\"><p style=\"text-align: center;\"><span style=\"color: #3b5163;\"><strong><img fetchpriority=\"high\" decoding=\"async\" class=\"aligncenter size-full wp-image-4108\" src=\"http:\/\/klasikdusunceokulu.com\/wp-content\/uploads\/2025\/03\/OIP-10.jpg\" alt=\"\" width=\"200\" height=\"269\"><\/strong><\/span><\/p>\n<p style=\"text-align: center;\"><span style=\"color: #3b5163;\"><strong>MUSTAFA S. KA\u00c7AL\u0130N<\/strong><\/span><\/p>\n<p style=\"text-align: center;\"><span style=\"color: #3b5163;\">1957 y\u0131l\u0131nda \u00c7aml\u0131hem\u015fin&#8217;in \u00c7ay\u0131rd\u00fcz\u00fc k\u00f6y\u00fcnden \u0130stanbul&#8217;a g\u00f6\u00e7 etmi\u015f Laz k\u00f6kenli bir ailenin \u00e7ocu\u011fu olarak d\u00fcnyaya geldi.<sup id=\"cite_ref-2\" class=\"reference\"><\/sup> Liseyi 1972-75 y\u0131llar\u0131 aras\u0131nda Hask\u00f6y Lisesinde okudu. Lisans\u0131n\u0131 1980 y\u0131l\u0131nda \u0130stanbul \u00dcniversitesi Edebiyat Fak\u00fcltesi T\u00fcrk Dili ve Edebiyat\u0131 b\u00f6l\u00fcm\u00fcnde tamamlad\u0131. Ayn\u0131 b\u00f6l\u00fcmde <i>\u00c7i\u00f1ggis Ka\u011fan T\u00e2rihi \u00c7evirisi<\/i> adl\u0131 doktora tezini sundu.<sup id=\"cite_ref-3\" class=\"reference\"><\/sup> 1982-87 y\u0131llar\u0131 aras\u0131nda Marmara \u00dcniversitesinde ara\u015ft\u0131rma g\u00f6revlisi olarak \u00e7al\u0131\u015ft\u0131. 1987-89 y\u0131llar\u0131 aras\u0131nda Macaristan&#8217;daki E\u00f6tv\u00f6s Lor\u00e1nd \u00dcniversitesinde T\u00fcrk\u00e7e okutmanl\u0131\u011f\u0131 yapt\u0131. E\u015f zamanl\u0131 olarak Szeged Jozsef Atilla \u00dcniversitesinde ders verdi. 1990-94 y\u0131llar\u0131 aras\u0131nda Marmara \u00dcniversitesinde \u00f6\u011fretim g\u00f6revlisi, 1994-98 y\u0131llar\u0131 aras\u0131nda yard\u0131mc\u0131 do\u00e7ent, 1998-2006 y\u0131llar\u0131 aras\u0131nda do\u00e7ent olarak \u00e7al\u0131\u015fan Ka\u00e7alin, 2006 y\u0131l\u0131nda profes\u00f6r oldu. 2000-02 y\u0131llar\u0131 aras\u0131nda K\u0131rg\u0131zistan-T\u00fcrkiye Manas \u00dcniversitesinde misafir \u00f6\u011fretim \u00fcyeli\u011fini icra etti. 2003 y\u0131l\u0131nda Marmara \u00dcniversitesi T\u00fcrk\u00e7e E\u011fitimi B\u00f6l\u00fcm\u00fc ba\u015fkanl\u0131\u011f\u0131na getirilen Ka\u00e7alin, TDK ba\u015fkan\u0131 se\u00e7ildi\u011fi tarihe kadar bu g\u00f6revi s\u00fcrd\u00fcrd\u00fc. 25 \u015eubat 2010 ve 25 Temmuz 2011 tarihleri aras\u0131nda Merkezi Milletler \u00dcniversitesinde Karahanl\u0131ca, Harezmce, \u0130slam k\u00fclt\u00fcr\u00fcn\u00fcn Uygur diline tesiri \u00fczerine doktora ve y\u00fcksek lisans dersleri verdi.<sup id=\"cite_ref-4\" class=\"reference\"><\/sup>6 Mart 2012&#8217;de T\u00fcrk Dil Kurumu ba\u015fkan\u0131 olarak atand\u0131.<sup id=\"cite_ref-5\" class=\"reference\"><\/sup> Marmara \u00dcniversitesi&#8217;ndeki asli d\u00f6nd\u00fcr\u00fclmek \u00fczere g\u00f6revden al\u0131nd\u0131\u011f\u0131 26 Haziran 2018 tarihine kadar TDK ba\u015fkanl\u0131\u011f\u0131n\u0131 icra etti. Ka\u00e7alin&#8217;in yerine G\u00fcrer G\u00fclsevin TDK ba\u015fkan\u0131 olarak atand\u0131.<\/span><sup id=\"cite_ref-6\" class=\"reference\"><\/sup><\/p>\n<p style=\"text-align: center;\"><span style=\"color: #3b5163;\">Klasik D\u00fc\u015f\u00fcnce Okulu&#8217;nda &#8216;<span style=\"font-family: var(--awb-text-font-family); font-size: var(--awb-font-size); font-style: var(--awb-text-font-style); font-weight: var(--awb-text-font-weight); letter-spacing: var(--awb-letter-spacing); text-align: var(--awb-content-alignment); text-transform: var(--awb-text-transform); background-color: var(--awb-bg-color-hover);\">Yusuf Has H\u00e2cib, Kutadgu&#8217; ve &#8216;<\/span><span style=\"font-family: var(--awb-text-font-family); font-size: var(--awb-font-size); font-style: var(--awb-text-font-style); font-weight: var(--awb-text-font-weight); letter-spacing: var(--awb-letter-spacing); text-align: var(--awb-content-alignment); text-transform: var(--awb-text-transform); background-color: var(--awb-bg-color-hover);\">Kutadgu Bilig Okumalar\u0131&#8217; derslerini okutmu\u015ftur.<\/span><br \/><\/span><\/p>\n<\/div><\/div><\/div><\/div><\/div>\n","protected":false},"excerpt":{"rendered":"","protected":false},"author":1,"featured_media":0,"parent":0,"menu_order":0,"comment_status":"closed","ping_status":"closed","template":"100-width.php","meta":{"footnotes":""},"class_list":["post-4229","page","type-page","status-publish","hentry"],"jetpack_sharing_enabled":true,"_links":{"self":[{"href":"https:\/\/klasikdusunceokulu.com\/index.php\/wp-json\/wp\/v2\/pages\/4229","targetHints":{"allow":["GET"]}}],"collection":[{"href":"https:\/\/klasikdusunceokulu.com\/index.php\/wp-json\/wp\/v2\/pages"}],"about":[{"href":"https:\/\/klasikdusunceokulu.com\/index.php\/wp-json\/wp\/v2\/types\/page"}],"author":[{"embeddable":true,"href":"https:\/\/klasikdusunceokulu.com\/index.php\/wp-json\/wp\/v2\/users\/1"}],"replies":[{"embeddable":true,"href":"https:\/\/klasikdusunceokulu.com\/index.php\/wp-json\/wp\/v2\/comments?post=4229"}],"version-history":[{"count":2,"href":"https:\/\/klasikdusunceokulu.com\/index.php\/wp-json\/wp\/v2\/pages\/4229\/revisions"}],"predecessor-version":[{"id":4315,"href":"https:\/\/klasikdusunceokulu.com\/index.php\/wp-json\/wp\/v2\/pages\/4229\/revisions\/4315"}],"wp:attachment":[{"href":"https:\/\/klasikdusunceokulu.com\/index.php\/wp-json\/wp\/v2\/media?parent=4229"}],"curies":[{"name":"wp","href":"https:\/\/api.w.org\/{rel}","templated":true}]}}