{"id":4233,"date":"2025-03-11T01:26:27","date_gmt":"2025-03-10T22:26:27","guid":{"rendered":"https:\/\/klasikdusunceokulu.com\/?page_id=4233"},"modified":"2025-03-11T22:36:58","modified_gmt":"2025-03-11T19:36:58","slug":"nedim-tan","status":"publish","type":"page","link":"https:\/\/klasikdusunceokulu.com\/index.php\/nedim-tan\/","title":{"rendered":"NED\u0130M TAN"},"content":{"rendered":"<div class=\"fusion-fullwidth fullwidth-box fusion-builder-row-1 fusion-flex-container nonhundred-percent-fullwidth non-hundred-percent-height-scrolling\" style=\"--awb-border-radius-top-left:0px;--awb-border-radius-top-right:0px;--awb-border-radius-bottom-right:0px;--awb-border-radius-bottom-left:0px;--awb-flex-wrap:wrap;\" ><div class=\"fusion-builder-row fusion-row fusion-flex-align-items-flex-start fusion-flex-content-wrap\" style=\"max-width:1248px;margin-left: calc(-4% \/ 2 );margin-right: calc(-4% \/ 2 );\"><div class=\"fusion-layout-column fusion_builder_column fusion-builder-column-0 fusion_builder_column_1_1 1_1 fusion-flex-column\" style=\"--awb-bg-size:cover;--awb-width-large:100%;--awb-margin-top-large:0px;--awb-spacing-right-large:1.92%;--awb-margin-bottom-large:0px;--awb-spacing-left-large:1.92%;--awb-width-medium:100%;--awb-spacing-right-medium:1.92%;--awb-spacing-left-medium:1.92%;--awb-width-small:100%;--awb-spacing-right-small:1.92%;--awb-spacing-left-small:1.92%;\"><div class=\"fusion-column-wrapper fusion-flex-justify-content-flex-start fusion-content-layout-column\"><div class=\"fusion-text fusion-text-1\"><p style=\"text-align: center;\"><strong><img fetchpriority=\"high\" decoding=\"async\" class=\"aligncenter size-full wp-image-4111\" src=\"http:\/\/klasikdusunceokulu.com\/wp-content\/uploads\/2025\/03\/th-1-1.jpg\" alt=\"\" width=\"244\" height=\"291\" srcset=\"https:\/\/klasikdusunceokulu.com\/wp-content\/uploads\/2025\/03\/th-1-1-200x239.jpg 200w, https:\/\/klasikdusunceokulu.com\/wp-content\/uploads\/2025\/03\/th-1-1.jpg 244w\" sizes=\"(max-width: 244px) 100vw, 244px\" \/><\/strong><\/p>\n<p style=\"text-align: center;\"><strong>NED\u0130M TAN<\/strong><\/p>\n<p style=\"text-align: center;\">1981 y\u0131l\u0131nda Mersin\u2019de do\u011fdu. \u0130stanbul \u00dcniversitesi Edebiyat Fak\u00fcltesi Sosyal Antropoloji B\u00f6l\u00fcm\u00fc\u2019nden mezun oldu (2004). Marmara \u00dcniversitesi Sosyal Bilimler Enstit\u00fcs\u00fc Temel \u0130sl\u00e2m Bilimleri Anabilim Dal\u0131\u2019nda \u201cSaf\u00ee\u2019nin Kenz-i \u0130hl\u00e2s\u2019\u0131n\u0131n Tahkik ve Tahlili\u201d ba\u015fl\u0131kl\u0131 y\u00fcksek lisans\u0131n\u0131 tamamlad\u0131 (2006). 2013 y\u0131l\u0131nda doktora \u00e7al\u0131\u015fmas\u0131n\u0131 tamamlayarak Doktor \u00d6\u011fretim \u00dcyesi \u00fcnvan\u0131n\u0131 ald\u0131. 2020 y\u0131l\u0131nda Do\u00e7ent oldu.<\/p>\n<p style=\"text-align: center;\"><span style=\"color: #3b5163;\">Klasik D\u00fc\u015f\u00fcnce Okulu&#8217;nda &#8216;Men\u00e2zil\u00fc\u2019s S\u00e2ir\u00een Okumalar\u0131&#8217; dersini okutmu\u015ftur.<\/span><\/p>\n<\/div><\/div><\/div><\/div><\/div>\n","protected":false},"excerpt":{"rendered":"","protected":false},"author":1,"featured_media":0,"parent":0,"menu_order":0,"comment_status":"closed","ping_status":"closed","template":"100-width.php","meta":{"footnotes":""},"class_list":["post-4233","page","type-page","status-publish","hentry"],"jetpack_sharing_enabled":true,"_links":{"self":[{"href":"https:\/\/klasikdusunceokulu.com\/index.php\/wp-json\/wp\/v2\/pages\/4233","targetHints":{"allow":["GET"]}}],"collection":[{"href":"https:\/\/klasikdusunceokulu.com\/index.php\/wp-json\/wp\/v2\/pages"}],"about":[{"href":"https:\/\/klasikdusunceokulu.com\/index.php\/wp-json\/wp\/v2\/types\/page"}],"author":[{"embeddable":true,"href":"https:\/\/klasikdusunceokulu.com\/index.php\/wp-json\/wp\/v2\/users\/1"}],"replies":[{"embeddable":true,"href":"https:\/\/klasikdusunceokulu.com\/index.php\/wp-json\/wp\/v2\/comments?post=4233"}],"version-history":[{"count":2,"href":"https:\/\/klasikdusunceokulu.com\/index.php\/wp-json\/wp\/v2\/pages\/4233\/revisions"}],"predecessor-version":[{"id":4317,"href":"https:\/\/klasikdusunceokulu.com\/index.php\/wp-json\/wp\/v2\/pages\/4233\/revisions\/4317"}],"wp:attachment":[{"href":"https:\/\/klasikdusunceokulu.com\/index.php\/wp-json\/wp\/v2\/media?parent=4233"}],"curies":[{"name":"wp","href":"https:\/\/api.w.org\/{rel}","templated":true}]}}