{"id":4235,"date":"2025-03-11T01:27:25","date_gmt":"2025-03-10T22:27:25","guid":{"rendered":"https:\/\/klasikdusunceokulu.com\/?page_id=4235"},"modified":"2025-03-11T22:38:47","modified_gmt":"2025-03-11T19:38:47","slug":"orhan-sener-kologlu","status":"publish","type":"page","link":"https:\/\/klasikdusunceokulu.com\/index.php\/orhan-sener-kologlu\/","title":{"rendered":"ORHAN \u015eENER KOLO\u011eLU"},"content":{"rendered":"<div class=\"fusion-fullwidth fullwidth-box fusion-builder-row-1 fusion-flex-container nonhundred-percent-fullwidth non-hundred-percent-height-scrolling\" style=\"--awb-border-radius-top-left:0px;--awb-border-radius-top-right:0px;--awb-border-radius-bottom-right:0px;--awb-border-radius-bottom-left:0px;--awb-flex-wrap:wrap;\" ><div class=\"fusion-builder-row fusion-row fusion-flex-align-items-flex-start fusion-flex-content-wrap\" style=\"max-width:1248px;margin-left: calc(-4% \/ 2 );margin-right: calc(-4% \/ 2 );\"><div class=\"fusion-layout-column fusion_builder_column fusion-builder-column-0 fusion_builder_column_1_1 1_1 fusion-flex-column\" style=\"--awb-bg-size:cover;--awb-width-large:100%;--awb-margin-top-large:0px;--awb-spacing-right-large:1.92%;--awb-margin-bottom-large:0px;--awb-spacing-left-large:1.92%;--awb-width-medium:100%;--awb-spacing-right-medium:1.92%;--awb-spacing-left-medium:1.92%;--awb-width-small:100%;--awb-spacing-right-small:1.92%;--awb-spacing-left-small:1.92%;\"><div class=\"fusion-column-wrapper fusion-flex-justify-content-flex-start fusion-content-layout-column\"><div class=\"fusion-text fusion-text-1\"><p style=\"text-align: center;\"><strong><span style=\"color: #3b5163;\"><img decoding=\"async\" class=\"aligncenter size-full wp-image-4112\" src=\"http:\/\/klasikdusunceokulu.com\/wp-content\/uploads\/2025\/03\/th-2.jpg\" alt=\"\" width=\"188\" height=\"253\"><\/span><\/strong><\/p>\n<p style=\"text-align: center;\"><strong><span style=\"color: #3b5163;\">ORHAN \u015eENER KOLO\u011eLU<\/span><\/strong><\/p>\n<p style=\"text-align: center;\"><span style=\"color: #3b5163;\">1975 y\u0131l\u0131nda Trabzon&#8217;da do\u011fdu. 1998 y\u0131l\u0131nda Marmara \u00dcniversitesi \u0130lahiyat Fak\u00fcltesi&#8217;nden mezun oldu. Ayn\u0131 y\u0131l Bursa Uluda\u011f \u00dcnivesitesi \u0130lahiyat Fak\u00fcltesi Kelam ABD&#8217;na ara\u015ft\u0131rma g\u00f6revlisi olarak atand\u0131. Ayn\u0131 \u00fcniversitenin Sosyal Bilimler Enstit\u00fcs\u00fc&#8217;nde 2000 y\u0131l\u0131nda <i>K\u00e2d\u00ee Abd\u00fclcebb\u00e2r&#8217;da Adalet Anlay\u0131\u015f\u0131<\/i> ba\u015fl\u0131kl\u0131 y\u00fcksek lisans\u0131n\u0131, 2005 y\u0131l\u0131nda <i>C\u00fcbb\u00e2\u00eeler&#8217;in Kelam Sistemi<\/i> ba\u015fl\u0131kl\u0131 doktora \u00e7al\u0131\u015fmas\u0131n\u0131 haz\u0131rlad\u0131. 2011 y\u0131l\u0131nda do\u00e7ent unvan\u0131n\u0131 ald\u0131. 2018 y\u0131l\u0131nda BU\u00dc \u0130lahiyat Fak\u00fcltesi Kelam ABD&#8217;nda profes\u00f6r oldu.<\/span><\/p>\n<p style=\"text-align: center;\"><span style=\"color: #3b5163;\">Klasik D\u00fc\u015f\u00fcnce Okulu&#8217;nda &#8216;<span style=\"font-family: var(--awb-text-font-family); font-size: var(--awb-font-size); font-style: var(--awb-text-font-style); font-weight: var(--awb-text-font-weight); letter-spacing: var(--awb-letter-spacing); text-align: var(--awb-content-alignment); text-transform: var(--awb-text-transform); background-color: var(--awb-bg-color-hover);\">K\u00e2d\u00ee Abd\u00fclcebb\u00e2r, \u015eerhu&#8217;l-Us\u00fbli&#8217;l-Hamse&#8217; dersini okutmu\u015ftur.<\/span><\/span><\/p>\n<\/div><\/div><\/div><\/div><\/div>\n","protected":false},"excerpt":{"rendered":"","protected":false},"author":1,"featured_media":0,"parent":0,"menu_order":0,"comment_status":"closed","ping_status":"closed","template":"100-width.php","meta":{"footnotes":""},"class_list":["post-4235","page","type-page","status-publish","hentry"],"jetpack_sharing_enabled":true,"_links":{"self":[{"href":"https:\/\/klasikdusunceokulu.com\/index.php\/wp-json\/wp\/v2\/pages\/4235","targetHints":{"allow":["GET"]}}],"collection":[{"href":"https:\/\/klasikdusunceokulu.com\/index.php\/wp-json\/wp\/v2\/pages"}],"about":[{"href":"https:\/\/klasikdusunceokulu.com\/index.php\/wp-json\/wp\/v2\/types\/page"}],"author":[{"embeddable":true,"href":"https:\/\/klasikdusunceokulu.com\/index.php\/wp-json\/wp\/v2\/users\/1"}],"replies":[{"embeddable":true,"href":"https:\/\/klasikdusunceokulu.com\/index.php\/wp-json\/wp\/v2\/comments?post=4235"}],"version-history":[{"count":2,"href":"https:\/\/klasikdusunceokulu.com\/index.php\/wp-json\/wp\/v2\/pages\/4235\/revisions"}],"predecessor-version":[{"id":4318,"href":"https:\/\/klasikdusunceokulu.com\/index.php\/wp-json\/wp\/v2\/pages\/4235\/revisions\/4318"}],"wp:attachment":[{"href":"https:\/\/klasikdusunceokulu.com\/index.php\/wp-json\/wp\/v2\/media?parent=4235"}],"curies":[{"name":"wp","href":"https:\/\/api.w.org\/{rel}","templated":true}]}}