{"id":4242,"date":"2025-03-11T01:31:05","date_gmt":"2025-03-10T22:31:05","guid":{"rendered":"https:\/\/klasikdusunceokulu.com\/?page_id=4242"},"modified":"2025-03-11T22:50:16","modified_gmt":"2025-03-11T19:50:16","slug":"saime-leyla-gurkan","status":"publish","type":"page","link":"https:\/\/klasikdusunceokulu.com\/index.php\/saime-leyla-gurkan\/","title":{"rendered":"SA\u0130ME LEYLA G\u00dcRKAN"},"content":{"rendered":"<div class=\"fusion-fullwidth fullwidth-box fusion-builder-row-1 fusion-flex-container nonhundred-percent-fullwidth non-hundred-percent-height-scrolling\" style=\"--awb-border-radius-top-left:0px;--awb-border-radius-top-right:0px;--awb-border-radius-bottom-right:0px;--awb-border-radius-bottom-left:0px;--awb-flex-wrap:wrap;\" ><div class=\"fusion-builder-row fusion-row fusion-flex-align-items-flex-start fusion-flex-content-wrap\" style=\"max-width:1248px;margin-left: calc(-4% \/ 2 );margin-right: calc(-4% \/ 2 );\"><div class=\"fusion-layout-column fusion_builder_column fusion-builder-column-0 fusion_builder_column_1_1 1_1 fusion-flex-column\" style=\"--awb-bg-size:cover;--awb-width-large:100%;--awb-margin-top-large:0px;--awb-spacing-right-large:1.92%;--awb-margin-bottom-large:0px;--awb-spacing-left-large:1.92%;--awb-width-medium:100%;--awb-spacing-right-medium:1.92%;--awb-spacing-left-medium:1.92%;--awb-width-small:100%;--awb-spacing-right-small:1.92%;--awb-spacing-left-small:1.92%;\"><div class=\"fusion-column-wrapper fusion-flex-justify-content-flex-start fusion-content-layout-column\"><div class=\"fusion-text fusion-text-1\"><p style=\"text-align: center;\"><span style=\"color: #3b5163;\"><strong><img fetchpriority=\"high\" decoding=\"async\" class=\"aligncenter size-full wp-image-4116\" src=\"http:\/\/klasikdusunceokulu.com\/wp-content\/uploads\/2025\/03\/slgurkan2.jpg\" alt=\"\" width=\"244\" height=\"303\" srcset=\"https:\/\/klasikdusunceokulu.com\/wp-content\/uploads\/2025\/03\/slgurkan2-200x248.jpg 200w, https:\/\/klasikdusunceokulu.com\/wp-content\/uploads\/2025\/03\/slgurkan2-242x300.jpg 242w, https:\/\/klasikdusunceokulu.com\/wp-content\/uploads\/2025\/03\/slgurkan2.jpg 244w\" sizes=\"(max-width: 244px) 100vw, 244px\" \/><\/strong><\/span><\/p>\n<p style=\"text-align: center;\"><span style=\"color: #3b5163;\"><strong>SA\u0130ME LEYLA G\u00dcRKAN<\/strong><\/span><\/p>\n<p style=\"text-align: center;\"><span style=\"color: #3b5163;\">1991 y\u0131l\u0131nda Marmara \u00dcniversitesi \u0130lahiyat Fak\u00fcltesi\u2019nden mezun oldu. Marmara \u00dcniversitesi Dinler Tarihi ana bilim dal\u0131nda \u201cYahudilik\u2019te Sebt: K\u00f6keni, \u0130lgili \u0130nan\u00e7 ve Uygulamalar\u201d ba\u015fl\u0131kl\u0131 teziyle y\u00fcksek lisans\u0131n\u0131 (1994), Lancaster University Religious Studies b\u00f6l\u00fcm\u00fcnde \u201cThe Jewish Concept of Chosenness in Tradition and Transformation\u201d ba\u015fl\u0131kl\u0131 teziyle doktoras\u0131n\u0131 tamamlad\u0131 (2002). TDV \u0130sl\u00e2m Ara\u015ft\u0131rmalar\u0131 Merkezi\u2019nde ara\u015ft\u0131rmac\u0131 olarak g\u00f6rev yapt\u0131 (2003\u20132015). The Jews as a Chosen People: Tradition and Transformation, Yahudilik, Anahatlar\u0131yla Yahudilik ve \u0130br\u00e2him&#8217;den Ezra&#8217;ya \u0130srailo\u011fullar\u0131 Tarihi ba\u015fl\u0131kl\u0131 kitaplar\u0131 yay\u0131mlanm\u0131\u015ft\u0131r. Akademik ilgi alanlar\u0131n\u0131n ba\u015f\u0131nda Yahudi tarihi ve teolojisi, kar\u015f\u0131la\u015ft\u0131rmal\u0131 Yahudi ve M\u00fcsl\u00fcman kavramlar\u0131, Yahudilik ve kad\u0131n gelmektedir.<\/span><\/p>\n<p style=\"text-align: center;\"><span style=\"color: #3b5163;\">Klasik D\u00fc\u015f\u00fcnce Okulu&#8217;nda &#8216;<span style=\"font-family: var(--awb-text-font-family); font-size: var(--awb-font-size); font-style: var(--awb-text-font-style); font-weight: var(--awb-text-font-weight); letter-spacing: var(--awb-letter-spacing); text-align: var(--awb-content-alignment); text-transform: var(--awb-text-transform); background-color: var(--awb-bg-color-hover);\">Dinler Tarihi Okumalar\u0131: Yahudilik&#8217; dersini okutmu\u015ftur.<\/span><\/span><\/p>\n<\/div><\/div><\/div><\/div><\/div>\n","protected":false},"excerpt":{"rendered":"","protected":false},"author":1,"featured_media":0,"parent":0,"menu_order":0,"comment_status":"closed","ping_status":"closed","template":"100-width.php","meta":{"footnotes":""},"class_list":["post-4242","page","type-page","status-publish","hentry"],"jetpack_sharing_enabled":true,"_links":{"self":[{"href":"https:\/\/klasikdusunceokulu.com\/index.php\/wp-json\/wp\/v2\/pages\/4242","targetHints":{"allow":["GET"]}}],"collection":[{"href":"https:\/\/klasikdusunceokulu.com\/index.php\/wp-json\/wp\/v2\/pages"}],"about":[{"href":"https:\/\/klasikdusunceokulu.com\/index.php\/wp-json\/wp\/v2\/types\/page"}],"author":[{"embeddable":true,"href":"https:\/\/klasikdusunceokulu.com\/index.php\/wp-json\/wp\/v2\/users\/1"}],"replies":[{"embeddable":true,"href":"https:\/\/klasikdusunceokulu.com\/index.php\/wp-json\/wp\/v2\/comments?post=4242"}],"version-history":[{"count":2,"href":"https:\/\/klasikdusunceokulu.com\/index.php\/wp-json\/wp\/v2\/pages\/4242\/revisions"}],"predecessor-version":[{"id":4321,"href":"https:\/\/klasikdusunceokulu.com\/index.php\/wp-json\/wp\/v2\/pages\/4242\/revisions\/4321"}],"wp:attachment":[{"href":"https:\/\/klasikdusunceokulu.com\/index.php\/wp-json\/wp\/v2\/media?parent=4242"}],"curies":[{"name":"wp","href":"https:\/\/api.w.org\/{rel}","templated":true}]}}