{"id":4244,"date":"2025-03-11T01:33:44","date_gmt":"2025-03-10T22:33:44","guid":{"rendered":"https:\/\/klasikdusunceokulu.com\/?page_id=4244"},"modified":"2025-03-11T22:56:16","modified_gmt":"2025-03-11T19:56:16","slug":"selami-varlik","status":"publish","type":"page","link":"https:\/\/klasikdusunceokulu.com\/index.php\/selami-varlik\/","title":{"rendered":"SELAM\u0130 VARLIK"},"content":{"rendered":"<div class=\"fusion-fullwidth fullwidth-box fusion-builder-row-1 fusion-flex-container nonhundred-percent-fullwidth non-hundred-percent-height-scrolling\" style=\"--awb-border-radius-top-left:0px;--awb-border-radius-top-right:0px;--awb-border-radius-bottom-right:0px;--awb-border-radius-bottom-left:0px;--awb-flex-wrap:wrap;\" ><div class=\"fusion-builder-row fusion-row fusion-flex-align-items-flex-start fusion-flex-content-wrap\" style=\"max-width:1248px;margin-left: calc(-4% \/ 2 );margin-right: calc(-4% \/ 2 );\"><div class=\"fusion-layout-column fusion_builder_column fusion-builder-column-0 fusion_builder_column_1_1 1_1 fusion-flex-column\" style=\"--awb-bg-size:cover;--awb-width-large:100%;--awb-margin-top-large:0px;--awb-spacing-right-large:1.92%;--awb-margin-bottom-large:0px;--awb-spacing-left-large:1.92%;--awb-width-medium:100%;--awb-spacing-right-medium:1.92%;--awb-spacing-left-medium:1.92%;--awb-width-small:100%;--awb-spacing-right-small:1.92%;--awb-spacing-left-small:1.92%;\"><div class=\"fusion-column-wrapper fusion-flex-justify-content-flex-start fusion-content-layout-column\"><div class=\"fusion-text fusion-text-1\"><p style=\"text-align: center;\"><span style=\"color: #3b5163;\"><strong><img fetchpriority=\"high\" decoding=\"async\" class=\"aligncenter size-full wp-image-4118\" src=\"http:\/\/klasikdusunceokulu.com\/wp-content\/uploads\/2025\/03\/th-5.jpg\" alt=\"\" width=\"285\" height=\"316\" srcset=\"https:\/\/klasikdusunceokulu.com\/wp-content\/uploads\/2025\/03\/th-5-200x222.jpg 200w, https:\/\/klasikdusunceokulu.com\/wp-content\/uploads\/2025\/03\/th-5-271x300.jpg 271w, https:\/\/klasikdusunceokulu.com\/wp-content\/uploads\/2025\/03\/th-5.jpg 285w\" sizes=\"(max-width: 285px) 100vw, 285px\" \/><\/strong><\/span><\/p>\n<p style=\"text-align: center;\"><span style=\"color: #3b5163;\"><strong>SELAM\u0130 VARLIK<\/strong><\/span><\/p>\n<p style=\"text-align: center;\"><span style=\"color: #3b5163;\">Selami Varl\u0131k, Fransa\u2019n\u0131n Tours \u015fehrinde bulunan Fran\u00e7ois Rabelais \u00dcniversitesi Felsefe b\u00f6l\u00fcm\u00fcnden mezun oldu. 2008 y\u0131l\u0131nda, Paris\u2019te, Institut Protestant\u2019de \u201cTh\u00e9ologie\u2019de Sens et distance en herm\u00e9neutique coranique\u201d ba\u015fl\u0131kl\u0131 y\u00fcksek lisans \u00e7al\u0131\u015fmas\u0131n\u0131 tamamlad\u0131. Ayn\u0131 \u015fehirde, Ecole des Hautes Etudes en Sciences Sociales\u2019de ve hermen\u00f6tik ara\u015ft\u0131rma merkezi Fonds Ricoeur\u2019de \u201cHerm\u00e9neutique coranique et objectivit\u00e9 du sens: la critique philosophique de Fazlur Rahman dans la Turquie contemporaine\u201d ba\u015fl\u0131kl\u0131 teziyle doktora derecesini ald\u0131. Yorum felsefesi alan\u0131nda -ve \u00f6zellikle nesnel anlam fikri ba\u011flam\u0131nda- makaleleri bulunan Varl\u0131k\u2019\u0131n \u00e7al\u0131\u015fmalar\u0131i Gadamer\u2019in felsefi hermen\u00f6ti\u011fi ve k\u0131ta din felsefesi \u00fczerine odaklanmaktad\u0131r. Modern din felsefesi ve hermen\u00f6tik yakla\u015f\u0131m aras\u0131ndaki ba\u011f\u0131 \u00f6zellikle Frans\u0131z felsefeci Paul Ricoeur vesilesiyle kuran Varl\u0131k\u2019\u0131n genel ara\u015ft\u0131rma projesi, dini metni ve dinsel olguyu (gelenek, kitap, vs.) anlamland\u0131rmay\u0131 k\u0131ta felsefesi ba\u011flam\u0131nda d\u00fc\u015f\u00fcn\u00fcp yorum ile hakikat fikrinin farkl\u0131 yans\u0131malar\u0131 aras\u0131ndaki gerilimi (tension) incelemektir.<\/span><\/p>\n<p style=\"text-align: center;\"><span style=\"color: #3b5163;\">Klasik D\u00fc\u015f\u00fcnce Okulu&#8217;nda &#8216;<span style=\"font-family: var(--awb-text-font-family); font-size: var(--awb-font-size); font-style: var(--awb-text-font-style); font-weight: var(--awb-text-font-weight); letter-spacing: var(--awb-letter-spacing); text-align: var(--awb-content-alignment); text-transform: var(--awb-text-transform); background-color: var(--awb-bg-color-hover);\">Spinoza Okumalar\u0131,Etika&#8217; ve &#8216;<\/span><span style=\"font-family: var(--awb-text-font-family); font-size: var(--awb-font-size); font-style: var(--awb-text-font-style); font-weight: var(--awb-text-font-weight); letter-spacing: var(--awb-letter-spacing); text-align: var(--awb-content-alignment); text-transform: var(--awb-text-transform); background-color: var(--awb-bg-color-hover);\">Ricoeur ve Klasikleri&#8217; derslerini okutmu\u015ftur.<\/span><\/span><span style=\"color: var(--awb-text-color); font-family: var(--awb-text-font-family); font-size: var(--awb-font-size); font-style: var(--awb-text-font-style); font-weight: var(--awb-text-font-weight); letter-spacing: var(--awb-letter-spacing); text-align: var(--awb-content-alignment); text-transform: var(--awb-text-transform); background-color: var(--awb-bg-color-hover);\"><br \/><\/span><\/p>\n<\/div><\/div><\/div><\/div><\/div>\n","protected":false},"excerpt":{"rendered":"","protected":false},"author":1,"featured_media":0,"parent":0,"menu_order":0,"comment_status":"closed","ping_status":"closed","template":"100-width.php","meta":{"footnotes":""},"class_list":["post-4244","page","type-page","status-publish","hentry"],"jetpack_sharing_enabled":true,"_links":{"self":[{"href":"https:\/\/klasikdusunceokulu.com\/index.php\/wp-json\/wp\/v2\/pages\/4244","targetHints":{"allow":["GET"]}}],"collection":[{"href":"https:\/\/klasikdusunceokulu.com\/index.php\/wp-json\/wp\/v2\/pages"}],"about":[{"href":"https:\/\/klasikdusunceokulu.com\/index.php\/wp-json\/wp\/v2\/types\/page"}],"author":[{"embeddable":true,"href":"https:\/\/klasikdusunceokulu.com\/index.php\/wp-json\/wp\/v2\/users\/1"}],"replies":[{"embeddable":true,"href":"https:\/\/klasikdusunceokulu.com\/index.php\/wp-json\/wp\/v2\/comments?post=4244"}],"version-history":[{"count":2,"href":"https:\/\/klasikdusunceokulu.com\/index.php\/wp-json\/wp\/v2\/pages\/4244\/revisions"}],"predecessor-version":[{"id":4322,"href":"https:\/\/klasikdusunceokulu.com\/index.php\/wp-json\/wp\/v2\/pages\/4244\/revisions\/4322"}],"wp:attachment":[{"href":"https:\/\/klasikdusunceokulu.com\/index.php\/wp-json\/wp\/v2\/media?parent=4244"}],"curies":[{"name":"wp","href":"https:\/\/api.w.org\/{rel}","templated":true}]}}