{"id":4247,"date":"2025-03-11T01:37:23","date_gmt":"2025-03-10T22:37:23","guid":{"rendered":"https:\/\/klasikdusunceokulu.com\/?page_id=4247"},"modified":"2025-03-11T22:58:20","modified_gmt":"2025-03-11T19:58:20","slug":"semih-ceyhan","status":"publish","type":"page","link":"https:\/\/klasikdusunceokulu.com\/index.php\/semih-ceyhan\/","title":{"rendered":"SEM\u0130H CEYHAN"},"content":{"rendered":"<div class=\"fusion-fullwidth fullwidth-box fusion-builder-row-1 fusion-flex-container nonhundred-percent-fullwidth non-hundred-percent-height-scrolling\" style=\"--awb-border-radius-top-left:0px;--awb-border-radius-top-right:0px;--awb-border-radius-bottom-right:0px;--awb-border-radius-bottom-left:0px;--awb-flex-wrap:wrap;\" ><div class=\"fusion-builder-row fusion-row fusion-flex-align-items-flex-start fusion-flex-content-wrap\" style=\"max-width:1248px;margin-left: calc(-4% \/ 2 );margin-right: calc(-4% \/ 2 );\"><div class=\"fusion-layout-column fusion_builder_column fusion-builder-column-0 fusion_builder_column_1_1 1_1 fusion-flex-column\" style=\"--awb-bg-size:cover;--awb-width-large:100%;--awb-margin-top-large:0px;--awb-spacing-right-large:1.92%;--awb-margin-bottom-large:0px;--awb-spacing-left-large:1.92%;--awb-width-medium:100%;--awb-spacing-right-medium:1.92%;--awb-spacing-left-medium:1.92%;--awb-width-small:100%;--awb-spacing-right-small:1.92%;--awb-spacing-left-small:1.92%;\"><div class=\"fusion-column-wrapper fusion-flex-justify-content-flex-start fusion-content-layout-column\"><div class=\"fusion-text fusion-text-1\"><p style=\"text-align: center;\"><strong><span style=\"color: #3b5163;\"><img fetchpriority=\"high\" decoding=\"async\" class=\"aligncenter size-full wp-image-4119\" src=\"http:\/\/klasikdusunceokulu.com\/wp-content\/uploads\/2025\/03\/semih-ceyhan.jpg\" alt=\"\" width=\"240\" height=\"300\" srcset=\"https:\/\/klasikdusunceokulu.com\/wp-content\/uploads\/2025\/03\/semih-ceyhan-200x250.jpg 200w, https:\/\/klasikdusunceokulu.com\/wp-content\/uploads\/2025\/03\/semih-ceyhan.jpg 240w\" sizes=\"(max-width: 240px) 100vw, 240px\" \/><\/span><\/strong><\/p>\n<p style=\"text-align: center;\"><strong><span style=\"color: #3b5163;\">SEM\u0130H CEYHAN<\/span><\/strong><\/p>\n<p style=\"text-align: center;\"><span style=\"color: #3b5163;\">1973\u2019te \u0130stanbul\u2019da do\u011fdu. 1995\u2019te Marmara \u00dcniversitesi \u0130lahiyat Fak\u00fcltesi\u2019nden mezun oldu. 1998\u2019de Marmara \u00dcniversitesi Sosyal Bilimler Enstit\u00fcs\u00fc\u2019nde \u201cAbdullah Sal\u00e2h\u00ee U\u015f\u015f\u00e2k\u00ee\u2019nin V\u00fcc\u00fbd (Varl\u0131k) Ris\u00e2leleri\u201d ba\u015fl\u0131kl\u0131 teziyle y\u00fcksek lisans\u0131n\u0131, 2005\u2019te Uluda\u011f \u00dcniversitesi Sosyal Bilimler Enstit\u00fcs\u00fc\u2019nde \u201c\u0130smail Ankarav\u00ee ve Mesnev\u00ee \u015eerhi\u201d ba\u015fl\u0131kl\u0131 teziyle doktoras\u0131n\u0131 tamamlad\u0131. 2012\u2019de do\u00e7ent \u00fcnvan\u0131n\u0131 ald\u0131. 2005-2013 y\u0131llar\u0131 aras\u0131nda TDV \u0130slam Ara\u015ft\u0131rmalar\u0131 Merkezi\u2019nde Ara\u015ft\u0131rmac\u0131 olarak \u00e7al\u0131\u015ft\u0131. 2013 y\u0131l\u0131 itibariyle Marmara \u00dcniversitesi \u0130lahiyat Fak\u00fcltesi Tasavvuf Ana Bilim Dal\u0131\u2019nda Do\u00e7ent olarak g\u00f6reve ba\u015flayarak 2020 y\u0131l\u0131nda Profes\u00f6r olan Semih Ceyhan&#8217;\u0131n, Tasavvuf tarihi alan\u0131nda yay\u0131nlanm\u0131\u015f \u00e7al\u0131\u015fmalar\u0131 mevcuttur.<\/span><\/p>\n<p style=\"text-align: center;\"><span style=\"color: #3b5163;\">Klasik D\u00fc\u015f\u00fcnce Okulu&#8217;nda &#8216;<span style=\"font-family: var(--awb-text-font-family); font-size: var(--awb-font-size); font-style: var(--awb-text-font-style); font-weight: var(--awb-text-font-weight); letter-spacing: var(--awb-letter-spacing); text-align: var(--awb-content-alignment); text-transform: var(--awb-text-transform); background-color: var(--awb-bg-color);\">Serrac, L\u00fcma&#8217; dersini okutmu\u015ftur.<\/span><\/span><\/p>\n<\/div><\/div><\/div><\/div><\/div>\n","protected":false},"excerpt":{"rendered":"","protected":false},"author":1,"featured_media":0,"parent":0,"menu_order":0,"comment_status":"closed","ping_status":"closed","template":"100-width.php","meta":{"footnotes":""},"class_list":["post-4247","page","type-page","status-publish","hentry"],"jetpack_sharing_enabled":true,"_links":{"self":[{"href":"https:\/\/klasikdusunceokulu.com\/index.php\/wp-json\/wp\/v2\/pages\/4247","targetHints":{"allow":["GET"]}}],"collection":[{"href":"https:\/\/klasikdusunceokulu.com\/index.php\/wp-json\/wp\/v2\/pages"}],"about":[{"href":"https:\/\/klasikdusunceokulu.com\/index.php\/wp-json\/wp\/v2\/types\/page"}],"author":[{"embeddable":true,"href":"https:\/\/klasikdusunceokulu.com\/index.php\/wp-json\/wp\/v2\/users\/1"}],"replies":[{"embeddable":true,"href":"https:\/\/klasikdusunceokulu.com\/index.php\/wp-json\/wp\/v2\/comments?post=4247"}],"version-history":[{"count":2,"href":"https:\/\/klasikdusunceokulu.com\/index.php\/wp-json\/wp\/v2\/pages\/4247\/revisions"}],"predecessor-version":[{"id":4323,"href":"https:\/\/klasikdusunceokulu.com\/index.php\/wp-json\/wp\/v2\/pages\/4247\/revisions\/4323"}],"wp:attachment":[{"href":"https:\/\/klasikdusunceokulu.com\/index.php\/wp-json\/wp\/v2\/media?parent=4247"}],"curies":[{"name":"wp","href":"https:\/\/api.w.org\/{rel}","templated":true}]}}