{"id":4249,"date":"2025-03-11T01:39:07","date_gmt":"2025-03-10T22:39:07","guid":{"rendered":"https:\/\/klasikdusunceokulu.com\/?page_id=4249"},"modified":"2025-03-11T23:00:23","modified_gmt":"2025-03-11T20:00:23","slug":"suat-mertoglu","status":"publish","type":"page","link":"https:\/\/klasikdusunceokulu.com\/index.php\/suat-mertoglu\/","title":{"rendered":"SUAT MERTO\u011eLU"},"content":{"rendered":"<div class=\"fusion-fullwidth fullwidth-box fusion-builder-row-1 fusion-flex-container nonhundred-percent-fullwidth non-hundred-percent-height-scrolling\" style=\"--awb-border-radius-top-left:0px;--awb-border-radius-top-right:0px;--awb-border-radius-bottom-right:0px;--awb-border-radius-bottom-left:0px;--awb-flex-wrap:wrap;\" ><div class=\"fusion-builder-row fusion-row fusion-flex-align-items-flex-start fusion-flex-content-wrap\" style=\"max-width:1248px;margin-left: calc(-4% \/ 2 );margin-right: calc(-4% \/ 2 );\"><div class=\"fusion-layout-column fusion_builder_column fusion-builder-column-0 fusion_builder_column_1_1 1_1 fusion-flex-column\" style=\"--awb-bg-size:cover;--awb-width-large:100%;--awb-margin-top-large:0px;--awb-spacing-right-large:1.92%;--awb-margin-bottom-large:0px;--awb-spacing-left-large:1.92%;--awb-width-medium:100%;--awb-spacing-right-medium:1.92%;--awb-spacing-left-medium:1.92%;--awb-width-small:100%;--awb-spacing-right-small:1.92%;--awb-spacing-left-small:1.92%;\"><div class=\"fusion-column-wrapper fusion-flex-justify-content-flex-start fusion-content-layout-column\"><div class=\"fusion-text fusion-text-1\"><p style=\"text-align: center;\"><a href=\"https:\/\/klasikdusunceokulu.com\/index.php\/suat-mertoglu\/\" target=\"_blank\" rel=\"noopener\"><strong><span style=\"color: #3b5163;\"><img fetchpriority=\"high\" decoding=\"async\" class=\"aligncenter wp-image-4121\" src=\"http:\/\/klasikdusunceokulu.com\/wp-content\/uploads\/2025\/03\/SuatMertoglu.jpg\" alt=\"\" width=\"245\" height=\"271\" srcset=\"https:\/\/klasikdusunceokulu.com\/wp-content\/uploads\/2025\/03\/SuatMertoglu-200x222.jpg 200w, https:\/\/klasikdusunceokulu.com\/wp-content\/uploads\/2025\/03\/SuatMertoglu-271x300.jpg 271w, https:\/\/klasikdusunceokulu.com\/wp-content\/uploads\/2025\/03\/SuatMertoglu-400x443.jpg 400w, https:\/\/klasikdusunceokulu.com\/wp-content\/uploads\/2025\/03\/SuatMertoglu-600x665.jpg 600w, https:\/\/klasikdusunceokulu.com\/wp-content\/uploads\/2025\/03\/SuatMertoglu.jpg 697w\" sizes=\"(max-width: 245px) 100vw, 245px\" \/><\/span><\/strong><\/a><\/p>\n<p style=\"text-align: center;\"><a href=\"https:\/\/klasikdusunceokulu.com\/index.php\/suat-mertoglu\/\" target=\"_blank\" rel=\"noopener\"><strong><span style=\"color: #3b5163;\">SUAT MERTO\u011eLU<\/span><\/strong><\/a><\/p>\n<p style=\"text-align: center;\"><span style=\"color: #3b5163;\">\u0130stanbul \u0130mam-Hatip Lisesi\u2019nden (1984) ve Marmara \u00dcniversitesi \u0130lahiyat Fak\u00fcltesi\u2019nden (1989) mezun oldu. Ayn\u0131 \u00fcniversitenin Tefsir Ana Bilim Dal\u0131\u2019nda y\u00fcksek lisans\u0131n\u0131 (1992) ve doktoras\u0131n\u0131 tamamlad\u0131 (2001). Ayr\u0131ca \u0130slam Bilimi ve Filolojisi ile Tarih alanlar\u0131nda lisans \u00fcst\u00fc \u00e7al\u0131\u015fmalar\u0131n\u0131 s\u00fcrd\u00fcrd\u00fc\u011f\u00fc Almanya\u2019da Mainz \u00dcniversitesi\u2019nde haz\u0131rlad\u0131\u011f\u0131 teziyle ikinci y\u00fcksek lisans\u0131n\u0131 tamamlad\u0131 (1999). 2012\u2019de do\u00e7ent unvan\u0131 ald\u0131. 2007\u2019den itibaren T\u00fcrkiye Diyanet Vakf\u0131 \u0130sl\u00e2m Ara\u015ft\u0131rmalar\u0131 Merkezi\u2019nde (\u0130SAM) \u00f6nce Tefsir alan\u0131nda ara\u015ft\u0131rma uzman\u0131 ve Tefsir \u0130lim Heyeti \u00fcyesi, 2012\u2019den itibaren Ba\u015fkan Yard\u0131mc\u0131s\u0131 olarak \u00e7al\u0131\u015ft\u0131. Fak\u00fcltemizdeki g\u00f6revine Ekim 2019\u2019da ba\u015flad\u0131. 2021 y\u0131l\u0131nda profes\u00f6r oldu. \u0130lm\u00ee \u00e7al\u0131\u015fmalar\u0131 tefsir tarihi, problemleri ve literat\u00fcr\u00fc yan\u0131nda modern \u0130sl\u00e2m d\u00fc\u015f\u00fcncesi ile yak\u0131n tarih alanlar\u0131nda yo\u011funla\u015fmaktad\u0131r.<\/span><\/p>\n<p style=\"text-align: center;\"><span style=\"color: #3b5163;\">Klasik D\u00fc\u015f\u00fcnce Okulu&#8217;nda &#8216;<span style=\"font-family: var(--awb-text-font-family); font-size: var(--awb-font-size); font-style: var(--awb-text-font-style); font-weight: var(--awb-text-font-weight); letter-spacing: var(--awb-letter-spacing); text-align: var(--awb-content-alignment); text-transform: var(--awb-text-transform); background-color: var(--awb-bg-color-hover);\">Muk\u00e2til b. S\u00fcleyman, et-Tefs\u00eer\u00fc\u2019l-Keb\u00eer&#8217; dersini okutmu\u015ftur.<\/span><\/span><\/p>\n<\/div><\/div><\/div><\/div><\/div>\n","protected":false},"excerpt":{"rendered":"","protected":false},"author":1,"featured_media":0,"parent":0,"menu_order":0,"comment_status":"closed","ping_status":"closed","template":"100-width.php","meta":{"footnotes":""},"class_list":["post-4249","page","type-page","status-publish","hentry"],"jetpack_sharing_enabled":true,"_links":{"self":[{"href":"https:\/\/klasikdusunceokulu.com\/index.php\/wp-json\/wp\/v2\/pages\/4249","targetHints":{"allow":["GET"]}}],"collection":[{"href":"https:\/\/klasikdusunceokulu.com\/index.php\/wp-json\/wp\/v2\/pages"}],"about":[{"href":"https:\/\/klasikdusunceokulu.com\/index.php\/wp-json\/wp\/v2\/types\/page"}],"author":[{"embeddable":true,"href":"https:\/\/klasikdusunceokulu.com\/index.php\/wp-json\/wp\/v2\/users\/1"}],"replies":[{"embeddable":true,"href":"https:\/\/klasikdusunceokulu.com\/index.php\/wp-json\/wp\/v2\/comments?post=4249"}],"version-history":[{"count":3,"href":"https:\/\/klasikdusunceokulu.com\/index.php\/wp-json\/wp\/v2\/pages\/4249\/revisions"}],"predecessor-version":[{"id":4325,"href":"https:\/\/klasikdusunceokulu.com\/index.php\/wp-json\/wp\/v2\/pages\/4249\/revisions\/4325"}],"wp:attachment":[{"href":"https:\/\/klasikdusunceokulu.com\/index.php\/wp-json\/wp\/v2\/media?parent=4249"}],"curies":[{"name":"wp","href":"https:\/\/api.w.org\/{rel}","templated":true}]}}