{"id":4251,"date":"2025-03-11T01:40:49","date_gmt":"2025-03-10T22:40:49","guid":{"rendered":"https:\/\/klasikdusunceokulu.com\/?page_id=4251"},"modified":"2025-03-11T23:03:32","modified_gmt":"2025-03-11T20:03:32","slug":"tahsin-gorgun","status":"publish","type":"page","link":"https:\/\/klasikdusunceokulu.com\/index.php\/tahsin-gorgun\/","title":{"rendered":"TAHS\u0130N G\u00d6RG\u00dcN"},"content":{"rendered":"<div class=\"fusion-fullwidth fullwidth-box fusion-builder-row-1 fusion-flex-container nonhundred-percent-fullwidth non-hundred-percent-height-scrolling\" style=\"--awb-border-radius-top-left:0px;--awb-border-radius-top-right:0px;--awb-border-radius-bottom-right:0px;--awb-border-radius-bottom-left:0px;--awb-flex-wrap:wrap;\" ><div class=\"fusion-builder-row fusion-row fusion-flex-align-items-flex-start fusion-flex-content-wrap\" style=\"max-width:1248px;margin-left: calc(-4% \/ 2 );margin-right: calc(-4% \/ 2 );\"><div class=\"fusion-layout-column fusion_builder_column fusion-builder-column-0 fusion_builder_column_1_1 1_1 fusion-flex-column\" style=\"--awb-bg-size:cover;--awb-width-large:100%;--awb-margin-top-large:0px;--awb-spacing-right-large:1.92%;--awb-margin-bottom-large:0px;--awb-spacing-left-large:1.92%;--awb-width-medium:100%;--awb-spacing-right-medium:1.92%;--awb-spacing-left-medium:1.92%;--awb-width-small:100%;--awb-spacing-right-small:1.92%;--awb-spacing-left-small:1.92%;\"><div class=\"fusion-column-wrapper fusion-flex-justify-content-flex-start fusion-content-layout-column\"><div class=\"fusion-text fusion-text-1\"><p style=\"text-align: center;\"><span style=\"color: #3b5163;\"><strong><img fetchpriority=\"high\" decoding=\"async\" class=\"aligncenter wp-image-4122\" src=\"http:\/\/klasikdusunceokulu.com\/wp-content\/uploads\/2025\/03\/tahsin_gorgun_1590cb2c7f070c-scaled.jpg\" alt=\"\" width=\"239\" height=\"272\" srcset=\"https:\/\/klasikdusunceokulu.com\/wp-content\/uploads\/2025\/03\/tahsin_gorgun_1590cb2c7f070c-200x227.jpg 200w, https:\/\/klasikdusunceokulu.com\/wp-content\/uploads\/2025\/03\/tahsin_gorgun_1590cb2c7f070c-264x300.jpg 264w, https:\/\/klasikdusunceokulu.com\/wp-content\/uploads\/2025\/03\/tahsin_gorgun_1590cb2c7f070c-400x455.jpg 400w, https:\/\/klasikdusunceokulu.com\/wp-content\/uploads\/2025\/03\/tahsin_gorgun_1590cb2c7f070c-600x682.jpg 600w, https:\/\/klasikdusunceokulu.com\/wp-content\/uploads\/2025\/03\/tahsin_gorgun_1590cb2c7f070c-768x873.jpg 768w, https:\/\/klasikdusunceokulu.com\/wp-content\/uploads\/2025\/03\/tahsin_gorgun_1590cb2c7f070c-800x909.jpg 800w, https:\/\/klasikdusunceokulu.com\/wp-content\/uploads\/2025\/03\/tahsin_gorgun_1590cb2c7f070c-901x1024.jpg 901w, https:\/\/klasikdusunceokulu.com\/wp-content\/uploads\/2025\/03\/tahsin_gorgun_1590cb2c7f070c-1200x1364.jpg 1200w, https:\/\/klasikdusunceokulu.com\/wp-content\/uploads\/2025\/03\/tahsin_gorgun_1590cb2c7f070c-1352x1536.jpg 1352w, https:\/\/klasikdusunceokulu.com\/wp-content\/uploads\/2025\/03\/tahsin_gorgun_1590cb2c7f070c-1802x2048.jpg 1802w, https:\/\/klasikdusunceokulu.com\/wp-content\/uploads\/2025\/03\/tahsin_gorgun_1590cb2c7f070c-scaled.jpg 2253w\" sizes=\"(max-width: 239px) 100vw, 239px\" \/><\/strong><\/span><\/p>\n<p style=\"text-align: center;\"><span style=\"color: #3b5163;\"><strong>TAHS\u0130N G\u00d6RG\u00dcN<\/strong><\/span><\/p>\n<p style=\"text-align: center;\"><span style=\"color: #3b5163;\">Lisans e\u011fitimini 1984 y\u0131l\u0131nda Ankara \u00dcniversitesi \u0130lahiyat Fak\u00fcltesi\u2019nde \u201cElmal\u0131l\u0131 Hamdi Yaz\u0131r\u2019\u0131n G\u00f6r\u00fc\u015fleri ve \u0130lim Felsefesi\u201d ba\u015fl\u0131kl\u0131 bitirme teziyle tamamlad\u0131. Freie Universit\u00e4t Berlin\u2019de \u201cSprache, andlung und Norm\u201d (Dil, Davran\u0131\u015f ve H\u00fck\u00fcm) ba\u015fl\u0131kl\u0131 tezi ile f\u0131k\u0131h usul\u00fc ve felsefe doktoras\u0131 yapt\u0131. 1995 y\u0131l\u0131nda T\u00fcrkiye\u2019ye d\u00f6nerek \u0130SAM\u2019da (\u0130slam Ara\u015ft\u0131rmalar\u0131 Merkezi) ara\u015ft\u0131rmac\u0131 olarak \u00e7al\u0131\u015fmaya ba\u015flad\u0131. 2005-2007 y\u0131llar\u0131 aras\u0131nda Almanya\u2019da Frankfurt Goethe \u00dcniversitesi\u2019nde ve Viyana \u00dcniversitesi\u2019nde misafir hoca olarak bulundu. Temel ilgi alanlar\u0131 aras\u0131nda f\u0131k\u0131h usul\u00fc, Osmanl\u0131 d\u00f6nemi ve Mever\u00e2\u00fcnnehir a\u011f\u0131rl\u0131kl\u0131 olmak \u00fczere \u0130slam d\u00fc\u015f\u00fcncesi tarihi, felsefenin dil, bilgi, ahlak, tarih, siyaset, bilim, toplum gibi muhtelif konular\u0131, Kur\u2019an ara\u015ft\u0131rmalar\u0131, Osmanl\u0131-Bat\u0131 ili\u015fkileri ve Osmanl\u0131\u2019n\u0131n Bat\u0131\u2019ya tesiri, Alman idealist felsefesi ve hermen\u00f6tik gibi konular yer almaktad\u0131r.<\/span><\/p>\n<p style=\"text-align: center;\"><span style=\"color: #3b5163;\">Klasik D\u00fc\u015f\u00fcnce Okulu&#8217;nda &#8216;<span style=\"font-family: var(--awb-text-font-family); font-size: var(--awb-font-size); font-style: var(--awb-text-font-style); font-weight: var(--awb-text-font-weight); letter-spacing: var(--awb-letter-spacing); text-align: var(--awb-content-alignment); text-transform: var(--awb-text-transform); background-color: var(--awb-bg-color-hover);\">M\u00e2verd\u00ee Okumalar\u0131&#8217; dersini okutmu\u015ftur.<\/span><\/span><\/p>\n<\/div><\/div><\/div><\/div><\/div>\n","protected":false},"excerpt":{"rendered":"","protected":false},"author":1,"featured_media":0,"parent":0,"menu_order":0,"comment_status":"closed","ping_status":"closed","template":"100-width.php","meta":{"footnotes":""},"class_list":["post-4251","page","type-page","status-publish","hentry"],"jetpack_sharing_enabled":true,"_links":{"self":[{"href":"https:\/\/klasikdusunceokulu.com\/index.php\/wp-json\/wp\/v2\/pages\/4251","targetHints":{"allow":["GET"]}}],"collection":[{"href":"https:\/\/klasikdusunceokulu.com\/index.php\/wp-json\/wp\/v2\/pages"}],"about":[{"href":"https:\/\/klasikdusunceokulu.com\/index.php\/wp-json\/wp\/v2\/types\/page"}],"author":[{"embeddable":true,"href":"https:\/\/klasikdusunceokulu.com\/index.php\/wp-json\/wp\/v2\/users\/1"}],"replies":[{"embeddable":true,"href":"https:\/\/klasikdusunceokulu.com\/index.php\/wp-json\/wp\/v2\/comments?post=4251"}],"version-history":[{"count":2,"href":"https:\/\/klasikdusunceokulu.com\/index.php\/wp-json\/wp\/v2\/pages\/4251\/revisions"}],"predecessor-version":[{"id":4327,"href":"https:\/\/klasikdusunceokulu.com\/index.php\/wp-json\/wp\/v2\/pages\/4251\/revisions\/4327"}],"wp:attachment":[{"href":"https:\/\/klasikdusunceokulu.com\/index.php\/wp-json\/wp\/v2\/media?parent=4251"}],"curies":[{"name":"wp","href":"https:\/\/api.w.org\/{rel}","templated":true}]}}