{"id":4253,"date":"2025-03-11T01:42:02","date_gmt":"2025-03-10T22:42:02","guid":{"rendered":"https:\/\/klasikdusunceokulu.com\/?page_id=4253"},"modified":"2025-03-20T22:16:26","modified_gmt":"2025-03-20T19:16:26","slug":"v-metin-demir","status":"publish","type":"page","link":"https:\/\/klasikdusunceokulu.com\/index.php\/v-metin-demir\/","title":{"rendered":"V. MET\u0130N DEM\u0130R"},"content":{"rendered":"<div class=\"fusion-fullwidth fullwidth-box fusion-builder-row-1 fusion-flex-container nonhundred-percent-fullwidth non-hundred-percent-height-scrolling\" style=\"--awb-border-radius-top-left:0px;--awb-border-radius-top-right:0px;--awb-border-radius-bottom-right:0px;--awb-border-radius-bottom-left:0px;--awb-flex-wrap:wrap;\" ><div class=\"fusion-builder-row fusion-row fusion-flex-align-items-flex-start fusion-flex-content-wrap\" style=\"max-width:1248px;margin-left: calc(-4% \/ 2 );margin-right: calc(-4% \/ 2 );\"><div class=\"fusion-layout-column fusion_builder_column fusion-builder-column-0 fusion_builder_column_1_1 1_1 fusion-flex-column\" style=\"--awb-bg-size:cover;--awb-width-large:100%;--awb-margin-top-large:0px;--awb-spacing-right-large:1.92%;--awb-margin-bottom-large:0px;--awb-spacing-left-large:1.92%;--awb-width-medium:100%;--awb-spacing-right-medium:1.92%;--awb-spacing-left-medium:1.92%;--awb-width-small:100%;--awb-spacing-right-small:1.92%;--awb-spacing-left-small:1.92%;\"><div class=\"fusion-column-wrapper fusion-flex-justify-content-flex-start fusion-content-layout-column\"><div class=\"fusion-text fusion-text-1\"><p style=\"text-align: center;\"><span style=\"color: #3b5163;\"><strong><img fetchpriority=\"high\" decoding=\"async\" class=\"aligncenter size-full wp-image-4123\" src=\"http:\/\/klasikdusunceokulu.com\/wp-content\/uploads\/2025\/03\/maxresdefault-1.jpg\" alt=\"\" width=\"376\" height=\"366\" srcset=\"https:\/\/klasikdusunceokulu.com\/wp-content\/uploads\/2025\/03\/maxresdefault-1-200x195.jpg 200w, https:\/\/klasikdusunceokulu.com\/wp-content\/uploads\/2025\/03\/maxresdefault-1-300x292.jpg 300w, https:\/\/klasikdusunceokulu.com\/wp-content\/uploads\/2025\/03\/maxresdefault-1.jpg 376w\" sizes=\"(max-width: 376px) 100vw, 376px\" \/><\/strong><\/span><\/p>\n<p style=\"text-align: center;\"><strong>V. MET\u0130N DEM\u0130R<\/strong><\/p>\n<p style=\"text-align: center;\">2010 y\u0131l\u0131nda \u0130stanbul \u00dcniversitesi \u00c7evre M\u00fchendisli\u011fi B\u00f6l\u00fcm\u00fc\u2019nden mezun oldu. \u0130stanbul \u015eehir \u00dcniversitesi K\u00fclt\u00fcrel \u00c7al\u0131\u015fmalar Program\u0131\u2019nda y\u00fcksek lisans\u0131n\u0131 tamamlad\u0131. 2020 y\u0131l\u0131nda \u0130stanbul \u00dcniversitesi Felsefe B\u00f6l\u00fcm\u00fc\u2019nden doktora derecesini ald\u0131. Halen Bursa Uluda\u011f \u00dcniversitesi Felsefe B\u00f6l\u00fcm\u00fc\u2019nde \u00f6\u011fretim \u00fcyesidir. Alman idealizmi, do\u011fa-k\u00fclt\u00fcr ili\u015fkisi, zihin felsefesi, bilim felsefesi, siyaset felsefesi alanlar\u0131nda \u00e7al\u0131\u015fmaktad\u0131r.<\/p>\n<p style=\"text-align: center;\"><span style=\"color: #3b5163;\">Klasik D\u00fc\u015f\u00fcnce Okulu&#8217;nda &#8216;<span style=\"font-family: var(--awb-text-font-family); font-size: var(--awb-font-size); font-style: var(--awb-text-font-style); font-weight: var(--awb-text-font-weight); letter-spacing: var(--awb-letter-spacing); text-align: var(--awb-content-alignment); text-transform: var(--awb-text-transform); background-color: var(--awb-bg-color);\">Modernler Klasikleri Neden\/Nas\u0131l Okudu?, Okumak \u00dczerine&#8217; dersini okutmu\u015ftur.<\/span><\/span><\/p>\n<\/div><\/div><\/div><\/div><\/div>\n","protected":false},"excerpt":{"rendered":"","protected":false},"author":1,"featured_media":0,"parent":0,"menu_order":0,"comment_status":"closed","ping_status":"closed","template":"100-width.php","meta":{"footnotes":""},"class_list":["post-4253","page","type-page","status-publish","hentry"],"jetpack_sharing_enabled":true,"_links":{"self":[{"href":"https:\/\/klasikdusunceokulu.com\/index.php\/wp-json\/wp\/v2\/pages\/4253","targetHints":{"allow":["GET"]}}],"collection":[{"href":"https:\/\/klasikdusunceokulu.com\/index.php\/wp-json\/wp\/v2\/pages"}],"about":[{"href":"https:\/\/klasikdusunceokulu.com\/index.php\/wp-json\/wp\/v2\/types\/page"}],"author":[{"embeddable":true,"href":"https:\/\/klasikdusunceokulu.com\/index.php\/wp-json\/wp\/v2\/users\/1"}],"replies":[{"embeddable":true,"href":"https:\/\/klasikdusunceokulu.com\/index.php\/wp-json\/wp\/v2\/comments?post=4253"}],"version-history":[{"count":2,"href":"https:\/\/klasikdusunceokulu.com\/index.php\/wp-json\/wp\/v2\/pages\/4253\/revisions"}],"predecessor-version":[{"id":4392,"href":"https:\/\/klasikdusunceokulu.com\/index.php\/wp-json\/wp\/v2\/pages\/4253\/revisions\/4392"}],"wp:attachment":[{"href":"https:\/\/klasikdusunceokulu.com\/index.php\/wp-json\/wp\/v2\/media?parent=4253"}],"curies":[{"name":"wp","href":"https:\/\/api.w.org\/{rel}","templated":true}]}}