{"id":4255,"date":"2025-03-11T01:44:25","date_gmt":"2025-03-10T22:44:25","guid":{"rendered":"https:\/\/klasikdusunceokulu.com\/?page_id=4255"},"modified":"2025-03-20T22:27:48","modified_gmt":"2025-03-20T19:27:48","slug":"omer-aygun","status":"publish","type":"page","link":"https:\/\/klasikdusunceokulu.com\/index.php\/omer-aygun\/","title":{"rendered":"\u00d6MER AYG\u00dcN"},"content":{"rendered":"<div class=\"fusion-fullwidth fullwidth-box fusion-builder-row-1 fusion-flex-container nonhundred-percent-fullwidth non-hundred-percent-height-scrolling\" style=\"--awb-border-radius-top-left:0px;--awb-border-radius-top-right:0px;--awb-border-radius-bottom-right:0px;--awb-border-radius-bottom-left:0px;--awb-flex-wrap:wrap;\" ><div class=\"fusion-builder-row fusion-row fusion-flex-align-items-flex-start fusion-flex-content-wrap\" style=\"max-width:1248px;margin-left: calc(-4% \/ 2 );margin-right: calc(-4% \/ 2 );\"><div class=\"fusion-layout-column fusion_builder_column fusion-builder-column-0 fusion_builder_column_1_1 1_1 fusion-flex-column\" style=\"--awb-bg-size:cover;--awb-width-large:100%;--awb-margin-top-large:0px;--awb-spacing-right-large:1.92%;--awb-margin-bottom-large:0px;--awb-spacing-left-large:1.92%;--awb-width-medium:100%;--awb-spacing-right-medium:1.92%;--awb-spacing-left-medium:1.92%;--awb-width-small:100%;--awb-spacing-right-small:1.92%;--awb-spacing-left-small:1.92%;\"><div class=\"fusion-column-wrapper fusion-flex-justify-content-flex-start fusion-content-layout-column\"><div class=\"fusion-text fusion-text-1\"><p style=\"text-align: center;\"><strong><span style=\"color: #3b5163;\"><img fetchpriority=\"high\" decoding=\"async\" class=\"aligncenter size-full wp-image-4124\" src=\"http:\/\/klasikdusunceokulu.com\/wp-content\/uploads\/2025\/03\/maxresdefault-2.jpg\" alt=\"\" width=\"431\" height=\"491\" srcset=\"https:\/\/klasikdusunceokulu.com\/wp-content\/uploads\/2025\/03\/maxresdefault-2-200x228.jpg 200w, https:\/\/klasikdusunceokulu.com\/wp-content\/uploads\/2025\/03\/maxresdefault-2-263x300.jpg 263w, https:\/\/klasikdusunceokulu.com\/wp-content\/uploads\/2025\/03\/maxresdefault-2-400x456.jpg 400w, https:\/\/klasikdusunceokulu.com\/wp-content\/uploads\/2025\/03\/maxresdefault-2.jpg 431w\" sizes=\"(max-width: 431px) 100vw, 431px\" \/><\/span><\/strong><\/p>\n<p style=\"text-align: center;\"><strong><span style=\"color: #3b5163; font-size: 17px;\" data-fusion-font=\"true\">\u00d6MER AYG\u00dcN<\/span><\/strong><\/p>\n<p style=\"text-align: center;\"><span style=\"color: #3b5163;\">8 Nisan 1975&#8217;te New York&#8217;ta (A.B.D.) do\u011fdu. Liseyi Galatasaray Lisesi&#8217;nde, \u00fcniversiteyi \u0130stanbul \u00dcniversitesi Frans\u0131z Dili ve Edebiyat\u0131 B\u00f6l\u00fcm\u00fc&#8217;nde okudu. Galatasaray \u00dcniversitesi&#8217;nde ve \u0130stanbul \u00dcniversitesi&#8217;nde felsefe ve Frans\u0131z dili \u00fczerine iki ayr\u0131 mast\u0131r yapt\u0131. Bug\u00fcn Pennsylvania&#8217;da (A.B.D.) felsefe e\u011fitimini s\u00fcrd\u00fcr\u00fcyor. \u0130lk \u015fiiri 1992 y\u0131l\u0131nda Beyaz dergisinde yay\u0131mland\u0131. Mediterraneans, Kitap-l\u0131k ve Defter gibi dergilerde \u015fiir yay\u0131mlad\u0131. Yves Bonnefoy, Maurice Blanchot ve Henri Michaux gibi yazarlar\u0131 \u00e7evirdi. Felsefe, resim, yontu ve m\u00fczik \u00fcst\u00fcne yaz\u0131lar yazd\u0131. Faz\u0131l H\u00fcsn\u00fc Da\u011flarca&#8217;ya be\u015f y\u0131l kadar yaz\u0131c\u0131l\u0131k, YKY&#8217;de bir s\u00fcre edit\u00f6rl\u00fck yapt\u0131.<\/span><\/p>\n<p style=\"text-align: center;\"><span style=\"color: #3b5163;\">Klasik D\u00fc\u015f\u00fcnce Okulu&#8217;nda &#8216;<\/span><span style=\"color: #3b5163; font-family: var(--awb-text-font-family); font-size: var(--awb-font-size); font-style: var(--awb-text-font-style); letter-spacing: var(--awb-letter-spacing); text-align: var(--awb-content-alignment); text-transform: var(--awb-text-transform); background-color: var(--awb-bg-color-hover);\">Aristoteles, Peri Psykh\u00ea&#8217; ve &#8216;<\/span><span style=\"color: var(--awb-text-color); font-family: var(--awb-text-font-family); font-size: var(--awb-font-size); font-style: var(--awb-text-font-style); letter-spacing: var(--awb-letter-spacing); text-align: var(--awb-content-alignment); text-transform: var(--awb-text-transform); background-color: var(--awb-bg-color-hover);\"><span style=\"color: #3b5163;\">Aristoteles&#8217;te Logos Okumalar\u0131&#8217; derslerini okutmu\u015ftur.<\/span><\/span><\/p>\n<\/div><\/div><\/div><\/div><\/div>\n","protected":false},"excerpt":{"rendered":"","protected":false},"author":1,"featured_media":0,"parent":0,"menu_order":0,"comment_status":"closed","ping_status":"closed","template":"100-width.php","meta":{"footnotes":""},"class_list":["post-4255","page","type-page","status-publish","hentry"],"jetpack_sharing_enabled":true,"_links":{"self":[{"href":"https:\/\/klasikdusunceokulu.com\/index.php\/wp-json\/wp\/v2\/pages\/4255","targetHints":{"allow":["GET"]}}],"collection":[{"href":"https:\/\/klasikdusunceokulu.com\/index.php\/wp-json\/wp\/v2\/pages"}],"about":[{"href":"https:\/\/klasikdusunceokulu.com\/index.php\/wp-json\/wp\/v2\/types\/page"}],"author":[{"embeddable":true,"href":"https:\/\/klasikdusunceokulu.com\/index.php\/wp-json\/wp\/v2\/users\/1"}],"replies":[{"embeddable":true,"href":"https:\/\/klasikdusunceokulu.com\/index.php\/wp-json\/wp\/v2\/comments?post=4255"}],"version-history":[{"count":5,"href":"https:\/\/klasikdusunceokulu.com\/index.php\/wp-json\/wp\/v2\/pages\/4255\/revisions"}],"predecessor-version":[{"id":4398,"href":"https:\/\/klasikdusunceokulu.com\/index.php\/wp-json\/wp\/v2\/pages\/4255\/revisions\/4398"}],"wp:attachment":[{"href":"https:\/\/klasikdusunceokulu.com\/index.php\/wp-json\/wp\/v2\/media?parent=4255"}],"curies":[{"name":"wp","href":"https:\/\/api.w.org\/{rel}","templated":true}]}}