{"id":4257,"date":"2025-03-11T01:45:25","date_gmt":"2025-03-10T22:45:25","guid":{"rendered":"https:\/\/klasikdusunceokulu.com\/?page_id=4257"},"modified":"2025-03-20T22:22:06","modified_gmt":"2025-03-20T19:22:06","slug":"oemr-turker","status":"publish","type":"page","link":"https:\/\/klasikdusunceokulu.com\/index.php\/oemr-turker\/","title":{"rendered":"\u00d6EMR T\u00dcRKER"},"content":{"rendered":"<div class=\"fusion-fullwidth fullwidth-box fusion-builder-row-1 fusion-flex-container nonhundred-percent-fullwidth non-hundred-percent-height-scrolling\" style=\"--awb-border-radius-top-left:0px;--awb-border-radius-top-right:0px;--awb-border-radius-bottom-right:0px;--awb-border-radius-bottom-left:0px;--awb-flex-wrap:wrap;\" ><div class=\"fusion-builder-row fusion-row fusion-flex-align-items-flex-start fusion-flex-content-wrap\" style=\"max-width:1248px;margin-left: calc(-4% \/ 2 );margin-right: calc(-4% \/ 2 );\"><div class=\"fusion-layout-column fusion_builder_column fusion-builder-column-0 fusion_builder_column_1_1 1_1 fusion-flex-column\" style=\"--awb-bg-size:cover;--awb-width-large:100%;--awb-margin-top-large:0px;--awb-spacing-right-large:1.92%;--awb-margin-bottom-large:0px;--awb-spacing-left-large:1.92%;--awb-width-medium:100%;--awb-spacing-right-medium:1.92%;--awb-spacing-left-medium:1.92%;--awb-width-small:100%;--awb-spacing-right-small:1.92%;--awb-spacing-left-small:1.92%;\"><div class=\"fusion-column-wrapper fusion-flex-justify-content-flex-start fusion-content-layout-column\"><div class=\"fusion-text fusion-text-1\"><p style=\"text-align: center;\"><span style=\"color: #3b5163;\"><strong><img fetchpriority=\"high\" decoding=\"async\" class=\"aligncenter size-full wp-image-4125\" src=\"http:\/\/klasikdusunceokulu.com\/wp-content\/uploads\/2025\/03\/th-6.jpg\" alt=\"\" width=\"370\" height=\"370\" srcset=\"https:\/\/klasikdusunceokulu.com\/wp-content\/uploads\/2025\/03\/th-6-66x66.jpg 66w, https:\/\/klasikdusunceokulu.com\/wp-content\/uploads\/2025\/03\/th-6-150x150.jpg 150w, https:\/\/klasikdusunceokulu.com\/wp-content\/uploads\/2025\/03\/th-6-200x200.jpg 200w, https:\/\/klasikdusunceokulu.com\/wp-content\/uploads\/2025\/03\/th-6-300x300.jpg 300w, https:\/\/klasikdusunceokulu.com\/wp-content\/uploads\/2025\/03\/th-6.jpg 370w\" sizes=\"(max-width: 370px) 100vw, 370px\" \/><\/strong><\/span><\/p>\n<p style=\"text-align: center;\"><span style=\"color: #3b5163;\"><strong>\u00d6MER T\u00dcRKER<\/strong><\/span><\/p>\n<p style=\"text-align: center;\"><span style=\"color: #3b5163;\">1975\u2019te Keskin, K\u0131r\u0131kkale\u2019de do\u011fdu. 1997\u2019de Uluda\u011f \u00dcniversitesi \u0130lahiyat Fak\u00fcltesi\u2019nden mezun oldu. 1999\u2019da Sakarya \u00dcniversitesi Sosyal Bilimler Enstit\u00fcs\u00fc\u2019nde \u201cMuk\u00e2til bin S\u00fcleyman\u2019\u0131n Kur\u2019\u00e2n\u2019\u0131 Te\u2019v\u00eel Y\u00f6ntemi\u201d  ba\u015fl\u0131kl\u0131 teziyle y\u00fcksek lisans\u0131n\u0131, 2006\u2019da Marmara \u00dcniversitesi Sosyal Bilimler Enstit\u00fcs\u00fc\u2019nde \u201cSeyyid \u015eer\u00eef el-C\u00fcrc\u00e2n\u00ee\u2019nin Te\u2019vil Anlay\u0131\u015f\u0131: Yorumun Metafizik, Mant\u0131k\u00ee ve Dilbilimsel Temelleri\u201d ba\u015fl\u0131kl\u0131 teziyle doktoras\u0131n\u0131 tamamlad\u0131. 2012 y\u0131l\u0131 itibariyle Marmara \u00dcniversitesi \u0130lahiyat Fak\u00fcltesi\u2019nde Yard\u0131mc\u0131 Do\u00e7ent Doktor olarak g\u00f6reve ba\u015flad\u0131. 2012 y\u0131l\u0131nda Do\u00e7ent, 2017 y\u0131l\u0131nda Profes\u00f6r oldu. \u201c\u0130bn S\u00een\u00e2 Felsefesinde Metafizik Bilginin \u0130mk\u00e2n\u0131 Sorunu\u201d adl\u0131 telif eserinin yan\u0131 s\u0131ra \u00e7ok say\u0131da makaleye ve terc\u00fcmeye imza atm\u0131\u015ft\u0131r.<\/span><\/p>\n<p style=\"text-align: center;\"><span style=\"color: #3b5163;\"><b>Klasik D\u00fc\u015f\u00fcnce Okulu&#8217;nda okuttu\u011fu dersler;<\/b><\/span><\/p>\n<p style=\"text-align: center;\">Hasan el-Basr\u00ee, Ris\u00e2le fi\u2019l-kader<span style=\"color: #3b5163;\"><b><\/b><\/span><\/p>\n<p style=\"text-align: center;\">Eb\u00fb Han\u00eefe, el-F\u0131khu\u2019l-ekber<\/p>\n<p style=\"text-align: center;\">F\u00e2r\u00e2b\u00ee, el-Med\u00eenet\u00fc\u2019l-f\u00e2z\u0131la<\/p>\n<p style=\"text-align: center;\">K\u00e2d\u00ee Abd\u00fclcebb\u00e2r, \u015eerhu&#8217;l-Us\u00fbli&#8217;l-Hamse<\/p>\n<p style=\"text-align: center;\">\u0130bn Sina Metafizi\u011fi<\/p>\n<p style=\"text-align: center;\">Abdulk\u00e2hir el-Ba\u011fd\u00e2d\u00ee, Us\u00fbli\u2019d-d\u00een<\/p>\n<p style=\"text-align: center;\">C\u00fcveyni, Kitab\u00fc\u2019l-\u0130r\u015fad<\/p>\n<p style=\"text-align: center;\">Seyyid \u015eerif C\u00fcrc\u00e2n\u00ee, \u015eerhu\u2019l-mev\u00e2k\u0131f<\/p>\n<p style=\"text-align: center;\">F\u00e2r\u00e2b\u00ee Okumalar\u0131: Kit\u00e2bu\u2019l-hur\u00fbf<\/p>\n<p style=\"text-align: center;\">Faslu\u2019l-Mak\u00e2l<\/p>\n<p style=\"text-align: center;\">Farabi-Kit\u00e2b\u00fc\u2019l-Mille<\/p>\n<p style=\"text-align: center;\">\u0130bn Sina, el-\u0130\u015f\u00e2r\u00e2t ve\u2019t-tenb\u00eeh\u00e2t<\/p>\n<p style=\"text-align: center;\"> \u0130hs\u00e2\u00fc\u2019l-Ul\u00fbm Okumalar\u0131<\/p>\n<p style=\"text-align: center;\">Kind\u00ee,Fi&#8217;l-felsefeti&#8217;l-\u00fbl\u00e2,<\/p>\n<p style=\"text-align: center;\">\n<p style=\"text-align: center;\">\n<\/div><\/div><\/div><\/div><\/div>\n","protected":false},"excerpt":{"rendered":"","protected":false},"author":1,"featured_media":0,"parent":0,"menu_order":0,"comment_status":"closed","ping_status":"closed","template":"100-width.php","meta":{"footnotes":""},"class_list":["post-4257","page","type-page","status-publish","hentry"],"jetpack_sharing_enabled":true,"_links":{"self":[{"href":"https:\/\/klasikdusunceokulu.com\/index.php\/wp-json\/wp\/v2\/pages\/4257","targetHints":{"allow":["GET"]}}],"collection":[{"href":"https:\/\/klasikdusunceokulu.com\/index.php\/wp-json\/wp\/v2\/pages"}],"about":[{"href":"https:\/\/klasikdusunceokulu.com\/index.php\/wp-json\/wp\/v2\/types\/page"}],"author":[{"embeddable":true,"href":"https:\/\/klasikdusunceokulu.com\/index.php\/wp-json\/wp\/v2\/users\/1"}],"replies":[{"embeddable":true,"href":"https:\/\/klasikdusunceokulu.com\/index.php\/wp-json\/wp\/v2\/comments?post=4257"}],"version-history":[{"count":2,"href":"https:\/\/klasikdusunceokulu.com\/index.php\/wp-json\/wp\/v2\/pages\/4257\/revisions"}],"predecessor-version":[{"id":4393,"href":"https:\/\/klasikdusunceokulu.com\/index.php\/wp-json\/wp\/v2\/pages\/4257\/revisions\/4393"}],"wp:attachment":[{"href":"https:\/\/klasikdusunceokulu.com\/index.php\/wp-json\/wp\/v2\/media?parent=4257"}],"curies":[{"name":"wp","href":"https:\/\/api.w.org\/{rel}","templated":true}]}}