{"id":4259,"date":"2025-03-11T01:46:55","date_gmt":"2025-03-10T22:46:55","guid":{"rendered":"https:\/\/klasikdusunceokulu.com\/?page_id=4259"},"modified":"2025-03-20T22:23:16","modified_gmt":"2025-03-20T19:23:16","slug":"ibrahim-halil-ucer","status":"publish","type":"page","link":"https:\/\/klasikdusunceokulu.com\/index.php\/ibrahim-halil-ucer\/","title":{"rendered":"\u0130BRAH\u0130M HAL\u0130L \u00dc\u00c7ER"},"content":{"rendered":"<div class=\"fusion-fullwidth fullwidth-box fusion-builder-row-1 fusion-flex-container nonhundred-percent-fullwidth non-hundred-percent-height-scrolling\" style=\"--awb-border-radius-top-left:0px;--awb-border-radius-top-right:0px;--awb-border-radius-bottom-right:0px;--awb-border-radius-bottom-left:0px;--awb-flex-wrap:wrap;\" ><div class=\"fusion-builder-row fusion-row fusion-flex-align-items-flex-start fusion-flex-content-wrap\" style=\"max-width:1248px;margin-left: calc(-4% \/ 2 );margin-right: calc(-4% \/ 2 );\"><div class=\"fusion-layout-column fusion_builder_column fusion-builder-column-0 fusion_builder_column_1_1 1_1 fusion-flex-column\" style=\"--awb-bg-size:cover;--awb-width-large:100%;--awb-margin-top-large:0px;--awb-spacing-right-large:1.92%;--awb-margin-bottom-large:0px;--awb-spacing-left-large:1.92%;--awb-width-medium:100%;--awb-spacing-right-medium:1.92%;--awb-spacing-left-medium:1.92%;--awb-width-small:100%;--awb-spacing-right-small:1.92%;--awb-spacing-left-small:1.92%;\"><div class=\"fusion-column-wrapper fusion-flex-justify-content-flex-start fusion-content-layout-column\"><div class=\"fusion-text fusion-text-1\"><p style=\"text-align: center;\"><strong><span style=\"color: #3b5163;\"><img fetchpriority=\"high\" decoding=\"async\" class=\"aligncenter size-full wp-image-4126\" src=\"http:\/\/klasikdusunceokulu.com\/wp-content\/uploads\/2025\/03\/OIP-12.jpg\" alt=\"\" width=\"301\" height=\"303\" srcset=\"https:\/\/klasikdusunceokulu.com\/wp-content\/uploads\/2025\/03\/OIP-12-66x66.jpg 66w, https:\/\/klasikdusunceokulu.com\/wp-content\/uploads\/2025\/03\/OIP-12-150x150.jpg 150w, https:\/\/klasikdusunceokulu.com\/wp-content\/uploads\/2025\/03\/OIP-12-200x201.jpg 200w, https:\/\/klasikdusunceokulu.com\/wp-content\/uploads\/2025\/03\/OIP-12-298x300.jpg 298w, https:\/\/klasikdusunceokulu.com\/wp-content\/uploads\/2025\/03\/OIP-12.jpg 301w\" sizes=\"(max-width: 301px) 100vw, 301px\" \/><\/span><\/strong><\/p>\n<p style=\"text-align: center;\"><strong><span style=\"color: #3b5163;\">\u0130BRAH\u0130M HAL\u0130L \u00dc\u00c7ER<\/span><\/strong><\/p>\n<p style=\"text-align: center;\"><span style=\"color: #3b5163;\">Marmara \u00dcniversitesi \u0130lahiyat Fak\u00fcltesi\u2019nden mezun oldu (2004). Ayn\u0131 \u00fcniversitenin Sosyal Bilimler Enstit\u00fcs\u00fc\u2019nde \u201cEb\u00fb Hayy\u00e2n et-Tevh\u00eed\u00ee ve Felsef\u00ee Ki\u015fili\u011fi\u201d adl\u0131 teziyle y\u00fcksek lisans\u0131n\u0131 (2007), \u201c\u0130bn S\u00een\u00e2 Felsefesinde Suret Anlay\u0131\u015f\u0131\u201d ba\u015fl\u0131kl\u0131 \u00e7al\u0131\u015fmas\u0131yla doktoras\u0131n\u0131 (2014) tamamlad\u0131. 2020 y\u0131l\u0131nda do\u00e7ent oldu. Halen \u0130stanbul Medeniyet \u00dcniversitesi Felsefe B\u00f6l\u00fcm\u00fc\u2019nde \u00f6\u011fretim \u00fcyesidir.<\/span><\/p>\n<p style=\"text-align: center;\"><span style=\"color: #3b5163;\">Klasik D\u00fc\u015f\u00fcnce Okulu&#8217;nda &#8216;<span style=\"font-family: var(--awb-text-font-family); font-size: var(--awb-font-size); font-style: var(--awb-text-font-style); font-weight: var(--awb-text-font-weight); letter-spacing: var(--awb-letter-spacing); text-align: var(--awb-content-alignment); text-transform: var(--awb-text-transform); background-color: var(--awb-bg-color-medium-hover);\">K\u00e2tip \u00c7elebi, Ke\u015ff\u00fc\u2019z-z\u00fcn\u00fbn&#8217; dersini okutmu\u015ftur.<\/span><\/span><\/p>\n<\/div><\/div><\/div><\/div><\/div>\n","protected":false},"excerpt":{"rendered":"","protected":false},"author":1,"featured_media":0,"parent":0,"menu_order":0,"comment_status":"closed","ping_status":"closed","template":"100-width.php","meta":{"footnotes":""},"class_list":["post-4259","page","type-page","status-publish","hentry"],"jetpack_sharing_enabled":true,"_links":{"self":[{"href":"https:\/\/klasikdusunceokulu.com\/index.php\/wp-json\/wp\/v2\/pages\/4259","targetHints":{"allow":["GET"]}}],"collection":[{"href":"https:\/\/klasikdusunceokulu.com\/index.php\/wp-json\/wp\/v2\/pages"}],"about":[{"href":"https:\/\/klasikdusunceokulu.com\/index.php\/wp-json\/wp\/v2\/types\/page"}],"author":[{"embeddable":true,"href":"https:\/\/klasikdusunceokulu.com\/index.php\/wp-json\/wp\/v2\/users\/1"}],"replies":[{"embeddable":true,"href":"https:\/\/klasikdusunceokulu.com\/index.php\/wp-json\/wp\/v2\/comments?post=4259"}],"version-history":[{"count":2,"href":"https:\/\/klasikdusunceokulu.com\/index.php\/wp-json\/wp\/v2\/pages\/4259\/revisions"}],"predecessor-version":[{"id":4394,"href":"https:\/\/klasikdusunceokulu.com\/index.php\/wp-json\/wp\/v2\/pages\/4259\/revisions\/4394"}],"wp:attachment":[{"href":"https:\/\/klasikdusunceokulu.com\/index.php\/wp-json\/wp\/v2\/media?parent=4259"}],"curies":[{"name":"wp","href":"https:\/\/api.w.org\/{rel}","templated":true}]}}