{"id":4261,"date":"2025-03-11T01:48:09","date_gmt":"2025-03-10T22:48:09","guid":{"rendered":"https:\/\/klasikdusunceokulu.com\/?page_id=4261"},"modified":"2025-03-20T22:24:30","modified_gmt":"2025-03-20T19:24:30","slug":"ihsan-fazlioglu","status":"publish","type":"page","link":"https:\/\/klasikdusunceokulu.com\/index.php\/ihsan-fazlioglu\/","title":{"rendered":"\u0130HSAN FAZLIO\u011eLU"},"content":{"rendered":"<div class=\"fusion-fullwidth fullwidth-box fusion-builder-row-1 fusion-flex-container nonhundred-percent-fullwidth non-hundred-percent-height-scrolling\" style=\"--awb-border-radius-top-left:0px;--awb-border-radius-top-right:0px;--awb-border-radius-bottom-right:0px;--awb-border-radius-bottom-left:0px;--awb-flex-wrap:wrap;\" ><div class=\"fusion-builder-row fusion-row fusion-flex-align-items-flex-start fusion-flex-content-wrap\" style=\"max-width:1248px;margin-left: calc(-4% \/ 2 );margin-right: calc(-4% \/ 2 );\"><div class=\"fusion-layout-column fusion_builder_column fusion-builder-column-0 fusion_builder_column_1_1 1_1 fusion-flex-column\" style=\"--awb-bg-size:cover;--awb-width-large:100%;--awb-margin-top-large:0px;--awb-spacing-right-large:1.92%;--awb-margin-bottom-large:0px;--awb-spacing-left-large:1.92%;--awb-width-medium:100%;--awb-spacing-right-medium:1.92%;--awb-spacing-left-medium:1.92%;--awb-width-small:100%;--awb-spacing-right-small:1.92%;--awb-spacing-left-small:1.92%;\"><div class=\"fusion-column-wrapper fusion-flex-justify-content-flex-start fusion-content-layout-column\"><div class=\"fusion-text fusion-text-1\"><p style=\"text-align: center;\"><strong><span style=\"color: #3b5163;\"><img fetchpriority=\"high\" decoding=\"async\" class=\"aligncenter size-full wp-image-4127\" src=\"http:\/\/klasikdusunceokulu.com\/wp-content\/uploads\/2025\/03\/ihsan-fazlioglu-260x300-1.jpg\" alt=\"\" width=\"260\" height=\"300\" srcset=\"https:\/\/klasikdusunceokulu.com\/wp-content\/uploads\/2025\/03\/ihsan-fazlioglu-260x300-1-200x231.jpg 200w, https:\/\/klasikdusunceokulu.com\/wp-content\/uploads\/2025\/03\/ihsan-fazlioglu-260x300-1.jpg 260w\" sizes=\"(max-width: 260px) 100vw, 260px\" \/><\/span><\/strong><\/p>\n<p style=\"text-align: center;\"><strong><span style=\"color: #3b5163;\">\u0130HSAN FAZLIO\u011eLU<\/span><\/strong><\/p>\n<p style=\"text-align: center;\"><span style=\"color: #3b5163;\">1966 y\u0131l\u0131nda Ankara&#8217;da do\u011fdu. Kad\u0131k\u00f6y \u0130mam Hatip Lisesi&#8217;ni (1985), \u0130stanbul \u00dcniversitesi Felsefe B\u00f6l\u00fcm\u00fc&#8217;n\u00fc (1989) bitirdi. \u00dcrd\u00fcn \u00dcniversitesi&#8217;nde (Amman) ve Arap Bilim Tarihi Enstit\u00fcs\u00fc&#8217;nde (Halep), bilim ve matematik tarihi \u00fczerine ara\u015ft\u0131rmalar yapt\u0131 (1990-1992). Y\u00fcksek lisans \u00e7al\u0131\u015fmas\u0131n\u0131 \u0130.\u00dc. Bilim Tarihi B\u00f6l\u00fcm\u00fc&#8217;nde tamamlad\u0131 (1993). Ayn\u0131 b\u00f6l\u00fcmde bir s\u00fcre ara\u015ft\u0131rma g\u00f6revlili\u011finde bulundu. IRCICA yazmalar b\u00f6l\u00fcm\u00fcnde ara\u015ft\u0131rmac\u0131 olarak \u00e7al\u0131\u015ft\u0131 (1987-1990, 1992-1996). K\u0131sa bir m\u00fcddet Kahire&#8217;de yazmalar \u00fczerinde \u00e7al\u0131\u015fmalarda bulundu (1994). \u0130.\u00dc. Felsefe B\u00f6l\u00fcm\u00fc&#8217;ne ge\u00e7ti (1996) ve ayn\u0131 b\u00f6l\u00fcmde doktoras\u0131n\u0131 tamamlad\u0131 (1988). Oklahoma \u00dcniversitesi&#8217;nde (ABD) sahas\u0131yla ilgili ara\u015ft\u0131rmalar yapt\u0131 (2001-2002). \u00dcniversiteleraras\u0131 Kurulu&#8217;ndan do\u00e7entlik \u00fcnvan\u0131n\u0131 ald\u0131 (2005). &#8220;Felsefe-Bilim&#8221; tarihi ile matematik tarihi ve felsefesi \u00fczerine yo\u011funla\u015ft\u0131. \u00d6zellikle bu yap\u0131lar\u0131n \u0130slam ve T\u00fcrk Medeniyet Tarihi i\u00e7erisindeki geli\u015fmelerini yazma kaynaklara dayanarak incelemekte ve yay\u0131nlar yapmaktad\u0131r. Halen \u0130.\u00dc. Edebiyat Fak\u00fcltesi, Felsefe B\u00f6l\u00fcm\u00fc, Felsefe Tarihi Anabilim dal\u0131nda \u00f6\u011fretim \u00fcyesidir. <\/span><\/p>\n<p style=\"text-align: center;\"><span style=\"color: #3b5163;\">Klasik D\u00fc\u015f\u00fcnce Okulu&#8217;nda &#8216;<span style=\"font-family: var(--awb-text-font-family); font-size: var(--awb-font-size); font-style: var(--awb-text-font-style); font-weight: var(--awb-text-font-weight); letter-spacing: var(--awb-letter-spacing); text-align: var(--awb-content-alignment); text-transform: var(--awb-text-transform); background-color: var(--awb-bg-color-medium-hover);\">\u0130bn\u00fc\u2019l-Heysem Okumalar\u0131&#8217; dersini okutmu\u015ftur.<\/span><\/span><\/p>\n<\/div><\/div><\/div><\/div><\/div>\n","protected":false},"excerpt":{"rendered":"","protected":false},"author":1,"featured_media":0,"parent":0,"menu_order":0,"comment_status":"closed","ping_status":"closed","template":"100-width.php","meta":{"footnotes":""},"class_list":["post-4261","page","type-page","status-publish","hentry"],"jetpack_sharing_enabled":true,"_links":{"self":[{"href":"https:\/\/klasikdusunceokulu.com\/index.php\/wp-json\/wp\/v2\/pages\/4261","targetHints":{"allow":["GET"]}}],"collection":[{"href":"https:\/\/klasikdusunceokulu.com\/index.php\/wp-json\/wp\/v2\/pages"}],"about":[{"href":"https:\/\/klasikdusunceokulu.com\/index.php\/wp-json\/wp\/v2\/types\/page"}],"author":[{"embeddable":true,"href":"https:\/\/klasikdusunceokulu.com\/index.php\/wp-json\/wp\/v2\/users\/1"}],"replies":[{"embeddable":true,"href":"https:\/\/klasikdusunceokulu.com\/index.php\/wp-json\/wp\/v2\/comments?post=4261"}],"version-history":[{"count":2,"href":"https:\/\/klasikdusunceokulu.com\/index.php\/wp-json\/wp\/v2\/pages\/4261\/revisions"}],"predecessor-version":[{"id":4395,"href":"https:\/\/klasikdusunceokulu.com\/index.php\/wp-json\/wp\/v2\/pages\/4261\/revisions\/4395"}],"wp:attachment":[{"href":"https:\/\/klasikdusunceokulu.com\/index.php\/wp-json\/wp\/v2\/media?parent=4261"}],"curies":[{"name":"wp","href":"https:\/\/api.w.org\/{rel}","templated":true}]}}