{"id":4330,"date":"2025-03-11T23:27:23","date_gmt":"2025-03-11T20:27:23","guid":{"rendered":"https:\/\/klasikdusunceokulu.com\/?page_id=4330"},"modified":"2025-03-20T22:26:22","modified_gmt":"2025-03-20T19:26:22","slug":"irfan-ince","status":"publish","type":"page","link":"https:\/\/klasikdusunceokulu.com\/index.php\/irfan-ince\/","title":{"rendered":"\u0130RFAN \u0130NCE"},"content":{"rendered":"<div class=\"fusion-fullwidth fullwidth-box fusion-builder-row-1 fusion-flex-container nonhundred-percent-fullwidth non-hundred-percent-height-scrolling\" style=\"--awb-border-radius-top-left:0px;--awb-border-radius-top-right:0px;--awb-border-radius-bottom-right:0px;--awb-border-radius-bottom-left:0px;--awb-flex-wrap:wrap;\" ><div class=\"fusion-builder-row fusion-row fusion-flex-align-items-flex-start fusion-flex-content-wrap\" style=\"max-width:1248px;margin-left: calc(-4% \/ 2 );margin-right: calc(-4% \/ 2 );\"><div class=\"fusion-layout-column fusion_builder_column fusion-builder-column-0 fusion_builder_column_1_1 1_1 fusion-flex-column\" style=\"--awb-bg-size:cover;--awb-width-large:100%;--awb-margin-top-large:0px;--awb-spacing-right-large:1.92%;--awb-margin-bottom-large:0px;--awb-spacing-left-large:1.92%;--awb-width-medium:100%;--awb-spacing-right-medium:1.92%;--awb-spacing-left-medium:1.92%;--awb-width-small:100%;--awb-spacing-right-small:1.92%;--awb-spacing-left-small:1.92%;\"><div class=\"fusion-column-wrapper fusion-flex-justify-content-flex-start fusion-content-layout-column\"><div class=\"fusion-text fusion-text-1\"><p style=\"text-align: center;\"><span style=\"color: #3b5163;\"><strong><img decoding=\"async\" class=\"aligncenter size-full wp-image-4129\" src=\"http:\/\/klasikdusunceokulu.com\/wp-content\/uploads\/2025\/03\/OIP-13-1.jpg\" alt=\"\" width=\"178\" height=\"211\"><\/strong><\/span><\/p>\n<p style=\"text-align: center;\"><span style=\"color: #3b5163;\"><strong>\u0130RFAN \u0130NCE<\/strong><\/span><\/p>\n<p style=\"text-align: center;\"><span style=\"color: #3b5163;\">Dr. \u00d6\u011fr. \u00dcyesi \u0130rfan \u0130nce, Marmara \u00dcniversitesi \u0130lahiyat Fak\u00fcltesi\u2019nde akademisyen olarak g\u00f6rev yapmaktad\u0131r. E\u011fitim hayat\u0131n\u0131 M\u0131s\u0131r\u2019daki El-Ezher \u00dcniversitesi\u2019nde lisans, Marmara \u00dcniversitesi\u2019nde y\u00fcksek lisans ve Almanya\u2019daki Ruhr-Universit\u00e4t Bochum\u2019da doktora seviyesinde tamamlam\u0131\u015ft\u0131r. Doktora \u00e7al\u0131\u015fmas\u0131, 18. y\u00fczy\u0131lda Medine\u2019nin siyasi yap\u0131lar\u0131, ili\u015fkileri ve \u00e7at\u0131\u015fmalar\u0131 \u00fczerine odaklanm\u0131\u015ft\u0131r. \u0130slam hukuku, \u0130slam tarihi ve temel \u0130slam bilimleri alanlar\u0131nda uzmanla\u015fan \u0130nce, Osmanl\u0131 ve \u0130slam d\u00fcnyas\u0131na dair hukuki ve tarihi konular \u00fczerine \u00e7e\u015fitli bilimsel makaleler ve kitap b\u00f6l\u00fcmleri yay\u0131mlam\u0131\u015ft\u0131r. \u00c7al\u0131\u015fmalar\u0131 SCI, SSCI ve AHCI indeksli dergilerde yer alm\u0131\u015f olup, en \u00f6nemli makalelerinden biri Osmanl\u0131 surre alaylar\u0131 \u00fczerine yapt\u0131\u011f\u0131 analizdir. Ayr\u0131ca, F\u00e2t\u0131m\u00eeler d\u00f6nemi yarg\u0131 sistemi ve kad\u0131l\u0131k m\u00fcessesesi gibi konularda da \u00f6nemli akademik yay\u0131nlar\u0131 bulunmaktad\u0131r. \u0130nce\u2019nin katk\u0131 sundu\u011fu kitaplar aras\u0131nda <em data-start=\"910\" data-end=\"941\">Medina im 12.\/18. Jahrhundert<\/em> adl\u0131 doktora tezinin yay\u0131mlanm\u0131\u015f versiyonu, Osmanl\u0131 kad\u0131lar\u0131 \u00fczerine bir \u00e7al\u0131\u015fma ve Serahs\u00ee&#8217;nin hukuk anlay\u0131\u015f\u0131na dair bir yorum yer almaktad\u0131r. Bunun yan\u0131 s\u0131ra \u0130slam hukuku ve modern t\u0131bbi etik \u00fczerine yaz\u0131lar kaleme alm\u0131\u015ft\u0131r. Frans\u0131zca (B1), \u0130ngilizce (C1), Arap\u00e7a (C2) ve Almanca (C2) dillerine hakimdir. Almanya, T\u00fcrkiye ve M\u0131s\u0131r&#8217;da akademik \u00e7al\u0131\u015fmalar y\u00fcr\u00fctm\u00fc\u015f, \u00e7e\u015fitli uluslararas\u0131 kongrelere kat\u0131lm\u0131\u015f ve bildiriler sunmu\u015ftur. 2011-2020 y\u0131llar\u0131 aras\u0131nda Sakarya \u00dcniversitesi \u0130lahiyat Fak\u00fcltesi\u2019nde \u00f6\u011fretim g\u00f6revlisi ve doktor \u00f6\u011fretim \u00fcyesi olarak \u00e7al\u0131\u015fan \u0130nce, 2020\u2019den itibaren Marmara \u00dcniversitesi\u2019nde g\u00f6rev yapmaktad\u0131r. Genel olarak, akademik \u00e7al\u0131\u015fmalar\u0131 \u0130slam hukuku ve tarihi \u00e7er\u00e7evesinde Osmanl\u0131 ve \u0130slam d\u00fcnyas\u0131ndaki hukuki uygulamalar\u0131 anlamaya odaklanmaktad\u0131r. \u00d6zellikle kad\u0131l\u0131k m\u00fcessesesi, mezhep ele\u015ftirileri ve Osmanl\u0131\u2019daki hukuk anlay\u0131\u015f\u0131na dair analizleriyle dikkat \u00e7ekmektedir.<\/span><\/p>\n<p style=\"text-align: center;\"><span style=\"color: #3b5163;\">Klasik D\u00fc\u015f\u00fcnce Okulu&#8217;nda &#8216;Cessas, el-Fus\u00fbl fi&#8217;l-Us\u00fbl&#8217; dersini okutmu\u015ftur.<\/span><\/p>\n<\/div><\/div><\/div><\/div><\/div>\n","protected":false},"excerpt":{"rendered":"","protected":false},"author":1,"featured_media":0,"parent":0,"menu_order":0,"comment_status":"closed","ping_status":"closed","template":"100-width.php","meta":{"footnotes":""},"class_list":["post-4330","page","type-page","status-publish","hentry"],"jetpack_sharing_enabled":true,"_links":{"self":[{"href":"https:\/\/klasikdusunceokulu.com\/index.php\/wp-json\/wp\/v2\/pages\/4330","targetHints":{"allow":["GET"]}}],"collection":[{"href":"https:\/\/klasikdusunceokulu.com\/index.php\/wp-json\/wp\/v2\/pages"}],"about":[{"href":"https:\/\/klasikdusunceokulu.com\/index.php\/wp-json\/wp\/v2\/types\/page"}],"author":[{"embeddable":true,"href":"https:\/\/klasikdusunceokulu.com\/index.php\/wp-json\/wp\/v2\/users\/1"}],"replies":[{"embeddable":true,"href":"https:\/\/klasikdusunceokulu.com\/index.php\/wp-json\/wp\/v2\/comments?post=4330"}],"version-history":[{"count":2,"href":"https:\/\/klasikdusunceokulu.com\/index.php\/wp-json\/wp\/v2\/pages\/4330\/revisions"}],"predecessor-version":[{"id":4396,"href":"https:\/\/klasikdusunceokulu.com\/index.php\/wp-json\/wp\/v2\/pages\/4330\/revisions\/4396"}],"wp:attachment":[{"href":"https:\/\/klasikdusunceokulu.com\/index.php\/wp-json\/wp\/v2\/media?parent=4330"}],"curies":[{"name":"wp","href":"https:\/\/api.w.org\/{rel}","templated":true}]}}