{"id":4332,"date":"2025-03-11T23:31:22","date_gmt":"2025-03-11T20:31:22","guid":{"rendered":"https:\/\/klasikdusunceokulu.com\/?page_id=4332"},"modified":"2025-03-20T21:52:25","modified_gmt":"2025-03-20T18:52:25","slug":"aliye-kovanlikaya-2","status":"publish","type":"page","link":"https:\/\/klasikdusunceokulu.com\/index.php\/aliye-kovanlikaya-2\/","title":{"rendered":"AL\u0130YE KOVANLIKAYA"},"content":{"rendered":"<div class=\"fusion-fullwidth fullwidth-box fusion-builder-row-1 fusion-flex-container nonhundred-percent-fullwidth non-hundred-percent-height-scrolling\" style=\"--awb-border-radius-top-left:0px;--awb-border-radius-top-right:0px;--awb-border-radius-bottom-right:0px;--awb-border-radius-bottom-left:0px;--awb-flex-wrap:wrap;\" ><div class=\"fusion-builder-row fusion-row fusion-flex-align-items-flex-start fusion-flex-content-wrap\" style=\"max-width:1248px;margin-left: calc(-4% \/ 2 );margin-right: calc(-4% \/ 2 );\"><div class=\"fusion-layout-column fusion_builder_column fusion-builder-column-0 fusion_builder_column_1_1 1_1 fusion-flex-column\" style=\"--awb-bg-size:cover;--awb-width-large:100%;--awb-margin-top-large:0px;--awb-spacing-right-large:1.92%;--awb-margin-bottom-large:0px;--awb-spacing-left-large:1.92%;--awb-width-medium:100%;--awb-spacing-right-medium:1.92%;--awb-spacing-left-medium:1.92%;--awb-width-small:100%;--awb-spacing-right-small:1.92%;--awb-spacing-left-small:1.92%;\"><div class=\"fusion-column-wrapper fusion-flex-justify-content-flex-start fusion-content-layout-column\"><div class=\"fusion-text fusion-text-1\"><p style=\"text-align: center;\"><strong><img fetchpriority=\"high\" decoding=\"async\" class=\"aligncenter size-full wp-image-4067\" src=\"http:\/\/klasikdusunceokulu.com\/wp-content\/uploads\/2025\/03\/aliye-1.jpg\" alt=\"\" width=\"428\" height=\"504\" srcset=\"https:\/\/klasikdusunceokulu.com\/wp-content\/uploads\/2025\/03\/aliye-1-200x236.jpg 200w, https:\/\/klasikdusunceokulu.com\/wp-content\/uploads\/2025\/03\/aliye-1-255x300.jpg 255w, https:\/\/klasikdusunceokulu.com\/wp-content\/uploads\/2025\/03\/aliye-1-400x471.jpg 400w, https:\/\/klasikdusunceokulu.com\/wp-content\/uploads\/2025\/03\/aliye-1.jpg 428w\" sizes=\"(max-width: 428px) 100vw, 428px\" \/><\/strong><\/p>\n<p style=\"text-align: center;\"><span style=\"color: #3b5163;\"><strong>AL\u0130YE KOVANLIKAYA<\/strong><\/span><\/p>\n<div class=\"flex max-w-full flex-col flex-grow\" style=\"text-align: center;\">\n<div class=\"min-h-8 text-message relative flex w-full flex-col items-end gap-2 whitespace-normal break-words text-start &#091;.text-message+&amp;&#093;:mt-5\" dir=\"auto\" data-message-author-role=\"assistant\" data-message-id=\"60b2b0b4-b55e-43b0-96c7-8b6b4c63aca1\" data-message-model-slug=\"gpt-4o\">\n<div class=\"flex w-full flex-col gap-1 empty:hidden first:pt-&#091;3px&#093;\">\n<div class=\"markdown prose w-full break-words dark:prose-invert light\">\n<p data-start=\"0\" data-end=\"461\"><span style=\"color: #3b5163;\">Prof. Dr. Aliye Kovanl\u0131kaya, Galatasaray \u00dcniversitesi Fen-Edebiyat Fak\u00fcltesi Felsefe B\u00f6l\u00fcm\u00fc&#8217;nde akademisyen olarak g\u00f6rev yapmaktad\u0131r. Bo\u011fazi\u00e7i \u00dcniversitesi&#8217;nde felsefe alan\u0131nda lisans, y\u00fcksek lisans ve doktora e\u011fitimini tamamlam\u0131\u015f, akademik \u00e7al\u0131\u015fmalar\u0131n\u0131 sistematik felsefe ve mant\u0131k \u00fczerine yo\u011funla\u015ft\u0131rm\u0131\u015ft\u0131r. Kant, Leibniz, Descartes ve fenomenoloji konular\u0131nda uzmanla\u015fm\u0131\u015f olup, \u00f6zellikle ak\u0131l, metafizik ve epistemoloji \u00fczerine ara\u015ft\u0131rmalar y\u00fcr\u00fctmektedir.<\/span><\/p>\n<p data-start=\"463\" data-end=\"884\" data-is-last-node=\"\" data-is-only-node=\"\"><span style=\"color: #3b5163;\">Hakemli dergilerde yay\u0131mlad\u0131\u011f\u0131 makaleler ve kitaplar\u0131yla k\u0131ta felsefesine \u00f6nemli katk\u0131lar sunmu\u015f, &#8220;Kant&#8221;, &#8220;Leibniz S\u00f6zl\u00fc\u011f\u00fc&#8221; ve &#8220;Elisabeth ve Descartes&#8221; gibi eserleri kaleme alm\u0131\u015ft\u0131r. Kant&#8217;\u0131n ak\u0131l ayr\u0131m\u0131, Leibniz\u2019in metafizik anlay\u0131\u015f\u0131 ve fenomenoloji \u00fczerine \u00e7al\u0131\u015fmalar\u0131yla dikkat \u00e7ekmektedir. \u0130ngilizce ve Frans\u0131zca dillerinde ileri d\u00fczeyde yetkinli\u011fe sahip olup, bilin\u00e7 ve \u00f6zg\u00fcrl\u00fck \u00fczerine akademik projeler y\u00fcr\u00fctm\u00fc\u015ft\u00fcr.<\/span><\/p>\n<p data-start=\"463\" data-end=\"884\" data-is-last-node=\"\" data-is-only-node=\"\"><span style=\"color: #3b5163;\">Klasik D\u00fc\u015f\u00fcnce Okulu&#8217;nda &#8216;Descartes Okumalar\u0131: Meditasyonlar&#8217; dersini okutmu\u015ftur.<\/span><\/p>\n<\/div>\n<\/div>\n<\/div>\n<\/div>\n<div class=\"mb-2 flex gap-3 -ml-2\" tabindex=\"0\">\n<div class=\"flex items-center justify-start rounded-xl p-1\">\n<div class=\"flex items-center\" style=\"text-align: center;\">&nbsp;<\/div>\n<\/div>\n<\/div>\n<\/div><\/div><\/div><\/div><\/div>\n","protected":false},"excerpt":{"rendered":"","protected":false},"author":1,"featured_media":0,"parent":0,"menu_order":0,"comment_status":"closed","ping_status":"closed","template":"100-width.php","meta":{"footnotes":""},"class_list":["post-4332","page","type-page","status-publish","hentry"],"jetpack_sharing_enabled":true,"_links":{"self":[{"href":"https:\/\/klasikdusunceokulu.com\/index.php\/wp-json\/wp\/v2\/pages\/4332","targetHints":{"allow":["GET"]}}],"collection":[{"href":"https:\/\/klasikdusunceokulu.com\/index.php\/wp-json\/wp\/v2\/pages"}],"about":[{"href":"https:\/\/klasikdusunceokulu.com\/index.php\/wp-json\/wp\/v2\/types\/page"}],"author":[{"embeddable":true,"href":"https:\/\/klasikdusunceokulu.com\/index.php\/wp-json\/wp\/v2\/users\/1"}],"replies":[{"embeddable":true,"href":"https:\/\/klasikdusunceokulu.com\/index.php\/wp-json\/wp\/v2\/comments?post=4332"}],"version-history":[{"count":3,"href":"https:\/\/klasikdusunceokulu.com\/index.php\/wp-json\/wp\/v2\/pages\/4332\/revisions"}],"predecessor-version":[{"id":4384,"href":"https:\/\/klasikdusunceokulu.com\/index.php\/wp-json\/wp\/v2\/pages\/4332\/revisions\/4384"}],"wp:attachment":[{"href":"https:\/\/klasikdusunceokulu.com\/index.php\/wp-json\/wp\/v2\/media?parent=4332"}],"curies":[{"name":"wp","href":"https:\/\/api.w.org\/{rel}","templated":true}]}}