{"id":4334,"date":"2025-03-11T23:33:56","date_gmt":"2025-03-11T20:33:56","guid":{"rendered":"https:\/\/klasikdusunceokulu.com\/?page_id=4334"},"modified":"2025-03-20T21:53:59","modified_gmt":"2025-03-20T18:53:59","slug":"cemal-abdullah-aydin","status":"publish","type":"page","link":"https:\/\/klasikdusunceokulu.com\/index.php\/cemal-abdullah-aydin\/","title":{"rendered":"CEMAL ABDULLAH AYDIN"},"content":{"rendered":"<div class=\"fusion-fullwidth fullwidth-box fusion-builder-row-1 fusion-flex-container nonhundred-percent-fullwidth non-hundred-percent-height-scrolling\" style=\"--awb-border-radius-top-left:0px;--awb-border-radius-top-right:0px;--awb-border-radius-bottom-right:0px;--awb-border-radius-bottom-left:0px;--awb-flex-wrap:wrap;\" ><div class=\"fusion-builder-row fusion-row fusion-flex-align-items-flex-start fusion-flex-content-wrap\" style=\"max-width:1248px;margin-left: calc(-4% \/ 2 );margin-right: calc(-4% \/ 2 );\"><div class=\"fusion-layout-column fusion_builder_column fusion-builder-column-0 fusion_builder_column_1_1 1_1 fusion-flex-column\" style=\"--awb-bg-size:cover;--awb-width-large:100%;--awb-margin-top-large:0px;--awb-spacing-right-large:1.92%;--awb-margin-bottom-large:0px;--awb-spacing-left-large:1.92%;--awb-width-medium:100%;--awb-spacing-right-medium:1.92%;--awb-spacing-left-medium:1.92%;--awb-width-small:100%;--awb-spacing-right-small:1.92%;--awb-spacing-left-small:1.92%;\"><div class=\"fusion-column-wrapper fusion-flex-justify-content-flex-start fusion-content-layout-column\"><div class=\"fusion-text fusion-text-1\"><p style=\"text-align: center;\"><strong><img fetchpriority=\"high\" decoding=\"async\" class=\"aligncenter size-full wp-image-4071\" src=\"http:\/\/klasikdusunceokulu.com\/wp-content\/uploads\/2025\/03\/maxresdefault.jpg\" alt=\"\" width=\"411\" height=\"506\" srcset=\"https:\/\/klasikdusunceokulu.com\/wp-content\/uploads\/2025\/03\/maxresdefault-200x246.jpg 200w, https:\/\/klasikdusunceokulu.com\/wp-content\/uploads\/2025\/03\/maxresdefault-244x300.jpg 244w, https:\/\/klasikdusunceokulu.com\/wp-content\/uploads\/2025\/03\/maxresdefault-400x492.jpg 400w, https:\/\/klasikdusunceokulu.com\/wp-content\/uploads\/2025\/03\/maxresdefault.jpg 411w\" sizes=\"(max-width: 411px) 100vw, 411px\" \/><\/strong><\/p>\n<p style=\"text-align: center;\"><span style=\"color: #3b5163;\"><strong>CEMAL ABDULLAH AYDIN<\/strong><\/span><\/p>\n<p style=\"text-align: center;\" data-start=\"0\" data-end=\"428\"><span style=\"color: #3b5163;\">Prof. Dr. Cemal Abdullah Ayd\u0131n, \u0130stanbul \u00dcniversitesi \u0130lahiyat Fak\u00fcltesi Temel \u0130slam Bilimleri B\u00f6l\u00fcm\u00fc\u2019nde akademisyen olarak g\u00f6rev yapmaktad\u0131r. Lisans, y\u00fcksek lisans ve doktora e\u011fitimlerini Marmara \u00dcniversitesi\u2019nde tamamlam\u0131\u015f, akademik \u00e7al\u0131\u015fmalar\u0131n\u0131 hadis, Arap dili ve belagati \u00fczerine yo\u011funla\u015ft\u0131rm\u0131\u015ft\u0131r. Akademik kariyerinde \u0130stanbul \u00dcniversitesi\u2019nde \u00e7e\u015fitli kademelerde g\u00f6rev alm\u0131\u015f, 2024 y\u0131l\u0131nda profes\u00f6r unvan\u0131n\u0131 alm\u0131\u015ft\u0131r.<\/span><\/p>\n<p style=\"text-align: center;\" data-start=\"430\" data-end=\"1078\" data-is-last-node=\"\" data-is-only-node=\"\"><span style=\"color: #3b5163;\">Hadis ilmi, Arap dili ve edebiyat\u0131 alanlar\u0131nda bir\u00e7ok makale ve kitap yay\u0131mlam\u0131\u015f olup, \u00f6zellikle hadislerin tahrici ve de\u011ferlendirilmesi konular\u0131nda \u00e7al\u0131\u015fmalar y\u00fcr\u00fctm\u00fc\u015ft\u00fcr. &#8220;Hadislerin Kaynaklar\u0131n\u0131 Bulma Yollar\u0131&#8221;, &#8220;Arap\u00e7a \u00c7\u00f6z\u00fcmlemeli YDS&#8221; ve &#8220;Ahmet Hasan Zeyyat ve Arap Edebiyat\u0131ndaki Yeri&#8221; gibi eserleri bulunmaktad\u0131r. Akademik \u00e7al\u0131\u015fmalar\u0131n\u0131n yan\u0131 s\u0131ra \u00e7e\u015fitli \u00fcniversitelerde j\u00fcri \u00fcyeli\u011fi, dan\u0131\u015fma kurulu \u00fcyeli\u011fi ve bilimsel dergi edit\u00f6rl\u00fc\u011f\u00fc g\u00f6revlerini \u00fcstlenmi\u015ftir. \u0130ngilizce (B2) ve Arap\u00e7a (C1) dillerinde yetkinli\u011fe sahip olup, uluslararas\u0131 sempozyumlarda bildiriler sunmu\u015f ve Arap dili ile hadis ilmi alan\u0131nda \u00f6nemli projelerde yer alm\u0131\u015ft\u0131r.<\/span><\/p>\n<p style=\"text-align: center;\" data-start=\"430\" data-end=\"1078\" data-is-last-node=\"\" data-is-only-node=\"\"><span style=\"color: #3b5163;\">Klasik D\u00fc\u015f\u00fcnce Okulu&#8217;nda &#8216;Muallakat Okumalar\u0131&#8217; dersini okutmu\u015ftur.<\/span><\/p>\n<\/div><\/div><\/div><\/div><\/div>\n","protected":false},"excerpt":{"rendered":"","protected":false},"author":1,"featured_media":0,"parent":0,"menu_order":0,"comment_status":"closed","ping_status":"closed","template":"100-width.php","meta":{"footnotes":""},"class_list":["post-4334","page","type-page","status-publish","hentry"],"jetpack_sharing_enabled":true,"_links":{"self":[{"href":"https:\/\/klasikdusunceokulu.com\/index.php\/wp-json\/wp\/v2\/pages\/4334","targetHints":{"allow":["GET"]}}],"collection":[{"href":"https:\/\/klasikdusunceokulu.com\/index.php\/wp-json\/wp\/v2\/pages"}],"about":[{"href":"https:\/\/klasikdusunceokulu.com\/index.php\/wp-json\/wp\/v2\/types\/page"}],"author":[{"embeddable":true,"href":"https:\/\/klasikdusunceokulu.com\/index.php\/wp-json\/wp\/v2\/users\/1"}],"replies":[{"embeddable":true,"href":"https:\/\/klasikdusunceokulu.com\/index.php\/wp-json\/wp\/v2\/comments?post=4334"}],"version-history":[{"count":2,"href":"https:\/\/klasikdusunceokulu.com\/index.php\/wp-json\/wp\/v2\/pages\/4334\/revisions"}],"predecessor-version":[{"id":4385,"href":"https:\/\/klasikdusunceokulu.com\/index.php\/wp-json\/wp\/v2\/pages\/4334\/revisions\/4385"}],"wp:attachment":[{"href":"https:\/\/klasikdusunceokulu.com\/index.php\/wp-json\/wp\/v2\/media?parent=4334"}],"curies":[{"name":"wp","href":"https:\/\/api.w.org\/{rel}","templated":true}]}}