{"id":4336,"date":"2025-03-11T23:35:49","date_gmt":"2025-03-11T20:35:49","guid":{"rendered":"https:\/\/klasikdusunceokulu.com\/?page_id=4336"},"modified":"2025-03-20T22:06:10","modified_gmt":"2025-03-20T19:06:10","slug":"huseyin-gunday","status":"publish","type":"page","link":"https:\/\/klasikdusunceokulu.com\/index.php\/huseyin-gunday\/","title":{"rendered":"H\u00dcSEY\u0130N G\u00dcNDAY"},"content":{"rendered":"<div class=\"fusion-fullwidth fullwidth-box fusion-builder-row-1 fusion-flex-container nonhundred-percent-fullwidth non-hundred-percent-height-scrolling\" style=\"--awb-border-radius-top-left:0px;--awb-border-radius-top-right:0px;--awb-border-radius-bottom-right:0px;--awb-border-radius-bottom-left:0px;--awb-flex-wrap:wrap;\" ><div class=\"fusion-builder-row fusion-row fusion-flex-align-items-flex-start fusion-flex-content-wrap\" style=\"max-width:1248px;margin-left: calc(-4% \/ 2 );margin-right: calc(-4% \/ 2 );\"><div class=\"fusion-layout-column fusion_builder_column fusion-builder-column-0 fusion_builder_column_1_1 1_1 fusion-flex-column\" style=\"--awb-bg-size:cover;--awb-width-large:100%;--awb-margin-top-large:0px;--awb-spacing-right-large:1.92%;--awb-margin-bottom-large:0px;--awb-spacing-left-large:1.92%;--awb-width-medium:100%;--awb-spacing-right-medium:1.92%;--awb-spacing-left-medium:1.92%;--awb-width-small:100%;--awb-spacing-right-small:1.92%;--awb-spacing-left-small:1.92%;\"><div class=\"fusion-column-wrapper fusion-flex-justify-content-flex-start fusion-content-layout-column\"><div class=\"fusion-text fusion-text-1\"><p style=\"text-align: center;\"><span style=\"color: #3b5163;\"><strong><img fetchpriority=\"high\" decoding=\"async\" class=\"aligncenter size-full wp-image-4092\" src=\"http:\/\/klasikdusunceokulu.com\/wp-content\/uploads\/2025\/03\/OIP-2.jpg\" alt=\"\" width=\"321\" height=\"321\" srcset=\"https:\/\/klasikdusunceokulu.com\/wp-content\/uploads\/2025\/03\/OIP-2-66x66.jpg 66w, https:\/\/klasikdusunceokulu.com\/wp-content\/uploads\/2025\/03\/OIP-2-150x150.jpg 150w, https:\/\/klasikdusunceokulu.com\/wp-content\/uploads\/2025\/03\/OIP-2-200x200.jpg 200w, https:\/\/klasikdusunceokulu.com\/wp-content\/uploads\/2025\/03\/OIP-2-300x300.jpg 300w, https:\/\/klasikdusunceokulu.com\/wp-content\/uploads\/2025\/03\/OIP-2.jpg 321w\" sizes=\"(max-width: 321px) 100vw, 321px\" \/><\/strong><\/span><\/p>\n<p style=\"text-align: center;\"><span style=\"color: #3b5163;\"><strong>H\u00dcSEY\u0130N G\u00dcNDAY<\/strong><\/span><\/p>\n<p style=\"text-align: center;\" data-start=\"0\" data-end=\"348\"><span style=\"color: #3b5163;\">Prof. Dr. H\u00fcseyin G\u00fcnday, Bursa Uluda\u011f \u00dcniversitesi \u0130lahiyat Fak\u00fcltesi Temel \u0130slam Bilimleri B\u00f6l\u00fcm\u00fc\u2019nde akademisyen olarak g\u00f6rev yapmaktad\u0131r. Lisans e\u011fitimini Ankara \u00dcniversitesi\u2019nde, y\u00fcksek lisans ve doktoras\u0131n\u0131 Bursa Uluda\u011f \u00dcniversitesi\u2019nde tamamlam\u0131\u015ft\u0131r. Akademik \u00e7al\u0131\u015fmalar\u0131 Arap dili, belagat ve \u00e7a\u011fda\u015f Arap edebiyat\u0131 \u00fczerine yo\u011funla\u015fm\u0131\u015ft\u0131r.<\/span><\/p>\n<p style=\"text-align: center;\" data-start=\"350\" data-end=\"829\" data-is-last-node=\"\" data-is-only-node=\"\"><span style=\"color: #3b5163;\">\u00d6zellikle Arap dili ve edebiyat\u0131 alan\u0131nda \u00e7e\u015fitli dersler vermi\u015f, Necib Mahfuz ve Cubran Halil Cubran gibi \u00f6nemli edebiyat\u00e7\u0131lar \u00fczerine ara\u015ft\u0131rmalar yapm\u0131\u015ft\u0131r. &#8220;Cibr\u00e2n Halil Cibr\u00e2n: Mistik \u015eair ve Edep&#8221;, &#8220;Modern Arap\u00e7an\u0131n \u015eifreleri&#8221; ve &#8220;Arap Dilinde Klasik ve Modern L\u00fcgaz \u00d6rnekleri&#8221; gibi kitaplar\u0131 yay\u0131mlanm\u0131\u015ft\u0131r. Arap dili e\u011fitimi ve mizah edebiyat\u0131 konular\u0131nda \u00e7al\u0131\u015fmalar\u0131yla \u00f6ne \u00e7\u0131kan G\u00fcnday, \u00e7e\u015fitli akademik j\u00fcri \u00fcyelikleri ve bilimsel hakemlik g\u00f6revlerinde de bulunmu\u015ftur.<\/span><\/p>\n<p style=\"text-align: center;\" data-start=\"350\" data-end=\"829\" data-is-last-node=\"\" data-is-only-node=\"\"><span style=\"color: #3b5163;\">Klasik D\u00fc\u015f\u00fcnce Okulu&#8217;nda &#8216;<span style=\"font-family: var(--awb-text-font-family); font-size: var(--awb-font-size); font-style: var(--awb-text-font-style); font-weight: var(--awb-text-font-weight); letter-spacing: var(--awb-letter-spacing); text-align: var(--awb-content-alignment); text-transform: var(--awb-text-transform); background-color: var(--awb-bg-color-hover);\">Fars\u00e7a Dersleri&#8217; dersini okutmu\u015ftur.<\/span><\/span><\/p>\n<\/div><\/div><\/div><\/div><\/div>\n","protected":false},"excerpt":{"rendered":"","protected":false},"author":1,"featured_media":0,"parent":0,"menu_order":0,"comment_status":"closed","ping_status":"closed","template":"100-width.php","meta":{"footnotes":""},"class_list":["post-4336","page","type-page","status-publish","hentry"],"jetpack_sharing_enabled":true,"_links":{"self":[{"href":"https:\/\/klasikdusunceokulu.com\/index.php\/wp-json\/wp\/v2\/pages\/4336","targetHints":{"allow":["GET"]}}],"collection":[{"href":"https:\/\/klasikdusunceokulu.com\/index.php\/wp-json\/wp\/v2\/pages"}],"about":[{"href":"https:\/\/klasikdusunceokulu.com\/index.php\/wp-json\/wp\/v2\/types\/page"}],"author":[{"embeddable":true,"href":"https:\/\/klasikdusunceokulu.com\/index.php\/wp-json\/wp\/v2\/users\/1"}],"replies":[{"embeddable":true,"href":"https:\/\/klasikdusunceokulu.com\/index.php\/wp-json\/wp\/v2\/comments?post=4336"}],"version-history":[{"count":2,"href":"https:\/\/klasikdusunceokulu.com\/index.php\/wp-json\/wp\/v2\/pages\/4336\/revisions"}],"predecessor-version":[{"id":4388,"href":"https:\/\/klasikdusunceokulu.com\/index.php\/wp-json\/wp\/v2\/pages\/4336\/revisions\/4388"}],"wp:attachment":[{"href":"https:\/\/klasikdusunceokulu.com\/index.php\/wp-json\/wp\/v2\/media?parent=4336"}],"curies":[{"name":"wp","href":"https:\/\/api.w.org\/{rel}","templated":true}]}}