{"id":4338,"date":"2025-03-11T23:38:13","date_gmt":"2025-03-11T20:38:13","guid":{"rendered":"https:\/\/klasikdusunceokulu.com\/?page_id=4338"},"modified":"2025-03-20T22:07:34","modified_gmt":"2025-03-20T19:07:34","slug":"mehmet-olmez","status":"publish","type":"page","link":"https:\/\/klasikdusunceokulu.com\/index.php\/mehmet-olmez\/","title":{"rendered":"MEHMET \u00d6LMEZ"},"content":{"rendered":"<div class=\"fusion-fullwidth fullwidth-box fusion-builder-row-1 fusion-flex-container nonhundred-percent-fullwidth non-hundred-percent-height-scrolling\" style=\"--awb-border-radius-top-left:0px;--awb-border-radius-top-right:0px;--awb-border-radius-bottom-right:0px;--awb-border-radius-bottom-left:0px;--awb-flex-wrap:wrap;\" ><div class=\"fusion-builder-row fusion-row fusion-flex-align-items-flex-start fusion-flex-content-wrap\" style=\"max-width:1248px;margin-left: calc(-4% \/ 2 );margin-right: calc(-4% \/ 2 );\"><div class=\"fusion-layout-column fusion_builder_column fusion-builder-column-0 fusion_builder_column_1_1 1_1 fusion-flex-column\" style=\"--awb-bg-size:cover;--awb-width-large:100%;--awb-margin-top-large:0px;--awb-spacing-right-large:1.92%;--awb-margin-bottom-large:0px;--awb-spacing-left-large:1.92%;--awb-width-medium:100%;--awb-spacing-right-medium:1.92%;--awb-spacing-left-medium:1.92%;--awb-width-small:100%;--awb-spacing-right-small:1.92%;--awb-spacing-left-small:1.92%;\"><div class=\"fusion-column-wrapper fusion-flex-justify-content-flex-start fusion-content-layout-column\"><div class=\"fusion-text fusion-text-1\"><p style=\"text-align: center;\"><strong><span style=\"color: #3b5163;\"><img fetchpriority=\"high\" decoding=\"async\" class=\"aligncenter size-full wp-image-4102\" src=\"http:\/\/klasikdusunceokulu.com\/wp-content\/uploads\/2025\/03\/OIP-6.jpg\" alt=\"\" width=\"258\" height=\"360\" srcset=\"https:\/\/klasikdusunceokulu.com\/wp-content\/uploads\/2025\/03\/OIP-6-200x279.jpg 200w, https:\/\/klasikdusunceokulu.com\/wp-content\/uploads\/2025\/03\/OIP-6-215x300.jpg 215w, https:\/\/klasikdusunceokulu.com\/wp-content\/uploads\/2025\/03\/OIP-6.jpg 258w\" sizes=\"(max-width: 258px) 100vw, 258px\" \/><\/span><\/strong><\/p>\n<p style=\"text-align: center;\"><strong><span style=\"color: #3b5163;\">MEHMET \u00d6LMEZ<\/span><\/strong><\/p>\n<p style=\"text-align: center;\" data-start=\"0\" data-end=\"370\"><span style=\"color: #3b5163;\">Prof. Dr. Mehmet \u00d6lmez, \u0130stanbul \u00dcniversitesi Edebiyat Fak\u00fcltesi \u00c7a\u011fda\u015f T\u00fcrk Leh\u00e7eleri ve Edebiyatlar\u0131 B\u00f6l\u00fcm\u00fc&#8217;nde akademisyen olarak g\u00f6rev yapmaktad\u0131r. Hacettepe \u00dcniversitesi&#8217;nde T\u00fcrk dili ve edebiyat\u0131 alan\u0131nda lisans, y\u00fcksek lisans ve doktora e\u011fitimini tamamlam\u0131\u015f, ayr\u0131ca Georg-August-Universit\u00e4t G\u00f6ttingen&#8217;de T\u00fcrkoloji ve Orta Asya dilleri \u00fczerine doktora yapm\u0131\u015ft\u0131r.<\/span><\/p>\n<p style=\"text-align: center;\" data-start=\"372\" data-end=\"902\" data-is-last-node=\"\" data-is-only-node=\"\"><span style=\"color: #3b5163;\">T\u00fcrk dili, eski T\u00fcrk yaz\u0131tlar\u0131, \u00e7a\u011fda\u015f T\u00fcrk leh\u00e7eleri ve Mo\u011folca alanlar\u0131nda uzmanla\u015fm\u0131\u015f olup, \u00f6zellikle Orhun Yaz\u0131tlar\u0131, Uygurca metinler ve eski T\u00fcrk dilinin s\u00f6z varl\u0131\u011f\u0131 \u00fczerine \u00e7al\u0131\u015fmalar yapm\u0131\u015ft\u0131r. \u00c7e\u015fitli uluslararas\u0131 dergilerde yay\u0131mlanan makaleleri ve &#8220;Altun Yaruk&#8221;, &#8220;Orhon T\u00fcrk\u00e7esi&#8221; gibi kitaplar\u0131 ile T\u00fcrkoloji alan\u0131nda \u00f6nemli katk\u0131larda bulunmu\u015ftur. Eski T\u00fcrk\u00e7e, Mo\u011folca ve \u00e7e\u015fitli T\u00fcrk leh\u00e7eleri \u00fczerine bir\u00e7ok y\u00fcksek lisans ve doktora tezi y\u00f6netmi\u015f, dil tarihi ve etimoloji konular\u0131nda akademik \u00e7al\u0131\u015fmalar y\u00fcr\u00fctm\u00fc\u015ft\u00fcr.<\/span><\/p>\n<p style=\"text-align: center;\" data-start=\"372\" data-end=\"902\" data-is-last-node=\"\" data-is-only-node=\"\"><span style=\"color: #3b5163;\">Klasik D\u00fc\u015f\u00fcnce Okulu&#8217;nda &#8216;<\/span><span style=\"color: var(--awb-text-color); font-family: var(--awb-text-font-family); font-size: var(--awb-font-size); font-style: var(--awb-text-font-style); font-weight: var(--awb-text-font-weight); letter-spacing: var(--awb-letter-spacing); text-align: var(--awb-content-alignment); text-transform: var(--awb-text-transform); background-color: var(--awb-bg-color-hover);\">K\u00f6k T\u00fcrk Yaz\u0131tlar\u0131: K\u00fcl Tegin Okumalar\u0131&#8217; dersini okutmu\u015ftur.<\/span><\/p>\n<\/div><\/div><\/div><\/div><\/div>\n","protected":false},"excerpt":{"rendered":"","protected":false},"author":1,"featured_media":0,"parent":0,"menu_order":0,"comment_status":"closed","ping_status":"closed","template":"100-width.php","meta":{"footnotes":""},"class_list":["post-4338","page","type-page","status-publish","hentry"],"jetpack_sharing_enabled":true,"_links":{"self":[{"href":"https:\/\/klasikdusunceokulu.com\/index.php\/wp-json\/wp\/v2\/pages\/4338","targetHints":{"allow":["GET"]}}],"collection":[{"href":"https:\/\/klasikdusunceokulu.com\/index.php\/wp-json\/wp\/v2\/pages"}],"about":[{"href":"https:\/\/klasikdusunceokulu.com\/index.php\/wp-json\/wp\/v2\/types\/page"}],"author":[{"embeddable":true,"href":"https:\/\/klasikdusunceokulu.com\/index.php\/wp-json\/wp\/v2\/users\/1"}],"replies":[{"embeddable":true,"href":"https:\/\/klasikdusunceokulu.com\/index.php\/wp-json\/wp\/v2\/comments?post=4338"}],"version-history":[{"count":2,"href":"https:\/\/klasikdusunceokulu.com\/index.php\/wp-json\/wp\/v2\/pages\/4338\/revisions"}],"predecessor-version":[{"id":4389,"href":"https:\/\/klasikdusunceokulu.com\/index.php\/wp-json\/wp\/v2\/pages\/4338\/revisions\/4389"}],"wp:attachment":[{"href":"https:\/\/klasikdusunceokulu.com\/index.php\/wp-json\/wp\/v2\/media?parent=4338"}],"curies":[{"name":"wp","href":"https:\/\/api.w.org\/{rel}","templated":true}]}}