{"id":4340,"date":"2025-03-11T23:42:01","date_gmt":"2025-03-11T20:42:01","guid":{"rendered":"https:\/\/klasikdusunceokulu.com\/?page_id=4340"},"modified":"2025-03-20T22:09:09","modified_gmt":"2025-03-20T19:09:09","slug":"murat-kas","status":"publish","type":"page","link":"https:\/\/klasikdusunceokulu.com\/index.php\/murat-kas\/","title":{"rendered":"MURAT KA\u015e"},"content":{"rendered":"<div class=\"fusion-fullwidth fullwidth-box fusion-builder-row-1 fusion-flex-container nonhundred-percent-fullwidth non-hundred-percent-height-scrolling\" style=\"--awb-border-radius-top-left:0px;--awb-border-radius-top-right:0px;--awb-border-radius-bottom-right:0px;--awb-border-radius-bottom-left:0px;--awb-flex-wrap:wrap;\" ><div class=\"fusion-builder-row fusion-row fusion-flex-align-items-flex-start fusion-flex-content-wrap\" style=\"max-width:1248px;margin-left: calc(-4% \/ 2 );margin-right: calc(-4% \/ 2 );\"><div class=\"fusion-layout-column fusion_builder_column fusion-builder-column-0 fusion_builder_column_1_1 1_1 fusion-flex-column\" style=\"--awb-bg-size:cover;--awb-width-large:100%;--awb-margin-top-large:0px;--awb-spacing-right-large:1.92%;--awb-margin-bottom-large:0px;--awb-spacing-left-large:1.92%;--awb-width-medium:100%;--awb-spacing-right-medium:1.92%;--awb-spacing-left-medium:1.92%;--awb-width-small:100%;--awb-spacing-right-small:1.92%;--awb-spacing-left-small:1.92%;\"><div class=\"fusion-column-wrapper fusion-flex-justify-content-flex-start fusion-content-layout-column\"><div class=\"fusion-text fusion-text-1\"><p style=\"text-align: center;\"><span style=\"color: #3b5163;\"><strong><img fetchpriority=\"high\" decoding=\"async\" class=\"aligncenter wp-image-4106\" src=\"http:\/\/klasikdusunceokulu.com\/wp-content\/uploads\/2025\/03\/R.jpg\" alt=\"\" width=\"255\" height=\"242\" srcset=\"https:\/\/klasikdusunceokulu.com\/wp-content\/uploads\/2025\/03\/R-200x189.jpg 200w, https:\/\/klasikdusunceokulu.com\/wp-content\/uploads\/2025\/03\/R-300x284.jpg 300w, https:\/\/klasikdusunceokulu.com\/wp-content\/uploads\/2025\/03\/R-400x379.jpg 400w, https:\/\/klasikdusunceokulu.com\/wp-content\/uploads\/2025\/03\/R-600x568.jpg 600w, https:\/\/klasikdusunceokulu.com\/wp-content\/uploads\/2025\/03\/R.jpg 739w\" sizes=\"(max-width: 255px) 100vw, 255px\" \/><\/strong><\/span><\/p>\n<p style=\"text-align: center;\"><span style=\"color: #3b5163;\"><strong>MURAT KA\u015e<\/strong><\/span><\/p>\n<p style=\"text-align: center;\" data-start=\"0\" data-end=\"309\"><span style=\"color: #3b5163;\">Do\u00e7. Dr. Murat Ka\u015f, K\u00fctahya Dumlup\u0131nar \u00dcniversitesi \u0130lahiyat Fak\u00fcltesi Temel \u0130slam Bilimleri B\u00f6l\u00fcm\u00fc&#8217;nde akademisyen olarak g\u00f6rev yapmaktad\u0131r. Marmara \u00dcniversitesi\u2019nde lisans, y\u00fcksek lisans ve doktora e\u011fitimini tamamlam\u0131\u015f, akademik \u00e7al\u0131\u015fmalar\u0131n\u0131 kelam, \u0130slam d\u00fc\u015f\u00fcncesi ve metafizik \u00fczerine yo\u011funla\u015ft\u0131rm\u0131\u015ft\u0131r.<\/span><\/p>\n<p style=\"text-align: center;\" data-start=\"311\" data-end=\"882\" data-is-last-node=\"\" data-is-only-node=\"\"><span style=\"color: #3b5163;\">\u00d6zellikle \u0130slam felsefesi, zihni varl\u0131k ve kelam ilmi \u00fczerine ara\u015ft\u0131rmalar yapm\u0131\u015f olup, &#8220;M\u0131s\u0131r \u0130lim Havzas\u0131nda \u0130slam D\u00fc\u015f\u00fcncesinin \u00d6nc\u00fc \u015eahsiyetleri&#8221;, &#8220;Metafizik: Varl\u0131k D\u00fc\u015f\u00fcncesi ve S\u0131fatlar&#8221; ve &#8220;\u0130slam D\u00fc\u015f\u00fcncesinde Zihni Varl\u0131k&#8221; gibi kitaplar\u0131 yay\u0131mlanm\u0131\u015ft\u0131r. Kelam problemleri, klasik kelam metinleri ve metafizik \u00fczerine dersler vermekte, \u0130slam d\u00fc\u015f\u00fcncesinin tarihsel geli\u015fimini inceleyen \u00e7e\u015fitli akademik projelerde yer almaktad\u0131r. \u0130ngilizce ve Arap\u00e7a dillerinde y\u00fcksek yeterlili\u011fe sahip olup, \u0130slam felsefesi ve kelam alanlar\u0131nda bilimsel \u00e7al\u0131\u015fmalar\u0131n\u0131 s\u00fcrd\u00fcrmektedir.<\/span><\/p>\n<p style=\"text-align: center;\" data-start=\"311\" data-end=\"882\" data-is-last-node=\"\" data-is-only-node=\"\"><span style=\"color: #3b5163;\">Klasik D\u00fc\u015f\u00fcnce Okulu&#8217;nda &#8216;<span style=\"font-family: var(--awb-text-font-family); font-size: var(--awb-font-size); font-style: var(--awb-text-font-style); font-weight: var(--awb-text-font-weight); letter-spacing: var(--awb-letter-spacing); text-align: var(--awb-content-alignment); text-transform: var(--awb-text-transform); background-color: var(--awb-bg-color-hover);\">C\u00fcveyni, Kitab\u00fc\u2019l-\u0130r\u015fad&#8217; dersini okutmu\u015ftur.<\/span><\/span><\/p>\n<\/div><\/div><\/div><\/div><\/div>\n","protected":false},"excerpt":{"rendered":"","protected":false},"author":1,"featured_media":0,"parent":0,"menu_order":0,"comment_status":"closed","ping_status":"closed","template":"100-width.php","meta":{"footnotes":""},"class_list":["post-4340","page","type-page","status-publish","hentry"],"jetpack_sharing_enabled":true,"_links":{"self":[{"href":"https:\/\/klasikdusunceokulu.com\/index.php\/wp-json\/wp\/v2\/pages\/4340","targetHints":{"allow":["GET"]}}],"collection":[{"href":"https:\/\/klasikdusunceokulu.com\/index.php\/wp-json\/wp\/v2\/pages"}],"about":[{"href":"https:\/\/klasikdusunceokulu.com\/index.php\/wp-json\/wp\/v2\/types\/page"}],"author":[{"embeddable":true,"href":"https:\/\/klasikdusunceokulu.com\/index.php\/wp-json\/wp\/v2\/users\/1"}],"replies":[{"embeddable":true,"href":"https:\/\/klasikdusunceokulu.com\/index.php\/wp-json\/wp\/v2\/comments?post=4340"}],"version-history":[{"count":2,"href":"https:\/\/klasikdusunceokulu.com\/index.php\/wp-json\/wp\/v2\/pages\/4340\/revisions"}],"predecessor-version":[{"id":4390,"href":"https:\/\/klasikdusunceokulu.com\/index.php\/wp-json\/wp\/v2\/pages\/4340\/revisions\/4390"}],"wp:attachment":[{"href":"https:\/\/klasikdusunceokulu.com\/index.php\/wp-json\/wp\/v2\/media?parent=4340"}],"curies":[{"name":"wp","href":"https:\/\/api.w.org\/{rel}","templated":true}]}}