{"id":4342,"date":"2025-03-11T23:47:22","date_gmt":"2025-03-11T20:47:22","guid":{"rendered":"https:\/\/klasikdusunceokulu.com\/?page_id=4342"},"modified":"2025-03-20T22:11:29","modified_gmt":"2025-03-20T19:11:29","slug":"saygin-gunenc","status":"publish","type":"page","link":"https:\/\/klasikdusunceokulu.com\/index.php\/saygin-gunenc\/","title":{"rendered":"SAYGIN G\u00dcNEN\u00c7"},"content":{"rendered":"<div class=\"fusion-fullwidth fullwidth-box fusion-builder-row-1 fusion-flex-container nonhundred-percent-fullwidth non-hundred-percent-height-scrolling\" style=\"--awb-border-radius-top-left:0px;--awb-border-radius-top-right:0px;--awb-border-radius-bottom-right:0px;--awb-border-radius-bottom-left:0px;--awb-flex-wrap:wrap;\" ><div class=\"fusion-builder-row fusion-row fusion-flex-align-items-flex-start fusion-flex-content-wrap\" style=\"max-width:1248px;margin-left: calc(-4% \/ 2 );margin-right: calc(-4% \/ 2 );\"><div class=\"fusion-layout-column fusion_builder_column fusion-builder-column-0 fusion_builder_column_1_1 1_1 fusion-flex-column\" style=\"--awb-bg-size:cover;--awb-width-large:100%;--awb-margin-top-large:0px;--awb-spacing-right-large:1.92%;--awb-margin-bottom-large:0px;--awb-spacing-left-large:1.92%;--awb-width-medium:100%;--awb-spacing-right-medium:1.92%;--awb-spacing-left-medium:1.92%;--awb-width-small:100%;--awb-spacing-right-small:1.92%;--awb-spacing-left-small:1.92%;\"><div class=\"fusion-column-wrapper fusion-flex-justify-content-flex-start fusion-content-layout-column\"><div class=\"fusion-text fusion-text-1\"><p style=\"text-align: center;\"><span style=\"color: #3b5163;\"><strong><img fetchpriority=\"high\" decoding=\"async\" class=\"aligncenter size-full wp-image-4117\" src=\"http:\/\/klasikdusunceokulu.com\/wp-content\/uploads\/2025\/03\/1647780051284.png\" alt=\"\" width=\"297\" height=\"297\" srcset=\"https:\/\/klasikdusunceokulu.com\/wp-content\/uploads\/2025\/03\/1647780051284-66x66.png 66w, https:\/\/klasikdusunceokulu.com\/wp-content\/uploads\/2025\/03\/1647780051284-150x150.png 150w, https:\/\/klasikdusunceokulu.com\/wp-content\/uploads\/2025\/03\/1647780051284-200x200.png 200w, https:\/\/klasikdusunceokulu.com\/wp-content\/uploads\/2025\/03\/1647780051284.png 297w\" sizes=\"(max-width: 297px) 100vw, 297px\" \/><\/strong><\/span><\/p>\n<p style=\"text-align: center;\"><span style=\"color: #3b5163;\"><strong>SAYGIN G\u00dcNEN\u00c7<\/strong><\/span><\/p>\n<p style=\"text-align: center;\" data-start=\"0\" data-end=\"279\"><span style=\"color: #3b5163;\">Ar\u015f. G\u00f6r. Sayg\u0131n G\u00fcnen\u00e7, Bursa Uluda\u011f \u00dcniversitesi Fen-Edebiyat Fak\u00fcltesi Felsefe B\u00f6l\u00fcm\u00fc\u2019nde ara\u015ft\u0131rma g\u00f6revlisi olarak g\u00f6rev yapmaktad\u0131r. Akademik \u00e7al\u0131\u015fmalar\u0131 felsefe tarihi, \u00f6zellikle Kant, Fichte, Schelling ve Hegel gibi Alman idealizmi filozoflar\u0131 \u00fczerine yo\u011funla\u015fmaktad\u0131r.<\/span><\/p>\n<p style=\"text-align: center;\" data-start=\"281\" data-end=\"785\" data-is-last-node=\"\" data-is-only-node=\"\"><span style=\"color: #3b5163;\">Aristoteles ve etik felsefesi, Kant\u2019\u0131n ahlak anlay\u0131\u015f\u0131 ve romantik felsefe \u00fczerine \u00e7e\u015fitli makaleler yay\u0131mlam\u0131\u015f olup, &#8220;Fichte: Kant\u00e7\u0131lar ve Kant Kar\u015f\u0131tlar\u0131&#8221;, &#8220;Schelling: Do\u011fa, \u00d6zg\u00fcrl\u00fck, Mitoloji&#8221; ve &#8220;Romantikler: Schlegel, H\u00f6lderlin, Novalis, Schleiermacher&#8221; gibi kitaplar\u0131 bulunmaktad\u0131r. Metafizik ve ontoloji alan\u0131nda da \u00e7al\u0131\u015fmalar\u0131 bulunan G\u00fcnen\u00e7, \u00e7e\u015fitli ulusal ve uluslararas\u0131 felsefe kongrelerine kat\u0131lm\u0131\u015ft\u0131r. Latince, \u0130ngilizce, Yunanca, Almanca ve Frans\u0131zca dillerinde y\u00fcksek yeterlili\u011fe sahiptir.<\/span><\/p>\n<p style=\"text-align: center;\" data-start=\"281\" data-end=\"785\" data-is-last-node=\"\" data-is-only-node=\"\"><span style=\"color: #3b5163;\">Klasik D\u00fc\u015f\u00fcnce Okulu&#8217;nda &#8216;<span style=\"font-family: var(--awb-text-font-family); font-size: var(--awb-font-size); font-style: var(--awb-text-font-style); font-weight: var(--awb-text-font-weight); letter-spacing: var(--awb-letter-spacing); text-align: var(--awb-content-alignment); text-transform: var(--awb-text-transform); background-color: var(--awb-bg-color-hover);\">Klasik Yunanca Dersleri&#8217; ve &#8216;<\/span><span style=\"font-family: var(--awb-text-font-family); font-size: var(--awb-font-size); font-style: var(--awb-text-font-style); font-weight: var(--awb-text-font-weight); letter-spacing: var(--awb-letter-spacing); text-align: var(--awb-content-alignment); text-transform: var(--awb-text-transform); background-color: var(--awb-bg-color-hover);\">Modernler Klasikleri Neden\/Nas\u0131l Okudu?, Heidegger&#8217; derslerini okutmu\u015ftur.<\/span><br \/><\/span><\/p>\n<\/div><\/div><\/div><\/div><\/div>\n","protected":false},"excerpt":{"rendered":"","protected":false},"author":1,"featured_media":0,"parent":0,"menu_order":0,"comment_status":"closed","ping_status":"closed","template":"100-width.php","meta":{"footnotes":""},"class_list":["post-4342","page","type-page","status-publish","hentry"],"jetpack_sharing_enabled":true,"_links":{"self":[{"href":"https:\/\/klasikdusunceokulu.com\/index.php\/wp-json\/wp\/v2\/pages\/4342","targetHints":{"allow":["GET"]}}],"collection":[{"href":"https:\/\/klasikdusunceokulu.com\/index.php\/wp-json\/wp\/v2\/pages"}],"about":[{"href":"https:\/\/klasikdusunceokulu.com\/index.php\/wp-json\/wp\/v2\/types\/page"}],"author":[{"embeddable":true,"href":"https:\/\/klasikdusunceokulu.com\/index.php\/wp-json\/wp\/v2\/users\/1"}],"replies":[{"embeddable":true,"href":"https:\/\/klasikdusunceokulu.com\/index.php\/wp-json\/wp\/v2\/comments?post=4342"}],"version-history":[{"count":2,"href":"https:\/\/klasikdusunceokulu.com\/index.php\/wp-json\/wp\/v2\/pages\/4342\/revisions"}],"predecessor-version":[{"id":4391,"href":"https:\/\/klasikdusunceokulu.com\/index.php\/wp-json\/wp\/v2\/pages\/4342\/revisions\/4391"}],"wp:attachment":[{"href":"https:\/\/klasikdusunceokulu.com\/index.php\/wp-json\/wp\/v2\/media?parent=4342"}],"curies":[{"name":"wp","href":"https:\/\/api.w.org\/{rel}","templated":true}]}}