{"id":4344,"date":"2025-03-11T23:50:01","date_gmt":"2025-03-11T20:50:01","guid":{"rendered":"https:\/\/klasikdusunceokulu.com\/?page_id=4344"},"modified":"2025-03-20T22:27:23","modified_gmt":"2025-03-20T19:27:23","slug":"sener-sahin","status":"publish","type":"page","link":"https:\/\/klasikdusunceokulu.com\/index.php\/sener-sahin\/","title":{"rendered":"\u015eENER \u015eAH\u0130N"},"content":{"rendered":"<div class=\"fusion-fullwidth fullwidth-box fusion-builder-row-1 fusion-flex-container nonhundred-percent-fullwidth non-hundred-percent-height-scrolling\" style=\"--awb-border-radius-top-left:0px;--awb-border-radius-top-right:0px;--awb-border-radius-bottom-right:0px;--awb-border-radius-bottom-left:0px;--awb-flex-wrap:wrap;\" ><div class=\"fusion-builder-row fusion-row fusion-flex-align-items-flex-start fusion-flex-content-wrap\" style=\"max-width:1248px;margin-left: calc(-4% \/ 2 );margin-right: calc(-4% \/ 2 );\"><div class=\"fusion-layout-column fusion_builder_column fusion-builder-column-0 fusion_builder_column_1_1 1_1 fusion-flex-column\" style=\"--awb-bg-size:cover;--awb-width-large:100%;--awb-margin-top-large:0px;--awb-spacing-right-large:1.92%;--awb-margin-bottom-large:0px;--awb-spacing-left-large:1.92%;--awb-width-medium:100%;--awb-spacing-right-medium:1.92%;--awb-spacing-left-medium:1.92%;--awb-width-small:100%;--awb-spacing-right-small:1.92%;--awb-spacing-left-small:1.92%;\"><div class=\"fusion-column-wrapper fusion-flex-justify-content-flex-start fusion-content-layout-column\"><div class=\"fusion-text fusion-text-1\"><p style=\"text-align: center;\"><span style=\"color: #3b5163;\"><strong><img fetchpriority=\"high\" decoding=\"async\" class=\"aligncenter size-full wp-image-4130\" src=\"http:\/\/klasikdusunceokulu.com\/wp-content\/uploads\/2025\/03\/maxresdefault-1-e1741575308356.webp\" alt=\"\" width=\"422\" height=\"486\" srcset=\"https:\/\/klasikdusunceokulu.com\/wp-content\/uploads\/2025\/03\/maxresdefault-1-e1741575308356-200x230.webp 200w, https:\/\/klasikdusunceokulu.com\/wp-content\/uploads\/2025\/03\/maxresdefault-1-e1741575308356-260x300.webp 260w, https:\/\/klasikdusunceokulu.com\/wp-content\/uploads\/2025\/03\/maxresdefault-1-e1741575308356-400x461.webp 400w, https:\/\/klasikdusunceokulu.com\/wp-content\/uploads\/2025\/03\/maxresdefault-1-e1741575308356.webp 422w\" sizes=\"(max-width: 422px) 100vw, 422px\" \/><\/strong><\/span><\/p>\n<p style=\"text-align: center;\"><span style=\"color: #3b5163;\"><strong>\u015eENER \u015eAH\u0130N<\/strong><\/span><\/p>\n<div class=\"flex max-w-full flex-col flex-grow\">\n<div class=\"min-h-8 text-message relative flex w-full flex-col items-end gap-2 whitespace-normal break-words text-start &#091;.text-message+&amp;&#093;:mt-5\" dir=\"auto\" data-message-author-role=\"assistant\" data-message-id=\"e5ba79ec-8733-4c11-b204-7e8f10b6f3e4\" data-message-model-slug=\"gpt-4o\">\n<div class=\"flex w-full flex-col gap-1 empty:hidden first:pt-&#091;3px&#093;\">\n<div class=\"markdown prose w-full break-words dark:prose-invert light\">\n<p style=\"text-align: center;\" data-start=\"0\" data-end=\"322\"><span style=\"color: #3b5163;\">Prof. Dr. \u015eener \u015eahin, Bursa Uluda\u011f \u00dcniversitesi \u0130lahiyat Fak\u00fcltesi Temel \u0130slam Bilimleri B\u00f6l\u00fcm\u00fc&#8217;nde akademisyen olarak g\u00f6rev yapmaktad\u0131r. Lisans, y\u00fcksek lisans ve doktora e\u011fitimlerini Bursa Uluda\u011f \u00dcniversitesi\u2019nde tamamlam\u0131\u015f, akademik \u00e7al\u0131\u015fmalar\u0131n\u0131 Arap dili, belagat ve klasik Arap edebiyat\u0131 \u00fczerine yo\u011funla\u015ft\u0131rm\u0131\u015ft\u0131r.<\/span><\/p>\n<p style=\"text-align: center;\" data-start=\"324\" data-end=\"832\" data-is-last-node=\"\" data-is-only-node=\"\"><span style=\"color: #3b5163;\">\u00d6zellikle Arap mizah\u0131, klasik Arap edebiyat\u0131 ve dilbilgisi alanlar\u0131nda ara\u015ft\u0131rmalar yapm\u0131\u015f olup, &#8220;Klasik Arap Mizah\u0131n\u0131n Kaynaklar\u0131&#8221;, &#8220;Arap\u00e7ay\u0131 Sevdiren Kitap&#8221; ve &#8220;Modern Arap\u00e7an\u0131n \u015eifreleri&#8221; gibi eserleri yay\u0131mlanm\u0131\u015ft\u0131r. Arap\u00e7a e\u011fitimi, edebi anlat\u0131m teknikleri ve klasik mizah unsurlar\u0131 \u00fczerine akademik \u00e7al\u0131\u015fmalarda bulunmu\u015f, uluslararas\u0131 sempozyumlarda sunumlar yapm\u0131\u015ft\u0131r. Arap\u00e7a (C1) seviyesinde yetkinli\u011fe sahip olup, \u0130lahiyat ve Arap dili alan\u0131nda bilimsel dergilerde edit\u00f6rl\u00fck g\u00f6revini s\u00fcrd\u00fcrmektedir.<\/span><\/p>\n<p style=\"text-align: center;\" data-start=\"324\" data-end=\"832\" data-is-last-node=\"\" data-is-only-node=\"\"><span style=\"color: #3b5163;\">Klasik D\u00fc\u015f\u00fcnce Okulu&#8217;nda &#8216;<span style=\"font-family: var(--awb-text-font-family); font-size: var(--awb-font-size); font-style: var(--awb-text-font-style); font-weight: var(--awb-text-font-weight); letter-spacing: var(--awb-letter-spacing); text-align: var(--awb-content-alignment); text-transform: var(--awb-text-transform); background-color: var(--awb-bg-color-medium-hover);\">Arap\u00e7a Dersleri&#8217; dersini okutmu\u015ftur.<\/span><\/span><\/p>\n<\/div>\n<\/div>\n<\/div>\n<\/div>\n<\/div><\/div><\/div><\/div><\/div>\n","protected":false},"excerpt":{"rendered":"","protected":false},"author":1,"featured_media":0,"parent":0,"menu_order":0,"comment_status":"closed","ping_status":"closed","template":"100-width.php","meta":{"footnotes":""},"class_list":["post-4344","page","type-page","status-publish","hentry"],"jetpack_sharing_enabled":true,"_links":{"self":[{"href":"https:\/\/klasikdusunceokulu.com\/index.php\/wp-json\/wp\/v2\/pages\/4344","targetHints":{"allow":["GET"]}}],"collection":[{"href":"https:\/\/klasikdusunceokulu.com\/index.php\/wp-json\/wp\/v2\/pages"}],"about":[{"href":"https:\/\/klasikdusunceokulu.com\/index.php\/wp-json\/wp\/v2\/types\/page"}],"author":[{"embeddable":true,"href":"https:\/\/klasikdusunceokulu.com\/index.php\/wp-json\/wp\/v2\/users\/1"}],"replies":[{"embeddable":true,"href":"https:\/\/klasikdusunceokulu.com\/index.php\/wp-json\/wp\/v2\/comments?post=4344"}],"version-history":[{"count":2,"href":"https:\/\/klasikdusunceokulu.com\/index.php\/wp-json\/wp\/v2\/pages\/4344\/revisions"}],"predecessor-version":[{"id":4397,"href":"https:\/\/klasikdusunceokulu.com\/index.php\/wp-json\/wp\/v2\/pages\/4344\/revisions\/4397"}],"wp:attachment":[{"href":"https:\/\/klasikdusunceokulu.com\/index.php\/wp-json\/wp\/v2\/media?parent=4344"}],"curies":[{"name":"wp","href":"https:\/\/api.w.org\/{rel}","templated":true}]}}