{"id":4366,"date":"2025-03-13T15:39:38","date_gmt":"2025-03-13T12:39:38","guid":{"rendered":"https:\/\/klasikdusunceokulu.com\/?page_id=4366"},"modified":"2025-03-20T22:03:55","modified_gmt":"2025-03-20T19:03:55","slug":"cengiz-cakmak","status":"publish","type":"page","link":"https:\/\/klasikdusunceokulu.com\/index.php\/cengiz-cakmak\/","title":{"rendered":"CENG\u0130Z \u00c7AKMAK"},"content":{"rendered":"<div class=\"fusion-fullwidth fullwidth-box fusion-builder-row-1 fusion-flex-container nonhundred-percent-fullwidth non-hundred-percent-height-scrolling\" style=\"--awb-border-radius-top-left:0px;--awb-border-radius-top-right:0px;--awb-border-radius-bottom-right:0px;--awb-border-radius-bottom-left:0px;--awb-flex-wrap:wrap;\" ><div class=\"fusion-builder-row fusion-row fusion-flex-align-items-flex-start fusion-flex-content-wrap\" style=\"max-width:1248px;margin-left: calc(-4% \/ 2 );margin-right: calc(-4% \/ 2 );\"><div class=\"fusion-layout-column fusion_builder_column fusion-builder-column-0 fusion_builder_column_1_1 1_1 fusion-flex-column\" style=\"--awb-bg-size:cover;--awb-width-large:100%;--awb-margin-top-large:0px;--awb-spacing-right-large:1.92%;--awb-margin-bottom-large:0px;--awb-spacing-left-large:1.92%;--awb-width-medium:100%;--awb-spacing-right-medium:1.92%;--awb-spacing-left-medium:1.92%;--awb-width-small:100%;--awb-spacing-right-small:1.92%;--awb-spacing-left-small:1.92%;\"><div class=\"fusion-column-wrapper fusion-flex-justify-content-flex-start fusion-content-layout-column\"><div class=\"fusion-text fusion-text-1\"><div class=\"flex max-w-full flex-col flex-grow\">\n<div class=\"min-h-8 text-message relative flex w-full flex-col items-end gap-2 whitespace-normal break-words text-start &#091;.text-message+&amp;&#093;:mt-5\" dir=\"auto\" data-message-author-role=\"assistant\" data-message-id=\"c03bd622-e1c4-48db-a281-cb80d52485c6\" data-message-model-slug=\"gpt-4o\">\n<div class=\"flex w-full flex-col gap-1 empty:hidden first:pt-&#091;3px&#093;\">\n<div class=\"markdown prose w-full break-words dark:prose-invert light\">\n<p style=\"text-align: center;\" data-start=\"0\" data-end=\"320\"><span style=\"color: #3b5163;\"><img fetchpriority=\"high\" decoding=\"async\" class=\"aligncenter size-full wp-image-4365\" src=\"http:\/\/klasikdusunceokulu.com\/wp-content\/uploads\/2025\/03\/prof-dr-cengiz-cakmak-prof-dr-teoman-durali-c-16600842_amp-e1741869428809.webp\" alt=\"\" width=\"438\" height=\"358\" srcset=\"https:\/\/klasikdusunceokulu.com\/wp-content\/uploads\/2025\/03\/prof-dr-cengiz-cakmak-prof-dr-teoman-durali-c-16600842_amp-e1741869428809-200x163.webp 200w, https:\/\/klasikdusunceokulu.com\/wp-content\/uploads\/2025\/03\/prof-dr-cengiz-cakmak-prof-dr-teoman-durali-c-16600842_amp-e1741869428809-300x245.webp 300w, https:\/\/klasikdusunceokulu.com\/wp-content\/uploads\/2025\/03\/prof-dr-cengiz-cakmak-prof-dr-teoman-durali-c-16600842_amp-e1741869428809-400x327.webp 400w, https:\/\/klasikdusunceokulu.com\/wp-content\/uploads\/2025\/03\/prof-dr-cengiz-cakmak-prof-dr-teoman-durali-c-16600842_amp-e1741869428809.webp 438w\" sizes=\"(max-width: 438px) 100vw, 438px\" \/><\/span><\/p>\n<p style=\"text-align: center;\" data-start=\"0\" data-end=\"320\"><span style=\"color: #3b5163;\"><b>CENG\u0130Z \u00c7AKMAK<\/b><\/span><\/p>\n<p style=\"text-align: center;\" data-start=\"0\" data-end=\"320\"><span style=\"color: #3b5163;\">Prof. Dr. Cengiz \u00c7akmak, \u0130stanbul \u00dcniversitesi Edebiyat Fak\u00fcltesi Felsefe B\u00f6l\u00fcm\u00fc&#8217;nde akademisyen olarak g\u00f6rev yapmaktad\u0131r. Lisans, y\u00fcksek lisans ve doktora e\u011fitimlerini \u0130stanbul \u00dcniversitesi\u2019nde tamamlam\u0131\u015f, akademik \u00e7al\u0131\u015fmalar\u0131n\u0131 felsefe tarihi, \u00f6zellikle Platon, Wittgenstein ve Herakleitos \u00fczerine yo\u011funla\u015ft\u0131rm\u0131\u015ft\u0131r. <\/span><span style=\"color: #3b5163;\">Dil felsefesi, metafizik ve klasik felsefe metinleri \u00fczerine \u00e7e\u015fitli \u00e7al\u0131\u015fmalar yapm\u0131\u015f olup, &#8220;Herakleitos Fragmanlar: \u00c7eviri ve Yorum&#8221;, &#8220;Politik Yarg\u0131 Olarak Politik Felsefe&#8221; ve &#8220;Thomas Hobbes: Resimler ve Temsiller&#8221; gibi eserleri bulunmaktad\u0131r. Antik\u00e7a\u011f felsefesi ve modern felsefi ak\u0131mlar \u00fczerine dersler vermekte olup, Platon\u2019un anlam kuram\u0131 ve Wittgenstein\u2019\u0131n dil felsefesi gibi konular \u00fczerine akademik makaleler yay\u0131mlam\u0131\u015ft\u0131r. \u0130ngilizce ve Yunanca dillerinde ileri d\u00fczeyde yetkinli\u011fe sahip olan \u00c7akmak, ele\u015ftirel felsefe ve klasik d\u00fc\u015f\u00fcnce gelenekleri \u00fczerine bilimsel \u00e7al\u0131\u015fmalar\u0131n\u0131 s\u00fcrd\u00fcrmektedir.<\/span><\/p>\n<p style=\"text-align: center;\" data-start=\"0\" data-end=\"320\"><span style=\"color: #3b5163;\">Klasik D\u00fc\u015f\u00fcnce Okulu&#8217;nda &#8216;Genel Felsefe &#8216; dersini okutmu\u015ftur.<\/span><\/p>\n<\/div>\n<\/div>\n<\/div>\n<\/div>\n<\/div><\/div><\/div><\/div><\/div>\n","protected":false},"excerpt":{"rendered":"","protected":false},"author":1,"featured_media":0,"parent":0,"menu_order":0,"comment_status":"closed","ping_status":"closed","template":"100-width.php","meta":{"footnotes":""},"class_list":["post-4366","page","type-page","status-publish","hentry"],"jetpack_sharing_enabled":true,"_links":{"self":[{"href":"https:\/\/klasikdusunceokulu.com\/index.php\/wp-json\/wp\/v2\/pages\/4366","targetHints":{"allow":["GET"]}}],"collection":[{"href":"https:\/\/klasikdusunceokulu.com\/index.php\/wp-json\/wp\/v2\/pages"}],"about":[{"href":"https:\/\/klasikdusunceokulu.com\/index.php\/wp-json\/wp\/v2\/types\/page"}],"author":[{"embeddable":true,"href":"https:\/\/klasikdusunceokulu.com\/index.php\/wp-json\/wp\/v2\/users\/1"}],"replies":[{"embeddable":true,"href":"https:\/\/klasikdusunceokulu.com\/index.php\/wp-json\/wp\/v2\/comments?post=4366"}],"version-history":[{"count":3,"href":"https:\/\/klasikdusunceokulu.com\/index.php\/wp-json\/wp\/v2\/pages\/4366\/revisions"}],"predecessor-version":[{"id":4387,"href":"https:\/\/klasikdusunceokulu.com\/index.php\/wp-json\/wp\/v2\/pages\/4366\/revisions\/4387"}],"wp:attachment":[{"href":"https:\/\/klasikdusunceokulu.com\/index.php\/wp-json\/wp\/v2\/media?parent=4366"}],"curies":[{"name":"wp","href":"https:\/\/api.w.org\/{rel}","templated":true}]}}