{"id":4451,"date":"2025-04-12T09:50:30","date_gmt":"2025-04-12T06:50:30","guid":{"rendered":"https:\/\/klasikdusunceokulu.com\/?page_id=4451"},"modified":"2025-04-12T11:08:25","modified_gmt":"2025-04-12T08:08:25","slug":"nedim-tan-menazilus-sairin-okumalari-3","status":"publish","type":"page","link":"https:\/\/klasikdusunceokulu.com\/index.php\/nedim-tan-menazilus-sairin-okumalari-3\/","title":{"rendered":"Nedim Tan-Men\u00e2zil\u00fc\u2019s S\u00e2ir\u00een Okumalar\u0131"},"content":{"rendered":"<p><span style=\"color: #3b5163;\"><a style=\"color: #3b5163;\" href=\"https:\/\/klasikdusunceokulu.com\/index.php\/nedim-tan-menazilus-sairin-okumalari-2\/\" target=\"_blank\" rel=\"noopener\"><strong>NED\u0130M TAN, MEN\u00c2Z\u0130L\u00dc\u2019S S\u00c2\u0130R\u00ceN OKUMALARI 36. SEM\u0130NER \u00d6ZET\u0130<\/strong><\/a><\/span><\/p>\n<p><span style=\"color: #3b5163;\"><a style=\"color: #3b5163;\" href=\"https:\/\/klasikdusunceokulu.com\/index.php\/nedim-tan-menazilus-sairin-okumalari-38\/\" target=\"_blank\" rel=\"noopener\"><strong>NED\u0130M TAN, MEN\u00c2Z\u0130L\u00dc\u2019S S\u00c2\u0130R\u00ceN OKUMALARI 38. SEM\u0130NER \u00d6ZET\u0130<\/strong><\/a><\/span><\/p>\n","protected":false},"excerpt":{"rendered":"<p>NED\u0130M TAN, MEN\u00c2Z\u0130L\u00dc\u2019S S\u00c2\u0130R\u00ceN OKUMALARI 36. SEM\u0130NER \u00d6ZET\u0130 NED\u0130M TAN, [&hellip;]<\/p>\n","protected":false},"author":1,"featured_media":0,"parent":0,"menu_order":0,"comment_status":"closed","ping_status":"closed","template":"","meta":{"footnotes":""},"class_list":["post-4451","page","type-page","status-publish","hentry"],"jetpack_sharing_enabled":true,"_links":{"self":[{"href":"https:\/\/klasikdusunceokulu.com\/index.php\/wp-json\/wp\/v2\/pages\/4451","targetHints":{"allow":["GET"]}}],"collection":[{"href":"https:\/\/klasikdusunceokulu.com\/index.php\/wp-json\/wp\/v2\/pages"}],"about":[{"href":"https:\/\/klasikdusunceokulu.com\/index.php\/wp-json\/wp\/v2\/types\/page"}],"author":[{"embeddable":true,"href":"https:\/\/klasikdusunceokulu.com\/index.php\/wp-json\/wp\/v2\/users\/1"}],"replies":[{"embeddable":true,"href":"https:\/\/klasikdusunceokulu.com\/index.php\/wp-json\/wp\/v2\/comments?post=4451"}],"version-history":[{"count":2,"href":"https:\/\/klasikdusunceokulu.com\/index.php\/wp-json\/wp\/v2\/pages\/4451\/revisions"}],"predecessor-version":[{"id":4475,"href":"https:\/\/klasikdusunceokulu.com\/index.php\/wp-json\/wp\/v2\/pages\/4451\/revisions\/4475"}],"wp:attachment":[{"href":"https:\/\/klasikdusunceokulu.com\/index.php\/wp-json\/wp\/v2\/media?parent=4451"}],"curies":[{"name":"wp","href":"https:\/\/api.w.org\/{rel}","templated":true}]}}