{"id":4457,"date":"2025-04-12T10:42:11","date_gmt":"2025-04-12T07:42:11","guid":{"rendered":"https:\/\/klasikdusunceokulu.com\/?page_id=4457"},"modified":"2025-06-27T16:22:44","modified_gmt":"2025-06-27T13:22:44","slug":"islam-dusuncesinde-velayet-hakim-tirmizi-sordu-ibnul-arabi-cevapladi","status":"publish","type":"page","link":"https:\/\/klasikdusunceokulu.com\/index.php\/islam-dusuncesinde-velayet-hakim-tirmizi-sordu-ibnul-arabi-cevapladi\/","title":{"rendered":"\u0130slam D\u00fc\u015f\u00fcncesinde Velayet: Hak\u00eem Tirmiz\u00ee Sordu \u0130bn\u00fc\u2019l Arab\u00ee Cevaplad\u0131"},"content":{"rendered":"<p><span style=\"color: #3b5163;\"><strong>EKREM DEM\u0130RL\u0130, \u0130SLAM D\u00dc\u015e\u00dcNCES\u0130NDE VELAYET 1<\/strong><\/span><span style=\"color: #3b5163;\"><strong>. SEM\u0130NER \u00d6ZET\u0130<\/strong><\/span><\/p>\n<p><span style=\"color: #3b5163;\"><strong>EKREM DEM\u0130RL\u0130, \u0130SLAM D\u00dc\u015e\u00dcNCES\u0130NDE VELAYET 2. SEM\u0130NER \u00d6ZET\u0130<\/strong><\/span><\/p>\n<p><span style=\"color: #3b5163;\"><strong>EKREM DEM\u0130RL\u0130, \u0130SLAM D\u00dc\u015e\u00dcNCES\u0130NDE VELAYET 3. SEM\u0130NER \u00d6ZET\u0130<\/strong><\/span><\/p>\n<p><span style=\"color: #3b5163;\"><strong>EKREM DEM\u0130RL\u0130, \u0130SLAM D\u00dc\u015e\u00dcNCES\u0130NDE VELAYET 4. SEM\u0130NER \u00d6ZET\u0130<\/strong><\/span><\/p>\n<p><span style=\"color: #3b5163;\"><strong>EKREM DEM\u0130RL\u0130, \u0130SLAM D\u00dc\u015e\u00dcNCES\u0130NDE VELAYET 5. SEM\u0130NER \u00d6ZET\u0130<\/strong><\/span><\/p>\n<p><span style=\"color: #3b5163;\"><strong>EKREM DEM\u0130RL\u0130, \u0130SLAM D\u00dc\u015e\u00dcNCES\u0130NDE VELAYET 6. SEM\u0130NER \u00d6ZET\u0130<\/strong><\/span><\/p>\n<p><span style=\"color: #3b5163;\"><strong>EKREM DEM\u0130RL\u0130, \u0130SLAM D\u00dc\u015e\u00dcNCES\u0130NDE VELAYET 7. SEM\u0130NER \u00d6ZET\u0130<\/strong><\/span><\/p>\n<p><span style=\"color: #3b5163;\"><strong>EKREM DEM\u0130RL\u0130, \u0130SLAM D\u00dc\u015e\u00dcNCES\u0130NDE VELAYET 8. SEM\u0130NER \u00d6ZET\u0130<\/strong><\/span><\/p>\n<p><span style=\"color: #3b5163;\"><strong>EKREM DEM\u0130RL\u0130, \u0130SLAM D\u00dc\u015e\u00dcNCES\u0130NDE VELAYET 9. SEM\u0130NER \u00d6ZET\u0130<\/strong><\/span><\/p>\n<p><span style=\"color: #3b5163;\"><strong>EKREM DEM\u0130RL\u0130, \u0130SLAM D\u00dc\u015e\u00dcNCES\u0130NDE VELAYET 10. SEM\u0130NER \u00d6ZET\u0130<\/strong><\/span><\/p>\n<p><span style=\"color: #3b5163;\"><strong>EKREM DEM\u0130RL\u0130, \u0130SLAM D\u00dc\u015e\u00dcNCES\u0130NDE VELAYET 11. SEM\u0130NER \u00d6ZET\u0130<\/strong><\/span><\/p>\n<p><span style=\"color: #3b5163;\"><strong>EKREM DEM\u0130RL\u0130, \u0130SLAM D\u00dc\u015e\u00dcNCES\u0130NDE VELAYET 12. SEM\u0130NER \u00d6ZET\u0130<\/strong><\/span><\/p>\n<p><span style=\"color: #3b5163;\"><strong>EKREM DEM\u0130RL\u0130, \u0130SLAM D\u00dc\u015e\u00dcNCES\u0130NDE VELAYET 13. SEM\u0130NER \u00d6ZET\u0130<\/strong><\/span><\/p>\n<p><span style=\"color: #3b5163;\"><strong>EKREM DEM\u0130RL\u0130, \u0130SLAM D\u00dc\u015e\u00dcNCES\u0130NDE VELAYET 14. SEM\u0130NER \u00d6ZET\u0130<\/strong><\/span><\/p>\n<p><span style=\"color: #3b5163;\"><strong>EKREM DEM\u0130RL\u0130, \u0130SLAM D\u00dc\u015e\u00dcNCES\u0130NDE VELAYET 15. SEM\u0130NER \u00d6ZET\u0130<\/strong><\/span><\/p>\n<p><span style=\"color: #3b5163;\"><strong>EKREM DEM\u0130RL\u0130, \u0130SLAM D\u00dc\u015e\u00dcNCES\u0130NDE VELAYET 16. SEM\u0130NER \u00d6ZET\u0130<\/strong><\/span><\/p>\n<p><span style=\"color: #3b5163;\"><strong>EKREM DEM\u0130RL\u0130, \u0130SLAM D\u00dc\u015e\u00dcNCES\u0130NDE VELAYET 17. SEM\u0130NER \u00d6ZET\u0130<\/strong><\/span><\/p>\n<p><span style=\"color: #3b5163;\"><strong>EKREM DEM\u0130RL\u0130, \u0130SLAM D\u00dc\u015e\u00dcNCES\u0130NDE VELAYET 18. SEM\u0130NER \u00d6ZET\u0130<\/strong><\/span><\/p>\n<p><span style=\"color: #3b5163;\"><strong>EKREM DEM\u0130RL\u0130, \u0130SLAM D\u00dc\u015e\u00dcNCES\u0130NDE VELAYET 19. SEM\u0130NER \u00d6ZET\u0130<\/strong><\/span><\/p>\n<p><span style=\"color: #3b5163;\"><strong>EKREM DEM\u0130RL\u0130, \u0130SLAM D\u00dc\u015e\u00dcNCES\u0130NDE VELAYET 20. SEM\u0130NER \u00d6ZET\u0130<\/strong><\/span><\/p>\n<p><span style=\"color: #3b5163;\"><strong>EKREM DEM\u0130RL\u0130, \u0130SLAM D\u00dc\u015e\u00dcNCES\u0130NDE VELAYET 21. SEM\u0130NER \u00d6ZET\u0130<\/strong><\/span><\/p>\n<p><span style=\"color: #3b5163;\"><strong>EKREM DEM\u0130RL\u0130, \u0130SLAM D\u00dc\u015e\u00dcNCES\u0130NDE VELAYET 22. SEM\u0130NER \u00d6ZET\u0130<\/strong><\/span><\/p>\n<p><span style=\"color: #3b5163;\"><strong>EKREM DEM\u0130RL\u0130, \u0130SLAM D\u00dc\u015e\u00dcNCES\u0130NDE VELAYET 23. SEM\u0130NER \u00d6ZET\u0130<\/strong><\/span><\/p>\n<p><span style=\"color: #3b5163;\"><strong>EKREM DEM\u0130RL\u0130, \u0130SLAM D\u00dc\u015e\u00dcNCES\u0130NDE VELAYET 24. SEM\u0130NER \u00d6ZET\u0130<\/strong><\/span><\/p>\n<p><span style=\"color: #3b5163;\"><strong>EKREM DEM\u0130RL\u0130, \u0130SLAM D\u00dc\u015e\u00dcNCES\u0130NDE VELAYET 25. SEM\u0130NER \u00d6ZET\u0130<\/strong><\/span><\/p>\n<p><span style=\"color: #3b5163;\"><strong>EKREM DEM\u0130RL\u0130, \u0130SLAM D\u00dc\u015e\u00dcNCES\u0130NDE VELAYET 26. SEM\u0130NER \u00d6ZET\u0130<\/strong><\/span><\/p>\n<p><span style=\"color: #3b5163;\"><strong>EKREM DEM\u0130RL\u0130, \u0130SLAM D\u00dc\u015e\u00dcNCES\u0130NDE VELAYET 27. SEM\u0130NER \u00d6ZET\u0130<\/strong><\/span><\/p>\n<p><span style=\"color: #3b5163;\"><strong>EKREM DEM\u0130RL\u0130, \u0130SLAM D\u00dc\u015e\u00dcNCES\u0130NDE VELAYET 28. SEM\u0130NER \u00d6ZET\u0130<\/strong><\/span><\/p>\n<p><span style=\"color: #3b5163;\"><strong>EKREM DEM\u0130RL\u0130, \u0130SLAM D\u00dc\u015e\u00dcNCES\u0130NDE VELAYET 29. SEM\u0130NER \u00d6ZET\u0130<\/strong><\/span><\/p>\n<p><span style=\"color: #3b5163;\"><strong>EKREM DEM\u0130RL\u0130, \u0130SLAM D\u00dc\u015e\u00dcNCES\u0130NDE VELAYET 30. SEM\u0130NER \u00d6ZET\u0130<\/strong><\/span><\/p>\n<p><span style=\"color: #3b5163;\"><strong>EKREM DEM\u0130RL\u0130, \u0130SLAM D\u00dc\u015e\u00dcNCES\u0130NDE VELAYET 31. SEM\u0130NER \u00d6ZET\u0130<\/strong><\/span><\/p>\n<p><span style=\"color: #3b5163;\"><strong>EKREM DEM\u0130RL\u0130, \u0130SLAM D\u00dc\u015e\u00dcNCES\u0130NDE VELAYET 32. SEM\u0130NER \u00d6ZET\u0130<\/strong><\/span><\/p>\n<p><span style=\"color: #3b5163;\"><strong>EKREM DEM\u0130RL\u0130, \u0130SLAM D\u00dc\u015e\u00dcNCES\u0130NDE VELAYET 33. SEM\u0130NER \u00d6ZET\u0130<\/strong><\/span><\/p>\n<p><span style=\"color: #3b5163;\"><strong>EKREM DEM\u0130RL\u0130, \u0130SLAM D\u00dc\u015e\u00dcNCES\u0130NDE VELAYET 34. SEM\u0130NER \u00d6ZET\u0130<\/strong><\/span><\/p>\n<p><span style=\"color: #3b5163;\"><strong>EKREM DEM\u0130RL\u0130, \u0130SLAM D\u00dc\u015e\u00dcNCES\u0130NDE VELAYET 35. SEM\u0130NER \u00d6ZET\u0130<\/strong><\/span><\/p>\n<p><span style=\"color: #3b5163;\"><strong>EKREM DEM\u0130RL\u0130, \u0130SLAM D\u00dc\u015e\u00dcNCES\u0130NDE VELAYET 36. SEM\u0130NER \u00d6ZET\u0130<\/strong><\/span><\/p>\n<p><span style=\"color: #3b5163;\"><strong>EKREM DEM\u0130RL\u0130, \u0130SLAM D\u00dc\u015e\u00dcNCES\u0130NDE VELAYET 2. SEM\u0130NER \u00d6ZET\u0130<\/strong><\/span><\/p>\n<p><span style=\"color: #3b5163;\"><strong>EKREM DEM\u0130RL\u0130, \u0130SLAM D\u00dc\u015e\u00dcNCES\u0130NDE VELAYET 1. SEM\u0130NER \u00d6ZET\u0130<\/strong><\/span><\/p>\n<p>&nbsp;<\/p>\n","protected":false},"excerpt":{"rendered":"<p>EKREM DEM\u0130RL\u0130, \u0130SLAM D\u00dc\u015e\u00dcNCES\u0130NDE VELAYET 1. SEM\u0130NER \u00d6ZET\u0130 EKREM DEM\u0130RL\u0130, [&hellip;]<\/p>\n","protected":false},"author":1,"featured_media":0,"parent":0,"menu_order":0,"comment_status":"closed","ping_status":"closed","template":"","meta":{"footnotes":""},"class_list":["post-4457","page","type-page","status-publish","hentry"],"jetpack_sharing_enabled":true,"_links":{"self":[{"href":"https:\/\/klasikdusunceokulu.com\/index.php\/wp-json\/wp\/v2\/pages\/4457","targetHints":{"allow":["GET"]}}],"collection":[{"href":"https:\/\/klasikdusunceokulu.com\/index.php\/wp-json\/wp\/v2\/pages"}],"about":[{"href":"https:\/\/klasikdusunceokulu.com\/index.php\/wp-json\/wp\/v2\/types\/page"}],"author":[{"embeddable":true,"href":"https:\/\/klasikdusunceokulu.com\/index.php\/wp-json\/wp\/v2\/users\/1"}],"replies":[{"embeddable":true,"href":"https:\/\/klasikdusunceokulu.com\/index.php\/wp-json\/wp\/v2\/comments?post=4457"}],"version-history":[{"count":4,"href":"https:\/\/klasikdusunceokulu.com\/index.php\/wp-json\/wp\/v2\/pages\/4457\/revisions"}],"predecessor-version":[{"id":6468,"href":"https:\/\/klasikdusunceokulu.com\/index.php\/wp-json\/wp\/v2\/pages\/4457\/revisions\/6468"}],"wp:attachment":[{"href":"https:\/\/klasikdusunceokulu.com\/index.php\/wp-json\/wp\/v2\/media?parent=4457"}],"curies":[{"name":"wp","href":"https:\/\/api.w.org\/{rel}","templated":true}]}}