{"id":4470,"date":"2025-04-12T11:05:48","date_gmt":"2025-04-12T08:05:48","guid":{"rendered":"https:\/\/klasikdusunceokulu.com\/?page_id=4470"},"modified":"2025-04-12T11:07:57","modified_gmt":"2025-04-12T08:07:57","slug":"enes-kabakci-montesquieu-okumalari-kanunlarin-ruhu-uzerine-9","status":"publish","type":"page","link":"https:\/\/klasikdusunceokulu.com\/index.php\/enes-kabakci-montesquieu-okumalari-kanunlarin-ruhu-uzerine-9\/","title":{"rendered":"Enes Kabak\u00e7\u0131, Montesquieu Okumalar\u0131: Kanunlar\u0131n Ruhu \u00dczerine"},"content":{"rendered":"<p><span style=\"color: #3b5163;\"><a style=\"color: #3b5163;\" href=\"https:\/\/klasikdusunceokulu.com\/index.php\/enes-kabakci-montesquieu-okumalari-kanunlarin-ruhu-uzerine-1\/\"><strong>ENES KABAK\u00c7I, MONTESQUI\u0307EU OKUMALARI: KANUNLARIN RUHU U\u0308ZERI\u0307NE 1. SEM\u0130NER \u00d6ZET\u0130<\/strong><\/a><\/span><\/p>\n<p><span style=\"color: #3b5163;\"><a style=\"color: #3b5163;\" href=\"https:\/\/klasikdusunceokulu.com\/index.php\/enes-kabakci-montesquieu-okumalari-kanunlarin-ruhu-uzerine-2\/\"><strong>ENES KABAK\u00c7I, MONTESQUI\u0307EU OKUMALARI: KANUNLARIN RUHU U\u0308ZERI\u0307NE 2. SEM\u0130NER \u00d6ZET\u0130<\/strong><\/a><\/span><\/p>\n<p><span style=\"color: #3b5163;\"><a style=\"color: #3b5163;\" href=\"https:\/\/klasikdusunceokulu.com\/index.php\/enes-kabakci-montesquieu-okumalari-kanunlarin-ruhu-uzerine-3\/\"><strong>ENES KABAK\u00c7I, MONTESQUI\u0307EU OKUMALARI: KANUNLARIN RUHU U\u0308ZERI\u0307NE 3. SEM\u0130NER \u00d6ZET\u0130<\/strong><\/a><\/span><\/p>\n<p><span style=\"color: #3b5163;\"><a style=\"color: #3b5163;\" href=\"https:\/\/klasikdusunceokulu.com\/index.php\/enes-kabakci-montesquieu-okumalari-kanunlarin-ruhu-uzerine-4\/\"><strong>ENES KABAK\u00c7I, MONTESQUI\u0307EU OKUMALARI: KANUNLARIN RUHU U\u0308ZERI\u0307NE 4. SEM\u0130NER \u00d6ZET\u0130<\/strong><\/a><\/span><\/p>\n<p><span style=\"color: #3b5163;\"><a style=\"color: #3b5163;\" href=\"https:\/\/klasikdusunceokulu.com\/index.php\/enes-kabakci-montesquieu-okumalari-kanunlarin-ruhu-uzerine-5\/\"><strong>ENES KABAK\u00c7I, MONTESQUI\u0307EU OKUMALARI: KANUNLARIN RUHU U\u0308ZERI\u0307NE 5. SEM\u0130NER \u00d6ZET\u0130<\/strong><\/a><\/span><\/p>\n<p><span style=\"color: #3b5163;\"><a style=\"color: #3b5163;\" href=\"https:\/\/klasikdusunceokulu.com\/index.php\/enes-kabakci-montesquieu-okumalari-kanunlarin-ruhu-uzerine-6\/\"><strong>ENES KABAK\u00c7I, MONTESQUI\u0307EU OKUMALARI: KANUNLARIN RUHU U\u0308ZERI\u0307NE 6. SEM\u0130NER \u00d6ZET\u0130<\/strong><\/a><\/span><\/p>\n<p><span style=\"color: #3b5163;\"><a style=\"color: #3b5163;\" href=\"https:\/\/klasikdusunceokulu.com\/index.php\/enes-kabakci-montesquieu-okumalari-kanunlarin-ruhu-uzerine-7\/\"><strong>ENES KABAK\u00c7I, MONTESQUI\u0307EU OKUMALARI: KANUNLARIN RUHU U\u0308ZERI\u0307NE 7. SEM\u0130NER \u00d6ZET\u0130<\/strong><\/a><\/span><\/p>\n<p><span style=\"color: #3b5163;\"><a style=\"color: #3b5163;\" href=\"https:\/\/klasikdusunceokulu.com\/index.php\/enes-kabakci-montesquieu-okumalari-kanunlarin-ruhu-uzerine-8\/\"><strong>ENES KABAK\u00c7I, MONTESQUI\u0307EU OKUMALARI: KANUNLARIN RUHU U\u0308ZERI\u0307NE 8. SEM\u0130NER \u00d6ZET\u0130<\/strong><\/a><\/span><\/p>\n","protected":false},"excerpt":{"rendered":"<p>ENES KABAK\u00c7I, MONTESQUI\u0307EU OKUMALARI: KANUNLARIN RUHU U\u0308ZERI\u0307NE 1. SEM\u0130NER \u00d6ZET\u0130 [&hellip;]<\/p>\n","protected":false},"author":1,"featured_media":0,"parent":0,"menu_order":0,"comment_status":"closed","ping_status":"closed","template":"","meta":{"footnotes":""},"class_list":["post-4470","page","type-page","status-publish","hentry"],"jetpack_sharing_enabled":true,"_links":{"self":[{"href":"https:\/\/klasikdusunceokulu.com\/index.php\/wp-json\/wp\/v2\/pages\/4470","targetHints":{"allow":["GET"]}}],"collection":[{"href":"https:\/\/klasikdusunceokulu.com\/index.php\/wp-json\/wp\/v2\/pages"}],"about":[{"href":"https:\/\/klasikdusunceokulu.com\/index.php\/wp-json\/wp\/v2\/types\/page"}],"author":[{"embeddable":true,"href":"https:\/\/klasikdusunceokulu.com\/index.php\/wp-json\/wp\/v2\/users\/1"}],"replies":[{"embeddable":true,"href":"https:\/\/klasikdusunceokulu.com\/index.php\/wp-json\/wp\/v2\/comments?post=4470"}],"version-history":[{"count":3,"href":"https:\/\/klasikdusunceokulu.com\/index.php\/wp-json\/wp\/v2\/pages\/4470\/revisions"}],"predecessor-version":[{"id":4474,"href":"https:\/\/klasikdusunceokulu.com\/index.php\/wp-json\/wp\/v2\/pages\/4470\/revisions\/4474"}],"wp:attachment":[{"href":"https:\/\/klasikdusunceokulu.com\/index.php\/wp-json\/wp\/v2\/media?parent=4470"}],"curies":[{"name":"wp","href":"https:\/\/api.w.org\/{rel}","templated":true}]}}