{"id":4591,"date":"2025-04-23T10:20:02","date_gmt":"2025-04-23T07:20:02","guid":{"rendered":"https:\/\/klasikdusunceokulu.com\/?page_id=4591"},"modified":"2025-04-23T10:20:02","modified_gmt":"2025-04-23T07:20:02","slug":"ayhan-citil-platondevlet-okumalari-2-seminer-ozeti","status":"publish","type":"page","link":"https:\/\/klasikdusunceokulu.com\/index.php\/ayhan-citil-platondevlet-okumalari-2-seminer-ozeti\/","title":{"rendered":"AYHAN \u00c7\u0130T\u0130L: PLATON,DEVLET OKUMALARI 2.SEM\u0130NER \u00d6ZET\u0130"},"content":{"rendered":"<p><strong>AYHAN \u00c7\u0130T\u0130L: PLATON,DEVLET OKUMALARI 2.SEM\u0130NER \u00d6ZET\u0130<\/strong><\/p>\n<ol>\n<li><strong> Seminerin Amac\u0131 ve \u0130\u00e7eri\u011fi<\/strong><br \/>\nBu seminer, <em>Devlet<\/em> diyalo\u011funun ikinci kitab\u0131 \u00e7er\u00e7evesinde adaletin anlam\u0131, do\u011fas\u0131 ve toplum i\u00e7indeki yeri \u00fczerine tart\u0131\u015fmalar\u0131 detayland\u0131r\u0131r. Sokrates\u2019in, Trasimakhos\u2019un g\u00fc\u00e7 merkezli adalet anlay\u0131\u015f\u0131na kar\u015f\u0131 geli\u015ftirdi\u011fi arg\u00fcmanlar\u0131 Glaukon ve Adeimantos\u2019un daha incelikli itirazlar\u0131 takip eder. Bu s\u00fcre\u00e7te \u201cadalet kendinde iyi midir?\u201d sorusu, bir toplum modeli kurularak cevapland\u0131r\u0131lmaya \u00e7al\u0131\u015f\u0131l\u0131r. Seminer, bireysel d\u00fczeyde zor tan\u0131mlanabilen adalet kavram\u0131n\u0131, toplumsal \u00f6l\u00e7ekte g\u00f6zlemlenebilir k\u0131lmak amac\u0131yla geli\u015ftirilen \u201cb\u00fcy\u00fck harf-k\u00fc\u00e7\u00fck harf\u201d analojisi \u00fczerinden ilerler.<\/li>\n<li><strong> Ana Temalar ve Ba\u015fl\u0131klar<\/strong><\/li>\n<\/ol>\n<ol>\n<li><strong>Glaukon ve Adeimantos\u2019un \u0130tirazlar\u0131<\/strong><br \/>\nGlaukon, Trasimakhos\u2019un zay\u0131f d\u00fc\u015f\u00fc\u015f\u00fcnden tatmin olmaz ve adaletin kendinde iyi olup olmad\u0131\u011f\u0131n\u0131 sorgular. Adeimantos ise, toplumda do\u011frulu\u011fun ve adaletin yaln\u0131zca sonu\u00e7lar\u0131 nedeniyle de\u011ferli g\u00f6r\u00fcld\u00fc\u011f\u00fcn\u00fc, insanlar\u0131n bu de\u011ferlere ger\u00e7ekten inanmad\u0131\u011f\u0131n\u0131 ileri s\u00fcrer. Bu itirazlar, Sokrates\u2019i daha g\u00fc\u00e7l\u00fc bir temellendirmeye zorlar.<\/li>\n<li><strong>Adaletin Toplumda G\u00f6zlemlenmesi: Harf Benzetmesi<\/strong><br \/>\nSokrates, bireyde adaletin belirsiz oldu\u011funu ancak toplum gibi daha b\u00fcy\u00fck bir \u00f6rnekte daha a\u00e7\u0131k g\u00f6r\u00fclebilece\u011fini savunur. Bu ama\u00e7la ideal toplum modeli olu\u015fturulmaya ba\u015flan\u0131r. \u0130\u015fb\u00f6l\u00fcm\u00fcne dayal\u0131 ilk toplumsal yap\u0131dan, l\u00fcks taleplerin do\u011furdu\u011fu sava\u015f ve bek\u00e7ilik s\u0131n\u0131f\u0131na kadar uzanan bir yap\u0131 kurulur.<\/li>\n<li><strong>Bek\u00e7i S\u0131n\u0131f\u0131 ve E\u011fitimi<\/strong><br \/>\nToplumun savunusu i\u00e7in gereksinim duyulan bek\u00e7iler, hem cesur hem de \u00f6l\u00e7\u00fcl\u00fc olmal\u0131d\u0131r. Sokrates, bu s\u0131n\u0131f\u0131n yaln\u0131zca fiziksel de\u011fil, ahlaki olarak da e\u011fitilmesi gerekti\u011fini belirtir. Felsefi yetkinlikleri olmayan, sadece sava\u015f\u00e7\u0131 niteli\u011fe sahip bir bek\u00e7i s\u0131n\u0131f\u0131n\u0131n y\u0131k\u0131c\u0131 olabilece\u011fi vurgulan\u0131r.<\/li>\n<li><strong>E\u011fitimin Rol\u00fc ve Paydaia Kavram\u0131<\/strong><br \/>\nBek\u00e7i s\u0131n\u0131f\u0131n\u0131n e\u011fitimi beden i\u00e7in jimnastik, ruh i\u00e7in ise m\u00fczikle sa\u011flan\u0131r. M\u00fczik, yaln\u0131zca estetik de\u011fil, d\u00fczen sevgisini ve \u00f6l\u00e7\u00fcl\u00fcl\u00fc\u011f\u00fc a\u015f\u0131layan bir ara\u00e7 olarak g\u00f6r\u00fcl\u00fcr. E\u011fitim, adaletin topluma yerle\u015fmesini m\u00fcmk\u00fcn k\u0131lan kurucu ilkedir.<\/li>\n<li><strong>Mitoslar, Sanat ve Sans\u00fcr<\/strong><br \/>\n\u00c7ocuklara ve bek\u00e7ilere anlat\u0131lacak hik\u00e2yelerin i\u00e7eri\u011fi ciddi bir \u015fekilde denetlenmelidir. Tanr\u0131lar\u0131 k\u00f6t\u00fc g\u00f6steren, korku veya haks\u0131zl\u0131k i\u00e7eren mitoslar\u0131n e\u011fitimi bozabilece\u011fi d\u00fc\u015f\u00fcn\u00fcl\u00fcr. Bu ba\u011flamda devletin e\u011fitim \u00fczerindeki y\u00f6nlendirici rol\u00fc ve sans\u00fcr hakk\u0131 tart\u0131\u015f\u0131l\u0131r.<\/li>\n<li><strong>Taklit (Mimesis) Ele\u015ftirisi<\/strong><br \/>\nPlaton, taklidi e\u011fitimin bir par\u00e7as\u0131 olarak tart\u0131\u015f\u0131r. Ancak taklidin karakteri \u015fekillendirme g\u00fcc\u00fc nedeniyle, k\u00f6t\u00fc eylemlerin veya d\u00fc\u015f\u00fck karakterli ki\u015filiklerin taklit edilmesinin zarar verici olabilece\u011fini savunur. Bek\u00e7i s\u0131n\u0131f\u0131n\u0131n yaln\u0131zca erdemli davran\u0131\u015flar\u0131 taklit etmesine izin verilir.<\/li>\n<\/ol>\n<ol start=\"3\">\n<li><strong> Sonu\u00e7<\/strong><br \/>\n\u0130kinci seminer, <em>Devlet<\/em> diyalo\u011funun sistematik yap\u0131s\u0131n\u0131 kuran toplumsal modelleme s\u00fcrecini ba\u015flat\u0131r. Adaletin soyut bir de\u011fer de\u011fil, yap\u0131land\u0131r\u0131labilir ve g\u00f6zlemlenebilir bir toplumsal d\u00fczen oldu\u011fu iddia edilir. E\u011fitim, d\u00fczen sevgisi ve \u00f6l\u00e7\u00fcl\u00fcl\u00fck erdemleriyle i\u00e7 i\u00e7e ge\u00e7mi\u015f olarak, bu yap\u0131n\u0131n hem ko\u015fulu hem sonucudur. Bir sonraki seminerde bu e\u011fitim anlay\u0131\u015f\u0131n\u0131n i\u00e7erikleri, \u00f6zellikle \u015fairlerin rol\u00fc ve mimetik sanatlara yakla\u015f\u0131m \u00fczerinden geni\u015fletilecektir.<\/li>\n<li><strong> Purpose and Content of the Seminar<\/strong><br \/>\nThis seminar focuses on Book II of Plato\u2019s <em>Republic<\/em>, exploring the nature, definition, and social role of justice. Following Socrates\u2019 initial rebuttal of Thrasymachus\u2019 power-based notion of justice, more refined objections are introduced by Glaucon and Adeimantus. Their challenges lead to the central question: is justice good in itself, or only for its consequences? To answer this, Socrates proposes examining justice not in the individual\u2014where it is harder to detect\u2014but in the larger model of the city, initiating the famous analogy of the \u201clarge and small letters.\u201d<\/li>\n<li><strong> Main Themes and Topics<\/strong><\/li>\n<\/ol>\n<ol>\n<li><strong>Objections by Glaucon and Adeimantus<\/strong><br \/>\nGlaucon is unsatisfied with the earlier refutations and reformulates Thrasymachus\u2019 argument more systematically, claiming that people are just only out of necessity. Adeimantus adds that society praises justice for its rewards, not for its intrinsic value. These challenges compel Socrates to seek a deeper foundation for justice.<\/li>\n<li><strong>The City as a Mirror of the Soul<\/strong><br \/>\nTo understand justice more clearly, Socrates suggests examining it at the societal level, where it might appear in larger, more visible form. He begins constructing an ideal city based on the principle of division of labor, expanding it to include luxury, war, and the emergence of a guardian class responsible for protection and order.<\/li>\n<li><strong>The Guardian Class and Their Qualities<\/strong><br \/>\nGuardians must be brave yet disciplined. Socrates insists that these defenders must also possess philosophical and moral education. A purely militaristic class, lacking wisdom and restraint, would be destructive rather than protective.<\/li>\n<li><strong>Education and the Concept of <em>Paideia<\/em><\/strong><br \/>\nThe education of guardians includes physical training (gymnastics) and musical training for the soul. Music here is not just aesthetic but cultivates a love for order, harmony, and moderation. Education is the foundational mechanism by which justice becomes rooted in the soul and city.<\/li>\n<li><strong>Myths, Art, and Censorship<\/strong><br \/>\nStories told to children and guardians must be carefully curated. Myths that depict the gods as unjust or instill fear and disorder are considered harmful. Plato thus advocates for a state-directed education system that includes strong measures of artistic censorship.<\/li>\n<li><strong>Critique of Mimesis (Imitation)<\/strong><br \/>\nPlato problematizes imitation in education. Since imitation shapes the soul, portraying immoral or weak characters may corrupt the guardians. Only representations of virtuous behavior should be permitted, reflecting the moral seriousness of forming just citizens.<\/li>\n<\/ol>\n<ol start=\"3\">\n<li><strong> Conclusion<\/strong><br \/>\nThis seminar begins the systematic construction of Plato\u2019s ideal city, aiming to make justice visible through social structure. Justice is not an abstract idea, but a harmonious arrangement of functions within a whole. Education, moderation, and love of order are essential components of this structure. In the next session, the focus will deepen around the role of poets, art, and the ethics of representation in shaping the guardian class.Formun \u00dcst\u00fc<\/li>\n<\/ol>\n<p>&nbsp;<\/p>\n<p>&nbsp;<\/p>\n","protected":false},"excerpt":{"rendered":"<p>AYHAN \u00c7\u0130T\u0130L: PLATON,DEVLET OKUMALARI 2.SEM\u0130NER \u00d6ZET\u0130 Seminerin Amac\u0131 ve \u0130\u00e7eri\u011fi [&hellip;]<\/p>\n","protected":false},"author":1,"featured_media":0,"parent":0,"menu_order":0,"comment_status":"closed","ping_status":"closed","template":"","meta":{"footnotes":""},"class_list":["post-4591","page","type-page","status-publish","hentry"],"jetpack_sharing_enabled":true,"_links":{"self":[{"href":"https:\/\/klasikdusunceokulu.com\/index.php\/wp-json\/wp\/v2\/pages\/4591","targetHints":{"allow":["GET"]}}],"collection":[{"href":"https:\/\/klasikdusunceokulu.com\/index.php\/wp-json\/wp\/v2\/pages"}],"about":[{"href":"https:\/\/klasikdusunceokulu.com\/index.php\/wp-json\/wp\/v2\/types\/page"}],"author":[{"embeddable":true,"href":"https:\/\/klasikdusunceokulu.com\/index.php\/wp-json\/wp\/v2\/users\/1"}],"replies":[{"embeddable":true,"href":"https:\/\/klasikdusunceokulu.com\/index.php\/wp-json\/wp\/v2\/comments?post=4591"}],"version-history":[{"count":1,"href":"https:\/\/klasikdusunceokulu.com\/index.php\/wp-json\/wp\/v2\/pages\/4591\/revisions"}],"predecessor-version":[{"id":4592,"href":"https:\/\/klasikdusunceokulu.com\/index.php\/wp-json\/wp\/v2\/pages\/4591\/revisions\/4592"}],"wp:attachment":[{"href":"https:\/\/klasikdusunceokulu.com\/index.php\/wp-json\/wp\/v2\/media?parent=4591"}],"curies":[{"name":"wp","href":"https:\/\/api.w.org\/{rel}","templated":true}]}}