{"id":4607,"date":"2025-04-23T10:35:41","date_gmt":"2025-04-23T07:35:41","guid":{"rendered":"https:\/\/klasikdusunceokulu.com\/?page_id=4607"},"modified":"2025-04-23T11:12:39","modified_gmt":"2025-04-23T08:12:39","slug":"abdullah-kahraman-cessas-el-fusul-fil-usul","status":"publish","type":"page","link":"https:\/\/klasikdusunceokulu.com\/index.php\/abdullah-kahraman-cessas-el-fusul-fil-usul\/","title":{"rendered":"ABDULLAH KAHRAMAN: CESS\u00c2S, el-FUS\u00dbl F\u0130&#8217;L-US\u00dbL"},"content":{"rendered":"<p><a href=\"https:\/\/klasikdusunceokulu.com\/index.php\/abdullah-kahraman-cessas-el-fusul-fil-usul-1-seminer-ozeti\/\"><span style=\"color: #3b5163;\"><strong>ABDULLAH KAHRAMAN: CESS\u00c2S, el-FUS\u00dbl F\u0130&#8217;L-US\u00dbL 1. SEM\u0130NER \u00d6ZET\u0130<\/strong><\/span><\/a><\/p>\n<p><a href=\"https:\/\/klasikdusunceokulu.com\/index.php\/abdullah-kahraman-cessas-el-fusul-fil-usul-2-seminer-ozeti\/\"><span style=\"color: #3b5163;\"><strong>ABDULLAH KAHRAMAN: CESS\u00c2S, el-FUS\u00dbl F\u0130&#8217;L-US\u00dbL 2. SEM\u0130NER \u00d6ZET\u0130<\/strong><\/span><\/a><\/p>\n<p><a href=\"https:\/\/klasikdusunceokulu.com\/index.php\/abdullah-kahraman-cessas-el-fusul-fil-usul-3-seminer-ozeti\/\"><span style=\"color: #3b5163;\"><strong>ABDULLAH KAHRAMAN: CESS\u00c2S, el-FUS\u00dbl F\u0130&#8217;L-US\u00dbL 3. SEM\u0130NER \u00d6ZET\u0130<\/strong><\/span><\/a><\/p>\n<p><a href=\"https:\/\/klasikdusunceokulu.com\/index.php\/abdullah-kahraman-cessas-el-fusul-fil-usul-4-seminer-ozeti\/\"><span style=\"color: #3b5163;\"><strong>ABDULLAH KAHRAMAN: CESS\u00c2S, el-FUS\u00dbl F\u0130&#8217;L-US\u00dbL 4. SEM\u0130NER \u00d6ZET\u0130<\/strong><\/span><\/a><\/p>\n<p><a href=\"https:\/\/klasikdusunceokulu.com\/index.php\/abdullah-kahraman-cessas-el-fusul-fil-usul-5-seminer-ozeti\/\"><span style=\"color: #3b5163;\"><strong>ABDULLAH KAHRAMAN: CESS\u00c2S, el-FUS\u00dbl F\u0130&#8217;L-US\u00dbL 5. SEM\u0130NER \u00d6ZET\u0130<\/strong><\/span><\/a><\/p>\n<p><a href=\"https:\/\/klasikdusunceokulu.com\/index.php\/abdullah-kahraman-cessas-el-fusul-fil-usul-6-seminer-ozeti\/\"><span style=\"color: #3b5163;\"><strong>ABDULLAH KAHRAMAN: CESS\u00c2S, el-FUS\u00dbl F\u0130&#8217;L-US\u00dbL 6. SEM\u0130NER \u00d6ZET\u0130<\/strong><\/span><\/a><\/p>\n<p><a href=\"https:\/\/klasikdusunceokulu.com\/index.php\/abdullah-kahraman-cessas-el-fusul-fil-usul-7-seminer-ozeti\/\"><span style=\"color: #3b5163;\"><strong>ABDULLAH KAHRAMAN: CESS\u00c2S, el-FUS\u00dbl F\u0130&#8217;L-US\u00dbL 7. SEM\u0130NER \u00d6ZET\u0130<\/strong><\/span><\/a><\/p>\n<p><a href=\"https:\/\/klasikdusunceokulu.com\/index.php\/abdullah-kahraman-cessas-el-fusul-fil-usul-8-seminer-ozeti\/\"><span style=\"color: #3b5163;\"><strong>ABDULLAH KAHRAMAN: CESS\u00c2S, el-FUS\u00dbl F\u0130&#8217;L-US\u00dbL 8. SEM\u0130NER \u00d6ZET\u0130<\/strong><\/span><\/a><\/p>\n<p><a href=\"https:\/\/klasikdusunceokulu.com\/index.php\/abdullah-kahraman-cessas-el-fusul-fil-usul-9-seminer-ozeti\/\"><span style=\"color: #3b5163;\"><strong>ABDULLAH KAHRAMAN: CESS\u00c2S, el-FUS\u00dbl F\u0130&#8217;L-US\u00dbL 9. SEM\u0130NER \u00d6ZET\u0130<\/strong><\/span><\/a><\/p>\n<p>&nbsp;<\/p>\n","protected":false},"excerpt":{"rendered":"<p>ABDULLAH KAHRAMAN: CESS\u00c2S, el-FUS\u00dbl F\u0130&#8217;L-US\u00dbL 1. SEM\u0130NER \u00d6ZET\u0130 ABDULLAH KAHRAMAN: [&hellip;]<\/p>\n","protected":false},"author":1,"featured_media":0,"parent":0,"menu_order":0,"comment_status":"closed","ping_status":"closed","template":"","meta":{"footnotes":""},"class_list":["post-4607","page","type-page","status-publish","hentry"],"jetpack_sharing_enabled":true,"_links":{"self":[{"href":"https:\/\/klasikdusunceokulu.com\/index.php\/wp-json\/wp\/v2\/pages\/4607","targetHints":{"allow":["GET"]}}],"collection":[{"href":"https:\/\/klasikdusunceokulu.com\/index.php\/wp-json\/wp\/v2\/pages"}],"about":[{"href":"https:\/\/klasikdusunceokulu.com\/index.php\/wp-json\/wp\/v2\/types\/page"}],"author":[{"embeddable":true,"href":"https:\/\/klasikdusunceokulu.com\/index.php\/wp-json\/wp\/v2\/users\/1"}],"replies":[{"embeddable":true,"href":"https:\/\/klasikdusunceokulu.com\/index.php\/wp-json\/wp\/v2\/comments?post=4607"}],"version-history":[{"count":3,"href":"https:\/\/klasikdusunceokulu.com\/index.php\/wp-json\/wp\/v2\/pages\/4607\/revisions"}],"predecessor-version":[{"id":4639,"href":"https:\/\/klasikdusunceokulu.com\/index.php\/wp-json\/wp\/v2\/pages\/4607\/revisions\/4639"}],"wp:attachment":[{"href":"https:\/\/klasikdusunceokulu.com\/index.php\/wp-json\/wp\/v2\/media?parent=4607"}],"curies":[{"name":"wp","href":"https:\/\/api.w.org\/{rel}","templated":true}]}}