{"id":4609,"date":"2025-04-23T10:39:11","date_gmt":"2025-04-23T07:39:11","guid":{"rendered":"https:\/\/klasikdusunceokulu.com\/?page_id=4609"},"modified":"2025-04-23T17:58:38","modified_gmt":"2025-04-23T14:58:38","slug":"irfan-ince-cessas-el-fusul-fil-usul","status":"publish","type":"page","link":"https:\/\/klasikdusunceokulu.com\/index.php\/irfan-ince-cessas-el-fusul-fil-usul\/","title":{"rendered":"\u0130RFAN \u0130NCE: CESS\u00c2S, el-FUS\u00dbl F\u0130&#8217;L-US\u00dbL"},"content":{"rendered":"<p><a href=\"https:\/\/klasikdusunceokulu.com\/index.php\/irfan-ince-cessas-el-fusul-fil-usul-1-seminer-ozeti\/\"><span style=\"color: #3b5163;\"><strong>\u0130RFAN \u0130NCE: CESS\u00c2S, el-FUS\u00dbl F\u0130&#8217;L-US\u00dbL 1. SEM\u0130NER \u00d6ZET\u0130<\/strong><\/span><\/a><\/p>\n<p><a href=\"https:\/\/klasikdusunceokulu.com\/index.php\/irfan-ince-cessas-el-fusul-fil-usul-2-seminer-ozeti\/\"><span style=\"color: #3b5163;\"><strong>\u0130RFAN \u0130NCE: CESS\u00c2S, el-FUS\u00dbl F\u0130&#8217;L-US\u00dbL 2. SEM\u0130NER \u00d6ZET\u0130<\/strong><\/span><\/a><\/p>\n<p><a href=\"https:\/\/klasikdusunceokulu.com\/index.php\/irfan-ince-cessas-el-fusul-fil-usul-3-seminer-ozeti\/\"><span style=\"color: #3b5163;\"><strong>\u0130RFAN \u0130NCE: CESS\u00c2S, el-FUS\u00dbl F\u0130&#8217;L-US\u00dbL 3. SEM\u0130NER \u00d6ZET\u0130<\/strong><\/span><\/a><\/p>\n<p><a href=\"https:\/\/klasikdusunceokulu.com\/index.php\/irfan-ince-cessas-el-fusul-fil-usul-4-seminer-ozeti\/\"><span style=\"color: #3b5163;\"><strong>\u0130RFAN \u0130NCE: CESS\u00c2S, el-FUS\u00dbl F\u0130&#8217;L-US\u00dbL 4. SEM\u0130NER \u00d6ZET\u0130<\/strong><\/span><\/a><\/p>\n<p><a href=\"https:\/\/klasikdusunceokulu.com\/index.php\/irfan-ince-cessas-el-fusul-fil-usul-5-seminer-ozeti\/\"><span style=\"color: #3b5163;\"><strong>\u0130RFAN \u0130NCE: CESS\u00c2S, el-FUS\u00dbl F\u0130&#8217;L-US\u00dbL 5. SEM\u0130NER \u00d6ZET\u0130<\/strong><\/span><\/a><\/p>\n<p><a href=\"https:\/\/klasikdusunceokulu.com\/index.php\/irfan-ince-cessas-el-fusul-fil-usul-6-seminer-ozeti\/\"><span style=\"color: #3b5163;\"><strong>\u0130RFAN \u0130NCE: CESS\u00c2S, el-FUS\u00dbl F\u0130&#8217;L-US\u00dbL 6. SEM\u0130NER \u00d6ZET\u0130<\/strong><\/span><\/a><\/p>\n<p><a href=\"https:\/\/klasikdusunceokulu.com\/index.php\/irfan-ince-cessas-el-fusul-fil-usul-7-seminer-ozeti\/\"><span style=\"color: #3b5163;\"><strong>\u0130RFAN \u0130NCE: CESS\u00c2S, el-FUS\u00dbl F\u0130&#8217;L-US\u00dbL 7. SEM\u0130NER \u00d6ZET\u0130<\/strong><\/span><\/a><\/p>\n<p><a href=\"https:\/\/klasikdusunceokulu.com\/index.php\/irfan-ince-cessas-el-fusul-fil-usul-8-seminer-ozeti\/\"><span style=\"color: #3b5163;\"><strong>\u0130RFAN \u0130NCE: CESS\u00c2S, el-FUS\u00dbl F\u0130&#8217;L-US\u00dbL 8. SEM\u0130NER \u00d6ZET\u0130<\/strong><\/span><\/a><\/p>\n<p><a href=\"https:\/\/klasikdusunceokulu.com\/index.php\/irfan-ince-cessas-el-fusul-fil-usul-9-seminer-ozeti\/\"><span style=\"color: #3b5163;\"><strong>\u0130RFAN \u0130NCE: CESS\u00c2S, el-FUS\u00dbl F\u0130&#8217;L-US\u00dbL 9. SEM\u0130NER \u00d6ZET\u0130<\/strong><\/span><\/a><\/p>\n","protected":false},"excerpt":{"rendered":"<p>\u0130RFAN \u0130NCE: CESS\u00c2S, el-FUS\u00dbl F\u0130&#8217;L-US\u00dbL 1. SEM\u0130NER \u00d6ZET\u0130 \u0130RFAN \u0130NCE: [&hellip;]<\/p>\n","protected":false},"author":1,"featured_media":0,"parent":0,"menu_order":0,"comment_status":"closed","ping_status":"closed","template":"","meta":{"footnotes":""},"class_list":["post-4609","page","type-page","status-publish","hentry"],"jetpack_sharing_enabled":true,"_links":{"self":[{"href":"https:\/\/klasikdusunceokulu.com\/index.php\/wp-json\/wp\/v2\/pages\/4609","targetHints":{"allow":["GET"]}}],"collection":[{"href":"https:\/\/klasikdusunceokulu.com\/index.php\/wp-json\/wp\/v2\/pages"}],"about":[{"href":"https:\/\/klasikdusunceokulu.com\/index.php\/wp-json\/wp\/v2\/types\/page"}],"author":[{"embeddable":true,"href":"https:\/\/klasikdusunceokulu.com\/index.php\/wp-json\/wp\/v2\/users\/1"}],"replies":[{"embeddable":true,"href":"https:\/\/klasikdusunceokulu.com\/index.php\/wp-json\/wp\/v2\/comments?post=4609"}],"version-history":[{"count":3,"href":"https:\/\/klasikdusunceokulu.com\/index.php\/wp-json\/wp\/v2\/pages\/4609\/revisions"}],"predecessor-version":[{"id":4724,"href":"https:\/\/klasikdusunceokulu.com\/index.php\/wp-json\/wp\/v2\/pages\/4609\/revisions\/4724"}],"wp:attachment":[{"href":"https:\/\/klasikdusunceokulu.com\/index.php\/wp-json\/wp\/v2\/media?parent=4609"}],"curies":[{"name":"wp","href":"https:\/\/api.w.org\/{rel}","templated":true}]}}