{"id":4612,"date":"2025-04-23T10:43:19","date_gmt":"2025-04-23T07:43:19","guid":{"rendered":"https:\/\/klasikdusunceokulu.com\/?page_id=4612"},"modified":"2025-04-23T20:50:08","modified_gmt":"2025-04-23T17:50:08","slug":"aliye-kovanlikayadescartes-okumalarimeditasyonlar","status":"publish","type":"page","link":"https:\/\/klasikdusunceokulu.com\/index.php\/aliye-kovanlikayadescartes-okumalarimeditasyonlar\/","title":{"rendered":"AL\u0130YE KOVANLIKAYA,DESCARTES OKUMALARI:MED\u0130TASYONLAR"},"content":{"rendered":"<p><a href=\"https:\/\/klasikdusunceokulu.com\/index.php\/aliye-kovanlikayadescartes-okumalarimeditasyonlar-1-seminer-ozeti\/\"><strong>AL\u0130YE KOVANLIKAYA,DESCARTES OKUMALARI:MED\u0130TASYONLAR 1. SEM\u0130NER \u00d6ZET\u0130<\/strong><\/a><\/p>\n<p><a href=\"https:\/\/klasikdusunceokulu.com\/index.php\/aliye-kovanlikayadescartes-okumalarimeditasyonlar-2-seminer-ozeti\/\"><strong>AL\u0130YE KOVANLIKAYA,DESCARTES OKUMALARI:MED\u0130TASYONLAR 2. SEM\u0130NER \u00d6ZET\u0130<\/strong><\/a><\/p>\n<p><a href=\"https:\/\/klasikdusunceokulu.com\/index.php\/aliye-kovanlikayadescartes-okumalarimeditasyonlar-3-seminer-ozeti\/\"><strong>AL\u0130YE KOVANLIKAYA,DESCARTES OKUMALARI:MED\u0130TASYONLAR 3. SEM\u0130NER \u00d6ZET\u0130<\/strong><\/a><\/p>\n<p><a href=\"https:\/\/klasikdusunceokulu.com\/index.php\/aliye-kovanlikayadescartes-okumalarimeditasyonlar-4-seminer-ozeti\/\"><strong>AL\u0130YE KOVANLIKAYA,DESCARTES OKUMALARI:MED\u0130TASYONLAR 4. SEM\u0130NER \u00d6ZET\u0130<\/strong><\/a><\/p>\n<p><a href=\"https:\/\/klasikdusunceokulu.com\/index.php\/aliye-kovanlikayadescartes-okumalarimeditasyonlar-5-seminer-ozeti\/\"><strong>AL\u0130YE KOVANLIKAYA,DESCARTES OKUMALARI:MED\u0130TASYONLAR 5. SEM\u0130NER \u00d6ZET\u0130<\/strong><\/a><\/p>\n<p><a href=\"https:\/\/klasikdusunceokulu.com\/index.php\/aliye-kovanlikayadescartes-okumalarimeditasyonlar-6-seminer-ozeti\/\"><strong>AL\u0130YE KOVANLIKAYA,DESCARTES OKUMALARI:MED\u0130TASYONLAR 6. SEM\u0130NER \u00d6ZET\u0130<\/strong><\/a><\/p>\n<p><a href=\"https:\/\/klasikdusunceokulu.com\/index.php\/aliye-kovanlikayadescartes-okumalarimeditasyonlar-7-seminer-ozeti\/\"><strong>AL\u0130YE KOVANLIKAYA,DESCARTES OKUMALARI:MED\u0130TASYONLAR 7. SEM\u0130NER \u00d6ZET\u0130<\/strong><\/a><\/p>\n<p><a href=\"https:\/\/klasikdusunceokulu.com\/index.php\/aliye-kovanlikayadescartes-okumalarimeditasyonlar-8-seminer-ozeti\/\"><strong>AL\u0130YE KOVANLIKAYA,DESCARTES OKUMALARI:MED\u0130TASYONLAR 8. SEM\u0130NER \u00d6ZET\u0130<\/strong><\/a><\/p>\n<p><a href=\"https:\/\/klasikdusunceokulu.com\/index.php\/aliye-kovanlikayadescartes-okumalarimeditasyonlar-9-seminer-ozeti\/\"><strong>AL\u0130YE KOVANLIKAYA,DESCARTES OKUMALARI:MED\u0130TASYONLAR 9. SEM\u0130NER \u00d6ZET\u0130<\/strong><\/a><\/p>\n<p>&nbsp;<\/p>\n","protected":false},"excerpt":{"rendered":"<p>AL\u0130YE KOVANLIKAYA,DESCARTES OKUMALARI:MED\u0130TASYONLAR 1. SEM\u0130NER \u00d6ZET\u0130 AL\u0130YE KOVANLIKAYA,DESCARTES OKUMALARI:MED\u0130TASYONLAR 2. [&hellip;]<\/p>\n","protected":false},"author":1,"featured_media":0,"parent":0,"menu_order":0,"comment_status":"closed","ping_status":"closed","template":"","meta":{"footnotes":""},"class_list":["post-4612","page","type-page","status-publish","hentry"],"jetpack_sharing_enabled":true,"_links":{"self":[{"href":"https:\/\/klasikdusunceokulu.com\/index.php\/wp-json\/wp\/v2\/pages\/4612","targetHints":{"allow":["GET"]}}],"collection":[{"href":"https:\/\/klasikdusunceokulu.com\/index.php\/wp-json\/wp\/v2\/pages"}],"about":[{"href":"https:\/\/klasikdusunceokulu.com\/index.php\/wp-json\/wp\/v2\/types\/page"}],"author":[{"embeddable":true,"href":"https:\/\/klasikdusunceokulu.com\/index.php\/wp-json\/wp\/v2\/users\/1"}],"replies":[{"embeddable":true,"href":"https:\/\/klasikdusunceokulu.com\/index.php\/wp-json\/wp\/v2\/comments?post=4612"}],"version-history":[{"count":4,"href":"https:\/\/klasikdusunceokulu.com\/index.php\/wp-json\/wp\/v2\/pages\/4612\/revisions"}],"predecessor-version":[{"id":4745,"href":"https:\/\/klasikdusunceokulu.com\/index.php\/wp-json\/wp\/v2\/pages\/4612\/revisions\/4745"}],"wp:attachment":[{"href":"https:\/\/klasikdusunceokulu.com\/index.php\/wp-json\/wp\/v2\/media?parent=4612"}],"curies":[{"name":"wp","href":"https:\/\/api.w.org\/{rel}","templated":true}]}}