{"id":4614,"date":"2025-04-23T10:47:16","date_gmt":"2025-04-23T07:47:16","guid":{"rendered":"https:\/\/klasikdusunceokulu.com\/?page_id=4614"},"modified":"2025-04-23T10:47:16","modified_gmt":"2025-04-23T07:47:16","slug":"ayhan-citilplatondevlet","status":"publish","type":"page","link":"https:\/\/klasikdusunceokulu.com\/index.php\/ayhan-citilplatondevlet\/","title":{"rendered":"AYHAN \u00c7\u0130T\u0130L:PLATON,DEVLET"},"content":{"rendered":"<p><a href=\"https:\/\/klasikdusunceokulu.com\/index.php\/ayhan-citil-platondevlet-okumalari-1-seminer-ozeti\/\"><strong>AYHAN \u00c7\u0130T\u0130L:PLATON,DEVLET 1. SEM\u0130NER \u00d6ZET\u0130<\/strong><\/a><\/p>\n<p><a href=\"https:\/\/klasikdusunceokulu.com\/index.php\/ayhan-citil-platondevlet-okumalari-2-seminer-ozeti\/\"><strong>AYHAN \u00c7\u0130T\u0130L:PLATON,DEVLET 2. SEM\u0130NER \u00d6ZET\u0130<\/strong><\/a><\/p>\n<p><a href=\"https:\/\/klasikdusunceokulu.com\/index.php\/ayhan-citil-platondevlet-okumalari-3-seminer-ozeti\/\"><strong>AYHAN \u00c7\u0130T\u0130L:PLATON,DEVLET 3. SEM\u0130NER \u00d6ZET\u0130<\/strong><\/a><\/p>\n<p><a href=\"https:\/\/klasikdusunceokulu.com\/index.php\/ayhan-citil-platondevlet-okumalari-4-seminer-ozeti\/\"><strong>AYHAN \u00c7\u0130T\u0130L:PLATON,DEVLET 4. SEM\u0130NER \u00d6ZET\u0130<\/strong><\/a><\/p>\n<p><a href=\"https:\/\/klasikdusunceokulu.com\/index.php\/ayhan-citil-platondevlet-okumalari-5-seminer-ozeti\/\"><strong>AYHAN \u00c7\u0130T\u0130L:PLATON,DEVLET 5. SEM\u0130NER \u00d6ZET\u0130<\/strong><\/a><\/p>\n<p><a href=\"https:\/\/klasikdusunceokulu.com\/index.php\/ayhan-citil-platondevlet-okumalari-6-seminer-ozeti\/\"><strong>AYHAN \u00c7\u0130T\u0130L:PLATON,DEVLET 6. SEM\u0130NER \u00d6ZET\u0130<\/strong><\/a><\/p>\n","protected":false},"excerpt":{"rendered":"<p>AYHAN \u00c7\u0130T\u0130L:PLATON,DEVLET 1. SEM\u0130NER \u00d6ZET\u0130 AYHAN \u00c7\u0130T\u0130L:PLATON,DEVLET 2. SEM\u0130NER \u00d6ZET\u0130 [&hellip;]<\/p>\n","protected":false},"author":1,"featured_media":0,"parent":0,"menu_order":0,"comment_status":"closed","ping_status":"closed","template":"","meta":{"footnotes":""},"class_list":["post-4614","page","type-page","status-publish","hentry"],"jetpack_sharing_enabled":true,"_links":{"self":[{"href":"https:\/\/klasikdusunceokulu.com\/index.php\/wp-json\/wp\/v2\/pages\/4614","targetHints":{"allow":["GET"]}}],"collection":[{"href":"https:\/\/klasikdusunceokulu.com\/index.php\/wp-json\/wp\/v2\/pages"}],"about":[{"href":"https:\/\/klasikdusunceokulu.com\/index.php\/wp-json\/wp\/v2\/types\/page"}],"author":[{"embeddable":true,"href":"https:\/\/klasikdusunceokulu.com\/index.php\/wp-json\/wp\/v2\/users\/1"}],"replies":[{"embeddable":true,"href":"https:\/\/klasikdusunceokulu.com\/index.php\/wp-json\/wp\/v2\/comments?post=4614"}],"version-history":[{"count":1,"href":"https:\/\/klasikdusunceokulu.com\/index.php\/wp-json\/wp\/v2\/pages\/4614\/revisions"}],"predecessor-version":[{"id":4615,"href":"https:\/\/klasikdusunceokulu.com\/index.php\/wp-json\/wp\/v2\/pages\/4614\/revisions\/4615"}],"wp:attachment":[{"href":"https:\/\/klasikdusunceokulu.com\/index.php\/wp-json\/wp\/v2\/media?parent=4614"}],"curies":[{"name":"wp","href":"https:\/\/api.w.org\/{rel}","templated":true}]}}