{"id":4630,"date":"2025-04-23T11:03:31","date_gmt":"2025-04-23T08:03:31","guid":{"rendered":"https:\/\/klasikdusunceokulu.com\/?page_id=4630"},"modified":"2025-04-23T11:03:31","modified_gmt":"2025-04-23T08:03:31","slug":"abdullah-kahraman-cessas-el-fusul-fil-usul-5-seminer-ozeti","status":"publish","type":"page","link":"https:\/\/klasikdusunceokulu.com\/index.php\/abdullah-kahraman-cessas-el-fusul-fil-usul-5-seminer-ozeti\/","title":{"rendered":"ABDULLAH KAHRAMAN: CESS\u00c2S, el-FUS\u00dbl F\u0130&#8217;L-US\u00dbL 5. SEM\u0130NER \u00d6ZET\u0130"},"content":{"rendered":"<p><span style=\"color: #3b5163;\"><strong>ABDULLAH KAHRAMAN: CESS\u00c2S, el-FUS\u00dbl F\u0130&#8217;L-US\u00dbL 5. SEM\u0130NER \u00d6ZET\u0130<\/strong><\/span><\/p>\n<p>Bu seminerde Cess\u00e2s\u2019\u0131n beyan kavram\u0131na dair yapt\u0131\u011f\u0131 tan\u0131m ve \u015e\u00e2fi\u00ee\u2019nin yakla\u015f\u0131m\u0131na y\u00f6nelik ele\u015ftirileri merkeze al\u0131nm\u0131\u015f, Hanef\u00ee ve \u015e\u00e2fi\u00ee usulc\u00fclerin beyan anlay\u0131\u015flar\u0131 kar\u015f\u0131la\u015ft\u0131rmal\u0131 olarak de\u011ferlendirilmi\u015ftir. Ders, Cess\u00e2s\u2019\u0131n \u015e\u00e2fi\u00ee\u2019nin tan\u0131m\u0131n\u0131 yetersiz bulmas\u0131 ve kendi sistematik beyan tasnifini kurmas\u0131 etraf\u0131nda \u015fekillenmi\u015ftir.<\/p>\n<p><strong>Ana Temalar<\/strong><\/p>\n<ol>\n<li><strong> Beyan Kavram\u0131n\u0131n Tan\u0131m\u0131 ve Cess\u00e2s\u2019\u0131n Ele\u015ftirisi<\/strong><br \/>\nCess\u00e2s, beyan\u0131 \u201cm\u00e2n\u00e2y\u0131 muhatab\u0131n zihninde kar\u0131\u015f\u0131kl\u0131ktan ay\u0131ran ve a\u00e7\u0131kl\u0131\u011fa kavu\u015fturan ifade\u201d olarak tan\u0131mlar. Ona g\u00f6re bir \u015feyin beyan say\u0131labilmesi i\u00e7in iltibas ve i\u015ftibah\u0131 ortadan kald\u0131rmas\u0131 gerekir. Bu ba\u011flamda, \u015e\u00e2fi\u00ee\u2019nin beyan tan\u0131m\u0131 \u201cefr\u00e2d\u0131na c\u00e2mi, a\u011fy\u00e2r\u0131na m\u00e2ni\u201d olmad\u0131\u011f\u0131 gerek\u00e7esiyle ele\u015ftirilir.<\/li>\n<li><strong> Beyan T\u00fcrlerine Y\u00f6nelik Tart\u0131\u015fmalar<\/strong><br \/>\n\u015e\u00e2fi\u00ee\u2019nin beyan\u0131 be\u015f t\u00fcre ay\u0131rd\u0131\u011f\u0131 aktar\u0131l\u0131r:<br \/>\n(1) Do\u011frudan anla\u015f\u0131l\u0131r ifadeler, (2) Di\u011fer naslarla teyit edilen a\u00e7\u0131klamalar, (3) M\u00fccmelin a\u00e7\u0131klanmas\u0131, (4) S\u00fcnnetle yap\u0131lan beyanlar, (5) \u0130\u00e7tihat yoluyla yap\u0131lan a\u00e7\u0131klamalar.<br \/>\nCess\u00e2s, bu tasnifin ayr\u0131\u015ft\u0131r\u0131c\u0131 olmad\u0131\u011f\u0131n\u0131 ve \u00f6rneklerin \u00e7o\u011funun birbirinden ay\u0131rt edilemeyecek derecede i\u00e7 i\u00e7e oldu\u011funu savunur.<\/li>\n<li><strong> Hanef\u00ee Beyan Tasnifi ve Cess\u00e2s\u2019\u0131n Sistemi<\/strong><br \/>\nHanef\u00eelerce beyan; tefsir, t\u00e2yin, tebdil ve takrir olarak d\u00f6rt ana ba\u015fl\u0131kta ele al\u0131n\u0131r. Cess\u00e2s da bu yakla\u015f\u0131m\u0131 benimseyerek, nesih, tahsis, mecaz, emrin hakiki-mecazi kullan\u0131m\u0131 gibi detaylarla a\u00e7\u0131klay\u0131c\u0131 bir sistem kurar. \u00d6zellikle tahsisin beyan\u0131n en g\u00fc\u00e7l\u00fc t\u00fcr\u00fc oldu\u011funu, \u00e7\u00fcnk\u00fc h\u00fck\u00fcmde kesinlik ta\u015f\u0131d\u0131\u011f\u0131n\u0131 belirtir.<\/li>\n<li><strong> \u0130\u00e7tihat ve Beyan Aras\u0131ndaki \u0130li\u015fki<\/strong><br \/>\nCess\u00e2s, i\u00e7tihad\u0131n zann\u00eeli\u011fi sebebiyle do\u011frudan beyan say\u0131lmayaca\u011f\u0131n\u0131 savunur. Ancak, zorunluluk durumlar\u0131nda i\u00e7tihad\u0131n beyan i\u015flevi g\u00f6rebilece\u011fini kabul eder, b\u00f6ylece \u015e\u00e2fi\u00ee\u2019ye y\u00f6nelik ele\u015ftirisini yumu\u015fat\u0131r.<\/li>\n<li><strong> Peygamber\u2019in S\u00f6zl\u00fc, Yaz\u0131l\u0131 ve Fiil\u00ee Beyanlar\u0131<\/strong><br \/>\nPeygamber\u2019in s\u00f6zl\u00fc (kavl\u00ee), yaz\u0131l\u0131 (kitab\u00ee), fiil\u00ee ve takrir\u00ee s\u00fcnnetlerinin her birinin beyan fonksiyonu ta\u015f\u0131yabilece\u011fi aktar\u0131l\u0131r. Ancak her fiil beyan de\u011fildir, \u00f6zellikle n\u00e2file ibadetlerin ve Peygamber\u2019e has uygulamalar\u0131n ba\u011flay\u0131c\u0131l\u0131\u011f\u0131 tart\u0131\u015fmal\u0131d\u0131r.<\/li>\n<li><strong> \u0130cma, K\u0131yas ve Toplumsal Uygulamalar<\/strong><br \/>\nCess\u00e2s, \u015e\u00e2fi\u00ee\u2019nin icmay\u0131 beyan t\u00fcr\u00fc olarak anmamas\u0131n\u0131 eksiklik sayar, \u00e7\u00fcnk\u00fc bir\u00e7ok h\u00fckm\u00fcn a\u00e7\u0131klanmas\u0131 icma ile sa\u011flanm\u0131\u015ft\u0131r. Ayr\u0131ca uleman\u0131n baz\u0131 toplumsal uygulamalara sessiz kalmas\u0131n\u0131 da dolayl\u0131 bir beyan \u015fekli olarak yorumlar.<\/li>\n<\/ol>\n<p><strong>Sonu\u00e7<\/strong><\/p>\n<p>Bu derste beyan kavram\u0131n\u0131n hem teorik hem de uygulamal\u0131 d\u00fczeyde \u00e7ok y\u00f6nl\u00fc oldu\u011fu, mezhepler aras\u0131 farkl\u0131l\u0131klar\u0131n tan\u0131m, tasnif ve yetki alan\u0131 \u00fczerinden \u015fekillendi\u011fi g\u00f6sterilmi\u015ftir. Cess\u00e2s, usul\u00fcn tutarl\u0131l\u0131\u011f\u0131 ad\u0131na tan\u0131m\u0131n \u00f6nemine i\u015faret etmi\u015f, beyan t\u00fcrlerini belirli ilkeler \u00e7er\u00e7evesinde s\u0131n\u0131fland\u0131rarak \u015e\u00e2fi\u00ee yakla\u015f\u0131m\u0131na kar\u015f\u0131 sistematik bir duru\u015f geli\u015ftirmi\u015ftir. Bir sonraki derslerde nesih ve tahsis konular\u0131 bu temeller \u00fczerine in\u015fa edilecektir.<\/p>\n<p>&nbsp;<\/p>\n<p>This seminar focused on al-Ja\u1e63\u1e63\u0101\u1e63\u2019s definition of <em>bay\u0101n<\/em> (clarification\/exposition) and his criticisms of al-Sh\u0101fi\u02bf\u012b\u2019s approach, offering a comparative analysis of \u1e24anaf\u012b and Sh\u0101fi\u02bf\u012b understandings of <em>bay\u0101n<\/em>. The session revolved around al-Ja\u1e63\u1e63\u0101\u1e63\u2019s rejection of al-Sh\u0101fi\u02bf\u012b\u2019s conceptual framework and his effort to establish a systematic classification of <em>bay\u0101n<\/em>.<\/p>\n<p><strong>Main Themes<\/strong><\/p>\n<ol>\n<li><strong> Definition of Bay\u0101n and al-Ja\u1e63\u1e63\u0101\u1e63\u2019s Critique<\/strong><br \/>\nAl-Ja\u1e63\u1e63\u0101\u1e63 defines <em>bay\u0101n<\/em> as an expression that removes ambiguity and clarifies meaning for the listener. He argues that for something to qualify as <em>bay\u0101n<\/em>, it must eliminate confusion and vagueness. Based on this standard, he critiques al-Sh\u0101fi\u02bf\u012b\u2019s definition for lacking both comprehensiveness and precision, deeming it inadequate from a technical standpoint.<\/li>\n<li>The Sh\u0101fi\u02bf\u012b Classification of Bay\u0101n<br \/>\nAccording to al-Sh\u0101fi\u02bf\u012b, <em>bay\u0101n<\/em> consists of five types:<br \/>\n(1) Clear and direct textual expressions,<br \/>\n(2) Clarifications through other texts,<br \/>\n(3) Explanations of ambiguous (<em>mujmal<\/em>) texts,<br \/>\n(4) Clarifications through the Sunnah,<br \/>\n(5) Interpretations via ijtih\u0101d (independent reasoning).<br \/>\nAl-Ja\u1e63\u1e63\u0101\u1e63 finds this categorization problematic, arguing that the boundaries between these types are unclear and the examples often overlap, weakening their analytical utility.<\/li>\n<li><strong>\u1e24anaf\u012b Classification and al-Ja\u1e63\u1e63\u0101\u1e63\u2019s Framework<\/strong><br \/>\nIn \u1e24anaf\u012b u\u1e63\u016bl, <em>bay\u0101n<\/em> is divided into tafs\u012br (interpretation), ta\u02bfy\u012bn (specification), tabd\u012bl (replacement), and taqr\u012br (confirmation). Al-Ja\u1e63\u1e63\u0101\u1e63 adopts this approach and further elaborates by including detailed discussions on abrogation (nasikh), specification (takhs\u012bs), metaphor (maj\u0101z), and the real\/metaphorical usage of commands (amr). He emphasizes that specification is the strongest form of <em>bay\u0101n<\/em> because of its definitive legal impact.<\/li>\n<li><strong> Relationship Between Ijtih\u0101d and Bay\u0101n<\/strong><br \/>\nAl-Ja\u1e63\u1e63\u0101\u1e63 maintains that ijtih\u0101d cannot be equated with <em>bay\u0101n<\/em> due to its speculative nature, yet he acknowledges that in cases of necessity, ijtih\u0101d may function as a practical substitute for <em>bay\u0101n<\/em>. This reflects a softening of his critique toward al-Sh\u0101fi\u02bf\u012b.<\/li>\n<li><strong> Prophetic Forms of Bay\u0101n: Verbal, Written, and Practical<\/strong><br \/>\nThe Prophet\u2019s verbal (<em>qawl\u012b<\/em>), written (<em>kit\u0101b\u012b<\/em>), practical (<em>fi<\/em><em>\u02bfl<\/em><em>\u012b<\/em>), and tacit approvals (<em>taqr\u012br\u012b<\/em>) can all serve as forms of <em>bay\u0101n<\/em>. However, not every prophetic act qualifies as <em>bay\u0101n<\/em>; voluntary acts or actions specific to the Prophet (such as supererogatory worship) may lack normative authority.<\/li>\n<li><strong> Ijm\u0101<\/strong><strong>\u02bf, Qiy<\/strong><strong>\u0101s, and Communal Practice<\/strong><br \/>\nAl-Ja\u1e63\u1e63\u0101\u1e63 criticizes al-Sh\u0101fi\u02bf\u012b for not including <em>ijm\u0101<\/em><em>\u02bf<\/em> (consensus) as a form of <em>bay\u0101n<\/em>, noting that many rulings have been clarified through consensus. He also suggests that scholarly silence regarding common practices may itself function as an implicit form of <em>bay\u0101n<\/em>.<\/li>\n<\/ol>\n<p><strong>Conclusion<\/strong><\/p>\n<p>This lesson demonstrated that <em>bay\u0101n<\/em> is a multifaceted concept, with methodological and definitional differences between legal schools centering on issues of classification, authority, and scope. Al-Ja\u1e63\u1e63\u0101\u1e63 underscores the importance of definitional clarity in legal theory and develops a structured alternative to al-Sh\u0101fi\u02bf\u012b\u2019s loose categorization. Upcoming sessions will build on this foundation, especially regarding abrogation (nasikh) and specification (takhs\u012bs).<\/p>\n<p>&nbsp;<\/p>\n<p>&nbsp;<\/p>\n","protected":false},"excerpt":{"rendered":"<p>ABDULLAH KAHRAMAN: CESS\u00c2S, el-FUS\u00dbl F\u0130&#8217;L-US\u00dbL 5. SEM\u0130NER \u00d6ZET\u0130 Bu seminerde [&hellip;]<\/p>\n","protected":false},"author":1,"featured_media":0,"parent":0,"menu_order":0,"comment_status":"closed","ping_status":"closed","template":"","meta":{"footnotes":""},"class_list":["post-4630","page","type-page","status-publish","hentry"],"jetpack_sharing_enabled":true,"_links":{"self":[{"href":"https:\/\/klasikdusunceokulu.com\/index.php\/wp-json\/wp\/v2\/pages\/4630","targetHints":{"allow":["GET"]}}],"collection":[{"href":"https:\/\/klasikdusunceokulu.com\/index.php\/wp-json\/wp\/v2\/pages"}],"about":[{"href":"https:\/\/klasikdusunceokulu.com\/index.php\/wp-json\/wp\/v2\/types\/page"}],"author":[{"embeddable":true,"href":"https:\/\/klasikdusunceokulu.com\/index.php\/wp-json\/wp\/v2\/users\/1"}],"replies":[{"embeddable":true,"href":"https:\/\/klasikdusunceokulu.com\/index.php\/wp-json\/wp\/v2\/comments?post=4630"}],"version-history":[{"count":1,"href":"https:\/\/klasikdusunceokulu.com\/index.php\/wp-json\/wp\/v2\/pages\/4630\/revisions"}],"predecessor-version":[{"id":4631,"href":"https:\/\/klasikdusunceokulu.com\/index.php\/wp-json\/wp\/v2\/pages\/4630\/revisions\/4631"}],"wp:attachment":[{"href":"https:\/\/klasikdusunceokulu.com\/index.php\/wp-json\/wp\/v2\/media?parent=4630"}],"curies":[{"name":"wp","href":"https:\/\/api.w.org\/{rel}","templated":true}]}}