{"id":4644,"date":"2025-04-23T11:23:33","date_gmt":"2025-04-23T08:23:33","guid":{"rendered":"https:\/\/klasikdusunceokulu.com\/?page_id=4644"},"modified":"2025-05-05T16:36:06","modified_gmt":"2025-05-05T13:36:06","slug":"cemal-abdullah-aydinmuallakat-okumalari","status":"publish","type":"page","link":"https:\/\/klasikdusunceokulu.com\/index.php\/cemal-abdullah-aydinmuallakat-okumalari\/","title":{"rendered":"CEMAL ABDULLAH AYDIN:MUALLAKAT OKUMALARI"},"content":{"rendered":"<p><a href=\"https:\/\/klasikdusunceokulu.com\/index.php\/cemal-abdullah-aydin-muallakat-okumalari-1-seminer-ozeti\/\"><strong>CEMAL ABDULLAH AYDIN: MUALLAKAT OKUMALARI 1. SEM\u0130NER \u00d6ZET\u0130<\/strong><\/a><\/p>\n<p><a href=\"https:\/\/klasikdusunceokulu.com\/index.php\/cemal-abdullah-aydin-muallakat-okumalari-2-seminer-ozeti\/\"><strong>CEMAL ABDULLAH AYDIN: MUALLAKAT OKUMALARI 2. SEM\u0130NER \u00d6ZET\u0130<\/strong><\/a><\/p>\n<p><a href=\"https:\/\/klasikdusunceokulu.com\/index.php\/cemal-abdullah-aydin-muallakat-okumalari-3-seminer-ozeti\/\"><strong>CEMAL ABDULLAH AYDIN: MUALLAKAT OKUMALARI 3. SEM\u0130NER \u00d6ZET\u0130<\/strong><\/a><\/p>\n<p><a href=\"https:\/\/klasikdusunceokulu.com\/index.php\/cemal-abdullah-aydin-muallakat-okumalari-4-seminer-ozeti\/\"><strong>CEMAL ABDULLAH AYDIN: MUALLAKAT OKUMALARI 4. SEM\u0130NER \u00d6ZET\u0130<\/strong><\/a><\/p>\n<p><a href=\"https:\/\/klasikdusunceokulu.com\/index.php\/cemal-abdullah-aydin-muallakat-okumalari-5-seminer-ozeti\/\"><strong>CEMAL ABDULLAH AYDIN: MUALLAKAT OKUMALARI 5. SEM\u0130NER \u00d6ZET\u0130<\/strong><\/a><\/p>\n<p><a href=\"https:\/\/klasikdusunceokulu.com\/index.php\/cemal-abdullah-aydin-muallakat-okumalari-6-seminer-ozeti\/\"><strong>CEMAL ABDULLAH AYDIN: MUALLAKAT OKUMALARI 6. SEM\u0130NER \u00d6ZET\u0130<\/strong><\/a><\/p>\n<p><a href=\"https:\/\/klasikdusunceokulu.com\/index.php\/cemal-abdullah-aydin-muallakat-okumalari-7-seminer-ozeti\/\"><strong>CEMAL ABDULLAH AYDIN: MUALLAKAT OKUMALARI 7. SEM\u0130NER \u00d6ZET\u0130<\/strong><\/a><\/p>\n<p><a href=\"https:\/\/klasikdusunceokulu.com\/index.php\/cemal-abdullah-aydin-muallakat-okumalari-8-seminer-ozeti\/\"><strong>CEMAL ABDULLAH AYDIN: MUALLAKAT OKUMALARI 8. SEM\u0130NER \u00d6ZET\u0130<\/strong><\/a><\/p>\n<p><a href=\"https:\/\/klasikdusunceokulu.com\/index.php\/cemal-abdullah-aydin-muallakat-okumalari-9-seminer-ozeti\/\"><strong>CEMAL ABDULLAH AYDIN: MUALLAKAT OKUMALARI 9. SEM\u0130NER \u00d6ZET\u0130<\/strong><\/a><\/p>\n<p><a href=\"https:\/\/klasikdusunceokulu.com\/index.php\/cemal-abdullah-aydin-muallakat-okumalari-10-seminer-ozeti\/\"><strong>CEMAL ABDULLAH AYDIN: MUALLAKAT OKUMALARI 10. SEM\u0130NER \u00d6ZET\u0130<\/strong><\/a><\/p>\n","protected":false},"excerpt":{"rendered":"<p>CEMAL ABDULLAH AYDIN: MUALLAKAT OKUMALARI 1. SEM\u0130NER \u00d6ZET\u0130 CEMAL ABDULLAH [&hellip;]<\/p>\n","protected":false},"author":1,"featured_media":0,"parent":0,"menu_order":0,"comment_status":"closed","ping_status":"closed","template":"","meta":{"footnotes":""},"class_list":["post-4644","page","type-page","status-publish","hentry"],"jetpack_sharing_enabled":true,"_links":{"self":[{"href":"https:\/\/klasikdusunceokulu.com\/index.php\/wp-json\/wp\/v2\/pages\/4644","targetHints":{"allow":["GET"]}}],"collection":[{"href":"https:\/\/klasikdusunceokulu.com\/index.php\/wp-json\/wp\/v2\/pages"}],"about":[{"href":"https:\/\/klasikdusunceokulu.com\/index.php\/wp-json\/wp\/v2\/types\/page"}],"author":[{"embeddable":true,"href":"https:\/\/klasikdusunceokulu.com\/index.php\/wp-json\/wp\/v2\/users\/1"}],"replies":[{"embeddable":true,"href":"https:\/\/klasikdusunceokulu.com\/index.php\/wp-json\/wp\/v2\/comments?post=4644"}],"version-history":[{"count":3,"href":"https:\/\/klasikdusunceokulu.com\/index.php\/wp-json\/wp\/v2\/pages\/4644\/revisions"}],"predecessor-version":[{"id":5006,"href":"https:\/\/klasikdusunceokulu.com\/index.php\/wp-json\/wp\/v2\/pages\/4644\/revisions\/5006"}],"wp:attachment":[{"href":"https:\/\/klasikdusunceokulu.com\/index.php\/wp-json\/wp\/v2\/media?parent=4644"}],"curies":[{"name":"wp","href":"https:\/\/api.w.org\/{rel}","templated":true}]}}