{"id":4649,"date":"2025-04-23T11:25:37","date_gmt":"2025-04-23T08:25:37","guid":{"rendered":"https:\/\/klasikdusunceokulu.com\/?page_id=4649"},"modified":"2025-06-04T12:33:24","modified_gmt":"2025-06-04T09:33:24","slug":"omer-turker-el-medinetul-fazila","status":"publish","type":"page","link":"https:\/\/klasikdusunceokulu.com\/index.php\/omer-turker-el-medinetul-fazila\/","title":{"rendered":"\u00d6MER T\u00dcRKER: el-MED\u00ceNET\u00dc\u2019L-F\u00c2ZILA"},"content":{"rendered":"<p><a href=\"https:\/\/klasikdusunceokulu.com\/index.php\/omer-turker-el-medinetul-fazila-1-seminer-ozeti\/\"><span style=\"color: #3b5163;\"><strong>\u00d6MER T\u00dcRKER: el-MED\u00ceNET\u00dc\u2019L-F\u00c2ZILA 1. SEM\u0130NER \u00d6ZET\u0130<\/strong><\/span><\/a><\/p>\n<p><a href=\"https:\/\/klasikdusunceokulu.com\/index.php\/omer-turker-el-medinetul-fazila-12-seminer-ozeti\/\"><span style=\"color: #3b5163;\"><strong>\u00d6MER T\u00dcRKER: el-MED\u00ceNET\u00dc\u2019L-F\u00c2ZILA 2. SEM\u0130NER \u00d6ZET\u0130<\/strong><\/span><\/a><\/p>\n<p><a href=\"https:\/\/klasikdusunceokulu.com\/index.php\/omer-turker-el-medinetul-fazila-3-seminer-ozeti\/\"><span style=\"color: #3b5163;\"><strong>\u00d6MER T\u00dcRKER: el-MED\u00ceNET\u00dc\u2019L-F\u00c2ZILA 3. SEM\u0130NER \u00d6ZET\u0130<\/strong><\/span><\/a><\/p>\n<p><a href=\"https:\/\/klasikdusunceokulu.com\/index.php\/omer-turker-el-medinetul-fazila-4-seminer-ozeti\/\"><span style=\"color: #3b5163;\"><strong>\u00d6MER T\u00dcRKER: el-MED\u00ceNET\u00dc\u2019L-F\u00c2ZILA 4. SEM\u0130NER \u00d6ZET\u0130<\/strong><\/span><\/a><\/p>\n<p><a href=\"https:\/\/klasikdusunceokulu.com\/index.php\/omer-turker-el-medinetul-fazila-5-seminer-ozeti\/\"><span style=\"color: #3b5163;\"><strong>\u00d6MER T\u00dcRKER: el-MED\u00ceNET\u00dc\u2019L-F\u00c2ZILA 5. SEM\u0130NER \u00d6ZET\u0130<\/strong><\/span><\/a><\/p>\n<p><a href=\"https:\/\/klasikdusunceokulu.com\/index.php\/omer-turker-el-medinetul-fazila-6-seminer-ozeti\/\"><span style=\"color: #3b5163;\"><strong>\u00d6MER T\u00dcRKER: el-MED\u00ceNET\u00dc\u2019L-F\u00c2ZILA 6. SEM\u0130NER \u00d6ZET\u0130<\/strong><\/span><\/a><\/p>\n<p><a href=\"https:\/\/klasikdusunceokulu.com\/index.php\/omer-turker-el-medinetul-fazila-7-seminer-ozeti\/\"><span style=\"color: #3b5163;\"><strong>\u00d6MER T\u00dcRKER: el-MED\u00ceNET\u00dc\u2019L-F\u00c2ZILA 7. SEM\u0130NER \u00d6ZET\u0130<\/strong><\/span><\/a><\/p>\n<p><a href=\"https:\/\/klasikdusunceokulu.com\/index.php\/omer-turker-el-medinetul-fazila-8-seminer-ozeti\/\"><span style=\"color: #3b5163;\"><strong>\u00d6MER T\u00dcRKER: el-MED\u00ceNET\u00dc\u2019L-F\u00c2ZILA 8. SEM\u0130NER \u00d6ZET\u0130<\/strong><\/span><\/a><\/p>\n<p><a href=\"https:\/\/klasikdusunceokulu.com\/index.php\/omer-turker-el-medinetul-fazila-9-seminer-ozeti\/\"><span style=\"color: #3b5163;\"><strong>\u00d6MER T\u00dcRKER: el-MED\u00ceNET\u00dc\u2019L-F\u00c2ZILA 9. SEM\u0130NER \u00d6ZET\u0130<\/strong><\/span><\/a><\/p>\n<p><a href=\"https:\/\/klasikdusunceokulu.com\/index.php\/omer-turker-el-medinetul-fazila-10-seminer-ozeti\/\"><span style=\"color: #3b5163;\"><strong>\u00d6MER T\u00dcRKER: el-MED\u00ceNET\u00dc\u2019L-F\u00c2ZILA 10. SEM\u0130NER \u00d6ZET\u0130<\/strong><\/span><\/a><\/p>\n<p><a href=\"https:\/\/klasikdusunceokulu.com\/index.php\/omer-turker-el-medinetul-fazila-11-seminer-ozeti\/\"><span style=\"color: #3b5163;\"><strong>\u00d6MER T\u00dcRKER: el-MED\u00ceNET\u00dc\u2019L-F\u00c2ZILA 11. SEM\u0130NER \u00d6ZET\u0130<\/strong><\/span><\/a><\/p>\n<p><a href=\"https:\/\/klasikdusunceokulu.com\/index.php\/omer-turker-el-medinetul-fazila-12-seminer-ozeti\/\"><span style=\"color: #3b5163;\"><strong>\u00d6MER T\u00dcRKER: el-MED\u00ceNET\u00dc\u2019L-F\u00c2ZILA 12. SEM\u0130NER \u00d6ZET\u0130<\/strong><\/span><\/a><\/p>\n<p><a href=\"https:\/\/klasikdusunceokulu.com\/index.php\/omer-turker-el-medinetul-fazila-13-seminer-ozeti\/\"><span style=\"color: #3b5163;\"><strong>\u00d6MER T\u00dcRKER: el-MED\u00ceNET\u00dc\u2019L-F\u00c2ZILA 13. SEM\u0130NER \u00d6ZET\u0130<\/strong><\/span><\/a><\/p>\n<p><a href=\"https:\/\/klasikdusunceokulu.com\/index.php\/omer-turker-el-medinetul-fazila-14-seminer-ozeti\/\"><span style=\"color: #3b5163;\"><strong>\u00d6MER T\u00dcRKER: el-MED\u00ceNET\u00dc\u2019L-F\u00c2ZILA 14. SEM\u0130NER \u00d6ZET\u0130<\/strong><\/span><\/a><\/p>\n<p><a href=\"https:\/\/klasikdusunceokulu.com\/index.php\/omer-turker-el-medinetul-fazila-15-seminer-ozeti\/\"><span style=\"color: #3b5163;\"><strong>\u00d6MER T\u00dcRKER: el-MED\u00ceNET\u00dc\u2019L-F\u00c2ZILA 15. SEM\u0130NER \u00d6ZET\u0130<\/strong><\/span><\/a><\/p>\n<p><a href=\"https:\/\/klasikdusunceokulu.com\/index.php\/omer-turker-el-medinetul-fazila-16-seminer-ozeti\/\"><span style=\"color: #3b5163;\"><strong>\u00d6MER T\u00dcRKER: el-MED\u00ceNET\u00dc\u2019L-F\u00c2ZILA 16. SEM\u0130NER \u00d6ZET\u0130<\/strong><\/span><\/a><\/p>\n<p><a href=\"https:\/\/klasikdusunceokulu.com\/index.php\/omer-turker-el-medinetul-fazila-17-seminer-ozeti\/\"><span style=\"color: #3b5163;\"><strong>\u00d6MER T\u00dcRKER: el-MED\u00ceNET\u00dc\u2019L-F\u00c2ZILA 17. SEM\u0130NER \u00d6ZET\u0130<\/strong><\/span><\/a><\/p>\n<p><a href=\"https:\/\/klasikdusunceokulu.com\/index.php\/omer-turker-el-medinetul-fazila-18-seminer-ozeti\/\"><span style=\"color: #3b5163;\"><strong>\u00d6MER T\u00dcRKER: el-MED\u00ceNET\u00dc\u2019L-F\u00c2ZILA 18. SEM\u0130NER \u00d6ZET\u0130<\/strong><\/span><\/a><\/p>\n<p><a href=\"https:\/\/klasikdusunceokulu.com\/index.php\/omer-turker-el-medinetul-fazila-19-seminer-ozeti\/\"><span style=\"color: #3b5163;\"><strong>\u00d6MER T\u00dcRKER: el-MED\u00ceNET\u00dc\u2019L-F\u00c2ZILA 19. SEM\u0130NER \u00d6ZET\u0130<\/strong><\/span><\/a><\/p>\n","protected":false},"excerpt":{"rendered":"<p>\u00d6MER T\u00dcRKER: el-MED\u00ceNET\u00dc\u2019L-F\u00c2ZILA 1. SEM\u0130NER \u00d6ZET\u0130 \u00d6MER T\u00dcRKER: el-MED\u00ceNET\u00dc\u2019L-F\u00c2ZILA 2. [&hellip;]<\/p>\n","protected":false},"author":1,"featured_media":0,"parent":0,"menu_order":0,"comment_status":"closed","ping_status":"closed","template":"","meta":{"footnotes":""},"class_list":["post-4649","page","type-page","status-publish","hentry"],"jetpack_sharing_enabled":true,"_links":{"self":[{"href":"https:\/\/klasikdusunceokulu.com\/index.php\/wp-json\/wp\/v2\/pages\/4649","targetHints":{"allow":["GET"]}}],"collection":[{"href":"https:\/\/klasikdusunceokulu.com\/index.php\/wp-json\/wp\/v2\/pages"}],"about":[{"href":"https:\/\/klasikdusunceokulu.com\/index.php\/wp-json\/wp\/v2\/types\/page"}],"author":[{"embeddable":true,"href":"https:\/\/klasikdusunceokulu.com\/index.php\/wp-json\/wp\/v2\/users\/1"}],"replies":[{"embeddable":true,"href":"https:\/\/klasikdusunceokulu.com\/index.php\/wp-json\/wp\/v2\/comments?post=4649"}],"version-history":[{"count":3,"href":"https:\/\/klasikdusunceokulu.com\/index.php\/wp-json\/wp\/v2\/pages\/4649\/revisions"}],"predecessor-version":[{"id":6105,"href":"https:\/\/klasikdusunceokulu.com\/index.php\/wp-json\/wp\/v2\/pages\/4649\/revisions\/6105"}],"wp:attachment":[{"href":"https:\/\/klasikdusunceokulu.com\/index.php\/wp-json\/wp\/v2\/media?parent=4649"}],"curies":[{"name":"wp","href":"https:\/\/api.w.org\/{rel}","templated":true}]}}